{"id":346,"date":"2025-04-03T20:25:56","date_gmt":"2025-04-03T20:25:56","guid":{"rendered":"https:\/\/uniqecheck.com\/?page_id=346","raw":"https:\/\/uniqecheck.com\/?page_id=346"},"modified":"2025-07-17T20:51:51","modified_gmt":"2025-07-17T20:51:51","slug":"home","status":"publish","type":"page","link":"https:\/\/uniqecheck.com\/","title":{"rendered":"Ev","raw":"Ev"},"content":{"rendered":"","protected":false,"raw":""},"excerpt":{"rendered":"","protected":false,"raw":""},"author":1,"featured_media":0,"parent":0,"menu_order":0,"comment_status":"closed","ping_status":"closed","template":"","meta":{"_aioseo_title":"T\u00fcm \u0130htiya\u00e7lar\u0131n\u0131z \u0130\u00e7in Benzersiz \u0130\u00e7erik Denetleyicisi","_aioseo_description":"\u0130\u00e7eri\u011finizin \u00f6zg\u00fcn ve intihal i\u00e7ermedi\u011finden emin olmak i\u00e7in en g\u00fcvenilir \u00f6zg\u00fcn metin denetleyicisini ke\u015ffedin. \u00d6\u011frenciler, yazarlar ve profesyoneller i\u00e7in m\u00fckemmeldir.","_locale":"tr_TR","_original_post":"https:\/\/uniqecheck.com\/?page_id=24","footnotes":""},"class_list":["post-346","page","type-page","status-publish","hentry","tr-TR"],"aioseo_notices":[],"_links":{"self":[{"href":"https:\/\/uniqecheck.com\/wp-json\/wp\/v2\/pages\/346","targetHints":{"allow":["GET"]}}],"collection":[{"href":"https:\/\/uniqecheck.com\/wp-json\/wp\/v2\/pages"}],"about":[{"href":"https:\/\/uniqecheck.com\/wp-json\/wp\/v2\/types\/page"}],"author":[{"embeddable":true,"href":"https:\/\/uniqecheck.com\/wp-json\/wp\/v2\/users\/1"}],"replies":[{"embeddable":true,"href":"https:\/\/uniqecheck.com\/wp-json\/wp\/v2\/comments?post=346"}],"version-history":[{"count":1,"href":"https:\/\/uniqecheck.com\/wp-json\/wp\/v2\/pages\/346\/revisions"}],"predecessor-version":[{"id":347,"href":"https:\/\/uniqecheck.com\/wp-json\/wp\/v2\/pages\/346\/revisions\/347"}],"wp:attachment":[{"href":"https:\/\/uniqecheck.com\/wp-json\/wp\/v2\/media?parent=346"}],"curies":[{"name":"wp","href":"https:\/\/api.w.org\/{rel}","templated":true}]}}