{"id":310,"date":"2025-04-03T20:31:49","date_gmt":"2025-04-03T20:31:49","guid":{"rendered":"https:\/\/uniqecheck.com\/?page_id=310","raw":"https:\/\/uniqecheck.com\/?page_id=310"},"modified":"2025-04-04T10:47:29","modified_gmt":"2025-04-04T10:47:29","slug":"contact-us","status":"publish","type":"page","link":"https:\/\/uniqecheck.com\/tr\/contact-us\/","title":{"rendered":"\u0130leti\u015fim","raw":"\u0130leti\u015fim"},"content":{"rendered":"","protected":false,"raw":""},"excerpt":{"rendered":"","protected":false,"raw":""},"author":1,"featured_media":0,"parent":0,"menu_order":0,"comment_status":"closed","ping_status":"closed","template":"","meta":{"_aioseo_title":null,"_aioseo_description":null,"_locale":"tr_TR","_original_post":"https:\/\/uniqecheck.com\/?page_id=11","footnotes":""},"class_list":["post-310","page","type-page","status-publish","hentry","tr-TR"],"aioseo_notices":[],"_links":{"self":[{"href":"https:\/\/uniqecheck.com\/wp-json\/wp\/v2\/pages\/310","targetHints":{"allow":["GET"]}}],"collection":[{"href":"https:\/\/uniqecheck.com\/wp-json\/wp\/v2\/pages"}],"about":[{"href":"https:\/\/uniqecheck.com\/wp-json\/wp\/v2\/types\/page"}],"author":[{"embeddable":true,"href":"https:\/\/uniqecheck.com\/wp-json\/wp\/v2\/users\/1"}],"replies":[{"embeddable":true,"href":"https:\/\/uniqecheck.com\/wp-json\/wp\/v2\/comments?post=310"}],"version-history":[{"count":1,"href":"https:\/\/uniqecheck.com\/wp-json\/wp\/v2\/pages\/310\/revisions"}],"predecessor-version":[{"id":311,"href":"https:\/\/uniqecheck.com\/wp-json\/wp\/v2\/pages\/310\/revisions\/311"}],"wp:attachment":[{"href":"https:\/\/uniqecheck.com\/wp-json\/wp\/v2\/media?parent=310"}],"curies":[{"name":"wp","href":"https:\/\/api.w.org\/{rel}","templated":true}]}}