{"id":274,"date":"2025-04-03T20:32:24","date_gmt":"2025-04-03T20:32:24","guid":{"rendered":"https:\/\/uniqecheck.com\/?page_id=274","raw":"https:\/\/uniqecheck.com\/?page_id=274"},"modified":"2025-07-22T12:49:34","modified_gmt":"2025-07-22T12:49:34","slug":"pricing","status":"publish","type":"page","link":"https:\/\/uniqecheck.com\/tr\/pricing\/","title":{"rendered":"Fiyatland\u0131rma","raw":"Fiyatland\u0131rma"},"content":{"rendered":"<section class=\"pricing-page-main-block\">\r\n<div class=\"container-fluid\">\r\n<div class=\"container\">\r\n<div class=\"row\">\r\n<div class=\"col-12\">\r\n<div class=\"pricing-main-block-content\">\r\n<div class=\"ps-widget-container\" data-ps-widget-name=\"Prices\" data-ps-widget-options=\"{}\">\r\n<p class=\"top-text\">Fiyat Se\u00e7eneklerinizi Belirleyin<\/p>\r\n<h1 class=\"page-title\">Do\u011fru \u00e7al\u0131nt\u0131l\u0131l\u0131k ve yapay zeka tespiti i\u00e7in gizli \u00fccret yok<\/h1>\r\n<div class=\"pricing-block\">\r\n<div class=\"pricing-plan-duration\">\r\n<button class=\"pricing-plan-duration-item one-time active\" type=\"button\">Bir kez<\/button>\r\n<button class=\"pricing-plan-duration-item monthly\" type=\"button\">Ayl\u0131k<\/button>\r\n<button class=\"pricing-plan-duration-item 3-months\" type=\"button\">\u00dc\u00e7 Ayl\u0131k<\/button>\r\n<button class=\"pricing-plan-duration-item yearly\" type=\"button\">Y\u0131ll\u0131k<\/button>\r\n<\/div>\r\n<div class=\"pricing-plan-items-wrapper\">\r\n<div class=\"pricing-plan-items\">\r\n<div class=\"pricing-plan-item light\">\r\n<div class=\"item-header\"><span class=\"plan-title\">Hafif<\/span><div class=\"plan-price-per-word\">\r\n<p class=\"price\"><span class=\"value\">$0.23<\/span> her<\/p>\r\n<p class=\"words-count\">1000 kelime<\/p><\/div><\/div>\r\n<div class=\"item-main\">\r\n<span class=\"save-up-to-label\">%30&#8217;a kadar tasarruf et <span class=\"value\">30%<\/span><\/span><p class=\"plan-price\"><span class=\"value\">$22.95<\/span> \/ <span class=\"duration\">Ay<\/span><\/p><a class=\"get-started-btn\" href=\"#\">Ba\u015fla<\/a><label class=\"custom-checkbox-label recurring-payments\" for=\"recurring_payments_light\"><span class=\"custom-checkbox\"><\/span><span class=\"custom-checkbox-title\">D\u00f6nemsel \u00f6demeler<\/span> <input checked=\"\" id=\"recurring_payments_light\" name=\"recurring-payments-light\" type=\"checkbox\"\/><\/label><span class=\"sep\"><\/span><\/div>\r\n<div class=\"item-footer\">\r\n<ul>\r\n<li class=\"available\"><span class=\"highlighted\">1<\/span> Plagiarizm raporu *<\/li>\r\n<li class=\"available\"><span class=\"highlighted\">1<\/span> AI raporu *<\/li>\r\n<li class=\"available\"><span class=\"highlighted\">S\u0131n\u0131rs\u0131z<\/span> Zaman \u00e7er\u00e7evesi (g\u00fcn)<\/li>\r\n<li class=\"unavailable\"><span class=\"highlighted\">365<\/span> Zaman \u00e7er\u00e7evesi (g\u00fcn)<\/li>\r\n<li class=\"unavailable\">AI metin arama<\/li><\/ul><\/div><\/div>\r\n<div class=\"pricing-plan-item standatd selected\">\r\n<div class=\"item-header\"><span class=\"plan-title\">Standart<\/span>\r\n<div class=\"plan-price-per-word\">\r\n<p class=\"price\"><span class=\"value\">$0.12<\/span> ba\u015f\u0131na<\/p>\r\n<p class=\"words-count\">1000 kelime<\/p><\/div><\/div>\r\n<div class=\"item-main\">\r\n<span class=\"save-up-to-label\">%25 kadar tasarruf et <span class=\"value\">30%<\/span><\/span>\r\n<p class=\"plan-price\"><span class=\"value\">$34.95<\/span> \/ <span class=\"duration\">Ayda<\/span><\/p><a class=\"get-started-btn\" href=\"#\">Ba\u015flay\u0131n<\/a><label class=\"custom-checkbox-label recurring-payments\" for=\"recurring_payments_standatd\"><span class=\"custom-checkbox\"><\/span><span class=\"custom-checkbox-title\">D\u00fczenli \u00f6demeler<\/span><input checked=\"\" id=\"recurring_payments_standatd\" name=\"recurring-payments-standatd\" type=\"checkbox\"\/><\/label><span class=\"sep\"><\/span><\/div>\r\n<div class=\"item-footer\">\r\n<ul>\r\n<li class=\"available\"><span class=\"highlighted\">1<\/span> Plagiarizm g\u00f6nderimi *<\/li>\r\n<li class=\"available\"><span class=\"highlighted\">1<\/span> Yapay Zeka g\u00f6nderimi *<\/li>\r\n<li class=\"available\"><span class=\"highlighted\">S\u0131n\u0131rs\u0131z<\/span> S\u00fcre (g\u00fcn)<\/li>\r\n<li class=\"unavailable\"><span class=\"highlighted\">365<\/span> S\u00fcre (g\u00fcn)<\/li>\r\n<li class=\"unavailable\">Yapay Zeka metni ara<\/li><\/ul><\/div><\/div>\r\n<div class=\"pricing-plan-item premium\">\r\n<div class=\"item-header\">\r\n<span class=\"plan-title\">Premium<\/span>\r\n<div class=\"plan-price-per-word\">\r\n<p class=\"price\"><span class=\"value\">$0.09<\/span> per<\/p>\r\n<p class=\"words-count\">1000 words<\/p>\r\n<\/div>\r\n<\/div>\r\n<div class=\"item-main\"><span class=\"save-up-to-label\">Yakla\u015f\u0131k <span class=\"value\">30%<\/span> tasarruf et<\/span><p class=\"plan-price\"><span class=\"value\">$54.95<\/span> \/ <span class=\"duration\">Ay<\/span><\/p><a class=\"get-started-btn\" href=\"#\">Ba\u015flay\u0131n<\/a><label class=\"custom-checkbox-label recurring-payments\" for=\"recurring_payments_premium\"><span class=\"custom-checkbox\"><\/span> <span class=\"custom-checkbox-title\">Tekrar eden \u00f6demeler<\/span><input checked=\"\" id=\"recurring_payments_premium\" name=\"recurring-payments-premium\" type=\"checkbox\"\/><\/label> <span class=\"sep\"><\/span><\/div>\r\n<div class=\"item-footer\">\r\n<ul>\r\n<li class=\"available\"><span class=\"highlighted\">1<\/span> Plagiarizm g\u00f6nderimi *<\/li>\r\n<li class=\"available\"><span class=\"highlighted\">1<\/span> AI g\u00f6nderimi *<\/li>\r\n<li class=\"available\"><span class=\"highlighted\">S\u0131n\u0131rs\u0131z<\/span> Zaman \u00e7er\u00e7evesi (g\u00fcn)<\/li>\r\n<li class=\"unavailable\"><span class=\"highlighted\">365<\/span> Zaman \u00e7er\u00e7evesi (g\u00fcn)<\/li>\r\n<li class=\"unavailable\">AI metin ara<\/li><\/ul><\/div><\/div><\/div><\/div><\/div><\/div><\/div><\/div><\/div><\/div><\/div>\r\n<\/section>\r\n<section class=\"faq\">\r\n<div class=\"container-fluid\">\r\n<div class=\"container\">\r\n<div class=\"row\">\r\n<div class=\"col-12\">\r\n<div class=\"faq-content\">\r\n<div class=\"faq-text-block\">\r\n<p class=\"faq-text-top\">S\u0131k Sorulan Sorular<\/p>\r\n<p class=\"faq-text-title\">UniqeCheck.com hakk\u0131nda daha fazla bilgiye ihtiyac\u0131n\u0131z var m\u0131?<\/p>\r\n<p class=\"faq-text-subtitle\">Plagiarizm tespiti ve AI analiz ara\u00e7lar\u0131m\u0131z hakk\u0131ndaki en yayg\u0131n sorular\u0131 g\u00f6zden ge\u00e7irdik ve yan\u0131tlad\u0131k.<\/p>\r\n<div class=\"different-question-block\"><img decoding=\"async\" alt=\"FAQ\" class=\"faq-icon\" src=\"\/wp-content\/themes\/main\/images\/faq-icon.svg\"\/>\r\n<p class=\"title\">Farkl\u0131 Bir Sorunuz Var m\u0131?<\/p>\r\n<p class=\"subtitle\">Tespit edemedi\u011finiz cevab\u0131 bulamazsan\u0131z destek ekibimizle ileti\u015fime ge\u00e7in!<\/p><a class=\"contact-support-btn custom-btn cb-white\" href=\"\/contact-us\/\">Destek ekibiyle ileti\u015fime ge\u00e7in<\/a><\/div><\/div>    <div class=\"faq-questions-block\">\n                <div class=\"faq-accordion\" id=\"faq_accordion\">\n                            <div class=\"faq-accordion-item item-1\">\n                    <button class=\"faq-accordion-question collapsed\" type=\"button\" data-bs-toggle=\"collapse\" data-bs-target=\"#faq_accordion_1\" aria-expanded=\"false\" aria-controls=\"faq_accordion_1\">Metiminin AI taraf\u0131ndan olu\u015fturulup olu\u015fturulmad\u0131\u011f\u0131n\u0131 kontrol edebilir miyim?<\/button>\n                    <div id=\"faq_accordion_1\" class=\"faq-accordion-answer accordion-collapse collapse\" data-bs-parent=\"#faq_accordion\">\n                        <p class=\"answer-text\">Evet, biz AI \u00fcretilmi\u015f i\u00e7erikleri tespit eden \u00f6nde gelen hizmetlerden biriyiz.<\/p>\n                    <\/div>\n                <\/div>\n                            <div class=\"faq-accordion-item item-2\">\n                    <button class=\"faq-accordion-question collapsed\" type=\"button\" data-bs-toggle=\"collapse\" data-bs-target=\"#faq_accordion_2\" aria-expanded=\"false\" aria-controls=\"faq_accordion_2\">Sonu\u00e7lar do\u011fru mu?<\/button>\n                    <div id=\"faq_accordion_2\" class=\"faq-accordion-answer accordion-collapse collapse\" data-bs-parent=\"#faq_accordion\">\n                        <p class=\"answer-text\">Elbette. Ara\u00e7lar\u0131m\u0131z son derece hassas ve g\u00fcvenilir raporlar sa\u011flar, i\u00e7eri\u011finizin orijinalli\u011fi konusunda g\u00fcven kazand\u0131r\u0131r.<\/p>\n                    <\/div>\n                <\/div>\n                            <div class=\"faq-accordion-item item-3\">\n                    <button class=\"faq-accordion-question collapsed\" type=\"button\" data-bs-toggle=\"collapse\" data-bs-target=\"#faq_accordion_3\" aria-expanded=\"false\" aria-controls=\"faq_accordion_3\">Arac\u0131m\u0131z ba\u015fka sistemlerle entegre edilebilir mi?<\/button>\n                    <div id=\"faq_accordion_3\" class=\"faq-accordion-answer accordion-collapse collapse\" data-bs-parent=\"#faq_accordion\">\n                        <p class=\"answer-text\">Evet, di\u011fer platformlarla sorunsuz kullan\u0131m i\u00e7in API entegrasyonu sunuyoruz.<\/p>\n                    <\/div>\n                <\/div>\n                            <div class=\"faq-accordion-item item-4\">\n                    <button class=\"faq-accordion-question collapsed\" type=\"button\" data-bs-toggle=\"collapse\" data-bs-target=\"#faq_accordion_4\" aria-expanded=\"false\" aria-controls=\"faq_accordion_4\">Verilerim ve y\u00fckledi\u011fim metinler g\u00fcvenli mi?<\/button>\n                    <div id=\"faq_accordion_4\" class=\"faq-accordion-answer accordion-collapse collapse\" data-bs-parent=\"#faq_accordion\">\n                        <p class=\"answer-text\">Evet, gizlili\u011finizi \u00f6ncelikli olarak tutuyoruz. Platformumuz kullan\u0131c\u0131 verilerini veya metinlerinizi toplamaz ya da saklamaz.<\/p>\n                    <\/div>\n                <\/div>\n                            <div class=\"faq-accordion-item item-5\">\n                    <button class=\"faq-accordion-question collapsed\" type=\"button\" data-bs-toggle=\"collapse\" data-bs-target=\"#faq_accordion_5\" aria-expanded=\"false\" aria-controls=\"faq_accordion_5\">Farkl\u0131 formatlardaki belgeleri kontrol edebilir miyim?<\/button>\n                    <div id=\"faq_accordion_5\" class=\"faq-accordion-answer accordion-collapse collapse\" data-bs-parent=\"#faq_accordion\">\n                        <p class=\"answer-text\">Evet, ara\u00e7lar\u0131m\u0131z PDF, Word, TXT gibi \u00e7e\u015fitli formatlar\u0131 desteklemekte olup ayn\u0131 zamanda metinlerin do\u011frudan platformda yap\u0131\u015ft\u0131r\u0131lmas\u0131n\u0131 da sa\u011flamaktad\u0131r.<\/p>\n                    <\/div>\n                <\/div>\n                            <div class=\"faq-accordion-item item-6\">\n                    <button class=\"faq-accordion-question collapsed\" type=\"button\" data-bs-toggle=\"collapse\" data-bs-target=\"#faq_accordion_6\" aria-expanded=\"false\" aria-controls=\"faq_accordion_6\">\u00c7evrimd\u0131\u015f\u0131 olabilir miyim?<\/button>\n                    <div id=\"faq_accordion_6\" class=\"faq-accordion-answer accordion-collapse collapse\" data-bs-parent=\"#faq_accordion\">\n                        <p class=\"answer-text\">Evet, sistemimiz mobil kullan\u0131m i\u00e7in optimize edilmi\u015f olup, hareket halindeyken de kolayl\u0131k ve eri\u015filebilirlik sunmaktad\u0131r.<\/p>\n                    <\/div>\n                <\/div>\n                            <div class=\"faq-accordion-item item-7\">\n                    <button class=\"faq-accordion-question collapsed\" type=\"button\" data-bs-toggle=\"collapse\" data-bs-target=\"#faq_accordion_7\" aria-expanded=\"false\" aria-controls=\"faq_accordion_7\">\u00c7ok dilli deste\u011fi yapar m\u0131s\u0131n\u0131z?<\/button>\n                    <div id=\"faq_accordion_7\" class=\"faq-accordion-answer accordion-collapse collapse\" data-bs-parent=\"#faq_accordion\">\n                        <p class=\"answer-text\">Evet, arac\u0131m\u0131z d\u00fcnya \u00e7ap\u0131ndaki kullan\u0131c\u0131lar\u0131 destekleyecek \u015fekilde tasarlanm\u0131\u015f olup \u00e7e\u015fitli dilleri desteklemektedir.<\/p>\n                    <\/div>\n                <\/div>\n                            <div class=\"faq-accordion-item item-8\">\n                    <button class=\"faq-accordion-question collapsed\" type=\"button\" data-bs-toggle=\"collapse\" data-bs-target=\"#faq_accordion_8\" aria-expanded=\"false\" aria-controls=\"faq_accordion_8\">Bir belgeyi kontrol etmek ne kadar s\u00fcrer?<\/button>\n                    <div id=\"faq_accordion_8\" class=\"faq-accordion-answer accordion-collapse collapse\" data-bs-parent=\"#faq_accordion\">\n                        <p class=\"answer-text\">\u0130\u015flem \u00e7ok h\u0131zl\u0131d\u0131r ve sonu\u00e7lar genellikle dakika i\u00e7inde mevcut olur.<\/p>\n                    <\/div>\n                <\/div>\n                            <div class=\"faq-accordion-item item-9\">\n                    <button class=\"faq-accordion-question collapsed\" type=\"button\" data-bs-toggle=\"collapse\" data-bs-target=\"#faq_accordion_9\" aria-expanded=\"false\" aria-controls=\"faq_accordion_9\">Tek seferde birden fazla metni kontrol edebilir miyim?<\/button>\n                    <div id=\"faq_accordion_9\" class=\"faq-accordion-answer accordion-collapse collapse\" data-bs-parent=\"#faq_accordion\">\n                        <p class=\"answer-text\">Evet, birden fazla belgeyi ayn\u0131 anda y\u00fckleyebilirsiniz, bu da zaman ve \u00e7aba tasarrufu sa\u011flar.<\/p>\n                    <\/div>\n                <\/div>\n                            <div class=\"faq-accordion-item item-10\">\n                    <button class=\"faq-accordion-question collapsed\" type=\"button\" data-bs-toggle=\"collapse\" data-bs-target=\"#faq_accordion_10\" aria-expanded=\"false\" aria-controls=\"faq_accordion_10\">Ara\u00e7lar\u0131n\u0131z\u0131 g\u00fcnceller misiniz?<\/button>\n                    <div id=\"faq_accordion_10\" class=\"faq-accordion-answer accordion-collapse collapse\" data-bs-parent=\"#faq_accordion\">\n                        <p class=\"answer-text\">Evet, algoritmalar\u0131m\u0131z d\u00fczenli g\u00fcncellemelerle performans ve do\u011frulu\u011fu art\u0131rmak amac\u0131yla s\u00fcrekli olarak geli\u015ftirilmektedir.<\/p>\n                    <\/div>\n                <\/div>\n                            <div class=\"faq-accordion-item item-11\">\n                    <button class=\"faq-accordion-question collapsed\" type=\"button\" data-bs-toggle=\"collapse\" data-bs-target=\"#faq_accordion_11\" aria-expanded=\"false\" aria-controls=\"faq_accordion_11\">Sistemimiz hangi kaynaklar\u0131 analiz ediyor?<\/button>\n                    <div id=\"faq_accordion_11\" class=\"faq-accordion-answer accordion-collapse collapse\" data-bs-parent=\"#faq_accordion\">\n                        <p class=\"answer-text\">Akademik yay\u0131nlar\u0131, web sayfalar\u0131n\u0131 ve \u00f6zel veri tabanlar\u0131n\u0131 inceleyerek kapsaml\u0131 ve do\u011fru sonu\u00e7lar\u0131 sa\u011flamaya odaklan\u0131r\u0131z.<\/p>\n                    <\/div>\n                <\/div>\n                            <div class=\"faq-accordion-item item-12\">\n                    <button class=\"faq-accordion-question collapsed\" type=\"button\" data-bs-toggle=\"collapse\" data-bs-target=\"#faq_accordion_12\" aria-expanded=\"false\" aria-controls=\"faq_accordion_12\">Belgeler i\u00e7in bir boyut s\u0131n\u0131r\u0131 var m\u0131?<\/button>\n                    <div id=\"faq_accordion_12\" class=\"faq-accordion-answer accordion-collapse collapse\" data-bs-parent=\"#faq_accordion\">\n                        <p class=\"answer-text\">Hay\u0131r, arac\u0131m\u0131z hem k\u00fc\u00e7\u00fck metinleri hem de daha b\u00fcy\u00fck belgeleri k\u0131s\u0131tlamalar olmaks\u0131z\u0131n ele alabilir.<\/p>\n                    <\/div>\n                <\/div>\n                            <div class=\"faq-accordion-item item-13\">\n                    <button class=\"faq-accordion-question collapsed\" type=\"button\" data-bs-toggle=\"collapse\" data-bs-target=\"#faq_accordion_13\" aria-expanded=\"false\" aria-controls=\"faq_accordion_13\">\u00dccretsiz deneme s\u00fcr\u00fcm\u00fc mevcut mu?<\/button>\n                    <div id=\"faq_accordion_13\" class=\"faq-accordion-answer accordion-collapse collapse\" data-bs-parent=\"#faq_accordion\">\n                        <p class=\"answer-text\">Evet, \u00fcr\u00fcn\u00fcm\u00fcz\u00fc ve \u00f6zelliklerimizi ke\u015ffetmek isteyen kullan\u0131c\u0131lar i\u00e7in \u00fccretsiz deneme s\u00fcr\u00fcm\u00fc sunuyoruz.<\/p>\n                    <\/div>\n                <\/div>\n                    <\/div>\n    <\/div>\n    <\/div>\r\n<\/div>\r\n<\/div>\r\n<\/div>\r\n<\/div>\r\n<\/section>","protected":false,"raw":"<section class=\"pricing-page-main-block\">\r\n<div class=\"container-fluid\">\r\n<div class=\"container\">\r\n<div class=\"row\">\r\n<div class=\"col-12\">\r\n<div class=\"pricing-main-block-content\">\r\n<div class=\"ps-widget-container\" data-ps-widget-name=\"Prices\" data-ps-widget-options=\"{}\">\r\n<p class=\"top-text\">Fiyat Se\u00e7eneklerinizi Belirleyin<\/p>\r\n<h1 class=\"page-title\">Do\u011fru \u00e7al\u0131nt\u0131l\u0131l\u0131k ve yapay zeka tespiti i\u00e7in gizli \u00fccret yok<\/h1>\r\n<div class=\"pricing-block\">\r\n<div class=\"pricing-plan-duration\">\r\n<button class=\"pricing-plan-duration-item one-time active\" type=\"button\">Bir kez<\/button>\r\n<button class=\"pricing-plan-duration-item monthly\" type=\"button\">Ayl\u0131k<\/button>\r\n<button class=\"pricing-plan-duration-item 3-months\" type=\"button\">\u00dc\u00e7 Ayl\u0131k<\/button>\r\n<button class=\"pricing-plan-duration-item yearly\" type=\"button\">Y\u0131ll\u0131k<\/button>\r\n<\/div>\r\n<div class=\"pricing-plan-items-wrapper\">\r\n<div class=\"pricing-plan-items\">\r\n<div class=\"pricing-plan-item light\">\r\n<div class=\"item-header\"><span class=\"plan-title\">Hafif<\/span><div class=\"plan-price-per-word\">\r\n<p class=\"price\"><span class=\"value\">$0.23<\/span> her<\/p>\r\n<p class=\"words-count\">1000 kelime<\/p><\/div><\/div>\r\n<div class=\"item-main\">\r\n<span class=\"save-up-to-label\">%30'a kadar tasarruf et <span class=\"value\">30%<\/span><\/span><p class=\"plan-price\"><span class=\"value\">$22.95<\/span> \/ <span class=\"duration\">Ay<\/span><\/p><a class=\"get-started-btn\" href=\"#\">Ba\u015fla<\/a><label class=\"custom-checkbox-label recurring-payments\" for=\"recurring_payments_light\"><span class=\"custom-checkbox\"><\/span><span class=\"custom-checkbox-title\">D\u00f6nemsel \u00f6demeler<\/span> <input checked=\"\" id=\"recurring_payments_light\" name=\"recurring-payments-light\" type=\"checkbox\"\/><\/label><span class=\"sep\"><\/span><\/div>\r\n<div class=\"item-footer\">\r\n<ul>\r\n<li class=\"available\"><span class=\"highlighted\">1<\/span> Plagiarizm raporu *<\/li>\r\n<li class=\"available\"><span class=\"highlighted\">1<\/span> AI raporu *<\/li>\r\n<li class=\"available\"><span class=\"highlighted\">S\u0131n\u0131rs\u0131z<\/span> Zaman \u00e7er\u00e7evesi (g\u00fcn)<\/li>\r\n<li class=\"unavailable\"><span class=\"highlighted\">365<\/span> Zaman \u00e7er\u00e7evesi (g\u00fcn)<\/li>\r\n<li class=\"unavailable\">AI metin arama<\/li><\/ul><\/div><\/div>\r\n<div class=\"pricing-plan-item standatd selected\">\r\n<div class=\"item-header\"><span class=\"plan-title\">Standart<\/span>\r\n<div class=\"plan-price-per-word\">\r\n<p class=\"price\"><span class=\"value\">$0.12<\/span> ba\u015f\u0131na<\/p>\r\n<p class=\"words-count\">1000 kelime<\/p><\/div><\/div>\r\n<div class=\"item-main\">\r\n<span class=\"save-up-to-label\">%25 kadar tasarruf et <span class=\"value\">30%<\/span><\/span>\r\n<p class=\"plan-price\"><span class=\"value\">$34.95<\/span> \/ <span class=\"duration\">Ayda<\/span><\/p><a class=\"get-started-btn\" href=\"#\">Ba\u015flay\u0131n<\/a><label class=\"custom-checkbox-label recurring-payments\" for=\"recurring_payments_standatd\"><span class=\"custom-checkbox\"><\/span><span class=\"custom-checkbox-title\">D\u00fczenli \u00f6demeler<\/span><input checked=\"\" id=\"recurring_payments_standatd\" name=\"recurring-payments-standatd\" type=\"checkbox\"\/><\/label><span class=\"sep\"><\/span><\/div>\r\n<div class=\"item-footer\">\r\n<ul>\r\n<li class=\"available\"><span class=\"highlighted\">1<\/span> Plagiarizm g\u00f6nderimi *<\/li>\r\n<li class=\"available\"><span class=\"highlighted\">1<\/span> Yapay Zeka g\u00f6nderimi *<\/li>\r\n<li class=\"available\"><span class=\"highlighted\">S\u0131n\u0131rs\u0131z<\/span> S\u00fcre (g\u00fcn)<\/li>\r\n<li class=\"unavailable\"><span class=\"highlighted\">365<\/span> S\u00fcre (g\u00fcn)<\/li>\r\n<li class=\"unavailable\">Yapay Zeka metni ara<\/li><\/ul><\/div><\/div>\r\n<div class=\"pricing-plan-item premium\">\r\n<div class=\"item-header\">\r\n<span class=\"plan-title\">Premium<\/span>\r\n<div class=\"plan-price-per-word\">\r\n<p class=\"price\"><span class=\"value\">$0.09<\/span> per<\/p>\r\n<p class=\"words-count\">1000 words<\/p>\r\n<\/div>\r\n<\/div>\r\n<div class=\"item-main\"><span class=\"save-up-to-label\">Yakla\u015f\u0131k <span class=\"value\">30%<\/span> tasarruf et<\/span><p class=\"plan-price\"><span class=\"value\">$54.95<\/span> \/ <span class=\"duration\">Ay<\/span><\/p><a class=\"get-started-btn\" href=\"#\">Ba\u015flay\u0131n<\/a><label class=\"custom-checkbox-label recurring-payments\" for=\"recurring_payments_premium\"><span class=\"custom-checkbox\"><\/span> <span class=\"custom-checkbox-title\">Tekrar eden \u00f6demeler<\/span><input checked=\"\" id=\"recurring_payments_premium\" name=\"recurring-payments-premium\" type=\"checkbox\"\/><\/label> <span class=\"sep\"><\/span><\/div>\r\n<div class=\"item-footer\">\r\n<ul>\r\n<li class=\"available\"><span class=\"highlighted\">1<\/span> Plagiarizm g\u00f6nderimi *<\/li>\r\n<li class=\"available\"><span class=\"highlighted\">1<\/span> AI g\u00f6nderimi *<\/li>\r\n<li class=\"available\"><span class=\"highlighted\">S\u0131n\u0131rs\u0131z<\/span> Zaman \u00e7er\u00e7evesi (g\u00fcn)<\/li>\r\n<li class=\"unavailable\"><span class=\"highlighted\">365<\/span> Zaman \u00e7er\u00e7evesi (g\u00fcn)<\/li>\r\n<li class=\"unavailable\">AI metin ara<\/li><\/ul><\/div><\/div><\/div><\/div><\/div><\/div><\/div><\/div><\/div><\/div><\/div>\r\n<\/section>\r\n<section class=\"faq\">\r\n<div class=\"container-fluid\">\r\n<div class=\"container\">\r\n<div class=\"row\">\r\n<div class=\"col-12\">\r\n<div class=\"faq-content\">\r\n<div class=\"faq-text-block\">\r\n<p class=\"faq-text-top\">S\u0131k Sorulan Sorular<\/p>\r\n<p class=\"faq-text-title\">UniqeCheck.com hakk\u0131nda daha fazla bilgiye ihtiyac\u0131n\u0131z var m\u0131?<\/p>\r\n<p class=\"faq-text-subtitle\">Plagiarizm tespiti ve AI analiz ara\u00e7lar\u0131m\u0131z hakk\u0131ndaki en yayg\u0131n sorular\u0131 g\u00f6zden ge\u00e7irdik ve yan\u0131tlad\u0131k.<\/p>\r\n<div class=\"different-question-block\"><img alt=\"FAQ\" class=\"faq-icon\" src=\"\/wp-content\/themes\/main\/images\/faq-icon.svg\"\/>\r\n<p class=\"title\">Farkl\u0131 Bir Sorunuz Var m\u0131?<\/p>\r\n<p class=\"subtitle\">Tespit edemedi\u011finiz cevab\u0131 bulamazsan\u0131z destek ekibimizle ileti\u015fime ge\u00e7in!<\/p><a class=\"contact-support-btn custom-btn cb-white\" href=\"\/contact-us\/\">Destek ekibiyle ileti\u015fime ge\u00e7in<\/a><\/div><\/div>[faq_questions]<\/div>\r\n<\/div>\r\n<\/div>\r\n<\/div>\r\n<\/div>\r\n<\/section>"},"excerpt":{"rendered":"Fiyat Se\u00e7eneklerinizi Belirleyin: Ekstra \u00fccret yok, do\u011fru \u00e7al\u0131nt\u0131l\u0131l\u0131k ve yapay zeka tespiti i\u00e7in. Bir kez Ayl\u0131k \u00dc\u00e7 Ayl\u0131k Y\u0131ll\u0131k Hafif $0.23\/1.000 kelimeye kadar %30 tasarruf edin $22.95\/ayla Ba\u015flay\u0131n Tekrarlayan \u00d6demeler 1 \u00c7al\u0131nt\u0131l\u0131l\u0131k g\u00f6nderimi * 1 Yapay Zeka g\u00f6nderimi * S\u0131n\u0131rs\u0131z Zaman \u00e7er\u00e7evesi (g\u00fcnler) 365 Zaman \u00e7er\u00e7evesi (g\u00fcnler) Yapay zek\u00e2 metni ara\u015ft\u0131r\u0131n Standart $0.12\/1.000 kelimeye kadar.","protected":false,"raw":"Fiyat Se\u00e7eneklerinizi Belirleyin: Ekstra \u00fccret yok, do\u011fru \u00e7al\u0131nt\u0131l\u0131l\u0131k ve yapay zeka tespiti i\u00e7in. Bir kez Ayl\u0131k \u00dc\u00e7 Ayl\u0131k Y\u0131ll\u0131k Hafif $0.23\/1.000 kelimeye kadar %30 tasarruf edin $22.95\/ayla Ba\u015flay\u0131n Tekrarlayan \u00d6demeler 1 \u00c7al\u0131nt\u0131l\u0131l\u0131k g\u00f6nderimi * 1 Yapay Zeka g\u00f6nderimi * S\u0131n\u0131rs\u0131z Zaman \u00e7er\u00e7evesi (g\u00fcnler) 365 Zaman \u00e7er\u00e7evesi (g\u00fcnler) Yapay zek\u00e2 metni ara\u015ft\u0131r\u0131n Standart $0.12\/1.000 kelimeye kadar."},"author":1,"featured_media":0,"parent":0,"menu_order":0,"comment_status":"closed","ping_status":"closed","template":"tpl-landing.php","meta":{"_aioseo_title":null,"_aioseo_description":null,"_locale":"tr_TR","_original_post":"https:\/\/uniqecheck.com\/?page_id=10","footnotes":""},"class_list":["post-274","page","type-page","status-publish","hentry","tr-TR"],"aioseo_notices":[],"_links":{"self":[{"href":"https:\/\/uniqecheck.com\/wp-json\/wp\/v2\/pages\/274","targetHints":{"allow":["GET"]}}],"collection":[{"href":"https:\/\/uniqecheck.com\/wp-json\/wp\/v2\/pages"}],"about":[{"href":"https:\/\/uniqecheck.com\/wp-json\/wp\/v2\/types\/page"}],"author":[{"embeddable":true,"href":"https:\/\/uniqecheck.com\/wp-json\/wp\/v2\/users\/1"}],"replies":[{"embeddable":true,"href":"https:\/\/uniqecheck.com\/wp-json\/wp\/v2\/comments?post=274"}],"version-history":[{"count":4,"href":"https:\/\/uniqecheck.com\/wp-json\/wp\/v2\/pages\/274\/revisions"}],"predecessor-version":[{"id":781,"href":"https:\/\/uniqecheck.com\/wp-json\/wp\/v2\/pages\/274\/revisions\/781"}],"wp:attachment":[{"href":"https:\/\/uniqecheck.com\/wp-json\/wp\/v2\/media?parent=274"}],"curies":[{"name":"wp","href":"https:\/\/api.w.org\/{rel}","templated":true}]}}