{"id":344,"date":"2025-04-03T20:25:57","date_gmt":"2025-04-03T20:25:57","guid":{"rendered":"https:\/\/uniqecheck.com\/?page_id=344","raw":"https:\/\/uniqecheck.com\/?page_id=344"},"modified":"2025-07-17T20:52:04","modified_gmt":"2025-07-17T20:52:04","slug":"home","status":"publish","type":"page","link":"https:\/\/uniqecheck.com\/","title":{"rendered":"Hem","raw":"Hem"},"content":{"rendered":"","protected":false,"raw":""},"excerpt":{"rendered":"","protected":false,"raw":""},"author":1,"featured_media":0,"parent":0,"menu_order":0,"comment_status":"closed","ping_status":"closed","template":"","meta":{"_aioseo_title":"Verktyg f\u00f6r unikt inneh\u00e5ll f\u00f6r alla dina behov","_aioseo_description":"Uppt\u00e4ck det mest p\u00e5litliga verktyget f\u00f6r att kontrollera unikt inneh\u00e5ll och s\u00e4kerst\u00e4ll att ditt inneh\u00e5ll \u00e4r originellt och fritt fr\u00e5n plagiat. Perfekt f\u00f6r studenter, skribenter och yrkesverksamma.","_locale":"sv_SE","_original_post":"https:\/\/uniqecheck.com\/?page_id=24","footnotes":""},"class_list":["post-344","page","type-page","status-publish","hentry","sv-SE"],"aioseo_notices":[],"_links":{"self":[{"href":"https:\/\/uniqecheck.com\/wp-json\/wp\/v2\/pages\/344","targetHints":{"allow":["GET"]}}],"collection":[{"href":"https:\/\/uniqecheck.com\/wp-json\/wp\/v2\/pages"}],"about":[{"href":"https:\/\/uniqecheck.com\/wp-json\/wp\/v2\/types\/page"}],"author":[{"embeddable":true,"href":"https:\/\/uniqecheck.com\/wp-json\/wp\/v2\/users\/1"}],"replies":[{"embeddable":true,"href":"https:\/\/uniqecheck.com\/wp-json\/wp\/v2\/comments?post=344"}],"version-history":[{"count":1,"href":"https:\/\/uniqecheck.com\/wp-json\/wp\/v2\/pages\/344\/revisions"}],"predecessor-version":[{"id":345,"href":"https:\/\/uniqecheck.com\/wp-json\/wp\/v2\/pages\/344\/revisions\/345"}],"wp:attachment":[{"href":"https:\/\/uniqecheck.com\/wp-json\/wp\/v2\/media?parent=344"}],"curies":[{"name":"wp","href":"https:\/\/api.w.org\/{rel}","templated":true}]}}