{"id":272,"date":"2025-04-03T20:35:07","date_gmt":"2025-04-03T20:35:07","guid":{"rendered":"https:\/\/uniqecheck.com\/?page_id=272","raw":"https:\/\/uniqecheck.com\/?page_id=272"},"modified":"2025-07-22T12:49:33","modified_gmt":"2025-07-22T12:49:33","slug":"pricing","status":"publish","type":"page","link":"https:\/\/uniqecheck.com\/sv\/pricing\/","title":{"rendered":"Priss\u00e4ttning","raw":"Priss\u00e4ttning"},"content":{"rendered":"<section class=\"pricing-page-main-block\">\r\n<div class=\"container-fluid\">\r\n<div class=\"container\">\r\n<div class=\"row\">\r\n<div class=\"col-12\">\r\n<div class=\"pricing-main-block-content\">\r\n<div class=\"ps-widget-container\" data-ps-widget-name=\"Prices\" data-ps-widget-options=\"{}\">\r\n<p class=\"top-text\">V\u00e4lj dina priss\u00e4ttningsalternativ<\/p>\r\n<h1 class=\"page-title\">Inga dolda avgifter f\u00f6r exakt plagiat- och AI-detektion<\/h1>\r\n<div class=\"pricing-block\">\r\n<div class=\"pricing-plan-duration\"><button class=\"pricing-plan-duration-item one-time active\" type=\"button\">En g\u00e5ng<\/button><button class=\"pricing-plan-duration-item monthly\" type=\"button\">M\u00e5nadsvis<\/button><button class=\"pricing-plan-duration-item 3-months\" type=\"button\">3 M\u00e5nader<\/button><button class=\"pricing-plan-duration-item yearly\" type=\"button\">Eviga<\/button><\/div>\r\n<div class=\"pricing-plan-items-wrapper\">\r\n<div class=\"pricing-plan-items\">\r\n<div class=\"pricing-plan-item light\">\r\n<div class=\"item-header\"><span class=\"plan-title\">Ljus<\/span><div class=\"plan-price-per-word\">\r\n<p class=\"price\"><span class=\"value\">$0.23<\/span> per<\/p>\r\n<p class=\"words-count\">1000 ord<\/p><\/div><\/div>\r\n<div class=\"item-main\">\r\n<span class=\"save-up-to-label\">Spara upp till <span class=\"value\">30%<\/span><\/span><p class=\"plan-price\"><span class=\"value\">$22.95<\/span> \/ <span class=\"duration\">M\u00e5nad<\/span><\/p><a class=\"get-started-btn\" href=\"#\">B\u00f6rja nu<\/a><label class=\"custom-checkbox-label recurring-payments\" for=\"recurring_payments_light\"><span class=\"custom-checkbox\"><\/span><span class=\"custom-checkbox-title\">\u00c5terkommande betalningar<\/span> <input checked=\"\" id=\"recurring_payments_light\" name=\"recurring-payments-light\" type=\"checkbox\"\/><\/label><span class=\"sep\"><\/span><\/div>\r\n<div class=\"item-footer\">\r\n<ul>\r\n<li class=\"available\"><span class=\"highlighted\">1<\/span> Plagiatins\u00e4ndning *<\/li>\r\n<li class=\"available\"><span class=\"highlighted\">1<\/span> AI-ins\u00e4ndning *<\/li>\r\n<li class=\"available\"><span class=\"highlighted\">Ogr\u00e4nsat<\/span> Tidsram (dagar)<\/li>\r\n<li class=\"unavailable\"><span class=\"highlighted\">365<\/span> Tidsram (dagar)<\/li>\r\n<li class=\"unavailable\">S\u00f6k efter AI-text<\/li><\/ul><\/div><\/div>\r\n<div class=\"pricing-plan-item standatd selected\">\r\n<div class=\"item-header\"><span class=\"plan-title\">Standar<\/span>\r\n<div class=\"plan-price-per-word\">\r\n<p class=\"price\"><span class=\"value\">$0.12<\/span> per<\/p>\r\n<p class=\"words-count\">1000 words<\/p><\/div><\/div>\r\n<div class=\"item-main\">\r\n<span class=\"save-up-to-label\">Spar upp till <span class=\"value\">30%<\/span><\/span>\r\n<p class=\"plan-price\"><span class=\"value\">$34.95<\/span> \/ <span class=\"duration\">M\u00e5nad<\/span><\/p><a class=\"get-started-btn\" href=\"#\">Starta<\/a><label class=\"custom-checkbox-label recurring-payments\" for=\"recurring_payments_standatd\"><span class=\"custom-checkbox\"><\/span><span class=\"custom-checkbox-title\">\u00c5terkommande betalningar<\/span><input checked=\"\" id=\"recurring_payments_standatd\" name=\"recurring-payments-standatd\" type=\"checkbox\"\/><\/label><span class=\"sep\"><\/span><\/div>\r\n<div class=\"item-footer\">\r\n<ul>\r\n<li class=\"available\"><span class=\"highlighted\">1<\/span> Plagiatsskanning *<\/li>\r\n<li class=\"available\"><span class=\"highlighted\">1<\/span> AI-inskickning *<\/li>\r\n<li class=\"available\"><span class=\"highlighted\">O\u00e4ndligt<\/span> Tidsram (dagar)<\/li>\r\n<li class=\"unavailable\"><span class=\"highlighted\">365<\/span> Tidsram (dagar)<\/li>\r\n<li class=\"unavailable\">S\u00f6k efter AI-text<\/li><\/ul><\/div><\/div>\r\n<div class=\"pricing-plan-item premium\">\r\n<div class=\"item-header\">\r\n<span class=\"plan-title\">Premium<\/span>\r\n<div class=\"plan-price-per-word\">\r\n<p class=\"price\"><span class=\"value\">$0.09<\/span> per<\/p>\r\n<p class=\"words-count\">1000 words<\/p>\r\n<\/div>\r\n<\/div>\r\n<div class=\"item-main\"><span class=\"save-up-to-label\">Save up to <span class=\"value\">30%<\/span><\/span><p class=\"plan-price\"><span class=\"value\">$54.95<\/span> \/ <span class=\"duration\">Month<\/span><\/p><a class=\"get-started-btn\" href=\"#\">Get Started<\/a><label class=\"custom-checkbox-label recurring-payments\" for=\"recurring_payments_premium\"><span class=\"custom-checkbox\"><\/span> <span class=\"custom-checkbox-title\">Recurring payments<\/span><input checked=\"\" id=\"recurring_payments_premium\" name=\"recurring-payments-premium\" type=\"checkbox\"\/><\/label> <span class=\"sep\"><\/span><\/div>\r\n<div class=\"item-footer\">\r\n<ul>\r\n<li class=\"available\"><span class=\"highlighted\">1<\/span> Plagiarism submission *<\/li>\r\n<li class=\"available\"><span class=\"highlighted\">1<\/span> AI submission *<\/li>\r\n<li class=\"available\"><span class=\"highlighted\">Unlimited<\/span> Time frame (days)<\/li>\r\n<li class=\"unavailable\"><span class=\"highlighted\">365<\/span> Time frame (days)<\/li>\r\n<li class=\"unavailable\">Search for AI text<\/li><\/ul><\/div><\/div><\/div><\/div><\/div><\/div><\/div><\/div><\/div><\/div><\/div>\r\n<\/section>\r\n<section class=\"faq\">\r\n<div class=\"container-fluid\">\r\n<div class=\"container\">\r\n<div class=\"row\">\r\n<div class=\"col-12\">\r\n<div class=\"faq-content\">\r\n<div class=\"faq-text-block\">\r\n<p class=\"faq-text-top\">Vanliga fr\u00e5gor och svar<\/p>\r\n<p class=\"faq-text-title\">Beh\u00f6ver du mer information om UniqeCheck.com?<\/p>\r\n<p class=\"faq-text-subtitle\">Vi har granskat och besvarat de vanligaste fr\u00e5gorna som anv\u00e4ndare har om v\u00e5ra plagiatkontroll- och AI-analysverktyg.<\/p>\r\n<div class=\"different-question-block\"><img decoding=\"async\" alt=\"FAQ\" class=\"faq-icon\" src=\"\/wp-content\/themes\/main\/images\/faq-icon.svg\"\/>\r\n<p class=\"title\">Har du en annan fr\u00e5ga?<\/p>\r\n<p class=\"subtitle\">Kontakta v\u00e5rt supportteam om du inte hittar svaret du letar efter!<\/p><a class=\"contact-support-btn custom-btn cb-white\" href=\"\/contact-us\/\">Kontakta supportteamet<\/a><\/div><\/div>    <div class=\"faq-questions-block\">\n                <div class=\"faq-accordion\" id=\"faq_accordion\">\n                            <div class=\"faq-accordion-item item-1\">\n                    <button class=\"faq-accordion-question collapsed\" type=\"button\" data-bs-toggle=\"collapse\" data-bs-target=\"#faq_accordion_1\" aria-expanded=\"false\" aria-controls=\"faq_accordion_1\">Kan jag kontrollera om mitt text var genererad av AI?<\/button>\n                    <div id=\"faq_accordion_1\" class=\"faq-accordion-answer accordion-collapse collapse\" data-bs-parent=\"#faq_accordion\">\n                        <p class=\"answer-text\">Ja, vi \u00e4r en av de ledande tj\u00e4nsterna f\u00f6r att uppt\u00e4cka inneh\u00e5ll genererat av AI.<\/p>\n                    <\/div>\n                <\/div>\n                            <div class=\"faq-accordion-item item-2\">\n                    <button class=\"faq-accordion-question collapsed\" type=\"button\" data-bs-toggle=\"collapse\" data-bs-target=\"#faq_accordion_2\" aria-expanded=\"false\" aria-controls=\"faq_accordion_2\">\u00c4r resultaten exakta?<\/button>\n                    <div id=\"faq_accordion_2\" class=\"faq-accordion-answer accordion-collapse collapse\" data-bs-parent=\"#faq_accordion\">\n                        <p class=\"answer-text\">Absolut. V\u00e5rt verktyg levererar mycket exakta och p\u00e5litliga rapporter som ger f\u00f6rtroende f\u00f6r autenticiteten i ditt inneh\u00e5ll.<\/p>\n                    <\/div>\n                <\/div>\n                            <div class=\"faq-accordion-item item-3\">\n                    <button class=\"faq-accordion-question collapsed\" type=\"button\" data-bs-toggle=\"collapse\" data-bs-target=\"#faq_accordion_3\" aria-expanded=\"false\" aria-controls=\"faq_accordion_3\">Kan din verktyg integreras med andra system?<\/button>\n                    <div id=\"faq_accordion_3\" class=\"faq-accordion-answer accordion-collapse collapse\" data-bs-parent=\"#faq_accordion\">\n                        <p class=\"answer-text\">Ja, vi erbjuder API-integration f\u00f6r smidig anv\u00e4ndning med andra plattformar.<\/p>\n                    <\/div>\n                <\/div>\n                            <div class=\"faq-accordion-item item-4\">\n                    <button class=\"faq-accordion-question collapsed\" type=\"button\" data-bs-toggle=\"collapse\" data-bs-target=\"#faq_accordion_4\" aria-expanded=\"false\" aria-controls=\"faq_accordion_4\">\u00c4r min data och laddade upp texter s\u00e4kra?<\/button>\n                    <div id=\"faq_accordion_4\" class=\"faq-accordion-answer accordion-collapse collapse\" data-bs-parent=\"#faq_accordion\">\n                        <p class=\"answer-text\">Ja, vi prioriterar din integritet. V\u00e5r plattform samlar inte in eller lagrar dina data eller texter.<\/p>\n                    <\/div>\n                <\/div>\n                            <div class=\"faq-accordion-item item-5\">\n                    <button class=\"faq-accordion-question collapsed\" type=\"button\" data-bs-toggle=\"collapse\" data-bs-target=\"#faq_accordion_5\" aria-expanded=\"false\" aria-controls=\"faq_accordion_5\">Kan jag kontrollera dokument i olika format?<\/button>\n                    <div id=\"faq_accordion_5\" class=\"faq-accordion-answer accordion-collapse collapse\" data-bs-parent=\"#faq_accordion\">\n                        <p class=\"answer-text\">Ja, v\u00e5ra verktyg st\u00f6der olika format, inklusive PDF, Word, TXT och till och med text som klistras in direkt p\u00e5 plattformen.<\/p>\n                    <\/div>\n                <\/div>\n                            <div class=\"faq-accordion-item item-6\">\n                    <button class=\"faq-accordion-question collapsed\" type=\"button\" data-bs-toggle=\"collapse\" data-bs-target=\"#faq_accordion_6\" aria-expanded=\"false\" aria-controls=\"faq_accordion_6\">Kan jag anv\u00e4nda kontrollen p\u00e5 mobila enheter?<\/button>\n                    <div id=\"faq_accordion_6\" class=\"faq-accordion-answer accordion-collapse collapse\" data-bs-parent=\"#faq_accordion\">\n                        <p class=\"answer-text\">Ja, v\u00e5rt system \u00e4r optimerat f\u00f6r mobilanv\u00e4ndning och erbjuder bekv\u00e4mlighet och tillg\u00e4nglighet p\u00e5 spr\u00e5ng.<\/p>\n                    <\/div>\n                <\/div>\n                            <div class=\"faq-accordion-item item-7\">\n                    <button class=\"faq-accordion-question collapsed\" type=\"button\" data-bs-toggle=\"collapse\" data-bs-target=\"#faq_accordion_7\" aria-expanded=\"false\" aria-controls=\"faq_accordion_7\">St\u00f6der du flera spr\u00e5k?<\/button>\n                    <div id=\"faq_accordion_7\" class=\"faq-accordion-answer accordion-collapse collapse\" data-bs-parent=\"#faq_accordion\">\n                        <p class=\"answer-text\">Ja, v\u00e5rt verktyg \u00e4r utformat f\u00f6r att anpassa sig till anv\u00e4ndare fr\u00e5n hela v\u00e4rlden genom att st\u00f6dja olika spr\u00e5k.<\/p>\n                    <\/div>\n                <\/div>\n                            <div class=\"faq-accordion-item item-8\">\n                    <button class=\"faq-accordion-question collapsed\" type=\"button\" data-bs-toggle=\"collapse\" data-bs-target=\"#faq_accordion_8\" aria-expanded=\"false\" aria-controls=\"faq_accordion_8\">Hur l\u00e5ng tid tar det att kontrollera ett dokument?<\/button>\n                    <div id=\"faq_accordion_8\" class=\"faq-accordion-answer accordion-collapse collapse\" data-bs-parent=\"#faq_accordion\">\n                        <p class=\"answer-text\">Processen \u00e4r otroligt snabb med resultat som vanligtvis blir tillg\u00e4ngliga inom n\u00e5gra minuter.<\/p>\n                    <\/div>\n                <\/div>\n                            <div class=\"faq-accordion-item item-9\">\n                    <button class=\"faq-accordion-question collapsed\" type=\"button\" data-bs-toggle=\"collapse\" data-bs-target=\"#faq_accordion_9\" aria-expanded=\"false\" aria-controls=\"faq_accordion_9\">Kan jag kontrollera flera texter p\u00e5 en g\u00e5ng?<\/button>\n                    <div id=\"faq_accordion_9\" class=\"faq-accordion-answer accordion-collapse collapse\" data-bs-parent=\"#faq_accordion\">\n                        <p class=\"answer-text\">Ja, du kan ladda upp flera dokument samtidigt, vilket sparar tid och anstr\u00e4ngning.<\/p>\n                    <\/div>\n                <\/div>\n                            <div class=\"faq-accordion-item item-10\">\n                    <button class=\"faq-accordion-question collapsed\" type=\"button\" data-bs-toggle=\"collapse\" data-bs-target=\"#faq_accordion_10\" aria-expanded=\"false\" aria-controls=\"faq_accordion_10\">Uppdaterar du dina verktyg?<\/button>\n                    <div id=\"faq_accordion_10\" class=\"faq-accordion-answer accordion-collapse collapse\" data-bs-parent=\"#faq_accordion\">\n                        <p class=\"answer-text\">Ja, v\u00e5ra algoritmer f\u00f6rb\u00e4ttras kontinuerligt med regelbundna uppdateringar f\u00f6r att \u00f6ka prestanda och noggrannhet.<\/p>\n                    <\/div>\n                <\/div>\n                            <div class=\"faq-accordion-item item-11\">\n                    <button class=\"faq-accordion-question collapsed\" type=\"button\" data-bs-toggle=\"collapse\" data-bs-target=\"#faq_accordion_11\" aria-expanded=\"false\" aria-controls=\"faq_accordion_11\">Vilka k\u00e4llor analyserar ditt system?<\/button>\n                    <div id=\"faq_accordion_11\" class=\"faq-accordion-answer accordion-collapse collapse\" data-bs-parent=\"#faq_accordion\">\n                        <p class=\"answer-text\">Vi granskar akademiska publikationer, webbsidor och exklusiva databaser f\u00f6r att s\u00e4kerst\u00e4lla noggranna och korrekta resultat.<\/p>\n                    <\/div>\n                <\/div>\n                            <div class=\"faq-accordion-item item-12\">\n                    <button class=\"faq-accordion-question collapsed\" type=\"button\" data-bs-toggle=\"collapse\" data-bs-target=\"#faq_accordion_12\" aria-expanded=\"false\" aria-controls=\"faq_accordion_12\">Finns det en storleksgr\u00e4ns f\u00f6r dokument?<\/button>\n                    <div id=\"faq_accordion_12\" class=\"faq-accordion-answer accordion-collapse collapse\" data-bs-parent=\"#faq_accordion\">\n                        <p class=\"answer-text\">Nej, v\u00e5r verktyg kan hantera b\u00e5de sm\u00e5 texter och st\u00f6rre dokument utan begr\u00e4nsningar.<\/p>\n                    <\/div>\n                <\/div>\n                            <div class=\"faq-accordion-item item-13\">\n                    <button class=\"faq-accordion-question collapsed\" type=\"button\" data-bs-toggle=\"collapse\" data-bs-target=\"#faq_accordion_13\" aria-expanded=\"false\" aria-controls=\"faq_accordion_13\">Finns det ett gratis prov?<\/button>\n                    <div id=\"faq_accordion_13\" class=\"faq-accordion-answer accordion-collapse collapse\" data-bs-parent=\"#faq_accordion\">\n                        <p class=\"answer-text\">Ja, vi erbjuder en gratis provperiod f\u00f6r anv\u00e4ndare som vill utforska v\u00e5r plattform och dess funktioner.<\/p>\n                    <\/div>\n                <\/div>\n                    <\/div>\n    <\/div>\n    <\/div><\/div>\r\n<\/div>\r\n<\/div>\r\n<\/div>\r\n<\/section>","protected":false,"raw":"<section class=\"pricing-page-main-block\">\r\n<div class=\"container-fluid\">\r\n<div class=\"container\">\r\n<div class=\"row\">\r\n<div class=\"col-12\">\r\n<div class=\"pricing-main-block-content\">\r\n<div class=\"ps-widget-container\" data-ps-widget-name=\"Prices\" data-ps-widget-options=\"{}\">\r\n<p class=\"top-text\">V\u00e4lj dina priss\u00e4ttningsalternativ<\/p>\r\n<h1 class=\"page-title\">Inga dolda avgifter f\u00f6r exakt plagiat- och AI-detektion<\/h1>\r\n<div class=\"pricing-block\">\r\n<div class=\"pricing-plan-duration\"><button class=\"pricing-plan-duration-item one-time active\" type=\"button\">En g\u00e5ng<\/button><button class=\"pricing-plan-duration-item monthly\" type=\"button\">M\u00e5nadsvis<\/button><button class=\"pricing-plan-duration-item 3-months\" type=\"button\">3 M\u00e5nader<\/button><button class=\"pricing-plan-duration-item yearly\" type=\"button\">Eviga<\/button><\/div>\r\n<div class=\"pricing-plan-items-wrapper\">\r\n<div class=\"pricing-plan-items\">\r\n<div class=\"pricing-plan-item light\">\r\n<div class=\"item-header\"><span class=\"plan-title\">Ljus<\/span><div class=\"plan-price-per-word\">\r\n<p class=\"price\"><span class=\"value\">$0.23<\/span> per<\/p>\r\n<p class=\"words-count\">1000 ord<\/p><\/div><\/div>\r\n<div class=\"item-main\">\r\n<span class=\"save-up-to-label\">Spara upp till <span class=\"value\">30%<\/span><\/span><p class=\"plan-price\"><span class=\"value\">$22.95<\/span> \/ <span class=\"duration\">M\u00e5nad<\/span><\/p><a class=\"get-started-btn\" href=\"#\">B\u00f6rja nu<\/a><label class=\"custom-checkbox-label recurring-payments\" for=\"recurring_payments_light\"><span class=\"custom-checkbox\"><\/span><span class=\"custom-checkbox-title\">\u00c5terkommande betalningar<\/span> <input checked=\"\" id=\"recurring_payments_light\" name=\"recurring-payments-light\" type=\"checkbox\"\/><\/label><span class=\"sep\"><\/span><\/div>\r\n<div class=\"item-footer\">\r\n<ul>\r\n<li class=\"available\"><span class=\"highlighted\">1<\/span> Plagiatins\u00e4ndning *<\/li>\r\n<li class=\"available\"><span class=\"highlighted\">1<\/span> AI-ins\u00e4ndning *<\/li>\r\n<li class=\"available\"><span class=\"highlighted\">Ogr\u00e4nsat<\/span> Tidsram (dagar)<\/li>\r\n<li class=\"unavailable\"><span class=\"highlighted\">365<\/span> Tidsram (dagar)<\/li>\r\n<li class=\"unavailable\">S\u00f6k efter AI-text<\/li><\/ul><\/div><\/div>\r\n<div class=\"pricing-plan-item standatd selected\">\r\n<div class=\"item-header\"><span class=\"plan-title\">Standar<\/span>\r\n<div class=\"plan-price-per-word\">\r\n<p class=\"price\"><span class=\"value\">$0.12<\/span> per<\/p>\r\n<p class=\"words-count\">1000 words<\/p><\/div><\/div>\r\n<div class=\"item-main\">\r\n<span class=\"save-up-to-label\">Spar upp till <span class=\"value\">30%<\/span><\/span>\r\n<p class=\"plan-price\"><span class=\"value\">$34.95<\/span> \/ <span class=\"duration\">M\u00e5nad<\/span><\/p><a class=\"get-started-btn\" href=\"#\">Starta<\/a><label class=\"custom-checkbox-label recurring-payments\" for=\"recurring_payments_standatd\"><span class=\"custom-checkbox\"><\/span><span class=\"custom-checkbox-title\">\u00c5terkommande betalningar<\/span><input checked=\"\" id=\"recurring_payments_standatd\" name=\"recurring-payments-standatd\" type=\"checkbox\"\/><\/label><span class=\"sep\"><\/span><\/div>\r\n<div class=\"item-footer\">\r\n<ul>\r\n<li class=\"available\"><span class=\"highlighted\">1<\/span> Plagiatsskanning *<\/li>\r\n<li class=\"available\"><span class=\"highlighted\">1<\/span> AI-inskickning *<\/li>\r\n<li class=\"available\"><span class=\"highlighted\">O\u00e4ndligt<\/span> Tidsram (dagar)<\/li>\r\n<li class=\"unavailable\"><span class=\"highlighted\">365<\/span> Tidsram (dagar)<\/li>\r\n<li class=\"unavailable\">S\u00f6k efter AI-text<\/li><\/ul><\/div><\/div>\r\n<div class=\"pricing-plan-item premium\">\r\n<div class=\"item-header\">\r\n<span class=\"plan-title\">Premium<\/span>\r\n<div class=\"plan-price-per-word\">\r\n<p class=\"price\"><span class=\"value\">$0.09<\/span> per<\/p>\r\n<p class=\"words-count\">1000 words<\/p>\r\n<\/div>\r\n<\/div>\r\n<div class=\"item-main\"><span class=\"save-up-to-label\">Save up to <span class=\"value\">30%<\/span><\/span><p class=\"plan-price\"><span class=\"value\">$54.95<\/span> \/ <span class=\"duration\">Month<\/span><\/p><a class=\"get-started-btn\" href=\"#\">Get Started<\/a><label class=\"custom-checkbox-label recurring-payments\" for=\"recurring_payments_premium\"><span class=\"custom-checkbox\"><\/span> <span class=\"custom-checkbox-title\">Recurring payments<\/span><input checked=\"\" id=\"recurring_payments_premium\" name=\"recurring-payments-premium\" type=\"checkbox\"\/><\/label> <span class=\"sep\"><\/span><\/div>\r\n<div class=\"item-footer\">\r\n<ul>\r\n<li class=\"available\"><span class=\"highlighted\">1<\/span> Plagiarism submission *<\/li>\r\n<li class=\"available\"><span class=\"highlighted\">1<\/span> AI submission *<\/li>\r\n<li class=\"available\"><span class=\"highlighted\">Unlimited<\/span> Time frame (days)<\/li>\r\n<li class=\"unavailable\"><span class=\"highlighted\">365<\/span> Time frame (days)<\/li>\r\n<li class=\"unavailable\">Search for AI text<\/li><\/ul><\/div><\/div><\/div><\/div><\/div><\/div><\/div><\/div><\/div><\/div><\/div>\r\n<\/section>\r\n<section class=\"faq\">\r\n<div class=\"container-fluid\">\r\n<div class=\"container\">\r\n<div class=\"row\">\r\n<div class=\"col-12\">\r\n<div class=\"faq-content\">\r\n<div class=\"faq-text-block\">\r\n<p class=\"faq-text-top\">Vanliga fr\u00e5gor och svar<\/p>\r\n<p class=\"faq-text-title\">Beh\u00f6ver du mer information om UniqeCheck.com?<\/p>\r\n<p class=\"faq-text-subtitle\">Vi har granskat och besvarat de vanligaste fr\u00e5gorna som anv\u00e4ndare har om v\u00e5ra plagiatkontroll- och AI-analysverktyg.<\/p>\r\n<div class=\"different-question-block\"><img alt=\"FAQ\" class=\"faq-icon\" src=\"\/wp-content\/themes\/main\/images\/faq-icon.svg\"\/>\r\n<p class=\"title\">Har du en annan fr\u00e5ga?<\/p>\r\n<p class=\"subtitle\">Kontakta v\u00e5rt supportteam om du inte hittar svaret du letar efter!<\/p><a class=\"contact-support-btn custom-btn cb-white\" href=\"\/contact-us\/\">Kontakta supportteamet<\/a><\/div><\/div>[faq_questions]<\/div><\/div>\r\n<\/div>\r\n<\/div>\r\n<\/div>\r\n<\/section>"},"excerpt":{"rendered":"V\u00e4lj dina priss\u00e4ttningsalternativ\nInga dolda avgifter f\u00f6r exakt plagiat- och AI-detektion\nEn g\u00e5ng\/M\u00e5nadsvis\/3 M\u00e5nader\/Eviga\nL\u00e4tt $0,23 per 1000 ord Spar upp till 30%\n$22,95 \/ m\u00e5nadKom ig\u00e5ngMed \u00e5terkommande betalningar 1 Plagiatins\u00e4ndning * 1 AI-ins\u00e4ndning * Obegr\u00e4nsad Tidsram (dagar) 365 Tidsram (dagar) S\u00f6k efter AI-text\nStandard $0,12 per 1000 ord Spar.","protected":false,"raw":"V\u00e4lj dina priss\u00e4ttningsalternativ\nInga dolda avgifter f\u00f6r exakt plagiat- och AI-detektion\nEn g\u00e5ng\/M\u00e5nadsvis\/3 M\u00e5nader\/Eviga\nL\u00e4tt $0,23 per 1000 ord Spar upp till 30%\n$22,95 \/ m\u00e5nadKom ig\u00e5ngMed \u00e5terkommande betalningar 1 Plagiatins\u00e4ndning * 1 AI-ins\u00e4ndning * Obegr\u00e4nsad Tidsram (dagar) 365 Tidsram (dagar) S\u00f6k efter AI-text\nStandard $0,12 per 1000 ord Spar."},"author":1,"featured_media":0,"parent":0,"menu_order":0,"comment_status":"closed","ping_status":"closed","template":"tpl-landing.php","meta":{"_aioseo_title":null,"_aioseo_description":null,"_locale":"sv_SE","_original_post":"https:\/\/uniqecheck.com\/?page_id=10","footnotes":""},"class_list":["post-272","page","type-page","status-publish","hentry","sv-SE"],"aioseo_notices":[],"_links":{"self":[{"href":"https:\/\/uniqecheck.com\/wp-json\/wp\/v2\/pages\/272","targetHints":{"allow":["GET"]}}],"collection":[{"href":"https:\/\/uniqecheck.com\/wp-json\/wp\/v2\/pages"}],"about":[{"href":"https:\/\/uniqecheck.com\/wp-json\/wp\/v2\/types\/page"}],"author":[{"embeddable":true,"href":"https:\/\/uniqecheck.com\/wp-json\/wp\/v2\/users\/1"}],"replies":[{"embeddable":true,"href":"https:\/\/uniqecheck.com\/wp-json\/wp\/v2\/comments?post=272"}],"version-history":[{"count":4,"href":"https:\/\/uniqecheck.com\/wp-json\/wp\/v2\/pages\/272\/revisions"}],"predecessor-version":[{"id":780,"href":"https:\/\/uniqecheck.com\/wp-json\/wp\/v2\/pages\/272\/revisions\/780"}],"wp:attachment":[{"href":"https:\/\/uniqecheck.com\/wp-json\/wp\/v2\/media?parent=272"}],"curies":[{"name":"wp","href":"https:\/\/api.w.org\/{rel}","templated":true}]}}