{"id":342,"date":"2025-04-03T20:25:58","date_gmt":"2025-04-03T20:25:58","guid":{"rendered":"https:\/\/uniqecheck.com\/?page_id=342","raw":"https:\/\/uniqecheck.com\/?page_id=342"},"modified":"2025-07-17T20:54:02","modified_gmt":"2025-07-17T20:54:02","slug":"home","status":"publish","type":"page","link":"https:\/\/uniqecheck.com\/","title":{"rendered":"Acas\u0103","raw":"Acas\u0103"},"content":{"rendered":"","protected":false,"raw":""},"excerpt":{"rendered":"","protected":false,"raw":""},"author":1,"featured_media":0,"parent":0,"menu_order":0,"comment_status":"closed","ping_status":"closed","template":"","meta":{"_aioseo_title":"Verificator de con\u021binut unic pentru toate nevoile tale","_aioseo_description":"Descoper\u0103 cel mai de \u00eencredere instrument de verificare a originalit\u0103\u021bii textului pentru a te asigura c\u0103 materialul t\u0103u este original \u0219i f\u0103r\u0103 plagiat. Perfect pentru studen\u021bi, scriitori \u0219i profesioni\u0219ti.","_locale":"ro_RO","_original_post":"https:\/\/uniqecheck.com\/?page_id=24","footnotes":""},"class_list":["post-342","page","type-page","status-publish","hentry","ro-RO"],"aioseo_notices":[],"_links":{"self":[{"href":"https:\/\/uniqecheck.com\/wp-json\/wp\/v2\/pages\/342","targetHints":{"allow":["GET"]}}],"collection":[{"href":"https:\/\/uniqecheck.com\/wp-json\/wp\/v2\/pages"}],"about":[{"href":"https:\/\/uniqecheck.com\/wp-json\/wp\/v2\/types\/page"}],"author":[{"embeddable":true,"href":"https:\/\/uniqecheck.com\/wp-json\/wp\/v2\/users\/1"}],"replies":[{"embeddable":true,"href":"https:\/\/uniqecheck.com\/wp-json\/wp\/v2\/comments?post=342"}],"version-history":[{"count":1,"href":"https:\/\/uniqecheck.com\/wp-json\/wp\/v2\/pages\/342\/revisions"}],"predecessor-version":[{"id":343,"href":"https:\/\/uniqecheck.com\/wp-json\/wp\/v2\/pages\/342\/revisions\/343"}],"wp:attachment":[{"href":"https:\/\/uniqecheck.com\/wp-json\/wp\/v2\/media?parent=342"}],"curies":[{"name":"wp","href":"https:\/\/api.w.org\/{rel}","templated":true}]}}