{"id":270,"date":"2025-04-03T20:35:08","date_gmt":"2025-04-03T20:35:08","guid":{"rendered":"https:\/\/uniqecheck.com\/?page_id=270","raw":"https:\/\/uniqecheck.com\/?page_id=270"},"modified":"2025-07-22T12:49:32","modified_gmt":"2025-07-22T12:49:32","slug":"pricing","status":"publish","type":"page","link":"https:\/\/uniqecheck.com\/ro\/pricing\/","title":{"rendered":"Pre\u021buri","raw":"Pre\u021buri"},"content":{"rendered":"<section class=\"pricing-page-main-block\">\r\n<div class=\"container-fluid\">\r\n<div class=\"container\">\r\n<div class=\"row\">\r\n<div class=\"col-12\">\r\n<div class=\"pricing-main-block-content\">\r\n<div class=\"ps-widget-container\" data-ps-widget-name=\"Prices\" data-ps-widget-options=\"{}\">\r\n<p class=\"top-text\">Selecta\u021bi Op\u021biunile de Pre\u021b<\/p>\r\n<h1 class=\"page-title\">F\u0103r\u0103 costuri ascunse pentru detectarea corect\u0103 a plagiului \u0219i AI \u2013 detectare<\/h1>\r\n<div class=\"pricing-block\">\r\n<div class=\"pricing-plan-duration\">\r\n<button class=\"pricing-plan-duration-item one-time active\" type=\"button\">Una dat\u0103<\/button>\r\n<button class=\"pricing-plan-duration-item monthly\" type=\"button\">Mesean<\/button>\r\n<button class=\"pricing-plan-duration-item 3-months\" type=\"button\">3 Luni<\/button>\r\n<button class=\"pricing-plan-duration-item yearly\" type=\"button\">Anual<\/button>\r\n<\/div>\r\n<div class=\"pricing-plan-items-wrapper\">\r\n<div class=\"pricing-plan-items\">\r\n<div class=\"pricing-plan-item light\">\r\n<div class=\"item-header\"><span class=\"plan-title\">Light<\/span><div class=\"plan-price-per-word\">\r\n<p class=\"price\"><span class=\"value\">$0.23<\/span> per<\/p>\r\n<p class=\"words-count\">1000 words<\/p><\/div><\/div>\r\n<div class=\"item-main\">\r\n<span class=\"save-up-to-label\">Economis\u0103 p\u00e2n\u0103 la <span class=\"value\">30%<\/span><\/span><p class=\"plan-price\"><span class=\"value\">$22.95<\/span> \/ <span class=\"duration\">Lun\u0103<\/span><\/p><a class=\"get-started-btn\" href=\"#\">\u00cencepe acum<\/a><label class=\"custom-checkbox-label recurring-payments\" for=\"recurring_payments_light\"><span class=\"custom-checkbox\"><\/span><span class=\"custom-checkbox-title\">Pl\u0103\u021bi periodice<\/span> <input checked=\"\" id=\"recurring_payments_light\" name=\"recurring-payments-light\" type=\"checkbox\"\/><\/label><span class=\"sep\"><\/span><\/div>\r\n<div class=\"item-footer\">\r\n<ul>\r\n<li class=\"available\"><span class=\"highlighted\">1<\/span> \u00cenc\u0103rcare de plagiat *<\/li>\r\n<li class=\"available\"><span class=\"highlighted\">1<\/span> \u00cenc\u0103rcare AI *<\/li>\r\n<li class=\"available\"><span class=\"highlighted\">Ne\u00eencheiate<\/span> Cadru temporal (zile)<\/li>\r\n<li class=\"unavailable\"><span class=\"highlighted\">365<\/span> Cadru temporal (zile)<\/li>\r\n<li class=\"unavailable\">Caut\u0103 text AI<\/li><\/ul><\/div><\/div>\r\n<div class=\"pricing-plan-item standatd selected\">\r\n<div class=\"item-header\"><span class=\"plan-title\">Standart<\/span>\r\n<div class=\"plan-price-per-word\">\r\n<p class=\"price\"><span class=\"value\">$0.12<\/span> per<\/p>\r\n<p class=\"words-count\">1000 words<\/p><\/div><\/div>\r\n<div class=\"item-main\">\r\n<span class=\"save-up-to-label\">Economiseaz\u0103 p\u00e2n\u0103 la <span class=\"value\">30%<\/span><\/span>\r\n<p class=\"plan-price\"><span class=\"value\">$34.95<\/span> \/ <span class=\"duration\">Lun\u0103<\/span><\/p><a class=\"get-started-btn\" href=\"#\">\u00cencepe acum<\/a><label class=\"custom-checkbox-label recurring-payments\" for=\"recurring_payments_standatd\"><span class=\"custom-checkbox\"><\/span><span class=\"custom-checkbox-title\">Pl\u0103\u021bi recurente<\/span><input checked=\"\" id=\"recurring_payments_standatd\" name=\"recurring-payments-standatd\" type=\"checkbox\"\/><\/label><span class=\"sep\"><\/span><\/div>\r\n<div class=\"item-footer\">\r\n<ul>\r\n<li class=\"available\"><span class=\"highlighted\">1<\/span> \u00cendrumare originalitate *<\/li>\r\n<li class=\"available\"><span class=\"highlighted\">1<\/span> \u00cendrumare IA *<\/li>\r\n<li class=\"available\"><span class=\"highlighted\">Ne\u00eengr\u0103dit<\/span> Termen (zile)<\/li>\r\n<li class=\"unavailable\"><span class=\"highlighted\">365<\/span> Termen (zile)<\/li>\r\n<li class=\"unavailable\">Caut\u0103 text AI<\/li><\/ul><\/div><\/div>\r\n<div class=\"pricing-plan-item premium\">\r\n<div class=\"item-header\">\r\n<span class=\"plan-title\">Premiu<\/span>\r\n<div class=\"plan-price-per-word\">\r\n<p class=\"price\"><span class=\"value\">$0.09<\/span> pe<\/p>\r\n<p class=\"words-count\">1000 de cuvinte<\/p>\r\n<\/div>\r\n<\/div>\r\n<div class=\"item-main\"><span class=\"save-up-to-label\">Economiseste p\u00e2n\u0103 la <span class=\"value\">30%<\/span><\/span><p class=\"plan-price\"><span class=\"value\">$54.95<\/span> \/ <span class=\"duration\">Lun\u0103<\/span><\/p><a class=\"get-started-btn\" href=\"#\">\u00cencepe acum<\/a><label class=\"custom-checkbox-label recurring-payments\" for=\"recurring_payments_premium\"><span class=\"custom-checkbox\"><\/span> <span class=\"custom-checkbox-title\">Pl\u0103\u021bi regulate<\/span><input checked=\"\" id=\"recurring_payments_premium\" name=\"recurring-payments-premium\" type=\"checkbox\"\/><\/label> <span class=\"sep\"><\/span><\/div>\r\n<div class=\"item-footer\">\r\n<ul>\r\n<li class=\"available\"><span class=\"highlighted\">1<\/span> Depunere de plagiat *<\/li>\r\n<li class=\"available\"><span class=\"highlighted\">1<\/span> Depunere AI *<\/li>\r\n<li class=\"available\"><span class=\"highlighted\">Nefiin\u021bat<\/span> Cadru (zile)<\/li>\r\n<li class=\"unavailable\"><span class=\"highlighted\">365<\/span> Cadru (zile)<\/li>\r\n<li class=\"unavailable\">Caut\u0103 text AI<\/li><\/ul><\/div><\/div><\/div><\/div><\/div><\/div><\/div><\/div><\/div><\/div><\/div>\r\n<\/section>\r\n<section class=\"faq\">\r\n<div class=\"container-fluid\">\r\n<div class=\"container\">\r\n<div class=\"row\">\r\n<div class=\"col-12\">\r\n<div class=\"faq-content\">\r\n<div class=\"faq-text-block\">\r\n<p class=\"faq-text-top\">\u00centreb\u0103ri frecvente<\/p>\r\n<p class=\"faq-text-title\">Ai nevoie de mai multe informa\u021bii despre UniqeCheck.com?<\/p>\r\n<p class=\"faq-text-subtitle\">Am revizuit \u0219i abordat cele mai comune \u00eentreb\u0103ri pe care le au utilizatorii no\u0219tri \u00een leg\u0103tur\u0103 cu instrumentele noastre pentru detectarea plagiatului \u0219i analiza AI.<\/p>\r\n<div class=\"different-question-block\"><img decoding=\"async\" alt=\"FAQ\" class=\"faq-icon\" src=\"\/wp-content\/themes\/main\/images\/faq-icon.svg\"\/>\r\n<p class=\"title\">Ai o \u00eentrebare diferit\u0103?<\/p>\r\n<p class=\"subtitle\">Contacteaz\u0103 echipa noastr\u0103 de suport dac\u0103 nu g\u00e2nde\u0219ti c\u0103 ai g\u0103sit r\u0103spunsul dorit!<\/p><a class=\"contact-support-btn custom-btn cb-white\" href=\"\/faq\">Contacteaz\u0103 echipa de suport<\/a><\/div><\/div>    <div class=\"faq-questions-block\">\n                <div class=\"faq-accordion\" id=\"faq_accordion\">\n                            <div class=\"faq-accordion-item item-1\">\n                    <button class=\"faq-accordion-question collapsed\" type=\"button\" data-bs-toggle=\"collapse\" data-bs-target=\"#faq_accordion_1\" aria-expanded=\"false\" aria-controls=\"faq_accordion_1\">Po\u021bi verifica dac\u0103 textul t\u0103u a fost generat de un A.I.?<\/button>\n                    <div id=\"faq_accordion_1\" class=\"faq-accordion-answer accordion-collapse collapse\" data-bs-parent=\"#faq_accordion\">\n                        <p class=\"answer-text\">Da, suntem una dintre cele mai importante servicii pentru detectarea con\u021binutului generat de inteligen\u021b\u0103 artificial\u0103.<\/p>\n                    <\/div>\n                <\/div>\n                            <div class=\"faq-accordion-item item-2\">\n                    <button class=\"faq-accordion-question collapsed\" type=\"button\" data-bs-toggle=\"collapse\" data-bs-target=\"#faq_accordion_2\" aria-expanded=\"false\" aria-controls=\"faq_accordion_2\">Rezultatele sunt corecte?<\/button>\n                    <div id=\"faq_accordion_2\" class=\"faq-accordion-answer accordion-collapse collapse\" data-bs-parent=\"#faq_accordion\">\n                        <p class=\"answer-text\">Desigur. Instrumentul nostru furnizeaz\u0103 rapoarte foarte exacte \u0219i de \u00eencredere, asigur\u00e2nd confiden\u021bialitatea autenticit\u0103\u021bii con\u021binutului t\u0103u.<\/p>\n                    <\/div>\n                <\/div>\n                            <div class=\"faq-accordion-item item-3\">\n                    <button class=\"faq-accordion-question collapsed\" type=\"button\" data-bs-toggle=\"collapse\" data-bs-target=\"#faq_accordion_3\" aria-expanded=\"false\" aria-controls=\"faq_accordion_3\">Instrumentul t\u0103u poate integra cu alte sisteme?<\/button>\n                    <div id=\"faq_accordion_3\" class=\"faq-accordion-answer accordion-collapse collapse\" data-bs-parent=\"#faq_accordion\">\n                        <p class=\"answer-text\">Da, oferim integrarea prin API pentru o utilizare neted\u0103 cu alte platforme.<\/p>\n                    <\/div>\n                <\/div>\n                            <div class=\"faq-accordion-item item-4\">\n                    <button class=\"faq-accordion-question collapsed\" type=\"button\" data-bs-toggle=\"collapse\" data-bs-target=\"#faq_accordion_4\" aria-expanded=\"false\" aria-controls=\"faq_accordion_4\">Sunt sigur datele mele \u0219i textele \u00eenc\u0103rcate?<\/button>\n                    <div id=\"faq_accordion_4\" class=\"faq-accordion-answer accordion-collapse collapse\" data-bs-parent=\"#faq_accordion\">\n                        <p class=\"answer-text\">Da, privim \u00eenainte de toate la confiden\u021bialitatea dumneavoastr\u0103. Platforma noastr\u0103 nu colecteaz\u0103 sau stocheaz\u0103 datele sau textele dumneavoastr\u0103.<\/p>\n                    <\/div>\n                <\/div>\n                            <div class=\"faq-accordion-item item-5\">\n                    <button class=\"faq-accordion-question collapsed\" type=\"button\" data-bs-toggle=\"collapse\" data-bs-target=\"#faq_accordion_5\" aria-expanded=\"false\" aria-controls=\"faq_accordion_5\">Pot s\u0103 verific documente \u00een diferite formate?<\/button>\n                    <div id=\"faq_accordion_5\" class=\"faq-accordion-answer accordion-collapse collapse\" data-bs-parent=\"#faq_accordion\">\n                        <p class=\"answer-text\">Da, instrumentele noastre sus\u021bin diverse formate, incluz\u00e2nd PDF, Word, TXT \u0219i chiar texte copiate direct \u00een platform\u0103.<\/p>\n                    <\/div>\n                <\/div>\n                            <div class=\"faq-accordion-item item-6\">\n                    <button class=\"faq-accordion-question collapsed\" type=\"button\" data-bs-toggle=\"collapse\" data-bs-target=\"#faq_accordion_6\" aria-expanded=\"false\" aria-controls=\"faq_accordion_6\">Po\u021bi folosi verificatorul pe dispozitive mobile?<\/button>\n                    <div id=\"faq_accordion_6\" class=\"faq-accordion-answer accordion-collapse collapse\" data-bs-parent=\"#faq_accordion\">\n                        <p class=\"answer-text\">Da, sistemul nostru este optimizat pentru utilizarea mobil\u0103, oferind convenien\u021b\u0103 \u0219i accesibilitate pe parcursul zilei.<\/p>\n                    <\/div>\n                <\/div>\n                            <div class=\"faq-accordion-item item-7\">\n                    <button class=\"faq-accordion-question collapsed\" type=\"button\" data-bs-toggle=\"collapse\" data-bs-target=\"#faq_accordion_7\" aria-expanded=\"false\" aria-controls=\"faq_accordion_7\">Suporta\u021bi mai multe limbi?<\/button>\n                    <div id=\"faq_accordion_7\" class=\"faq-accordion-answer accordion-collapse collapse\" data-bs-parent=\"#faq_accordion\">\n                        <p class=\"answer-text\">Da, instrumentul nostru este conceput pentru a acorda sprijin utilizatorilor din \u00eentreaga lume prin suportarea unor limbi variate.<\/p>\n                    <\/div>\n                <\/div>\n                            <div class=\"faq-accordion-item item-8\">\n                    <button class=\"faq-accordion-question collapsed\" type=\"button\" data-bs-toggle=\"collapse\" data-bs-target=\"#faq_accordion_8\" aria-expanded=\"false\" aria-controls=\"faq_accordion_8\">\u00cen ce timp se controleaz\u0103 un document?<\/button>\n                    <div id=\"faq_accordion_8\" class=\"faq-accordion-answer accordion-collapse collapse\" data-bs-parent=\"#faq_accordion\">\n                        <p class=\"answer-text\">Procesul este extrem de rapid, rezultatele fiind de obicei disponibile \u00een c\u00e2teva minute.<\/p>\n                    <\/div>\n                <\/div>\n                            <div class=\"faq-accordion-item item-9\">\n                    <button class=\"faq-accordion-question collapsed\" type=\"button\" data-bs-toggle=\"collapse\" data-bs-target=\"#faq_accordion_9\" aria-expanded=\"false\" aria-controls=\"faq_accordion_9\">Pot s\u0103 verific mai multe texte \u00een acela\u0219i timp?<\/button>\n                    <div id=\"faq_accordion_9\" class=\"faq-accordion-answer accordion-collapse collapse\" data-bs-parent=\"#faq_accordion\">\n                        <p class=\"answer-text\">Da, po\u021bi \u00eenc\u0103rca simultan mai multe documente, economisind timp \u0219i efort.<\/p>\n                    <\/div>\n                <\/div>\n                            <div class=\"faq-accordion-item item-10\">\n                    <button class=\"faq-accordion-question collapsed\" type=\"button\" data-bs-toggle=\"collapse\" data-bs-target=\"#faq_accordion_10\" aria-expanded=\"false\" aria-controls=\"faq_accordion_10\">Actualizezi instrumentele tale?<\/button>\n                    <div id=\"faq_accordion_10\" class=\"faq-accordion-answer accordion-collapse collapse\" data-bs-parent=\"#faq_accordion\">\n                        <p class=\"answer-text\">Da, algoritmii no\u0219tri sunt continuu \u00eembun\u0103t\u0103\u021bite cu actualiz\u0103rile regulate pentru a \u00eembun\u0103t\u0103\u021bi performan\u021ba \u0219i precizia.<\/p>\n                    <\/div>\n                <\/div>\n                            <div class=\"faq-accordion-item item-11\">\n                    <button class=\"faq-accordion-question collapsed\" type=\"button\" data-bs-toggle=\"collapse\" data-bs-target=\"#faq_accordion_11\" aria-expanded=\"false\" aria-controls=\"faq_accordion_11\">Ce surse analizeaz\u0103 sistemul t\u0103u?<\/button>\n                    <div id=\"faq_accordion_11\" class=\"faq-accordion-answer accordion-collapse collapse\" data-bs-parent=\"#faq_accordion\">\n                        <p class=\"answer-text\">Revizuim publica\u021biile academice, paginile web \u0219i bazele de date exclusive pentru a asigura rezultate complete \u0219i precise.<\/p>\n                    <\/div>\n                <\/div>\n                            <div class=\"faq-accordion-item item-12\">\n                    <button class=\"faq-accordion-question collapsed\" type=\"button\" data-bs-toggle=\"collapse\" data-bs-target=\"#faq_accordion_12\" aria-expanded=\"false\" aria-controls=\"faq_accordion_12\">Exist\u0103 un limit\u0103 de dimensiune pentru documente?<\/button>\n                    <div id=\"faq_accordion_12\" class=\"faq-accordion-answer accordion-collapse collapse\" data-bs-parent=\"#faq_accordion\">\n                        <p class=\"answer-text\">Nu, instrumentul nostru poate gestiona at\u00e2t texte mici, c\u00e2t \u0219i documente mai mari f\u0103r\u0103 restric\u021bii.<\/p>\n                    <\/div>\n                <\/div>\n                            <div class=\"faq-accordion-item item-13\">\n                    <button class=\"faq-accordion-question collapsed\" type=\"button\" data-bs-toggle=\"collapse\" data-bs-target=\"#faq_accordion_13\" aria-expanded=\"false\" aria-controls=\"faq_accordion_13\">Exist\u0103 o perioad\u0103 de \u00eencercare gratuit\u0103 disponibil\u0103?<\/button>\n                    <div id=\"faq_accordion_13\" class=\"faq-accordion-answer accordion-collapse collapse\" data-bs-parent=\"#faq_accordion\">\n                        <p class=\"answer-text\">Da, oferim un perioad\u0103 de \u00eencercare gratuit\u0103 pentru utilizatori care doresc s\u0103 exploreze platforma \u0219i func\u021biile sale.<\/p>\n                    <\/div>\n                <\/div>\n                    <\/div>\n    <\/div>\n    <\/div><\/div><\/div><\/div>\r\n<\/div>\r\n<\/section>","protected":false,"raw":"<section class=\"pricing-page-main-block\">\r\n<div class=\"container-fluid\">\r\n<div class=\"container\">\r\n<div class=\"row\">\r\n<div class=\"col-12\">\r\n<div class=\"pricing-main-block-content\">\r\n<div class=\"ps-widget-container\" data-ps-widget-name=\"Prices\" data-ps-widget-options=\"{}\">\r\n<p class=\"top-text\">Selecta\u021bi Op\u021biunile de Pre\u021b<\/p>\r\n<h1 class=\"page-title\">F\u0103r\u0103 costuri ascunse pentru detectarea corect\u0103 a plagiului \u0219i AI \u2013 detectare<\/h1>\r\n<div class=\"pricing-block\">\r\n<div class=\"pricing-plan-duration\">\r\n<button class=\"pricing-plan-duration-item one-time active\" type=\"button\">Una dat\u0103<\/button>\r\n<button class=\"pricing-plan-duration-item monthly\" type=\"button\">Mesean<\/button>\r\n<button class=\"pricing-plan-duration-item 3-months\" type=\"button\">3 Luni<\/button>\r\n<button class=\"pricing-plan-duration-item yearly\" type=\"button\">Anual<\/button>\r\n<\/div>\r\n<div class=\"pricing-plan-items-wrapper\">\r\n<div class=\"pricing-plan-items\">\r\n<div class=\"pricing-plan-item light\">\r\n<div class=\"item-header\"><span class=\"plan-title\">Light<\/span><div class=\"plan-price-per-word\">\r\n<p class=\"price\"><span class=\"value\">$0.23<\/span> per<\/p>\r\n<p class=\"words-count\">1000 words<\/p><\/div><\/div>\r\n<div class=\"item-main\">\r\n<span class=\"save-up-to-label\">Economis\u0103 p\u00e2n\u0103 la <span class=\"value\">30%<\/span><\/span><p class=\"plan-price\"><span class=\"value\">$22.95<\/span> \/ <span class=\"duration\">Lun\u0103<\/span><\/p><a class=\"get-started-btn\" href=\"#\">\u00cencepe acum<\/a><label class=\"custom-checkbox-label recurring-payments\" for=\"recurring_payments_light\"><span class=\"custom-checkbox\"><\/span><span class=\"custom-checkbox-title\">Pl\u0103\u021bi periodice<\/span> <input checked=\"\" id=\"recurring_payments_light\" name=\"recurring-payments-light\" type=\"checkbox\"\/><\/label><span class=\"sep\"><\/span><\/div>\r\n<div class=\"item-footer\">\r\n<ul>\r\n<li class=\"available\"><span class=\"highlighted\">1<\/span> \u00cenc\u0103rcare de plagiat *<\/li>\r\n<li class=\"available\"><span class=\"highlighted\">1<\/span> \u00cenc\u0103rcare AI *<\/li>\r\n<li class=\"available\"><span class=\"highlighted\">Ne\u00eencheiate<\/span> Cadru temporal (zile)<\/li>\r\n<li class=\"unavailable\"><span class=\"highlighted\">365<\/span> Cadru temporal (zile)<\/li>\r\n<li class=\"unavailable\">Caut\u0103 text AI<\/li><\/ul><\/div><\/div>\r\n<div class=\"pricing-plan-item standatd selected\">\r\n<div class=\"item-header\"><span class=\"plan-title\">Standart<\/span>\r\n<div class=\"plan-price-per-word\">\r\n<p class=\"price\"><span class=\"value\">$0.12<\/span> per<\/p>\r\n<p class=\"words-count\">1000 words<\/p><\/div><\/div>\r\n<div class=\"item-main\">\r\n<span class=\"save-up-to-label\">Economiseaz\u0103 p\u00e2n\u0103 la <span class=\"value\">30%<\/span><\/span>\r\n<p class=\"plan-price\"><span class=\"value\">$34.95<\/span> \/ <span class=\"duration\">Lun\u0103<\/span><\/p><a class=\"get-started-btn\" href=\"#\">\u00cencepe acum<\/a><label class=\"custom-checkbox-label recurring-payments\" for=\"recurring_payments_standatd\"><span class=\"custom-checkbox\"><\/span><span class=\"custom-checkbox-title\">Pl\u0103\u021bi recurente<\/span><input checked=\"\" id=\"recurring_payments_standatd\" name=\"recurring-payments-standatd\" type=\"checkbox\"\/><\/label><span class=\"sep\"><\/span><\/div>\r\n<div class=\"item-footer\">\r\n<ul>\r\n<li class=\"available\"><span class=\"highlighted\">1<\/span> \u00cendrumare originalitate *<\/li>\r\n<li class=\"available\"><span class=\"highlighted\">1<\/span> \u00cendrumare IA *<\/li>\r\n<li class=\"available\"><span class=\"highlighted\">Ne\u00eengr\u0103dit<\/span> Termen (zile)<\/li>\r\n<li class=\"unavailable\"><span class=\"highlighted\">365<\/span> Termen (zile)<\/li>\r\n<li class=\"unavailable\">Caut\u0103 text AI<\/li><\/ul><\/div><\/div>\r\n<div class=\"pricing-plan-item premium\">\r\n<div class=\"item-header\">\r\n<span class=\"plan-title\">Premiu<\/span>\r\n<div class=\"plan-price-per-word\">\r\n<p class=\"price\"><span class=\"value\">$0.09<\/span> pe<\/p>\r\n<p class=\"words-count\">1000 de cuvinte<\/p>\r\n<\/div>\r\n<\/div>\r\n<div class=\"item-main\"><span class=\"save-up-to-label\">Economiseste p\u00e2n\u0103 la <span class=\"value\">30%<\/span><\/span><p class=\"plan-price\"><span class=\"value\">$54.95<\/span> \/ <span class=\"duration\">Lun\u0103<\/span><\/p><a class=\"get-started-btn\" href=\"#\">\u00cencepe acum<\/a><label class=\"custom-checkbox-label recurring-payments\" for=\"recurring_payments_premium\"><span class=\"custom-checkbox\"><\/span> <span class=\"custom-checkbox-title\">Pl\u0103\u021bi regulate<\/span><input checked=\"\" id=\"recurring_payments_premium\" name=\"recurring-payments-premium\" type=\"checkbox\"\/><\/label> <span class=\"sep\"><\/span><\/div>\r\n<div class=\"item-footer\">\r\n<ul>\r\n<li class=\"available\"><span class=\"highlighted\">1<\/span> Depunere de plagiat *<\/li>\r\n<li class=\"available\"><span class=\"highlighted\">1<\/span> Depunere AI *<\/li>\r\n<li class=\"available\"><span class=\"highlighted\">Nefiin\u021bat<\/span> Cadru (zile)<\/li>\r\n<li class=\"unavailable\"><span class=\"highlighted\">365<\/span> Cadru (zile)<\/li>\r\n<li class=\"unavailable\">Caut\u0103 text AI<\/li><\/ul><\/div><\/div><\/div><\/div><\/div><\/div><\/div><\/div><\/div><\/div><\/div>\r\n<\/section>\r\n<section class=\"faq\">\r\n<div class=\"container-fluid\">\r\n<div class=\"container\">\r\n<div class=\"row\">\r\n<div class=\"col-12\">\r\n<div class=\"faq-content\">\r\n<div class=\"faq-text-block\">\r\n<p class=\"faq-text-top\">\u00centreb\u0103ri frecvente<\/p>\r\n<p class=\"faq-text-title\">Ai nevoie de mai multe informa\u021bii despre UniqeCheck.com?<\/p>\r\n<p class=\"faq-text-subtitle\">Am revizuit \u0219i abordat cele mai comune \u00eentreb\u0103ri pe care le au utilizatorii no\u0219tri \u00een leg\u0103tur\u0103 cu instrumentele noastre pentru detectarea plagiatului \u0219i analiza AI.<\/p>\r\n<div class=\"different-question-block\"><img alt=\"FAQ\" class=\"faq-icon\" src=\"\/wp-content\/themes\/main\/images\/faq-icon.svg\"\/>\r\n<p class=\"title\">Ai o \u00eentrebare diferit\u0103?<\/p>\r\n<p class=\"subtitle\">Contacteaz\u0103 echipa noastr\u0103 de suport dac\u0103 nu g\u00e2nde\u0219ti c\u0103 ai g\u0103sit r\u0103spunsul dorit!<\/p><a class=\"contact-support-btn custom-btn cb-white\" href=\"\/faq\">Contacteaz\u0103 echipa de suport<\/a><\/div><\/div>[faq_questions]<\/div><\/div><\/div><\/div>\r\n<\/div>\r\n<\/section>"},"excerpt":{"rendered":"Selecta\u021bi Op\u021biunile de Pre\u021b F\u0103r\u0103 costuri ascunse pentru detectarea corect\u0103 a plagiului \u0219i AI \u2013 Una dat\u0103\/Mese\/3 Luni\/An Anumit $0.23 pe 1000 cuvinte Economisire p\u00e2n\u0103 la 30%$22.95 \/ Lun\u0103Incep\u021bi Plat\u0103 \u00een curs Recuren\u021b\u0103 1 Surs\u0103 de plagiat * 1 Surs\u0103 AI * F\u0103r\u0103 limit\u0103 Perioad\u0103 (zile) 365 Perioad\u0103 (zile) Cauta\u021bi text AI Standard $0.12 pe 1000 cuvinte Economisire.","protected":false,"raw":"Selecta\u021bi Op\u021biunile de Pre\u021b F\u0103r\u0103 costuri ascunse pentru detectarea corect\u0103 a plagiului \u0219i AI \u2013 Una dat\u0103\/Mese\/3 Luni\/An Anumit $0.23 pe 1000 cuvinte Economisire p\u00e2n\u0103 la 30%$22.95 \/ Lun\u0103Incep\u021bi Plat\u0103 \u00een curs Recuren\u021b\u0103 1 Surs\u0103 de plagiat * 1 Surs\u0103 AI * F\u0103r\u0103 limit\u0103 Perioad\u0103 (zile) 365 Perioad\u0103 (zile) Cauta\u021bi text AI Standard $0.12 pe 1000 cuvinte Economisire."},"author":1,"featured_media":0,"parent":0,"menu_order":0,"comment_status":"closed","ping_status":"closed","template":"tpl-landing.php","meta":{"_aioseo_title":null,"_aioseo_description":null,"_locale":"ro_RO","_original_post":"https:\/\/uniqecheck.com\/?page_id=10","footnotes":""},"class_list":["post-270","page","type-page","status-publish","hentry","ro-RO"],"aioseo_notices":[],"_links":{"self":[{"href":"https:\/\/uniqecheck.com\/wp-json\/wp\/v2\/pages\/270","targetHints":{"allow":["GET"]}}],"collection":[{"href":"https:\/\/uniqecheck.com\/wp-json\/wp\/v2\/pages"}],"about":[{"href":"https:\/\/uniqecheck.com\/wp-json\/wp\/v2\/types\/page"}],"author":[{"embeddable":true,"href":"https:\/\/uniqecheck.com\/wp-json\/wp\/v2\/users\/1"}],"replies":[{"embeddable":true,"href":"https:\/\/uniqecheck.com\/wp-json\/wp\/v2\/comments?post=270"}],"version-history":[{"count":3,"href":"https:\/\/uniqecheck.com\/wp-json\/wp\/v2\/pages\/270\/revisions"}],"predecessor-version":[{"id":779,"href":"https:\/\/uniqecheck.com\/wp-json\/wp\/v2\/pages\/270\/revisions\/779"}],"wp:attachment":[{"href":"https:\/\/uniqecheck.com\/wp-json\/wp\/v2\/media?parent=270"}],"curies":[{"name":"wp","href":"https:\/\/api.w.org\/{rel}","templated":true}]}}