{"id":340,"date":"2025-04-03T20:25:59","date_gmt":"2025-04-03T20:25:59","guid":{"rendered":"https:\/\/uniqecheck.com\/?page_id=340","raw":"https:\/\/uniqecheck.com\/?page_id=340"},"modified":"2025-07-17T20:54:15","modified_gmt":"2025-07-17T20:54:15","slug":"home","status":"publish","type":"page","link":"https:\/\/uniqecheck.com\/","title":{"rendered":"In\u00edcio","raw":"In\u00edcio"},"content":{"rendered":"","protected":false,"raw":""},"excerpt":{"rendered":"","protected":false,"raw":""},"author":1,"featured_media":0,"parent":0,"menu_order":0,"comment_status":"closed","ping_status":"closed","template":"","meta":{"_aioseo_title":"Verificador de Conte\u00fado \u00danico para Todas as Suas Necessidades","_aioseo_description":"Descubra o verificador de texto \u00fanico mais fi\u00e1vel para garantir que o seu conte\u00fado \u00e9 original e livre de pl\u00e1gio. Perfeito para estudantes, escritores e profissionais.","_locale":"pt_PT","_original_post":"https:\/\/uniqecheck.com\/?page_id=24","footnotes":""},"class_list":["post-340","page","type-page","status-publish","hentry","pt-PT"],"aioseo_notices":[],"_links":{"self":[{"href":"https:\/\/uniqecheck.com\/wp-json\/wp\/v2\/pages\/340","targetHints":{"allow":["GET"]}}],"collection":[{"href":"https:\/\/uniqecheck.com\/wp-json\/wp\/v2\/pages"}],"about":[{"href":"https:\/\/uniqecheck.com\/wp-json\/wp\/v2\/types\/page"}],"author":[{"embeddable":true,"href":"https:\/\/uniqecheck.com\/wp-json\/wp\/v2\/users\/1"}],"replies":[{"embeddable":true,"href":"https:\/\/uniqecheck.com\/wp-json\/wp\/v2\/comments?post=340"}],"version-history":[{"count":1,"href":"https:\/\/uniqecheck.com\/wp-json\/wp\/v2\/pages\/340\/revisions"}],"predecessor-version":[{"id":341,"href":"https:\/\/uniqecheck.com\/wp-json\/wp\/v2\/pages\/340\/revisions\/341"}],"wp:attachment":[{"href":"https:\/\/uniqecheck.com\/wp-json\/wp\/v2\/media?parent=340"}],"curies":[{"name":"wp","href":"https:\/\/api.w.org\/{rel}","templated":true}]}}