{"id":268,"date":"2025-04-03T20:35:09","date_gmt":"2025-04-03T20:35:09","guid":{"rendered":"https:\/\/uniqecheck.com\/?page_id=268","raw":"https:\/\/uniqecheck.com\/?page_id=268"},"modified":"2025-07-22T12:49:30","modified_gmt":"2025-07-22T12:49:30","slug":"pricing","status":"publish","type":"page","link":"https:\/\/uniqecheck.com\/pt\/pricing\/","title":{"rendered":"Pre\u00e7os","raw":"Pre\u00e7os"},"content":{"rendered":"<section class=\"pricing-page-main-block\">\r\n<div class=\"container-fluid\">\r\n<div class=\"container\">\r\n<div class=\"row\">\r\n<div class=\"col-12\">\r\n<div class=\"pricing-main-block-content\">\r\n<div class=\"ps-widget-container\" data-ps-widget-name=\"Prices\" data-ps-widget-options=\"{}\">\r\n<p class=\"top-text\">Seleccione as suas op\u00e7\u00f5es de pre\u00e7os<\/p>\r\n<h1 class=\"page-title\">Sem taxas ocultas para detec\u00e7\u00e3o precisa de pl\u00e1gio e IA \u2013<\/h1>\r\n<div class=\"pricing-block\">\r\n<div class=\"pricing-plan-duration\">\r\n<button class=\"pricing-plan-duration-item one-time active\" type=\"button\">Uma \u00fanica vez<\/button><button class=\"pricing-plan-duration-item monthly\" type=\"button\">Mensal<\/button><button class=\"pricing-plan-duration-item 3-months\" type=\"button\">Trimestral<\/button><button class=\"pricing-plan-duration-item yearly\" type=\"button\">Anual<\/button><\/div>\r\n<div class=\"pricing-plan-items-wrapper\">\r\n<div class=\"pricing-plan-items\">\r\n<div class=\"pricing-plan-item light\">\r\n<div class=\"item-header\"><span class=\"plan-title\">Light<\/span><div class=\"plan-price-per-word\">\r\n<p class=\"price\"><span class=\"value\">\u20ac0.23<\/span> por<\/p>\r\n<p class=\"words-count\">1000 palavras<\/p><\/div><\/div>\r\n<div class=\"item-main\">\r\n<span class=\"save-up-to-label\">Economize at\u00e9 <span class=\"value\">30%<\/span><\/span><p class=\"plan-price\"><span class=\"value\">\u20ac22.95<\/span> \/ <span class=\"duration\">M\u00eas<\/span><\/p><a class=\"get-started-btn\" href=\"#\">Come\u00e7ar<\/a><label class=\"custom-checkbox-label recurring-payments\" for=\"recurring_payments_light\"><span class=\"custom-checkbox\"><\/span><span class=\"custom-checkbox-title\">Pagamentos recorrentes<\/span> <input checked=\"\" id=\"recurring_payments_light\" name=\"recurring-payments-light\" type=\"checkbox\"\/><\/label><span class=\"sep\"><\/span><\/div>\r\n<div class=\"item-footer\">\r\n<ul>\r\n<li class=\"available\"><span class=\"highlighted\">1<\/span> Submiss\u00e3o de pl\u00e1gio *<\/li>\r\n<li class=\"available\"><span class=\"highlighted\">1<\/span> Submiss\u00e3o AI *<\/li>\r\n<li class=\"available\"><span class=\"highlighted\">Ilimitado<\/span> Prazo (dias)<\/li>\r\n<li class=\"unavailable\"><span class=\"highlighted\">365<\/span> Prazo (dias)<\/li>\r\n<li class=\"unavailable\">Pesquisa de texto AI<\/li><\/ul><\/div><\/div>\r\n<div class=\"pricing-plan-item standatd selected\">\r\n<div class=\"item-header\"><span class=\"plan-title\">Standatd<\/span>\r\n<div class=\"plan-price-per-word\">\r\n<p class=\"price\"><span class=\"value\">$0.12<\/span> por<\/p>\r\n<p class=\"words-count\">1000 palavras<\/p><\/div><\/div>\r\n<div class=\"item-main\">\r\n<span class=\"save-up-to-label\">Economize at\u00e9 <span class=\"value\">30%<\/span><\/span>\r\n<p class=\"plan-price\"><span class=\"value\">$34.95<\/span> \/ <span class=\"duration\">M\u00eas<\/span><\/p><a class=\"get-started-btn\" href=\"#\">Come\u00e7ar<\/a><label class=\"custom-checkbox-label recurring-payments\" for=\"recurring_payments_standatd\"><span class=\"custom-checkbox\"><\/span><span class=\"custom-checkbox-title\">Pagamentos recorrentes<\/span><input checked=\"\" id=\"recurring_payments_standatd\" name=\"recurring-payments-standatd\" type=\"checkbox\"\/><\/label><span class=\"sep\"><\/span><\/div>\r\n<div class=\"item-footer\">\r\n<ul>\r\n<li class=\"available\"><span class=\"highlighted\">1<\/span> Submiss\u00e3o de pl\u00e1gio *<\/li>\r\n<li class=\"available\"><span class=\"highlighted\">1<\/span> Submiss\u00e3o de IA *<\/li>\r\n<li class=\"available\"><span class=\"highlighted\">Ilimitado<\/span> Prazo (dias)<\/li>\r\n<li class=\"unavailable\"><span class=\"highlighted\">365<\/span> Prazo (dias)<\/li>\r\n<li class=\"unavailable\">Procurar por texto de IA<\/li><\/ul><\/div><\/div>\r\n<div class=\"pricing-plan-item premium\">\r\n<div class=\"item-header\">\r\n<span class=\"plan-title\">Premium<\/span>\r\n<div class=\"plan-price-per-word\">\r\n<p class=\"price\"><span class=\"value\">$0.09<\/span> por<\/p>\r\n<p class=\"words-count\">1000 palavras<\/p>\r\n<\/div>\r\n<\/div>\r\n<div class=\"item-main\"><span class=\"save-up-to-label\">Economize at\u00e9 <span class=\"value\">30%<\/span><\/span><p class=\"plan-price\"><span class=\"value\">$54.95<\/span> \/ <span class=\"duration\">M\u00eas<\/span><\/p><a class=\"get-started-btn\" href=\"#\">Comece Agora<\/a><label class=\"custom-checkbox-label recurring-payments\" for=\"recurring_payments_premium\"><span class=\"custom-checkbox\"><\/span> <span class=\"custom-checkbox-title\">Pagamentos recorrentes<\/span><input checked=\"\" id=\"recurring_payments_premium\" name=\"recurring-payments-premium\" type=\"checkbox\"\/><\/label> <span class=\"sep\"><\/span><\/div>\r\n<div class=\"item-footer\">\r\n<ul>\r\n<li class=\"available\"><span class=\"highlighted\">1<\/span> Submiss\u00e3o de Pl\u00e1gio *<\/li>\r\n<li class=\"available\"><span class=\"highlighted\">1<\/span> Submiss\u00e3o de IA *<\/li>\r\n<li class=\"available\"><span class=\"highlighted\">Ilimitado<\/span> Prazo (dias)<\/li>\r\n<li class=\"unavailable\"><span class=\"highlighted\">365<\/span> Prazo (dias)<\/li>\r\n<li class=\"unavailable\">Procurar texto de IA<\/li><\/ul><\/div><\/div><\/div><\/div><\/div><\/div><\/div><\/div><\/div><\/div><\/div>\r\n<\/section>\r\n<section class=\"faq\">\r\n<div class=\"container-fluid\">\r\n<div class=\"container\">\r\n<div class=\"row\">\r\n<div class=\"col-12\">\r\n<div class=\"faq-content\">\r\n<div class=\"faq-text-block\">\r\n<p class=\"faq-text-top\">Perguntas Frequentes<\/p>\r\n<p class=\"faq-text-title\">Precisa de mais informa\u00e7\u00f5es sobre UniqeCheck.com?<\/p>\r\n<p class=\"faq-text-subtitle\">J\u00e1 revimos e respondemos \u00e0s perguntas mais comuns que os utilizadores t\u00eam sobre as nossas ferramentas de dete\u00e7\u00e3o de pl\u00e1gio e an\u00e1lise de IA.<\/p>\r\n<div class=\"different-question-block\"><img decoding=\"async\" alt=\"Perguntas Frequentes\" class=\"faq-icon\" src=\"\/wp-content\/themes\/main\/images\/faq-icon.svg\"\/>\r\n<p class=\"title\">Tem outra pergunta?<\/p>\r\n<p class=\"subtitle\">Contacte a nossa equipa de apoio se n\u00e3o encontrar a resposta que procura!<\/p><a class=\"contact-support-btn custom-btn cb-white\" href=\"\/contact-us\/\">Contactar a equipa de apoio<\/a><\/div><\/div>    <div class=\"faq-questions-block\">\n                <div class=\"faq-accordion\" id=\"faq_accordion\">\n                            <div class=\"faq-accordion-item item-1\">\n                    <button class=\"faq-accordion-question collapsed\" type=\"button\" data-bs-toggle=\"collapse\" data-bs-target=\"#faq_accordion_1\" aria-expanded=\"false\" aria-controls=\"faq_accordion_1\">Posso verificar se o meu texto foi gerado por IA?<\/button>\n                    <div id=\"faq_accordion_1\" class=\"faq-accordion-answer accordion-collapse collapse\" data-bs-parent=\"#faq_accordion\">\n                        <p class=\"answer-text\">Sim, somos um dos principais servi\u00e7os para detetar conte\u00fado gerado por IA.<\/p>\n                    <\/div>\n                <\/div>\n                            <div class=\"faq-accordion-item item-2\">\n                    <button class=\"faq-accordion-question collapsed\" type=\"button\" data-bs-toggle=\"collapse\" data-bs-target=\"#faq_accordion_2\" aria-expanded=\"false\" aria-controls=\"faq_accordion_2\">Os resultados s\u00e3o precisos?<\/button>\n                    <div id=\"faq_accordion_2\" class=\"faq-accordion-answer accordion-collapse collapse\" data-bs-parent=\"#faq_accordion\">\n                        <p class=\"answer-text\">Claro que sim. A nossa ferramenta fornece relat\u00f3rios altamente precisos e confi\u00e1veis, dando confian\u00e7a na autenticidade do seu conte\u00fado.<\/p>\n                    <\/div>\n                <\/div>\n                            <div class=\"faq-accordion-item item-3\">\n                    <button class=\"faq-accordion-question collapsed\" type=\"button\" data-bs-toggle=\"collapse\" data-bs-target=\"#faq_accordion_3\" aria-expanded=\"false\" aria-controls=\"faq_accordion_3\">A minha ferramenta pode integrar-se com outros sistemas?<\/button>\n                    <div id=\"faq_accordion_3\" class=\"faq-accordion-answer accordion-collapse collapse\" data-bs-parent=\"#faq_accordion\">\n                        <p class=\"answer-text\">Sim, oferecemos integra\u00e7\u00e3o de API para uso sem interrup\u00e7\u00f5es com outras plataformas.<\/p>\n                    <\/div>\n                <\/div>\n                            <div class=\"faq-accordion-item item-4\">\n                    <button class=\"faq-accordion-question collapsed\" type=\"button\" data-bs-toggle=\"collapse\" data-bs-target=\"#faq_accordion_4\" aria-expanded=\"false\" aria-controls=\"faq_accordion_4\">As minhas informa\u00e7\u00f5es e textos carregados est\u00e3o seguros?<\/button>\n                    <div id=\"faq_accordion_4\" class=\"faq-accordion-answer accordion-collapse collapse\" data-bs-parent=\"#faq_accordion\">\n                        <p class=\"answer-text\">Sim, priorizamos a sua privacidade. A nossa plataforma n\u00e3o recolhe nem armazena os seus dados ou textos.<\/p>\n                    <\/div>\n                <\/div>\n                            <div class=\"faq-accordion-item item-5\">\n                    <button class=\"faq-accordion-question collapsed\" type=\"button\" data-bs-toggle=\"collapse\" data-bs-target=\"#faq_accordion_5\" aria-expanded=\"false\" aria-controls=\"faq_accordion_5\">Posso verificar documentos em diferentes formatos?<\/button>\n                    <div id=\"faq_accordion_5\" class=\"faq-accordion-answer accordion-collapse collapse\" data-bs-parent=\"#faq_accordion\">\n                        <p class=\"answer-text\">Sim, as nossas ferramentas suportam v\u00e1rios formatos, incluindo PDF, Word, TXT e at\u00e9 texto colado diretamente na plataforma.<\/p>\n                    <\/div>\n                <\/div>\n                            <div class=\"faq-accordion-item item-6\">\n                    <button class=\"faq-accordion-question collapsed\" type=\"button\" data-bs-toggle=\"collapse\" data-bs-target=\"#faq_accordion_6\" aria-expanded=\"false\" aria-controls=\"faq_accordion_6\">Posso usar o verificador em dispositivos m\u00f3veis?<\/button>\n                    <div id=\"faq_accordion_6\" class=\"faq-accordion-answer accordion-collapse collapse\" data-bs-parent=\"#faq_accordion\">\n                        <p class=\"answer-text\">Sim, o nosso sistema est\u00e1 otimizado para uso m\u00f3vel, oferecendo conveni\u00eancia e acessibilidade na movimenta\u00e7\u00e3o.<\/p>\n                    <\/div>\n                <\/div>\n                            <div class=\"faq-accordion-item item-7\">\n                    <button class=\"faq-accordion-question collapsed\" type=\"button\" data-bs-toggle=\"collapse\" data-bs-target=\"#faq_accordion_7\" aria-expanded=\"false\" aria-controls=\"faq_accordion_7\">Suporta v\u00e1rios idiomas?<\/button>\n                    <div id=\"faq_accordion_7\" class=\"faq-accordion-answer accordion-collapse collapse\" data-bs-parent=\"#faq_accordion\">\n                        <p class=\"answer-text\">Sim, a nossa ferramenta \u00e9 projetada para acomodar utilizadores de todo o mundo ao suportar v\u00e1rias l\u00ednguas.<\/p>\n                    <\/div>\n                <\/div>\n                            <div class=\"faq-accordion-item item-8\">\n                    <button class=\"faq-accordion-question collapsed\" type=\"button\" data-bs-toggle=\"collapse\" data-bs-target=\"#faq_accordion_8\" aria-expanded=\"false\" aria-controls=\"faq_accordion_8\">Quantos minutos demora para verificar um documento?<\/button>\n                    <div id=\"faq_accordion_8\" class=\"faq-accordion-answer accordion-collapse collapse\" data-bs-parent=\"#faq_accordion\">\n                        <p class=\"answer-text\">O processo \u00e9 incrivelmente r\u00e1pido, com os resultados geralmente dispon\u00edveis em minutos.<\/p>\n                    <\/div>\n                <\/div>\n                            <div class=\"faq-accordion-item item-9\">\n                    <button class=\"faq-accordion-question collapsed\" type=\"button\" data-bs-toggle=\"collapse\" data-bs-target=\"#faq_accordion_9\" aria-expanded=\"false\" aria-controls=\"faq_accordion_9\">Pode verificar v\u00e1rios textos de uma s\u00f3 vez?<\/button>\n                    <div id=\"faq_accordion_9\" class=\"faq-accordion-answer accordion-collapse collapse\" data-bs-parent=\"#faq_accordion\">\n                        <p class=\"answer-text\">Sim, pode carregar v\u00e1rios documentos simultaneamente, poupando tempo e esfor\u00e7o.<\/p>\n                    <\/div>\n                <\/div>\n                            <div class=\"faq-accordion-item item-10\">\n                    <button class=\"faq-accordion-question collapsed\" type=\"button\" data-bs-toggle=\"collapse\" data-bs-target=\"#faq_accordion_10\" aria-expanded=\"false\" aria-controls=\"faq_accordion_10\">Atualiza os seus instrumentos?<\/button>\n                    <div id=\"faq_accordion_10\" class=\"faq-accordion-answer accordion-collapse collapse\" data-bs-parent=\"#faq_accordion\">\n                        <p class=\"answer-text\">Sim, os nossos algoritmos s\u00e3o continuamente melhorados com atualiza\u00e7\u00f5es regulares para aprimorar o desempenho e a precis\u00e3o.<\/p>\n                    <\/div>\n                <\/div>\n                            <div class=\"faq-accordion-item item-11\">\n                    <button class=\"faq-accordion-question collapsed\" type=\"button\" data-bs-toggle=\"collapse\" data-bs-target=\"#faq_accordion_11\" aria-expanded=\"false\" aria-controls=\"faq_accordion_11\">Que fontes a sua sistema analisa?<\/button>\n                    <div id=\"faq_accordion_11\" class=\"faq-accordion-answer accordion-collapse collapse\" data-bs-parent=\"#faq_accordion\">\n                        <p class=\"answer-text\">Revisamos publica\u00e7\u00f5es acad\u00e9micas, p\u00e1ginas da web e bancos de dados exclusivos para garantir resultados abrangentes e precisos.<\/p>\n                    <\/div>\n                <\/div>\n                            <div class=\"faq-accordion-item item-12\">\n                    <button class=\"faq-accordion-question collapsed\" type=\"button\" data-bs-toggle=\"collapse\" data-bs-target=\"#faq_accordion_12\" aria-expanded=\"false\" aria-controls=\"faq_accordion_12\">H\u00e1 um limite de tamanho para os documentos?<\/button>\n                    <div id=\"faq_accordion_12\" class=\"faq-accordion-answer accordion-collapse collapse\" data-bs-parent=\"#faq_accordion\">\n                        <p class=\"answer-text\">N\u00e3o, a nossa ferramenta pode lidar tanto com textos pequenos como com documentos maiores sem restri\u00e7\u00f5es.<\/p>\n                    <\/div>\n                <\/div>\n                            <div class=\"faq-accordion-item item-13\">\n                    <button class=\"faq-accordion-question collapsed\" type=\"button\" data-bs-toggle=\"collapse\" data-bs-target=\"#faq_accordion_13\" aria-expanded=\"false\" aria-controls=\"faq_accordion_13\">Existe uma vers\u00e3o de teste gratuita dispon\u00edvel?<\/button>\n                    <div id=\"faq_accordion_13\" class=\"faq-accordion-answer accordion-collapse collapse\" data-bs-parent=\"#faq_accordion\">\n                        <p class=\"answer-text\">Sim, oferecemos uma vers\u00e3o de teste gratuita para utilizadores que desejam explorar a nossa plataforma e as suas funcionalidades.<\/p>\n                    <\/div>\n                <\/div>\n                    <\/div>\n    <\/div>\n    <\/div><\/div><\/div><\/div>\r\n<\/div><\/section>","protected":false,"raw":"<section class=\"pricing-page-main-block\">\r\n<div class=\"container-fluid\">\r\n<div class=\"container\">\r\n<div class=\"row\">\r\n<div class=\"col-12\">\r\n<div class=\"pricing-main-block-content\">\r\n<div class=\"ps-widget-container\" data-ps-widget-name=\"Prices\" data-ps-widget-options=\"{}\">\r\n<p class=\"top-text\">Seleccione as suas op\u00e7\u00f5es de pre\u00e7os<\/p>\r\n<h1 class=\"page-title\">Sem taxas ocultas para detec\u00e7\u00e3o precisa de pl\u00e1gio e IA \u2013<\/h1>\r\n<div class=\"pricing-block\">\r\n<div class=\"pricing-plan-duration\">\r\n<button class=\"pricing-plan-duration-item one-time active\" type=\"button\">Uma \u00fanica vez<\/button><button class=\"pricing-plan-duration-item monthly\" type=\"button\">Mensal<\/button><button class=\"pricing-plan-duration-item 3-months\" type=\"button\">Trimestral<\/button><button class=\"pricing-plan-duration-item yearly\" type=\"button\">Anual<\/button><\/div>\r\n<div class=\"pricing-plan-items-wrapper\">\r\n<div class=\"pricing-plan-items\">\r\n<div class=\"pricing-plan-item light\">\r\n<div class=\"item-header\"><span class=\"plan-title\">Light<\/span><div class=\"plan-price-per-word\">\r\n<p class=\"price\"><span class=\"value\">\u20ac0.23<\/span> por<\/p>\r\n<p class=\"words-count\">1000 palavras<\/p><\/div><\/div>\r\n<div class=\"item-main\">\r\n<span class=\"save-up-to-label\">Economize at\u00e9 <span class=\"value\">30%<\/span><\/span><p class=\"plan-price\"><span class=\"value\">\u20ac22.95<\/span> \/ <span class=\"duration\">M\u00eas<\/span><\/p><a class=\"get-started-btn\" href=\"#\">Come\u00e7ar<\/a><label class=\"custom-checkbox-label recurring-payments\" for=\"recurring_payments_light\"><span class=\"custom-checkbox\"><\/span><span class=\"custom-checkbox-title\">Pagamentos recorrentes<\/span> <input checked=\"\" id=\"recurring_payments_light\" name=\"recurring-payments-light\" type=\"checkbox\"\/><\/label><span class=\"sep\"><\/span><\/div>\r\n<div class=\"item-footer\">\r\n<ul>\r\n<li class=\"available\"><span class=\"highlighted\">1<\/span> Submiss\u00e3o de pl\u00e1gio *<\/li>\r\n<li class=\"available\"><span class=\"highlighted\">1<\/span> Submiss\u00e3o AI *<\/li>\r\n<li class=\"available\"><span class=\"highlighted\">Ilimitado<\/span> Prazo (dias)<\/li>\r\n<li class=\"unavailable\"><span class=\"highlighted\">365<\/span> Prazo (dias)<\/li>\r\n<li class=\"unavailable\">Pesquisa de texto AI<\/li><\/ul><\/div><\/div>\r\n<div class=\"pricing-plan-item standatd selected\">\r\n<div class=\"item-header\"><span class=\"plan-title\">Standatd<\/span>\r\n<div class=\"plan-price-per-word\">\r\n<p class=\"price\"><span class=\"value\">$0.12<\/span> por<\/p>\r\n<p class=\"words-count\">1000 palavras<\/p><\/div><\/div>\r\n<div class=\"item-main\">\r\n<span class=\"save-up-to-label\">Economize at\u00e9 <span class=\"value\">30%<\/span><\/span>\r\n<p class=\"plan-price\"><span class=\"value\">$34.95<\/span> \/ <span class=\"duration\">M\u00eas<\/span><\/p><a class=\"get-started-btn\" href=\"#\">Come\u00e7ar<\/a><label class=\"custom-checkbox-label recurring-payments\" for=\"recurring_payments_standatd\"><span class=\"custom-checkbox\"><\/span><span class=\"custom-checkbox-title\">Pagamentos recorrentes<\/span><input checked=\"\" id=\"recurring_payments_standatd\" name=\"recurring-payments-standatd\" type=\"checkbox\"\/><\/label><span class=\"sep\"><\/span><\/div>\r\n<div class=\"item-footer\">\r\n<ul>\r\n<li class=\"available\"><span class=\"highlighted\">1<\/span> Submiss\u00e3o de pl\u00e1gio *<\/li>\r\n<li class=\"available\"><span class=\"highlighted\">1<\/span> Submiss\u00e3o de IA *<\/li>\r\n<li class=\"available\"><span class=\"highlighted\">Ilimitado<\/span> Prazo (dias)<\/li>\r\n<li class=\"unavailable\"><span class=\"highlighted\">365<\/span> Prazo (dias)<\/li>\r\n<li class=\"unavailable\">Procurar por texto de IA<\/li><\/ul><\/div><\/div>\r\n<div class=\"pricing-plan-item premium\">\r\n<div class=\"item-header\">\r\n<span class=\"plan-title\">Premium<\/span>\r\n<div class=\"plan-price-per-word\">\r\n<p class=\"price\"><span class=\"value\">$0.09<\/span> por<\/p>\r\n<p class=\"words-count\">1000 palavras<\/p>\r\n<\/div>\r\n<\/div>\r\n<div class=\"item-main\"><span class=\"save-up-to-label\">Economize at\u00e9 <span class=\"value\">30%<\/span><\/span><p class=\"plan-price\"><span class=\"value\">$54.95<\/span> \/ <span class=\"duration\">M\u00eas<\/span><\/p><a class=\"get-started-btn\" href=\"#\">Comece Agora<\/a><label class=\"custom-checkbox-label recurring-payments\" for=\"recurring_payments_premium\"><span class=\"custom-checkbox\"><\/span> <span class=\"custom-checkbox-title\">Pagamentos recorrentes<\/span><input checked=\"\" id=\"recurring_payments_premium\" name=\"recurring-payments-premium\" type=\"checkbox\"\/><\/label> <span class=\"sep\"><\/span><\/div>\r\n<div class=\"item-footer\">\r\n<ul>\r\n<li class=\"available\"><span class=\"highlighted\">1<\/span> Submiss\u00e3o de Pl\u00e1gio *<\/li>\r\n<li class=\"available\"><span class=\"highlighted\">1<\/span> Submiss\u00e3o de IA *<\/li>\r\n<li class=\"available\"><span class=\"highlighted\">Ilimitado<\/span> Prazo (dias)<\/li>\r\n<li class=\"unavailable\"><span class=\"highlighted\">365<\/span> Prazo (dias)<\/li>\r\n<li class=\"unavailable\">Procurar texto de IA<\/li><\/ul><\/div><\/div><\/div><\/div><\/div><\/div><\/div><\/div><\/div><\/div><\/div>\r\n<\/section>\r\n<section class=\"faq\">\r\n<div class=\"container-fluid\">\r\n<div class=\"container\">\r\n<div class=\"row\">\r\n<div class=\"col-12\">\r\n<div class=\"faq-content\">\r\n<div class=\"faq-text-block\">\r\n<p class=\"faq-text-top\">Perguntas Frequentes<\/p>\r\n<p class=\"faq-text-title\">Precisa de mais informa\u00e7\u00f5es sobre UniqeCheck.com?<\/p>\r\n<p class=\"faq-text-subtitle\">J\u00e1 revimos e respondemos \u00e0s perguntas mais comuns que os utilizadores t\u00eam sobre as nossas ferramentas de dete\u00e7\u00e3o de pl\u00e1gio e an\u00e1lise de IA.<\/p>\r\n<div class=\"different-question-block\"><img alt=\"Perguntas Frequentes\" class=\"faq-icon\" src=\"\/wp-content\/themes\/main\/images\/faq-icon.svg\"\/>\r\n<p class=\"title\">Tem outra pergunta?<\/p>\r\n<p class=\"subtitle\">Contacte a nossa equipa de apoio se n\u00e3o encontrar a resposta que procura!<\/p><a class=\"contact-support-btn custom-btn cb-white\" href=\"\/contact-us\/\">Contactar a equipa de apoio<\/a><\/div><\/div>[faq_questions]<\/div><\/div><\/div><\/div>\r\n<\/div><\/section>"},"excerpt":{"rendered":"Selecione suas op\u00e7\u00f5es de pre\u00e7os Sem taxas ocultas para detec\u00e7\u00e3o precisa de pl\u00e1gio e IA \u2013 uma \u00fanica vez Mensal Trimestral Anual Light $0,23 por 1000 palavras Economize at\u00e9 30% $22,95 \/ M\u00eas Comece Agora Pagamentos recorrentes 1 Submiss\u00e3o de Plagiarismo * 1 Submiss\u00e3o de AI * Prazo ilimitado (dias) 365 Prazo (dias) Pesquisar texto de IA Est\u00e1ndar $0,12 por 1000 palavras Economize at\u00e9.","protected":false,"raw":"Selecione suas op\u00e7\u00f5es de pre\u00e7os Sem taxas ocultas para detec\u00e7\u00e3o precisa de pl\u00e1gio e IA \u2013 uma \u00fanica vez Mensal Trimestral Anual Light $0,23 por 1000 palavras Economize at\u00e9 30% $22,95 \/ M\u00eas Comece Agora Pagamentos recorrentes 1 Submiss\u00e3o de Plagiarismo * 1 Submiss\u00e3o de AI * Prazo ilimitado (dias) 365 Prazo (dias) Pesquisar texto de IA Est\u00e1ndar $0,12 por 1000 palavras Economize at\u00e9."},"author":1,"featured_media":0,"parent":0,"menu_order":0,"comment_status":"closed","ping_status":"closed","template":"tpl-landing.php","meta":{"_aioseo_title":null,"_aioseo_description":null,"_locale":"pt_PT","_original_post":"https:\/\/uniqecheck.com\/?page_id=10","footnotes":""},"class_list":["post-268","page","type-page","status-publish","hentry","pt-PT"],"aioseo_notices":[],"_links":{"self":[{"href":"https:\/\/uniqecheck.com\/wp-json\/wp\/v2\/pages\/268","targetHints":{"allow":["GET"]}}],"collection":[{"href":"https:\/\/uniqecheck.com\/wp-json\/wp\/v2\/pages"}],"about":[{"href":"https:\/\/uniqecheck.com\/wp-json\/wp\/v2\/types\/page"}],"author":[{"embeddable":true,"href":"https:\/\/uniqecheck.com\/wp-json\/wp\/v2\/users\/1"}],"replies":[{"embeddable":true,"href":"https:\/\/uniqecheck.com\/wp-json\/wp\/v2\/comments?post=268"}],"version-history":[{"count":4,"href":"https:\/\/uniqecheck.com\/wp-json\/wp\/v2\/pages\/268\/revisions"}],"predecessor-version":[{"id":778,"href":"https:\/\/uniqecheck.com\/wp-json\/wp\/v2\/pages\/268\/revisions\/778"}],"wp:attachment":[{"href":"https:\/\/uniqecheck.com\/wp-json\/wp\/v2\/media?parent=268"}],"curies":[{"name":"wp","href":"https:\/\/api.w.org\/{rel}","templated":true}]}}