{"id":338,"date":"2025-04-03T20:25:59","date_gmt":"2025-04-03T20:25:59","guid":{"rendered":"https:\/\/uniqecheck.com\/?page_id=338","raw":"https:\/\/uniqecheck.com\/?page_id=338"},"modified":"2025-07-17T20:54:41","modified_gmt":"2025-07-17T20:54:41","slug":"home","status":"publish","type":"page","link":"https:\/\/uniqecheck.com\/","title":{"rendered":"Strona g\u0142\u00f3wna","raw":"Strona g\u0142\u00f3wna"},"content":{"rendered":"","protected":false,"raw":""},"excerpt":{"rendered":"","protected":false,"raw":""},"author":1,"featured_media":0,"parent":0,"menu_order":0,"comment_status":"closed","ping_status":"closed","template":"","meta":{"_aioseo_title":"Narz\u0119dzie do sprawdzania unikalno\u015bci tre\u015bci dla wszystkich Twoich potrzeb","_aioseo_description":"Odkryj najbardziej niezawodne narz\u0119dzie do sprawdzania unikalno\u015bci tekstu, aby mie\u0107 pewno\u015b\u0107, \u017ce Twoje tre\u015bci s\u0105 oryginalne i wolne od plagiatu. Idealne dla student\u00f3w, pisarzy i profesjonalist\u00f3w.","_locale":"pl_PL","_original_post":"https:\/\/uniqecheck.com\/?page_id=24","footnotes":""},"class_list":["post-338","page","type-page","status-publish","hentry","pl-PL"],"aioseo_notices":[],"_links":{"self":[{"href":"https:\/\/uniqecheck.com\/wp-json\/wp\/v2\/pages\/338","targetHints":{"allow":["GET"]}}],"collection":[{"href":"https:\/\/uniqecheck.com\/wp-json\/wp\/v2\/pages"}],"about":[{"href":"https:\/\/uniqecheck.com\/wp-json\/wp\/v2\/types\/page"}],"author":[{"embeddable":true,"href":"https:\/\/uniqecheck.com\/wp-json\/wp\/v2\/users\/1"}],"replies":[{"embeddable":true,"href":"https:\/\/uniqecheck.com\/wp-json\/wp\/v2\/comments?post=338"}],"version-history":[{"count":1,"href":"https:\/\/uniqecheck.com\/wp-json\/wp\/v2\/pages\/338\/revisions"}],"predecessor-version":[{"id":339,"href":"https:\/\/uniqecheck.com\/wp-json\/wp\/v2\/pages\/338\/revisions\/339"}],"wp:attachment":[{"href":"https:\/\/uniqecheck.com\/wp-json\/wp\/v2\/media?parent=338"}],"curies":[{"name":"wp","href":"https:\/\/api.w.org\/{rel}","templated":true}]}}