{"id":266,"date":"2025-04-03T20:35:11","date_gmt":"2025-04-03T20:35:11","guid":{"rendered":"https:\/\/uniqecheck.com\/?page_id=266","raw":"https:\/\/uniqecheck.com\/?page_id=266"},"modified":"2025-07-22T12:49:29","modified_gmt":"2025-07-22T12:49:29","slug":"pricing","status":"publish","type":"page","link":"https:\/\/uniqecheck.com\/pl\/pricing\/","title":{"rendered":"Ceny","raw":"Ceny"},"content":{"rendered":"<section class=\"pricing-page-main-block\">\r\n<div class=\"container-fluid\">\r\n<div class=\"container\">\r\n<div class=\"row\">\r\n<div class=\"col-12\">\r\n<div class=\"pricing-main-block-content\">\r\n<div class=\"ps-widget-container\" data-ps-widget-name=\"Prices\" data-ps-widget-options=\"{}\">\r\n<p class=\"top-text\">Wybierz opcje cenowe<\/p>\r\n<h1 class=\"page-title\">Brak ukrytych op\u0142at za dok\u0142adne wykrywanie plagiat\u00f3w i sztucznej inteligencji<\/h1>\r\n<div class=\"pricing-block\">\r\n<div class=\"pricing-plan-duration\">\r\n<button class=\"pricing-plan-duration-item one-time active\" type=\"button\">Jednorazowa<\/button>\r\n<button class=\"pricing-plan-duration-item monthly\" type=\"button\">Miesi\u0119czna<\/button>\r\n<button class=\"pricing-plan-duration-item 3-months\" type=\"button\">3 miesi\u0105ce<\/button>\r\n<button class=\"pricing-plan-duration-item yearly\" type=\"button\">Rocznie<\/button>\r\n<\/div>\r\n<div class=\"pricing-plan-items-wrapper\">\r\n<div class=\"pricing-plan-items\">\r\n<div class=\"pricing-plan-item light\">\r\n<div class=\"item-header\"><span class=\"plan-title\">Light<\/span><div class=\"plan-price-per-word\">\r\n<p class=\"price\"><span class=\"value\">$0.23<\/span> za<\/p>\r\n<p class=\"words-count\">1000 s\u0142\u00f3w<\/p><\/div><\/div>\r\n<div class=\"item-main\">\r\n<span class=\"save-up-to-label\">Zachowaj do <span class=\"value\">30%<\/span><\/span><p class=\"plan-price\"><span class=\"value\">$22.95<\/span> \/ <span class=\"duration\">Miesi\u0105c<\/span><\/p><a class=\"get-started-btn\" href=\"#\">Rozpocznij<\/a><label class=\"custom-checkbox-label recurring-payments\" for=\"recurring_payments_light\"><span class=\"custom-checkbox\"><\/span><span class=\"custom-checkbox-title\">Okresowe p\u0142atno\u015bci<\/span> <input checked=\"\" id=\"recurring_payments_light\" name=\"recurring-payments-light\" type=\"checkbox\"\/><\/label><span class=\"sep\"><\/span><\/div>\r\n<div class=\"item-footer\">\r\n<ul>\r\n<li class=\"available\"><span class=\"highlighted\">1<\/span> Przes\u0142anie do sprawdzenia na plagiaty *<\/li>\r\n<li class=\"available\"><span class=\"highlighted\">1<\/span> Przes\u0142anie z u\u017cyciem AI *<\/li>\r\n<li class=\"available\"><span class=\"highlighted\">Nieograniczona<\/span> Ramy czasowe (dni)<\/li>\r\n<li class=\"unavailable\"><span class=\"highlighted\">365<\/span> Ramy czasowe (dni)<\/li>\r\n<li class=\"unavailable\">Wyszukiwanie tekstu AI<\/li><\/ul><\/div>\r\n<\/div>\r\n<div class=\"pricing-plan-item standatd selected\">\r\n<div class=\"item-header\"><span class=\"plan-title\">Standartowy<\/span>\r\n<div class=\"plan-price-per-word\">\r\n<p class=\"price\"><span class=\"value\">$0.12<\/span> za<\/p>\r\n<p class=\"words-count\">1000 s\u0142\u00f3w<\/p><\/div><\/div>\r\n<div class=\"item-main\">\r\n<span class=\"save-up-to-label\">Zachowaj do <span class=\"value\">30%<\/span><\/span>\r\n<p class=\"plan-price\"><span class=\"value\">$34.95<\/span> \/ <span class=\"duration\">Miesi\u0105c<\/span><\/p><a class=\"get-started-btn\" href=\"#\">Rozpocznij<\/a><label class=\"custom-checkbox-label recurring-payments\" for=\"recurring_payments_standatd\"><span class=\"custom-checkbox\"><\/span><span class=\"custom-checkbox-title\">Cz\u0119\u015bciowe p\u0142atno\u015bci<\/span><input checked=\"\" id=\"recurring_payments_standatd\" name=\"recurring-payments-standatd\" type=\"checkbox\"\/><\/label><span class=\"sep\"><\/span><\/div>\r\n<div class=\"item-footer\">\r\n<ul>\r\n<li class=\"available\"><span class=\"highlighted\">1<\/span> Zg\u0142oszenie do sprawdzenia plagiatu *<\/li>\r\n<li class=\"available\"><span class=\"highlighted\">1<\/span> Zg\u0142oszenie do AI *<\/li>\r\n<li class=\"available\"><span class=\"highlighted\">Bezlimitowy<\/span> Ramy czasowe (dni)<\/li>\r\n<li class=\"unavailable\"><span class=\"highlighted\">365<\/span> Ramy czasowe (dni)<\/li>\r\n<li class=\"unavailable\">Poszukaj tekstu AI<\/li><\/ul><\/div><\/div>\r\n<div class=\"pricing-plan-item premium\">\r\n<div class=\"item-header\">\r\n<span class=\"plan-title\">Premium<\/span>\r\n<div class=\"plan-price-per-word\">\r\n<p class=\"price\"><span class=\"value\">$0.09<\/span> na<\/p>\r\n<p class=\"words-count\">1000 s\u0142\u00f3w<\/p>\r\n<\/div>\r\n<\/div>\r\n<div class=\"item-main\"><span class=\"save-up-to-label\">Zachowaj do <span class=\"value\">30%<\/span><\/span><p class=\"plan-price\"><span class=\"value\">$54.95<\/span> \/ <span class=\"duration\">Miesi\u0105c<\/span><\/p><a class=\"get-started-btn\" href=\"#\">Rozpocznij<\/a><label class=\"custom-checkbox-label recurring-payments\" for=\"recurring_payments_premium\"><span class=\"custom-checkbox\"><\/span> <span class=\"custom-checkbox-title\">Powtarzaj\u0105ce si\u0119 p\u0142atno\u015bci<\/span><input checked=\"\" id=\"recurring_payments_premium\" name=\"recurring-payments-premium\" type=\"checkbox\"\/><\/label> <span class=\"sep\"><\/span><\/div>\r\n<div class=\"item-footer\">\r\n<ul>\r\n<li class=\"available\"><span class=\"highlighted\">1<\/span> Zg\u0142oszenie do sprawdzenia plagiatu *<\/li>\r\n<li class=\"available\"><span class=\"highlighted\">1<\/span> Zg\u0142oszenie AI *<\/li>\r\n<li class=\"available\"><span class=\"highlighted\">Nieograniczona<\/span> Ramka czasowa (dni)<\/li>\r\n<li class=\"unavailable\"><span class=\"highlighted\">365<\/span> Ramka czasowa (dni)<\/li>\r\n<li class=\"unavailable\">Wyszukiwanie tekstu AI<\/li><\/ul><\/div><\/div><\/div><\/div><\/div><\/div><\/div><\/div><\/div><\/div><\/div>\r\n<\/section>\r\n<section class=\"faq\">\r\n<div class=\"container-fluid\">\r\n<div class=\"container\">\r\n<div class=\"row\">\r\n<div class=\"col-12\">\r\n<div class=\"faq-content\">\r\n<div class=\"faq-text-block\">\r\n<p class=\"faq-text-top\">Cz\u0119sto zadawane pytania<\/p>\r\n<p class=\"faq-text-title\">Potrzebujesz wi\u0119cej informacji o UniqeCheck.com?<\/p>\r\n<p class=\"faq-text-subtitle\">Przeanalizowali\u015bmy i odpowiedzieli\u015bmy na najcz\u0119stsze pytania, jakie u\u017cytkownicy maj\u0105 dotycz\u0105ce naszych narz\u0119dzi wykrywania plagiat\u00f3w i analizy AI.<\/p>\r\n<div class=\"different-question-block\"><img decoding=\"async\" alt=\"FAQ\" class=\"faq-icon\" src=\"\/wp-content\/themes\/main\/images\/faq-icon.svg\"\/>\r\n<p class=\"title\">Masz inne pytanie?<\/p>\r\n<p class=\"subtitle\">Skontaktuj si\u0119 z naszym zespo\u0142em wsparcia, je\u015bli nie znalaz\u0142e\u015b odpowiedzi, kt\u00f3r\u0105 szukasz!<\/p><a class=\"contact-support-btn custom-btn cb-white\" href=\"\/contact-us\/\">Skontaktuj si\u0119 z zespo\u0142em wsparcia<\/a><\/div><\/div>    <div class=\"faq-questions-block\">\n                <div class=\"faq-accordion\" id=\"faq_accordion\">\n                            <div class=\"faq-accordion-item item-1\">\n                    <button class=\"faq-accordion-question collapsed\" type=\"button\" data-bs-toggle=\"collapse\" data-bs-target=\"#faq_accordion_1\" aria-expanded=\"false\" aria-controls=\"faq_accordion_1\">Czy mog\u0119 sprawdzi\u0107, czy m\u00f3j tekst zosta\u0142 wygenerowany przez AI?<\/button>\n                    <div id=\"faq_accordion_1\" class=\"faq-accordion-answer accordion-collapse collapse\" data-bs-parent=\"#faq_accordion\">\n                        <p class=\"answer-text\">Tak, jeste\u015bmy jednym z lider\u00f3w us\u0142ug wykrywania tre\u015bci generowanych przez sztuczn\u0105 inteligencj\u0119.<\/p>\n                    <\/div>\n                <\/div>\n                            <div class=\"faq-accordion-item item-2\">\n                    <button class=\"faq-accordion-question collapsed\" type=\"button\" data-bs-toggle=\"collapse\" data-bs-target=\"#faq_accordion_2\" aria-expanded=\"false\" aria-controls=\"faq_accordion_2\">Czy wyniki s\u0105 dok\u0142adne?<\/button>\n                    <div id=\"faq_accordion_2\" class=\"faq-accordion-answer accordion-collapse collapse\" data-bs-parent=\"#faq_accordion\">\n                        <p class=\"answer-text\">Oczywi\u015bcie. Nasze narz\u0119dzie dostarcza bardzo precyzyjne i niezawodne raporty, zapewniaj\u0105c pewno\u015b\u0107 co do autentyczno\u015bci Twojego tre\u015bci.<\/p>\n                    <\/div>\n                <\/div>\n                            <div class=\"faq-accordion-item item-3\">\n                    <button class=\"faq-accordion-question collapsed\" type=\"button\" data-bs-toggle=\"collapse\" data-bs-target=\"#faq_accordion_3\" aria-expanded=\"false\" aria-controls=\"faq_accordion_3\">Czy Twoje narz\u0119dzie mo\u017ce by\u0107 zintegrowane z innymi systemami?<\/button>\n                    <div id=\"faq_accordion_3\" class=\"faq-accordion-answer accordion-collapse collapse\" data-bs-parent=\"#faq_accordion\">\n                        <p class=\"answer-text\">Tak, oferujemy integracj\u0119 za pomoc\u0105 API dla p\u0142ynnego u\u017cytkowania z innymi platformami.<\/p>\n                    <\/div>\n                <\/div>\n                            <div class=\"faq-accordion-item item-4\">\n                    <button class=\"faq-accordion-question collapsed\" type=\"button\" data-bs-toggle=\"collapse\" data-bs-target=\"#faq_accordion_4\" aria-expanded=\"false\" aria-controls=\"faq_accordion_4\">Czy moje dane i przesy\u0142ane teksty s\u0105 bezpieczne?<\/button>\n                    <div id=\"faq_accordion_4\" class=\"faq-accordion-answer accordion-collapse collapse\" data-bs-parent=\"#faq_accordion\">\n                        <p class=\"answer-text\">Tak, priorytetem jest Twoja prywatno\u015b\u0107. Nasza platforma nie zbiera ani przechowuje danych ani tekst\u00f3w.<\/p>\n                    <\/div>\n                <\/div>\n                            <div class=\"faq-accordion-item item-5\">\n                    <button class=\"faq-accordion-question collapsed\" type=\"button\" data-bs-toggle=\"collapse\" data-bs-target=\"#faq_accordion_5\" aria-expanded=\"false\" aria-controls=\"faq_accordion_5\">Czy mog\u0119 sprawdza\u0107 dokumenty w r\u00f3\u017cnych formatach?<\/button>\n                    <div id=\"faq_accordion_5\" class=\"faq-accordion-answer accordion-collapse collapse\" data-bs-parent=\"#faq_accordion\">\n                        <p class=\"answer-text\">Tak, nasze narz\u0119dzia wspieraj\u0105 r\u00f3\u017cne formaty, w tym PDF, Word, TXT oraz bezpo\u015brednie wklejanie tekstu do platformy.<\/p>\n                    <\/div>\n                <\/div>\n                            <div class=\"faq-accordion-item item-6\">\n                    <button class=\"faq-accordion-question collapsed\" type=\"button\" data-bs-toggle=\"collapse\" data-bs-target=\"#faq_accordion_6\" aria-expanded=\"false\" aria-controls=\"faq_accordion_6\">Czy mog\u0119 u\u017cywa\u0107 tego sprawdzacza na urz\u0105dzeniach mobilnych?<\/button>\n                    <div id=\"faq_accordion_6\" class=\"faq-accordion-answer accordion-collapse collapse\" data-bs-parent=\"#faq_accordion\">\n                        <p class=\"answer-text\">Tak, nasza platforma jest zoptymalizowana pod k\u0105tem u\u017cytkowania mobilnego, oferuj\u0105c wygod\u0119 i dost\u0119pno\u015b\u0107 w podr\u00f3\u017cy.<\/p>\n                    <\/div>\n                <\/div>\n                            <div class=\"faq-accordion-item item-7\">\n                    <button class=\"faq-accordion-question collapsed\" type=\"button\" data-bs-toggle=\"collapse\" data-bs-target=\"#faq_accordion_7\" aria-expanded=\"false\" aria-controls=\"faq_accordion_7\">Czy wspierasz wiele j\u0119zyk\u00f3w?<\/button>\n                    <div id=\"faq_accordion_7\" class=\"faq-accordion-answer accordion-collapse collapse\" data-bs-parent=\"#faq_accordion\">\n                        <p class=\"answer-text\">Tak, nasze narz\u0119dzie zosta\u0142o zaprojektowane tak, aby pomie\u015bci\u0107 u\u017cytkownik\u00f3w z ca\u0142ego \u015bwiata dzi\u0119ki obs\u0142udze r\u00f3\u017cnych j\u0119zyk\u00f3w.<\/p>\n                    <\/div>\n                <\/div>\n                            <div class=\"faq-accordion-item item-8\">\n                    <button class=\"faq-accordion-question collapsed\" type=\"button\" data-bs-toggle=\"collapse\" data-bs-target=\"#faq_accordion_8\" aria-expanded=\"false\" aria-controls=\"faq_accordion_8\">Ile czasu zajmuje sprawdzenie dokumentu?<\/button>\n                    <div id=\"faq_accordion_8\" class=\"faq-accordion-answer accordion-collapse collapse\" data-bs-parent=\"#faq_accordion\">\n                        <p class=\"answer-text\">Proces jest niezwykle szybki, a wyniki zazwyczaj s\u0105 dost\u0119pne w ci\u0105gu kilku minut.<\/p>\n                    <\/div>\n                <\/div>\n                            <div class=\"faq-accordion-item item-9\">\n                    <button class=\"faq-accordion-question collapsed\" type=\"button\" data-bs-toggle=\"collapse\" data-bs-target=\"#faq_accordion_9\" aria-expanded=\"false\" aria-controls=\"faq_accordion_9\">Czy mog\u0119 sprawdza\u0107 wiele tekst\u00f3w jednocze\u015bnie?<\/button>\n                    <div id=\"faq_accordion_9\" class=\"faq-accordion-answer accordion-collapse collapse\" data-bs-parent=\"#faq_accordion\">\n                        <p class=\"answer-text\">Tak, mo\u017cesz jednocze\u015bnie przes\u0142a\u0107 kilka dokument\u00f3w, oszcz\u0119dzaj\u0105c czas i wysi\u0142ek.<\/p>\n                    <\/div>\n                <\/div>\n                            <div class=\"faq-accordion-item item-10\">\n                    <button class=\"faq-accordion-question collapsed\" type=\"button\" data-bs-toggle=\"collapse\" data-bs-target=\"#faq_accordion_10\" aria-expanded=\"false\" aria-controls=\"faq_accordion_10\">Aktualizujesz swoje narz\u0119dzia?<\/button>\n                    <div id=\"faq_accordion_10\" class=\"faq-accordion-answer accordion-collapse collapse\" data-bs-parent=\"#faq_accordion\">\n                        <p class=\"answer-text\">Tak, nasze algorytmy s\u0105 ci\u0105gle ulepszane za pomoc\u0105 regularnych aktualizacji w celu poprawy wydajno\u015bci i dok\u0142adno\u015bci.<\/p>\n                    <\/div>\n                <\/div>\n                            <div class=\"faq-accordion-item item-11\">\n                    <button class=\"faq-accordion-question collapsed\" type=\"button\" data-bs-toggle=\"collapse\" data-bs-target=\"#faq_accordion_11\" aria-expanded=\"false\" aria-controls=\"faq_accordion_11\">Kt\u00f3re \u017ar\u00f3d\u0142a analizuje Tw\u00f3j system?<\/button>\n                    <div id=\"faq_accordion_11\" class=\"faq-accordion-answer accordion-collapse collapse\" data-bs-parent=\"#faq_accordion\">\n                        <p class=\"answer-text\">Przegl\u0105damy publikacje akademickie, strony internetowe i wy\u0142\u0105czne bazy danych, aby zapewni\u0107 kompleksowe i dok\u0142adne wyniki.<\/p>\n                    <\/div>\n                <\/div>\n                            <div class=\"faq-accordion-item item-12\">\n                    <button class=\"faq-accordion-question collapsed\" type=\"button\" data-bs-toggle=\"collapse\" data-bs-target=\"#faq_accordion_12\" aria-expanded=\"false\" aria-controls=\"faq_accordion_12\">Czy istnieje ograniczenie rozmiaru dokument\u00f3w?<\/button>\n                    <div id=\"faq_accordion_12\" class=\"faq-accordion-answer accordion-collapse collapse\" data-bs-parent=\"#faq_accordion\">\n                        <p class=\"answer-text\">Nie, nasze narz\u0119dzie mo\u017ce obs\u0142ugiwa\u0107 zar\u00f3wno ma\u0142e teksty, jak i wi\u0119ksze dokumenty bez ogranicze\u0144.<\/p>\n                    <\/div>\n                <\/div>\n                            <div class=\"faq-accordion-item item-13\">\n                    <button class=\"faq-accordion-question collapsed\" type=\"button\" data-bs-toggle=\"collapse\" data-bs-target=\"#faq_accordion_13\" aria-expanded=\"false\" aria-controls=\"faq_accordion_13\">Czy jest dost\u0119pny darmowy okres pr\u00f3bny?<\/button>\n                    <div id=\"faq_accordion_13\" class=\"faq-accordion-answer accordion-collapse collapse\" data-bs-parent=\"#faq_accordion\">\n                        <p class=\"answer-text\">Tak, oferujemy bezp\u0142atny okres pr\u00f3bny dla u\u017cytkownik\u00f3w, kt\u00f3rzy chc\u0105 zapozna\u0107 si\u0119 z nasz\u0105 platform\u0105 i jej funkcjami.<\/p>\n                    <\/div>\n                <\/div>\n                    <\/div>\n    <\/div>\n    <\/div><\/div><\/div><\/div>\r\n<\/div><\/section>","protected":false,"raw":"<section class=\"pricing-page-main-block\">\r\n<div class=\"container-fluid\">\r\n<div class=\"container\">\r\n<div class=\"row\">\r\n<div class=\"col-12\">\r\n<div class=\"pricing-main-block-content\">\r\n<div class=\"ps-widget-container\" data-ps-widget-name=\"Prices\" data-ps-widget-options=\"{}\">\r\n<p class=\"top-text\">Wybierz opcje cenowe<\/p>\r\n<h1 class=\"page-title\">Brak ukrytych op\u0142at za dok\u0142adne wykrywanie plagiat\u00f3w i sztucznej inteligencji<\/h1>\r\n<div class=\"pricing-block\">\r\n<div class=\"pricing-plan-duration\">\r\n<button class=\"pricing-plan-duration-item one-time active\" type=\"button\">Jednorazowa<\/button>\r\n<button class=\"pricing-plan-duration-item monthly\" type=\"button\">Miesi\u0119czna<\/button>\r\n<button class=\"pricing-plan-duration-item 3-months\" type=\"button\">3 miesi\u0105ce<\/button>\r\n<button class=\"pricing-plan-duration-item yearly\" type=\"button\">Rocznie<\/button>\r\n<\/div>\r\n<div class=\"pricing-plan-items-wrapper\">\r\n<div class=\"pricing-plan-items\">\r\n<div class=\"pricing-plan-item light\">\r\n<div class=\"item-header\"><span class=\"plan-title\">Light<\/span><div class=\"plan-price-per-word\">\r\n<p class=\"price\"><span class=\"value\">$0.23<\/span> za<\/p>\r\n<p class=\"words-count\">1000 s\u0142\u00f3w<\/p><\/div><\/div>\r\n<div class=\"item-main\">\r\n<span class=\"save-up-to-label\">Zachowaj do <span class=\"value\">30%<\/span><\/span><p class=\"plan-price\"><span class=\"value\">$22.95<\/span> \/ <span class=\"duration\">Miesi\u0105c<\/span><\/p><a class=\"get-started-btn\" href=\"#\">Rozpocznij<\/a><label class=\"custom-checkbox-label recurring-payments\" for=\"recurring_payments_light\"><span class=\"custom-checkbox\"><\/span><span class=\"custom-checkbox-title\">Okresowe p\u0142atno\u015bci<\/span> <input checked=\"\" id=\"recurring_payments_light\" name=\"recurring-payments-light\" type=\"checkbox\"\/><\/label><span class=\"sep\"><\/span><\/div>\r\n<div class=\"item-footer\">\r\n<ul>\r\n<li class=\"available\"><span class=\"highlighted\">1<\/span> Przes\u0142anie do sprawdzenia na plagiaty *<\/li>\r\n<li class=\"available\"><span class=\"highlighted\">1<\/span> Przes\u0142anie z u\u017cyciem AI *<\/li>\r\n<li class=\"available\"><span class=\"highlighted\">Nieograniczona<\/span> Ramy czasowe (dni)<\/li>\r\n<li class=\"unavailable\"><span class=\"highlighted\">365<\/span> Ramy czasowe (dni)<\/li>\r\n<li class=\"unavailable\">Wyszukiwanie tekstu AI<\/li><\/ul><\/div>\r\n<\/div>\r\n<div class=\"pricing-plan-item standatd selected\">\r\n<div class=\"item-header\"><span class=\"plan-title\">Standartowy<\/span>\r\n<div class=\"plan-price-per-word\">\r\n<p class=\"price\"><span class=\"value\">$0.12<\/span> za<\/p>\r\n<p class=\"words-count\">1000 s\u0142\u00f3w<\/p><\/div><\/div>\r\n<div class=\"item-main\">\r\n<span class=\"save-up-to-label\">Zachowaj do <span class=\"value\">30%<\/span><\/span>\r\n<p class=\"plan-price\"><span class=\"value\">$34.95<\/span> \/ <span class=\"duration\">Miesi\u0105c<\/span><\/p><a class=\"get-started-btn\" href=\"#\">Rozpocznij<\/a><label class=\"custom-checkbox-label recurring-payments\" for=\"recurring_payments_standatd\"><span class=\"custom-checkbox\"><\/span><span class=\"custom-checkbox-title\">Cz\u0119\u015bciowe p\u0142atno\u015bci<\/span><input checked=\"\" id=\"recurring_payments_standatd\" name=\"recurring-payments-standatd\" type=\"checkbox\"\/><\/label><span class=\"sep\"><\/span><\/div>\r\n<div class=\"item-footer\">\r\n<ul>\r\n<li class=\"available\"><span class=\"highlighted\">1<\/span> Zg\u0142oszenie do sprawdzenia plagiatu *<\/li>\r\n<li class=\"available\"><span class=\"highlighted\">1<\/span> Zg\u0142oszenie do AI *<\/li>\r\n<li class=\"available\"><span class=\"highlighted\">Bezlimitowy<\/span> Ramy czasowe (dni)<\/li>\r\n<li class=\"unavailable\"><span class=\"highlighted\">365<\/span> Ramy czasowe (dni)<\/li>\r\n<li class=\"unavailable\">Poszukaj tekstu AI<\/li><\/ul><\/div><\/div>\r\n<div class=\"pricing-plan-item premium\">\r\n<div class=\"item-header\">\r\n<span class=\"plan-title\">Premium<\/span>\r\n<div class=\"plan-price-per-word\">\r\n<p class=\"price\"><span class=\"value\">$0.09<\/span> na<\/p>\r\n<p class=\"words-count\">1000 s\u0142\u00f3w<\/p>\r\n<\/div>\r\n<\/div>\r\n<div class=\"item-main\"><span class=\"save-up-to-label\">Zachowaj do <span class=\"value\">30%<\/span><\/span><p class=\"plan-price\"><span class=\"value\">$54.95<\/span> \/ <span class=\"duration\">Miesi\u0105c<\/span><\/p><a class=\"get-started-btn\" href=\"#\">Rozpocznij<\/a><label class=\"custom-checkbox-label recurring-payments\" for=\"recurring_payments_premium\"><span class=\"custom-checkbox\"><\/span> <span class=\"custom-checkbox-title\">Powtarzaj\u0105ce si\u0119 p\u0142atno\u015bci<\/span><input checked=\"\" id=\"recurring_payments_premium\" name=\"recurring-payments-premium\" type=\"checkbox\"\/><\/label> <span class=\"sep\"><\/span><\/div>\r\n<div class=\"item-footer\">\r\n<ul>\r\n<li class=\"available\"><span class=\"highlighted\">1<\/span> Zg\u0142oszenie do sprawdzenia plagiatu *<\/li>\r\n<li class=\"available\"><span class=\"highlighted\">1<\/span> Zg\u0142oszenie AI *<\/li>\r\n<li class=\"available\"><span class=\"highlighted\">Nieograniczona<\/span> Ramka czasowa (dni)<\/li>\r\n<li class=\"unavailable\"><span class=\"highlighted\">365<\/span> Ramka czasowa (dni)<\/li>\r\n<li class=\"unavailable\">Wyszukiwanie tekstu AI<\/li><\/ul><\/div><\/div><\/div><\/div><\/div><\/div><\/div><\/div><\/div><\/div><\/div>\r\n<\/section>\r\n<section class=\"faq\">\r\n<div class=\"container-fluid\">\r\n<div class=\"container\">\r\n<div class=\"row\">\r\n<div class=\"col-12\">\r\n<div class=\"faq-content\">\r\n<div class=\"faq-text-block\">\r\n<p class=\"faq-text-top\">Cz\u0119sto zadawane pytania<\/p>\r\n<p class=\"faq-text-title\">Potrzebujesz wi\u0119cej informacji o UniqeCheck.com?<\/p>\r\n<p class=\"faq-text-subtitle\">Przeanalizowali\u015bmy i odpowiedzieli\u015bmy na najcz\u0119stsze pytania, jakie u\u017cytkownicy maj\u0105 dotycz\u0105ce naszych narz\u0119dzi wykrywania plagiat\u00f3w i analizy AI.<\/p>\r\n<div class=\"different-question-block\"><img alt=\"FAQ\" class=\"faq-icon\" src=\"\/wp-content\/themes\/main\/images\/faq-icon.svg\"\/>\r\n<p class=\"title\">Masz inne pytanie?<\/p>\r\n<p class=\"subtitle\">Skontaktuj si\u0119 z naszym zespo\u0142em wsparcia, je\u015bli nie znalaz\u0142e\u015b odpowiedzi, kt\u00f3r\u0105 szukasz!<\/p><a class=\"contact-support-btn custom-btn cb-white\" href=\"\/contact-us\/\">Skontaktuj si\u0119 z zespo\u0142em wsparcia<\/a><\/div><\/div>[faq_questions]<\/div><\/div><\/div><\/div>\r\n<\/div><\/section>"},"excerpt":{"rendered":"Wybierz opcje cenowe \nBrak ukrytych op\u0142at za dok\u0142adne wykrywanie plagiat\u00f3w i sztucznej inteligencji \nJednorazowaMiesi\u0119czna3 miesi\u0105ceRocznie Light $0.23 na 1000 s\u0142\u00f3w\nZachowaj do 30% $22.95 \/ miesi\u0105c Rozpocznij\nP\u0142atno\u015bci cykliczne \n1 Raport o plagiatach * \n1 Raport o sztucznej inteligencji *\nNieograniczony Termin (dni) 365\nSzukaj tekstu generowanego przez AI \nStandart $0.12 na 1000 s\u0142\u00f3w Zachowaj do.","protected":false,"raw":"Wybierz opcje cenowe \nBrak ukrytych op\u0142at za dok\u0142adne wykrywanie plagiat\u00f3w i sztucznej inteligencji \nJednorazowaMiesi\u0119czna3 miesi\u0105ceRocznie Light $0.23 na 1000 s\u0142\u00f3w\nZachowaj do 30% $22.95 \/ miesi\u0105c Rozpocznij\nP\u0142atno\u015bci cykliczne \n1 Raport o plagiatach * \n1 Raport o sztucznej inteligencji *\nNieograniczony Termin (dni) 365\nSzukaj tekstu generowanego przez AI \nStandart $0.12 na 1000 s\u0142\u00f3w Zachowaj do."},"author":1,"featured_media":0,"parent":0,"menu_order":0,"comment_status":"closed","ping_status":"closed","template":"tpl-landing.php","meta":{"_aioseo_title":null,"_aioseo_description":null,"_locale":"pl_PL","_original_post":"https:\/\/uniqecheck.com\/?page_id=10","footnotes":""},"class_list":["post-266","page","type-page","status-publish","hentry","pl-PL"],"aioseo_notices":[],"_links":{"self":[{"href":"https:\/\/uniqecheck.com\/wp-json\/wp\/v2\/pages\/266","targetHints":{"allow":["GET"]}}],"collection":[{"href":"https:\/\/uniqecheck.com\/wp-json\/wp\/v2\/pages"}],"about":[{"href":"https:\/\/uniqecheck.com\/wp-json\/wp\/v2\/types\/page"}],"author":[{"embeddable":true,"href":"https:\/\/uniqecheck.com\/wp-json\/wp\/v2\/users\/1"}],"replies":[{"embeddable":true,"href":"https:\/\/uniqecheck.com\/wp-json\/wp\/v2\/comments?post=266"}],"version-history":[{"count":4,"href":"https:\/\/uniqecheck.com\/wp-json\/wp\/v2\/pages\/266\/revisions"}],"predecessor-version":[{"id":777,"href":"https:\/\/uniqecheck.com\/wp-json\/wp\/v2\/pages\/266\/revisions\/777"}],"wp:attachment":[{"href":"https:\/\/uniqecheck.com\/wp-json\/wp\/v2\/media?parent=266"}],"curies":[{"name":"wp","href":"https:\/\/api.w.org\/{rel}","templated":true}]}}