{"id":260,"date":"2025-04-03T20:35:17","date_gmt":"2025-04-03T20:35:17","guid":{"rendered":"https:\/\/uniqecheck.com\/?page_id=260","raw":"https:\/\/uniqecheck.com\/?page_id=260"},"modified":"2025-07-22T12:49:26","modified_gmt":"2025-07-22T12:49:26","slug":"pricing","status":"publish","type":"page","link":"https:\/\/uniqecheck.com\/it\/pricing\/","title":{"rendered":"Prezzi","raw":"Prezzi"},"content":{"rendered":"<section class=\"pricing-page-main-block\">\r\n<div class=\"container-fluid\">\r\n<div class=\"container\">\r\n<div class=\"row\">\r\n<div class=\"col-12\">\r\n<div class=\"pricing-main-block-content\">\r\n<div class=\"ps-widget-container\" data-ps-widget-name=\"Prices\" data-ps-widget-options=\"{}\">\r\n<p class=\"top-text\">Scegli le tue opzioni di prezzo<\/p>\r\n<h1 class=\"page-title\">Senza costi nascosti per rilevamento preciso di plagio e &#8211; rilevamento AI<\/h1>\r\n<div class=\"pricing-block\">\r\n<div class=\"pricing-plan-duration\">\r\n<button class=\"pricing-plan-duration-item one-time active\" type=\"button\">Una tantum<\/button><button class=\"pricing-plan-duration-item monthly\" type=\"button\">Mensile<\/button><button class=\"pricing-plan-duration-item 3-months\" type=\"button\">Trimestrale<\/button><button class=\"pricing-plan-duration-item yearly\" type=\"button\">Annuale<\/button>\r\n<\/div>\r\n<div class=\"pricing-plan-items-wrapper\">\r\n<div class=\"pricing-plan-items\">\r\n<div class=\"pricing-plan-item light\">\r\n<div class=\"item-header\"><span class=\"plan-title\">Light<\/span><div class=\"plan-price-per-word\">\r\n<p class=\"price\"><span class=\"value\">$0.23<\/span> per<\/p>\r\n<p class=\"words-count\">1000 words<\/p><\/div><\/div>\r\n<div class=\"item-main\">\r\n<span class=\"save-up-to-label\">Risparmia fino al <span class=\"value\">30%<\/span><\/span><p class=\"plan-price\"><span class=\"value\">$22.95<\/span> \/ <span class=\"duration\">Mese<\/span><\/p><a class=\"get-started-btn\" href=\"#\">Parti ora<\/a><label class=\"custom-checkbox-label recurring-payments\" for=\"recurring_payments_light\"><span class=\"custom-checkbox\"><\/span><span class=\"custom-checkbox-title\">Pagamenti ricorrenti<\/span> <input checked=\"\" id=\"recurring_payments_light\" name=\"recurring-payments-light\" type=\"checkbox\"\/><\/label><span class=\"sep\"><\/span><\/div>\r\n<div class=\"item-footer\">\r\n<ul>\r\n<li class=\"available\"><span class=\"highlighted\">1<\/span> Invio Plagio *<\/li>\r\n<li class=\"available\"><span class=\"highlighted\">1<\/span> Invio AI *<\/li>\r\n<li class=\"available\"><span class=\"highlighted\">Illimitato<\/span> Periodo (giorni)<\/li>\r\n<li class=\"unavailable\"><span class=\"highlighted\">365<\/span> Periodo (giorni)<\/li>\r\n<li class=\"unavailable\">Cerca testo AI<\/li><\/ul><\/div><\/div>\r\n<div class=\"pricing-plan-item standatd selected\">\r\n<div class=\"item-header\"><span class=\"plan-title\">Standard<\/span>\r\n<div class=\"plan-price-per-word\">\r\n<p class=\"price\"><span class=\"value\">$0.12<\/span> per<\/p>\r\n<p class=\"words-count\">1000 words<\/p><\/div><\/div>\r\n<div class=\"item-main\">\r\n<span class=\"save-up-to-label\">Risparmia fino al <span class=\"value\">30%<\/span><\/span>\r\n<p class=\"plan-price\"><span class=\"value\">$34.95<\/span> \/ <span class=\"duration\">Mese<\/span><\/p><a class=\"get-started-btn\" href=\"#\">Inizia ora<\/a><label class=\"custom-checkbox-label recurring-payments\" for=\"recurring_payments_standatd\"><span class=\"custom-checkbox\"><\/span><span class=\"custom-checkbox-title\">Pagamenti ricorrenti<\/span><input checked=\"\" id=\"recurring_payments_standatd\" name=\"recurring-payments-standatd\" type=\"checkbox\"\/><\/label><span class=\"sep\"><\/span><\/div>\r\n<div class=\"item-footer\">\r\n<ul>\r\n<li class=\"available\"><span class=\"highlighted\">1<\/span> Invio Plagio *<\/li>\r\n<li class=\"available\"><span class=\"highlighted\">1<\/span> Invio AI *<\/li>\r\n<li class=\"available\"><span class=\"highlighted\">Illimitato<\/span> Scadenza (giorni)<\/li>\r\n<li class=\"unavailable\"><span class=\"highlighted\">365<\/span> Scadenza (giorni)<\/li>\r\n<li class=\"unavailable\">Cerca testo AI<\/li><\/ul><\/div><\/div>\r\n<div class=\"pricing-plan-item premium\">\r\n<div class=\"item-header\">\r\n<span class=\"plan-title\">Premium<\/span>\r\n<div class=\"plan-price-per-word\">\r\n<p class=\"price\"><span class=\"value\">$0.09<\/span> per<\/p>\r\n<p class=\"words-count\">1000 words<\/p>\r\n<\/div>\r\n<\/div>\r\n<div class=\"item-main\"><span class=\"save-up-to-label\">Save up to <span class=\"value\">30%<\/span><\/span><p class=\"plan-price\"><span class=\"value\">$54.95<\/span> \/ <span class=\"duration\">Month<\/span><\/p><a class=\"get-started-btn\" href=\"#\">Get Started<\/a><label class=\"custom-checkbox-label recurring-payments\" for=\"recurring_payments_premium\"><span class=\"custom-checkbox\"><\/span> <span class=\"custom-checkbox-title\">Recurring payments<\/span><input checked=\"\" id=\"recurring_payments_premium\" name=\"recurring-payments-premium\" type=\"checkbox\"\/><\/label> <span class=\"sep\"><\/span><\/div>\r\n<div class=\"item-footer\">\r\n<ul>\r\n<li class=\"available\"><span class=\"highlighted\">1<\/span> Plagiarism submission *<\/li>\r\n<li class=\"available\"><span class=\"highlighted\">1<\/span> AI submission *<\/li>\r\n<li class=\"available\"><span class=\"highlighted\">Unlimited<\/span> Time frame (days)<\/li>\r\n<li class=\"unavailable\"><span class=\"highlighted\">365<\/span> Time frame (days)<\/li>\r\n<li class=\"unavailable\">Search for AI text<\/li><\/ul><\/div><\/div><\/div><\/div><\/div><\/div><\/div><\/div><\/div><\/div><\/div>\r\n<\/section>\r\n<section class=\"faq\">\r\n<div class=\"container-fluid\">\r\n<div class=\"container\">\r\n<div class=\"row\">\r\n<div class=\"col-12\">\r\n<div class=\"faq-content\">\r\n<div class=\"faq-text-block\">\r\n<p class=\"faq-text-top\">Domande frequenti<\/p>\r\n<p class=\"faq-text-title\">Hai bisogno di pi\u00f9 informazioni su UniqeCheck.com?<\/p>\r\n<p class=\"faq-text-subtitle\">Abbiamo esaminato e risposto alle domande pi\u00f9 comuni che gli utenti hanno sui nostri strumenti per la rilevazione del plagio e l&#8217;analisi AI.<\/p>\r\n<div class=\"different-question-block\"><img decoding=\"async\" alt=\"FAQ\" class=\"faq-icon\" src=\"\/wp-content\/themes\/main\/images\/faq-icon.svg\"\/>\r\n<p class=\"title\">Hai un&#8217;altra domanda?<\/p>\r\n<p class=\"subtitle\">Contatta il nostro team di supporto se non trovi la risposta che cerchi!<\/p><a class=\"contact-support-btn custom-btn cb-white\" href=\"\/contact-us\/\">Contatta il team di supporto<\/a><\/div><\/div>    <div class=\"faq-questions-block\">\n                <div class=\"faq-accordion\" id=\"faq_accordion\">\n                            <div class=\"faq-accordion-item item-1\">\n                    <button class=\"faq-accordion-question collapsed\" type=\"button\" data-bs-toggle=\"collapse\" data-bs-target=\"#faq_accordion_1\" aria-expanded=\"false\" aria-controls=\"faq_accordion_1\">Posso verificare se il mio testo \u00e8 stato generato dall&#039;IA?<\/button>\n                    <div id=\"faq_accordion_1\" class=\"faq-accordion-answer accordion-collapse collapse\" data-bs-parent=\"#faq_accordion\">\n                        <p class=\"answer-text\">S\u00ec, siamo uno dei principali servizi per rilevare contenuti generati dall&#039;IA.<\/p>\n                    <\/div>\n                <\/div>\n                            <div class=\"faq-accordion-item item-2\">\n                    <button class=\"faq-accordion-question collapsed\" type=\"button\" data-bs-toggle=\"collapse\" data-bs-target=\"#faq_accordion_2\" aria-expanded=\"false\" aria-controls=\"faq_accordion_2\">I risultati sono accurati?<\/button>\n                    <div id=\"faq_accordion_2\" class=\"faq-accordion-answer accordion-collapse collapse\" data-bs-parent=\"#faq_accordion\">\n                        <p class=\"answer-text\">Assolutamente. Il nostro strumento fornisce rapporti altamente precisi e affidabili, offrendo fiducia nell&#039;autenticit\u00e0 del tuo contenuto.<\/p>\n                    <\/div>\n                <\/div>\n                            <div class=\"faq-accordion-item item-3\">\n                    <button class=\"faq-accordion-question collapsed\" type=\"button\" data-bs-toggle=\"collapse\" data-bs-target=\"#faq_accordion_3\" aria-expanded=\"false\" aria-controls=\"faq_accordion_3\">Il tuo strumento pu\u00f2 integrarsi con altri sistemi?<\/button>\n                    <div id=\"faq_accordion_3\" class=\"faq-accordion-answer accordion-collapse collapse\" data-bs-parent=\"#faq_accordion\">\n                        <p class=\"answer-text\">S\u00ec, offriamo l&#039;integrazione con API per un utilizzo senza soluzione di continuit\u00e0 con altre piattaforme.<\/p>\n                    <\/div>\n                <\/div>\n                            <div class=\"faq-accordion-item item-4\">\n                    <button class=\"faq-accordion-question collapsed\" type=\"button\" data-bs-toggle=\"collapse\" data-bs-target=\"#faq_accordion_4\" aria-expanded=\"false\" aria-controls=\"faq_accordion_4\">I miei dati e i testi caricati sono sicuri?<\/button>\n                    <div id=\"faq_accordion_4\" class=\"faq-accordion-answer accordion-collapse collapse\" data-bs-parent=\"#faq_accordion\">\n                        <p class=\"answer-text\">S\u00ec, dare priorit\u00e0 alla tua privacy \u00e8 la nostra massima preoccupazione. La nostra piattaforma non raccoglie o memorizza i tuoi dati o testi.<\/p>\n                    <\/div>\n                <\/div>\n                            <div class=\"faq-accordion-item item-5\">\n                    <button class=\"faq-accordion-question collapsed\" type=\"button\" data-bs-toggle=\"collapse\" data-bs-target=\"#faq_accordion_5\" aria-expanded=\"false\" aria-controls=\"faq_accordion_5\">Posso controllare documenti in formati diversi?<\/button>\n                    <div id=\"faq_accordion_5\" class=\"faq-accordion-answer accordion-collapse collapse\" data-bs-parent=\"#faq_accordion\">\n                        <p class=\"answer-text\">S\u00ec, i nostri strumenti supportano vari formati, tra cui PDF, Word, TXT e anche testo incollato direttamente nella piattaforma.<\/p>\n                    <\/div>\n                <\/div>\n                            <div class=\"faq-accordion-item item-6\">\n                    <button class=\"faq-accordion-question collapsed\" type=\"button\" data-bs-toggle=\"collapse\" data-bs-target=\"#faq_accordion_6\" aria-expanded=\"false\" aria-controls=\"faq_accordion_6\">\u00c8 possibile utilizzare il controllo su dispositivi mobili?<\/button>\n                    <div id=\"faq_accordion_6\" class=\"faq-accordion-answer accordion-collapse collapse\" data-bs-parent=\"#faq_accordion\">\n                        <p class=\"answer-text\">S\u00ec, il nostro sistema \u00e8 ottimizzato per l&#039;uso su dispositivi mobili, offrendo comodit\u00e0 e accessibilit\u00e0 in movimento.<\/p>\n                    <\/div>\n                <\/div>\n                            <div class=\"faq-accordion-item item-7\">\n                    <button class=\"faq-accordion-question collapsed\" type=\"button\" data-bs-toggle=\"collapse\" data-bs-target=\"#faq_accordion_7\" aria-expanded=\"false\" aria-controls=\"faq_accordion_7\">Supporti pi\u00f9 lingue?<\/button>\n                    <div id=\"faq_accordion_7\" class=\"faq-accordion-answer accordion-collapse collapse\" data-bs-parent=\"#faq_accordion\">\n                        <p class=\"answer-text\">S\u00ec, il nostro strumento \u00e8 progettato per accogliere utenti da tutto il mondo supportando varie lingue.<\/p>\n                    <\/div>\n                <\/div>\n                            <div class=\"faq-accordion-item item-8\">\n                    <button class=\"faq-accordion-question collapsed\" type=\"button\" data-bs-toggle=\"collapse\" data-bs-target=\"#faq_accordion_8\" aria-expanded=\"false\" aria-controls=\"faq_accordion_8\">Quanto tempo ci vuole per controllare un documento?<\/button>\n                    <div id=\"faq_accordion_8\" class=\"faq-accordion-answer accordion-collapse collapse\" data-bs-parent=\"#faq_accordion\">\n                        <p class=\"answer-text\">Il processo \u00e8 incredibilmente veloce, con i risultati generalmente disponibili entro pochi minuti.<\/p>\n                    <\/div>\n                <\/div>\n                            <div class=\"faq-accordion-item item-9\">\n                    <button class=\"faq-accordion-question collapsed\" type=\"button\" data-bs-toggle=\"collapse\" data-bs-target=\"#faq_accordion_9\" aria-expanded=\"false\" aria-controls=\"faq_accordion_9\">Posso controllare pi\u00f9 testi contemporaneamente?<\/button>\n                    <div id=\"faq_accordion_9\" class=\"faq-accordion-answer accordion-collapse collapse\" data-bs-parent=\"#faq_accordion\">\n                        <p class=\"answer-text\">S\u00ec, puoi caricare pi\u00f9 documenti contemporaneamente, risparmiando tempo ed energia.<\/p>\n                    <\/div>\n                <\/div>\n                            <div class=\"faq-accordion-item item-10\">\n                    <button class=\"faq-accordion-question collapsed\" type=\"button\" data-bs-toggle=\"collapse\" data-bs-target=\"#faq_accordion_10\" aria-expanded=\"false\" aria-controls=\"faq_accordion_10\">Aggiorni le tue strumenti?<\/button>\n                    <div id=\"faq_accordion_10\" class=\"faq-accordion-answer accordion-collapse collapse\" data-bs-parent=\"#faq_accordion\">\n                        <p class=\"answer-text\">S\u00ec, i nostri algoritmi vengono continuamente migliorati con aggiornamenti regolari per potenziare le prestazioni e l&#039;accuratezza.<\/p>\n                    <\/div>\n                <\/div>\n                            <div class=\"faq-accordion-item item-11\">\n                    <button class=\"faq-accordion-question collapsed\" type=\"button\" data-bs-toggle=\"collapse\" data-bs-target=\"#faq_accordion_11\" aria-expanded=\"false\" aria-controls=\"faq_accordion_11\">Quali sono le fonti analizzate dal nostro sistema?<\/button>\n                    <div id=\"faq_accordion_11\" class=\"faq-accordion-answer accordion-collapse collapse\" data-bs-parent=\"#faq_accordion\">\n                        <p class=\"answer-text\">Rivisitiamo le pubblicazioni accademiche, le pagine web e database esclusivi per garantire risultati accurati e approfonditi.<\/p>\n                    <\/div>\n                <\/div>\n                            <div class=\"faq-accordion-item item-12\">\n                    <button class=\"faq-accordion-question collapsed\" type=\"button\" data-bs-toggle=\"collapse\" data-bs-target=\"#faq_accordion_12\" aria-expanded=\"false\" aria-controls=\"faq_accordion_12\">Esiste un limite di dimensione per i documenti?<\/button>\n                    <div id=\"faq_accordion_12\" class=\"faq-accordion-answer accordion-collapse collapse\" data-bs-parent=\"#faq_accordion\">\n                        <p class=\"answer-text\">No, il nostro strumento pu\u00f2 gestire sia piccoli testi che documenti pi\u00f9 grandi senza restrizioni.<\/p>\n                    <\/div>\n                <\/div>\n                            <div class=\"faq-accordion-item item-13\">\n                    <button class=\"faq-accordion-question collapsed\" type=\"button\" data-bs-toggle=\"collapse\" data-bs-target=\"#faq_accordion_13\" aria-expanded=\"false\" aria-controls=\"faq_accordion_13\">C&#039;\u00e8 una versione di prova gratuita disponibile?<\/button>\n                    <div id=\"faq_accordion_13\" class=\"faq-accordion-answer accordion-collapse collapse\" data-bs-parent=\"#faq_accordion\">\n                        <p class=\"answer-text\">S\u00ec, offriamo un periodo di prova gratuito per gli utenti che desiderano esplorare la nostra piattaforma e le sue funzionalit\u00e0.<\/p>\n                    <\/div>\n                <\/div>\n                    <\/div>\n    <\/div>\n    <\/div><\/div><\/div><\/div>\r\n<\/div><\/section>","protected":false,"raw":"<section class=\"pricing-page-main-block\">\r\n<div class=\"container-fluid\">\r\n<div class=\"container\">\r\n<div class=\"row\">\r\n<div class=\"col-12\">\r\n<div class=\"pricing-main-block-content\">\r\n<div class=\"ps-widget-container\" data-ps-widget-name=\"Prices\" data-ps-widget-options=\"{}\">\r\n<p class=\"top-text\">Scegli le tue opzioni di prezzo<\/p>\r\n<h1 class=\"page-title\">Senza costi nascosti per rilevamento preciso di plagio e - rilevamento AI<\/h1>\r\n<div class=\"pricing-block\">\r\n<div class=\"pricing-plan-duration\">\r\n<button class=\"pricing-plan-duration-item one-time active\" type=\"button\">Una tantum<\/button><button class=\"pricing-plan-duration-item monthly\" type=\"button\">Mensile<\/button><button class=\"pricing-plan-duration-item 3-months\" type=\"button\">Trimestrale<\/button><button class=\"pricing-plan-duration-item yearly\" type=\"button\">Annuale<\/button>\r\n<\/div>\r\n<div class=\"pricing-plan-items-wrapper\">\r\n<div class=\"pricing-plan-items\">\r\n<div class=\"pricing-plan-item light\">\r\n<div class=\"item-header\"><span class=\"plan-title\">Light<\/span><div class=\"plan-price-per-word\">\r\n<p class=\"price\"><span class=\"value\">$0.23<\/span> per<\/p>\r\n<p class=\"words-count\">1000 words<\/p><\/div><\/div>\r\n<div class=\"item-main\">\r\n<span class=\"save-up-to-label\">Risparmia fino al <span class=\"value\">30%<\/span><\/span><p class=\"plan-price\"><span class=\"value\">$22.95<\/span> \/ <span class=\"duration\">Mese<\/span><\/p><a class=\"get-started-btn\" href=\"#\">Parti ora<\/a><label class=\"custom-checkbox-label recurring-payments\" for=\"recurring_payments_light\"><span class=\"custom-checkbox\"><\/span><span class=\"custom-checkbox-title\">Pagamenti ricorrenti<\/span> <input checked=\"\" id=\"recurring_payments_light\" name=\"recurring-payments-light\" type=\"checkbox\"\/><\/label><span class=\"sep\"><\/span><\/div>\r\n<div class=\"item-footer\">\r\n<ul>\r\n<li class=\"available\"><span class=\"highlighted\">1<\/span> Invio Plagio *<\/li>\r\n<li class=\"available\"><span class=\"highlighted\">1<\/span> Invio AI *<\/li>\r\n<li class=\"available\"><span class=\"highlighted\">Illimitato<\/span> Periodo (giorni)<\/li>\r\n<li class=\"unavailable\"><span class=\"highlighted\">365<\/span> Periodo (giorni)<\/li>\r\n<li class=\"unavailable\">Cerca testo AI<\/li><\/ul><\/div><\/div>\r\n<div class=\"pricing-plan-item standatd selected\">\r\n<div class=\"item-header\"><span class=\"plan-title\">Standard<\/span>\r\n<div class=\"plan-price-per-word\">\r\n<p class=\"price\"><span class=\"value\">$0.12<\/span> per<\/p>\r\n<p class=\"words-count\">1000 words<\/p><\/div><\/div>\r\n<div class=\"item-main\">\r\n<span class=\"save-up-to-label\">Risparmia fino al <span class=\"value\">30%<\/span><\/span>\r\n<p class=\"plan-price\"><span class=\"value\">$34.95<\/span> \/ <span class=\"duration\">Mese<\/span><\/p><a class=\"get-started-btn\" href=\"#\">Inizia ora<\/a><label class=\"custom-checkbox-label recurring-payments\" for=\"recurring_payments_standatd\"><span class=\"custom-checkbox\"><\/span><span class=\"custom-checkbox-title\">Pagamenti ricorrenti<\/span><input checked=\"\" id=\"recurring_payments_standatd\" name=\"recurring-payments-standatd\" type=\"checkbox\"\/><\/label><span class=\"sep\"><\/span><\/div>\r\n<div class=\"item-footer\">\r\n<ul>\r\n<li class=\"available\"><span class=\"highlighted\">1<\/span> Invio Plagio *<\/li>\r\n<li class=\"available\"><span class=\"highlighted\">1<\/span> Invio AI *<\/li>\r\n<li class=\"available\"><span class=\"highlighted\">Illimitato<\/span> Scadenza (giorni)<\/li>\r\n<li class=\"unavailable\"><span class=\"highlighted\">365<\/span> Scadenza (giorni)<\/li>\r\n<li class=\"unavailable\">Cerca testo AI<\/li><\/ul><\/div><\/div>\r\n<div class=\"pricing-plan-item premium\">\r\n<div class=\"item-header\">\r\n<span class=\"plan-title\">Premium<\/span>\r\n<div class=\"plan-price-per-word\">\r\n<p class=\"price\"><span class=\"value\">$0.09<\/span> per<\/p>\r\n<p class=\"words-count\">1000 words<\/p>\r\n<\/div>\r\n<\/div>\r\n<div class=\"item-main\"><span class=\"save-up-to-label\">Save up to <span class=\"value\">30%<\/span><\/span><p class=\"plan-price\"><span class=\"value\">$54.95<\/span> \/ <span class=\"duration\">Month<\/span><\/p><a class=\"get-started-btn\" href=\"#\">Get Started<\/a><label class=\"custom-checkbox-label recurring-payments\" for=\"recurring_payments_premium\"><span class=\"custom-checkbox\"><\/span> <span class=\"custom-checkbox-title\">Recurring payments<\/span><input checked=\"\" id=\"recurring_payments_premium\" name=\"recurring-payments-premium\" type=\"checkbox\"\/><\/label> <span class=\"sep\"><\/span><\/div>\r\n<div class=\"item-footer\">\r\n<ul>\r\n<li class=\"available\"><span class=\"highlighted\">1<\/span> Plagiarism submission *<\/li>\r\n<li class=\"available\"><span class=\"highlighted\">1<\/span> AI submission *<\/li>\r\n<li class=\"available\"><span class=\"highlighted\">Unlimited<\/span> Time frame (days)<\/li>\r\n<li class=\"unavailable\"><span class=\"highlighted\">365<\/span> Time frame (days)<\/li>\r\n<li class=\"unavailable\">Search for AI text<\/li><\/ul><\/div><\/div><\/div><\/div><\/div><\/div><\/div><\/div><\/div><\/div><\/div>\r\n<\/section>\r\n<section class=\"faq\">\r\n<div class=\"container-fluid\">\r\n<div class=\"container\">\r\n<div class=\"row\">\r\n<div class=\"col-12\">\r\n<div class=\"faq-content\">\r\n<div class=\"faq-text-block\">\r\n<p class=\"faq-text-top\">Domande frequenti<\/p>\r\n<p class=\"faq-text-title\">Hai bisogno di pi\u00f9 informazioni su UniqeCheck.com?<\/p>\r\n<p class=\"faq-text-subtitle\">Abbiamo esaminato e risposto alle domande pi\u00f9 comuni che gli utenti hanno sui nostri strumenti per la rilevazione del plagio e l'analisi AI.<\/p>\r\n<div class=\"different-question-block\"><img alt=\"FAQ\" class=\"faq-icon\" src=\"\/wp-content\/themes\/main\/images\/faq-icon.svg\"\/>\r\n<p class=\"title\">Hai un'altra domanda?<\/p>\r\n<p class=\"subtitle\">Contatta il nostro team di supporto se non trovi la risposta che cerchi!<\/p><a class=\"contact-support-btn custom-btn cb-white\" href=\"\/contact-us\/\">Contatta il team di supporto<\/a><\/div><\/div>[faq_questions]<\/div><\/div><\/div><\/div>\r\n<\/div><\/section>"},"excerpt":{"rendered":"Scegli le tue opzioni di prezzo Senza costi nascosti per rilevamento preciso di plagio e &#8211; rilevamento AI Una tantum Mensile Trimestrale Annuale Light $0.23 ogni 1000 parole Risparmia fino al 30% $22.95 \/ Mese Inizia Le ricorrenti pagamenti 1 Invio Plagio * 1 Invio AI * Tempo illimitato (giorni) 365 Ricerca del testo AI Standard $0.12 ogni 1000 parole Risparmia.","protected":false,"raw":"Scegli le tue opzioni di prezzo Senza costi nascosti per rilevamento preciso di plagio e &#8211; rilevamento AI Una tantum Mensile Trimestrale Annuale Light $0.23 ogni 1000 parole Risparmia fino al 30% $22.95 \/ Mese Inizia Le ricorrenti pagamenti 1 Invio Plagio * 1 Invio AI * Tempo illimitato (giorni) 365 Ricerca del testo AI Standard $0.12 ogni 1000 parole Risparmia."},"author":1,"featured_media":0,"parent":0,"menu_order":0,"comment_status":"closed","ping_status":"closed","template":"tpl-landing.php","meta":{"_aioseo_title":null,"_aioseo_description":null,"_locale":"it_IT","_original_post":"https:\/\/uniqecheck.com\/?page_id=10","footnotes":""},"class_list":["post-260","page","type-page","status-publish","hentry","it-IT"],"aioseo_notices":[],"_links":{"self":[{"href":"https:\/\/uniqecheck.com\/wp-json\/wp\/v2\/pages\/260","targetHints":{"allow":["GET"]}}],"collection":[{"href":"https:\/\/uniqecheck.com\/wp-json\/wp\/v2\/pages"}],"about":[{"href":"https:\/\/uniqecheck.com\/wp-json\/wp\/v2\/types\/page"}],"author":[{"embeddable":true,"href":"https:\/\/uniqecheck.com\/wp-json\/wp\/v2\/users\/1"}],"replies":[{"embeddable":true,"href":"https:\/\/uniqecheck.com\/wp-json\/wp\/v2\/comments?post=260"}],"version-history":[{"count":4,"href":"https:\/\/uniqecheck.com\/wp-json\/wp\/v2\/pages\/260\/revisions"}],"predecessor-version":[{"id":774,"href":"https:\/\/uniqecheck.com\/wp-json\/wp\/v2\/pages\/260\/revisions\/774"}],"wp:attachment":[{"href":"https:\/\/uniqecheck.com\/wp-json\/wp\/v2\/media?parent=260"}],"curies":[{"name":"wp","href":"https:\/\/api.w.org\/{rel}","templated":true}]}}