{"id":330,"date":"2025-04-03T20:26:02","date_gmt":"2025-04-03T20:26:02","guid":{"rendered":"https:\/\/uniqecheck.com\/?page_id=330","raw":"https:\/\/uniqecheck.com\/?page_id=330"},"modified":"2025-07-17T20:58:35","modified_gmt":"2025-07-17T20:58:35","slug":"home","status":"publish","type":"page","link":"https:\/\/uniqecheck.com\/","title":{"rendered":"Po\u010detna","raw":"Po\u010detna"},"content":{"rendered":"","protected":false,"raw":""},"excerpt":{"rendered":"","protected":false,"raw":""},"author":1,"featured_media":0,"parent":0,"menu_order":0,"comment_status":"closed","ping_status":"closed","template":"","meta":{"_aioseo_title":"Provjera jedinstvenog sadr\u017eaja za sve va\u0161e potrebe","_aioseo_description":"Otkrijte najpouzdaniji alat za provjeru jedinstvenosti teksta i osigurajte da je va\u0161 sadr\u017eaj originalan i bez plagiranja. Savr\u0161eno za studente, pisce i profesionalce.","_locale":"hr","_original_post":"https:\/\/uniqecheck.com\/?page_id=24","footnotes":""},"class_list":["post-330","page","type-page","status-publish","hentry","hr"],"aioseo_notices":[],"_links":{"self":[{"href":"https:\/\/uniqecheck.com\/wp-json\/wp\/v2\/pages\/330","targetHints":{"allow":["GET"]}}],"collection":[{"href":"https:\/\/uniqecheck.com\/wp-json\/wp\/v2\/pages"}],"about":[{"href":"https:\/\/uniqecheck.com\/wp-json\/wp\/v2\/types\/page"}],"author":[{"embeddable":true,"href":"https:\/\/uniqecheck.com\/wp-json\/wp\/v2\/users\/1"}],"replies":[{"embeddable":true,"href":"https:\/\/uniqecheck.com\/wp-json\/wp\/v2\/comments?post=330"}],"version-history":[{"count":1,"href":"https:\/\/uniqecheck.com\/wp-json\/wp\/v2\/pages\/330\/revisions"}],"predecessor-version":[{"id":331,"href":"https:\/\/uniqecheck.com\/wp-json\/wp\/v2\/pages\/330\/revisions\/331"}],"wp:attachment":[{"href":"https:\/\/uniqecheck.com\/wp-json\/wp\/v2\/media?parent=330"}],"curies":[{"name":"wp","href":"https:\/\/api.w.org\/{rel}","templated":true}]}}