{"id":258,"date":"2025-04-03T20:35:19","date_gmt":"2025-04-03T20:35:19","guid":{"rendered":"https:\/\/uniqecheck.com\/?page_id=258","raw":"https:\/\/uniqecheck.com\/?page_id=258"},"modified":"2025-07-22T12:49:26","modified_gmt":"2025-07-22T12:49:26","slug":"pricing","status":"publish","type":"page","link":"https:\/\/uniqecheck.com\/hr\/pricing\/","title":{"rendered":"Cijene","raw":"Cijene"},"content":{"rendered":"<section class=\"pricing-page-main-block\">\r\n<div class=\"container-fluid\">\r\n<div class=\"container\">\r\n<div class=\"row\">\r\n<div class=\"col-12\">\r\n<div class=\"pricing-main-block-content\">\r\n<div class=\"ps-widget-container\" data-ps-widget-name=\"Prices\" data-ps-widget-options=\"{}\">\r\n<p class=\"top-text\">Odaberite Va\u0161e opcije cijena<\/p>\r\n<h1 class=\"page-title\">Bez skrivenih naknada za to\u010dnu detekciju plagijata i umjetne inteligencije<\/h1>\r\n<div class=\"pricing-block\">\r\n<div class=\"pricing-plan-duration\">\r\n<button class=\"pricing-plan-duration-item one-time active\" type=\"button\">Jednokratno<\/button><button class=\"pricing-plan-duration-item monthly\" type=\"button\">Mjese\u010dno<\/button><button class=\"pricing-plan-duration-item 3-months\" type=\"button\">3 Mjeseca<\/button><button class=\"pricing-plan-duration-item yearly\" type=\"button\">Godi\u0161nje<\/button><\/div>\r\n<div class=\"pricing-plan-items-wrapper\">\r\n<div class=\"pricing-plan-items\">\r\n<div class=\"pricing-plan-item light\">\r\n<div class=\"item-header\"><span class=\"plan-title\">Light<\/span><div class=\"plan-price-per-word\">\r\n<p class=\"price\"><span class=\"value\">$0.23<\/span> po<\/p>\r\n<p class=\"words-count\">1000 rije\u010di<\/p><\/div><\/div>\r\n<div class=\"item-main\">\r\n<span class=\"save-up-to-label\">U\u0161tedite do <span class=\"value\">30%<\/span><\/span><p class=\"plan-price\"><span class=\"value\">$22.95<\/span> \/ <span class=\"duration\">Mjesec<\/span><\/p><a class=\"get-started-btn\" href=\"#\">Po\u010dnite<\/a><label class=\"custom-checkbox-label recurring-payments\" for=\"recurring_payments_light\"><span class=\"custom-checkbox\"><\/span><span class=\"custom-checkbox-title\">Mjese\u010dne isplate<\/span> <input checked=\"\" id=\"recurring_payments_light\" name=\"recurring-payments-light\" type=\"checkbox\"\/> <\/label><span class=\"sep\"><\/span><\/div>\r\n<div class=\"item-footer\">\r\n<ul>\r\n<li class=\"available\"><span class=\"highlighted\">1<\/span> Predaja na provjeru plagijata *<\/li>\r\n<li class=\"available\"><span class=\"highlighted\">1<\/span> AI predaja *<\/li>\r\n<li class=\"available\"><span class=\"highlighted\">Neograni\u010deno<\/span> Vremenski okvir (dana)<\/li>\r\n<li class=\"unavailable\"><span class=\"highlighted\">365<\/span> Vremenski okvir (dana)<\/li>\r\n<li class=\"unavailable\">Pretra\u017eivanje AI teksta<\/li><\/ul><\/div><\/div>\r\n<div class=\"pricing-plan-item standatd selected\">\r\n<div class=\"item-header\"><span class=\"plan-title\">Standard<\/span>\r\n<div class=\"plan-price-per-word\">\r\n<p class=\"price\"><span class=\"value\">$0.12<\/span> po<\/p>\r\n<p class=\"words-count\">1000 rije\u010di<\/p><\/div><\/div>\r\n<div class=\"item-main\">\r\n<span class=\"save-up-to-label\">U\u0161tedite do <span class=\"value\">30%<\/span><\/span>\r\n<p class=\"plan-price\"><span class=\"value\">$34.95<\/span> \/ <span class=\"duration\">Mjesec<\/span><\/p><a class=\"get-started-btn\" href=\"#\">Po\u010dnite<\/a><label class=\"custom-checkbox-label recurring-payments\" for=\"recurring_payments_standatd\"><span class=\"custom-checkbox\"><\/span><span class=\"custom-checkbox-title\">Mjese\u010dne isplate<\/span><input checked=\"\" id=\"recurring_payments_standatd\" name=\"recurring-payments-standatd\" type=\"checkbox\"\/><\/label><span class=\"sep\"><\/span><\/div>\r\n<div class=\"item-footer\">\r\n<ul>\r\n<li class=\"available\"><span class=\"highlighted\">1<\/span> Predaja na provjeru plagijata *<\/li>\r\n<li class=\"available\"><span class=\"highlighted\">1<\/span> Predaja AI tekstova *<\/li>\r\n<li class=\"available\"><span class=\"highlighted\">Neograni\u010deno<\/span> Vremensko okru\u017eenje (dana)<\/li>\r\n<li class=\"unavailable\"><span class=\"highlighted\">365<\/span> Vremensko okru\u017eenje (dana)<\/li>\r\n<li class=\"unavailable\">Pretra\u017eivanje AI tekstova<\/li><\/ul><\/div><\/div>\r\n<div class=\"pricing-plan-item premium\">\r\n<div class=\"item-header\">\r\n<span class=\"plan-title\">Premium<\/span>\r\n<div class=\"plan-price-per-word\">\r\n<p class=\"price\"><span class=\"value\">$0.09<\/span> po<\/p>\r\n<p class=\"words-count\">1000 rije\u010di<\/p>\r\n<\/div>\r\n<\/div>\r\n<div class=\"item-main\"><span class=\"save-up-to-label\">U\u0161tedite do <span class=\"value\">30%<\/span><\/span><p class=\"plan-price\"><span class=\"value\">$54.95<\/span> \/ <span class=\"duration\">Mjesec<\/span><\/p><a class=\"get-started-btn\" href=\"#\">Po\u010dnite<\/a><label class=\"custom-checkbox-label recurring-payments\" for=\"recurring_payments_premium\"><span class=\"custom-checkbox\"><\/span> <span class=\"custom-checkbox-title\">Mjese\u010dne isplate<\/span><input checked=\"\" id=\"recurring_payments_premium\" name=\"recurring-payments-premium\" type=\"checkbox\"\/><\/label> <span class=\"sep\"><\/span><\/div>\r\n<div class=\"item-footer\">\r\n<ul>\r\n<li class=\"available\"><span class=\"highlighted\">1<\/span> Podno\u0161enje provjere na plagijat *<\/li>\r\n<li class=\"available\"><span class=\"highlighted\">1<\/span> Podno\u0161enje AI provjere *<\/li>\r\n<li class=\"available\"><span class=\"highlighted\">Neograni\u010deno<\/span> Vremenski okvir (dana)<\/li>\r\n<li class=\"unavailable\"><span class=\"highlighted\">365<\/span> Vremenski okvir (dana)<\/li>\r\n<li class=\"unavailable\">Pretra\u017eivanje AI teksta<\/li><\/ul><\/div><\/div><\/div><\/div><\/div><\/div><\/div><\/div><\/div><\/div><\/div>\r\n<\/section>\r\n<section class=\"faq\">\r\n<div class=\"container-fluid\">\r\n<div class=\"container\">\r\n<div class=\"row\">\r\n<div class=\"col-12\">\r\n<div class=\"faq-content\">\r\n<div class=\"faq-text-block\">\r\n<p class=\"faq-text-top\">\u010cesto postavljana pitanja<\/p>\r\n<p class=\"faq-text-title\">Potrebne vam je vi\u0161e informacija o UniqeCheck.com?<\/p>\r\n<p class=\"faq-text-subtitle\">Pregledali smo i odgovorili na naj\u010de\u0161\u0107a pitanja koje korisnici imaju o na\u0161im alatima za otkrivanje plagijata i analizu umjetne inteligencije.<\/p>\r\n<div class=\"different-question-block\"><img decoding=\"async\" alt=\"FAQ\" class=\"faq-icon\" src=\"\/wp-content\/themes\/main\/images\/faq-icon.svg\"\/>\r\n<p class=\"title\">Imate li jo\u0161 jedno pitanje?<\/p>\r\n<p class=\"subtitle\">Kontaktirajte na\u0161u slu\u017ebu podr\u0161ke ako ne prona\u0111ete odgovor koji tra\u017eite!<\/p><a class=\"contact-support-btn custom-btn cb-white\" href=\"\/contact-us\/\">Kontaktirajte slu\u017ebu podr\u0161ke<\/a><\/div><\/div>    <div class=\"faq-questions-block\">\n                <div class=\"faq-accordion\" id=\"faq_accordion\">\n                            <div class=\"faq-accordion-item item-1\">\n                    <button class=\"faq-accordion-question collapsed\" type=\"button\" data-bs-toggle=\"collapse\" data-bs-target=\"#faq_accordion_1\" aria-expanded=\"false\" aria-controls=\"faq_accordion_1\">Mogu li provjeriti je li moj tekst generiran od umjetne inteligencije?<\/button>\n                    <div id=\"faq_accordion_1\" class=\"faq-accordion-answer accordion-collapse collapse\" data-bs-parent=\"#faq_accordion\">\n                        <p class=\"answer-text\">Da, mi smo jedna od vode\u0107ih usluga za otkrivanje sadr\u017eaja generiranog umjetnom inteligencijom.<\/p>\n                    <\/div>\n                <\/div>\n                            <div class=\"faq-accordion-item item-2\">\n                    <button class=\"faq-accordion-question collapsed\" type=\"button\" data-bs-toggle=\"collapse\" data-bs-target=\"#faq_accordion_2\" aria-expanded=\"false\" aria-controls=\"faq_accordion_2\">Jesu li rezultati to\u010dni?<\/button>\n                    <div id=\"faq_accordion_2\" class=\"faq-accordion-answer accordion-collapse collapse\" data-bs-parent=\"#faq_accordion\">\n                        <p class=\"answer-text\">Apsolutno. Na\u0161 alat pru\u017ea iznimno precizna i pouzdana izvje\u0161\u0107a, osiguravaju\u0107i povjerenje u autenti\u010dnost va\u0161eg sadr\u017eaja.<\/p>\n                    <\/div>\n                <\/div>\n                            <div class=\"faq-accordion-item item-3\">\n                    <button class=\"faq-accordion-question collapsed\" type=\"button\" data-bs-toggle=\"collapse\" data-bs-target=\"#faq_accordion_3\" aria-expanded=\"false\" aria-controls=\"faq_accordion_3\">Mo\u017ee li se va\u0161 alat integrirati s drugim sustavima?<\/button>\n                    <div id=\"faq_accordion_3\" class=\"faq-accordion-answer accordion-collapse collapse\" data-bs-parent=\"#faq_accordion\">\n                        <p class=\"answer-text\">Da, nudimo integraciju putem API-ja za besprijekorno kori\u0161tenje s drugim platformama.<\/p>\n                    <\/div>\n                <\/div>\n                            <div class=\"faq-accordion-item item-4\">\n                    <button class=\"faq-accordion-question collapsed\" type=\"button\" data-bs-toggle=\"collapse\" data-bs-target=\"#faq_accordion_4\" aria-expanded=\"false\" aria-controls=\"faq_accordion_4\">Je li moj podatak i preneseni tekstovi sigurni?<\/button>\n                    <div id=\"faq_accordion_4\" class=\"faq-accordion-answer accordion-collapse collapse\" data-bs-parent=\"#faq_accordion\">\n                        <p class=\"answer-text\">Da, dajemo prednost va\u0161oj privatnosti. Na\u0161a platforma ne prikuplja ni pohranjuje va\u0161e podatke ili tekstove.<\/p>\n                    <\/div>\n                <\/div>\n                            <div class=\"faq-accordion-item item-5\">\n                    <button class=\"faq-accordion-question collapsed\" type=\"button\" data-bs-toggle=\"collapse\" data-bs-target=\"#faq_accordion_5\" aria-expanded=\"false\" aria-controls=\"faq_accordion_5\">Mogu li provjeravati dokumente u razli\u010ditim formatima?<\/button>\n                    <div id=\"faq_accordion_5\" class=\"faq-accordion-answer accordion-collapse collapse\" data-bs-parent=\"#faq_accordion\">\n                        <p class=\"answer-text\">Da, na\u0161i alati podr\u017eavaju razne formate, uklju\u010duju\u0107i PDF, Word, TXT i \u010dak tekst zalijepljen izravno u platformu.<\/p>\n                    <\/div>\n                <\/div>\n                            <div class=\"faq-accordion-item item-6\">\n                    <button class=\"faq-accordion-question collapsed\" type=\"button\" data-bs-toggle=\"collapse\" data-bs-target=\"#faq_accordion_6\" aria-expanded=\"false\" aria-controls=\"faq_accordion_6\">Mogu li koristiti provjeru na mobilnim ure\u0111ajima?<\/button>\n                    <div id=\"faq_accordion_6\" class=\"faq-accordion-answer accordion-collapse collapse\" data-bs-parent=\"#faq_accordion\">\n                        <p class=\"answer-text\">Da, na\u0161 je sustav optimiziran za kori\u0161tenje na mobilnim ure\u0111ajima, nude\u0107i prakti\u010dnost i dostupnost u pokretu.<\/p>\n                    <\/div>\n                <\/div>\n                            <div class=\"faq-accordion-item item-7\">\n                    <button class=\"faq-accordion-question collapsed\" type=\"button\" data-bs-toggle=\"collapse\" data-bs-target=\"#faq_accordion_7\" aria-expanded=\"false\" aria-controls=\"faq_accordion_7\">Podr\u017eavate li vi\u0161e jezika?<\/button>\n                    <div id=\"faq_accordion_7\" class=\"faq-accordion-answer accordion-collapse collapse\" data-bs-parent=\"#faq_accordion\">\n                        <p class=\"answer-text\">Da, na\u0161 je alat osmi\u0161ljen kako bi odgovarao korisnicima iz cijeloga svijeta podr\u017eavaju\u0107i razli\u010dite jezike.<\/p>\n                    <\/div>\n                <\/div>\n                            <div class=\"faq-accordion-item item-8\">\n                    <button class=\"faq-accordion-question collapsed\" type=\"button\" data-bs-toggle=\"collapse\" data-bs-target=\"#faq_accordion_8\" aria-expanded=\"false\" aria-controls=\"faq_accordion_8\">Koliko dugo treba za provjeru dokumenta?<\/button>\n                    <div id=\"faq_accordion_8\" class=\"faq-accordion-answer accordion-collapse collapse\" data-bs-parent=\"#faq_accordion\">\n                        <p class=\"answer-text\">Proces je nevjerojatno brz, a rezultati su obi\u010dno dostupni unutar nekoliko minuta.<\/p>\n                    <\/div>\n                <\/div>\n                            <div class=\"faq-accordion-item item-9\">\n                    <button class=\"faq-accordion-question collapsed\" type=\"button\" data-bs-toggle=\"collapse\" data-bs-target=\"#faq_accordion_9\" aria-expanded=\"false\" aria-controls=\"faq_accordion_9\">Mogu li provjeriti vi\u0161e tekstova odjednom?<\/button>\n                    <div id=\"faq_accordion_9\" class=\"faq-accordion-answer accordion-collapse collapse\" data-bs-parent=\"#faq_accordion\">\n                        <p class=\"answer-text\">Da, mo\u017eete istovremeno u\u010ditati nekoliko dokumenata, \u0161tede\u0107i vrijeme i trud.<\/p>\n                    <\/div>\n                <\/div>\n                            <div class=\"faq-accordion-item item-10\">\n                    <button class=\"faq-accordion-question collapsed\" type=\"button\" data-bs-toggle=\"collapse\" data-bs-target=\"#faq_accordion_10\" aria-expanded=\"false\" aria-controls=\"faq_accordion_10\">A\u017eurirate li svoje alate?<\/button>\n                    <div id=\"faq_accordion_10\" class=\"faq-accordion-answer accordion-collapse collapse\" data-bs-parent=\"#faq_accordion\">\n                        <p class=\"answer-text\">Da, na\u0161i algoritmi se kontinuirano pobolj\u0161avaju redovitim a\u017euriranjima kako bi se pove\u0107ala u\u010dinkovitost i to\u010dnost.<\/p>\n                    <\/div>\n                <\/div>\n                            <div class=\"faq-accordion-item item-11\">\n                    <button class=\"faq-accordion-question collapsed\" type=\"button\" data-bs-toggle=\"collapse\" data-bs-target=\"#faq_accordion_11\" aria-expanded=\"false\" aria-controls=\"faq_accordion_11\">Koje izvore analizira va\u0161 sustav?<\/button>\n                    <div id=\"faq_accordion_11\" class=\"faq-accordion-answer accordion-collapse collapse\" data-bs-parent=\"#faq_accordion\">\n                        <p class=\"answer-text\">Pregledavamo znanstvene publikacije, web stranice i ekskluzivne baze podataka kako bismo osigurali temeljite i to\u010dne rezultate.<\/p>\n                    <\/div>\n                <\/div>\n                            <div class=\"faq-accordion-item item-12\">\n                    <button class=\"faq-accordion-question collapsed\" type=\"button\" data-bs-toggle=\"collapse\" data-bs-target=\"#faq_accordion_12\" aria-expanded=\"false\" aria-controls=\"faq_accordion_12\">Postoji li ograni\u010denje veli\u010dine za dokumente?<\/button>\n                    <div id=\"faq_accordion_12\" class=\"faq-accordion-answer accordion-collapse collapse\" data-bs-parent=\"#faq_accordion\">\n                        <p class=\"answer-text\">Ne, na\u0161 alat mo\u017ee obraditi i manje tekstove i ve\u0107e dokumente bez ograni\u010denja.<\/p>\n                    <\/div>\n                <\/div>\n                            <div class=\"faq-accordion-item item-13\">\n                    <button class=\"faq-accordion-question collapsed\" type=\"button\" data-bs-toggle=\"collapse\" data-bs-target=\"#faq_accordion_13\" aria-expanded=\"false\" aria-controls=\"faq_accordion_13\">Dostupno li je besplatno probno razdoblje?<\/button>\n                    <div id=\"faq_accordion_13\" class=\"faq-accordion-answer accordion-collapse collapse\" data-bs-parent=\"#faq_accordion\">\n                        <p class=\"answer-text\">Da, pru\u017eamo besplatno probno razdoblje za korisnike koji \u017eele istra\u017eiti na\u0161u platformu i njezine zna\u010dajke.<\/p>\n                    <\/div>\n                <\/div>\n                    <\/div>\n    <\/div>\n    \r\n<\/div><\/div><\/div>\r\n<\/div><\/div><\/section>","protected":false,"raw":"<section class=\"pricing-page-main-block\">\r\n<div class=\"container-fluid\">\r\n<div class=\"container\">\r\n<div class=\"row\">\r\n<div class=\"col-12\">\r\n<div class=\"pricing-main-block-content\">\r\n<div class=\"ps-widget-container\" data-ps-widget-name=\"Prices\" data-ps-widget-options=\"{}\">\r\n<p class=\"top-text\">Odaberite Va\u0161e opcije cijena<\/p>\r\n<h1 class=\"page-title\">Bez skrivenih naknada za to\u010dnu detekciju plagijata i umjetne inteligencije<\/h1>\r\n<div class=\"pricing-block\">\r\n<div class=\"pricing-plan-duration\">\r\n<button class=\"pricing-plan-duration-item one-time active\" type=\"button\">Jednokratno<\/button><button class=\"pricing-plan-duration-item monthly\" type=\"button\">Mjese\u010dno<\/button><button class=\"pricing-plan-duration-item 3-months\" type=\"button\">3 Mjeseca<\/button><button class=\"pricing-plan-duration-item yearly\" type=\"button\">Godi\u0161nje<\/button><\/div>\r\n<div class=\"pricing-plan-items-wrapper\">\r\n<div class=\"pricing-plan-items\">\r\n<div class=\"pricing-plan-item light\">\r\n<div class=\"item-header\"><span class=\"plan-title\">Light<\/span><div class=\"plan-price-per-word\">\r\n<p class=\"price\"><span class=\"value\">$0.23<\/span> po<\/p>\r\n<p class=\"words-count\">1000 rije\u010di<\/p><\/div><\/div>\r\n<div class=\"item-main\">\r\n<span class=\"save-up-to-label\">U\u0161tedite do <span class=\"value\">30%<\/span><\/span><p class=\"plan-price\"><span class=\"value\">$22.95<\/span> \/ <span class=\"duration\">Mjesec<\/span><\/p><a class=\"get-started-btn\" href=\"#\">Po\u010dnite<\/a><label class=\"custom-checkbox-label recurring-payments\" for=\"recurring_payments_light\"><span class=\"custom-checkbox\"><\/span><span class=\"custom-checkbox-title\">Mjese\u010dne isplate<\/span> <input checked=\"\" id=\"recurring_payments_light\" name=\"recurring-payments-light\" type=\"checkbox\"\/> <\/label><span class=\"sep\"><\/span><\/div>\r\n<div class=\"item-footer\">\r\n<ul>\r\n<li class=\"available\"><span class=\"highlighted\">1<\/span> Predaja na provjeru plagijata *<\/li>\r\n<li class=\"available\"><span class=\"highlighted\">1<\/span> AI predaja *<\/li>\r\n<li class=\"available\"><span class=\"highlighted\">Neograni\u010deno<\/span> Vremenski okvir (dana)<\/li>\r\n<li class=\"unavailable\"><span class=\"highlighted\">365<\/span> Vremenski okvir (dana)<\/li>\r\n<li class=\"unavailable\">Pretra\u017eivanje AI teksta<\/li><\/ul><\/div><\/div>\r\n<div class=\"pricing-plan-item standatd selected\">\r\n<div class=\"item-header\"><span class=\"plan-title\">Standard<\/span>\r\n<div class=\"plan-price-per-word\">\r\n<p class=\"price\"><span class=\"value\">$0.12<\/span> po<\/p>\r\n<p class=\"words-count\">1000 rije\u010di<\/p><\/div><\/div>\r\n<div class=\"item-main\">\r\n<span class=\"save-up-to-label\">U\u0161tedite do <span class=\"value\">30%<\/span><\/span>\r\n<p class=\"plan-price\"><span class=\"value\">$34.95<\/span> \/ <span class=\"duration\">Mjesec<\/span><\/p><a class=\"get-started-btn\" href=\"#\">Po\u010dnite<\/a><label class=\"custom-checkbox-label recurring-payments\" for=\"recurring_payments_standatd\"><span class=\"custom-checkbox\"><\/span><span class=\"custom-checkbox-title\">Mjese\u010dne isplate<\/span><input checked=\"\" id=\"recurring_payments_standatd\" name=\"recurring-payments-standatd\" type=\"checkbox\"\/><\/label><span class=\"sep\"><\/span><\/div>\r\n<div class=\"item-footer\">\r\n<ul>\r\n<li class=\"available\"><span class=\"highlighted\">1<\/span> Predaja na provjeru plagijata *<\/li>\r\n<li class=\"available\"><span class=\"highlighted\">1<\/span> Predaja AI tekstova *<\/li>\r\n<li class=\"available\"><span class=\"highlighted\">Neograni\u010deno<\/span> Vremensko okru\u017eenje (dana)<\/li>\r\n<li class=\"unavailable\"><span class=\"highlighted\">365<\/span> Vremensko okru\u017eenje (dana)<\/li>\r\n<li class=\"unavailable\">Pretra\u017eivanje AI tekstova<\/li><\/ul><\/div><\/div>\r\n<div class=\"pricing-plan-item premium\">\r\n<div class=\"item-header\">\r\n<span class=\"plan-title\">Premium<\/span>\r\n<div class=\"plan-price-per-word\">\r\n<p class=\"price\"><span class=\"value\">$0.09<\/span> po<\/p>\r\n<p class=\"words-count\">1000 rije\u010di<\/p>\r\n<\/div>\r\n<\/div>\r\n<div class=\"item-main\"><span class=\"save-up-to-label\">U\u0161tedite do <span class=\"value\">30%<\/span><\/span><p class=\"plan-price\"><span class=\"value\">$54.95<\/span> \/ <span class=\"duration\">Mjesec<\/span><\/p><a class=\"get-started-btn\" href=\"#\">Po\u010dnite<\/a><label class=\"custom-checkbox-label recurring-payments\" for=\"recurring_payments_premium\"><span class=\"custom-checkbox\"><\/span> <span class=\"custom-checkbox-title\">Mjese\u010dne isplate<\/span><input checked=\"\" id=\"recurring_payments_premium\" name=\"recurring-payments-premium\" type=\"checkbox\"\/><\/label> <span class=\"sep\"><\/span><\/div>\r\n<div class=\"item-footer\">\r\n<ul>\r\n<li class=\"available\"><span class=\"highlighted\">1<\/span> Podno\u0161enje provjere na plagijat *<\/li>\r\n<li class=\"available\"><span class=\"highlighted\">1<\/span> Podno\u0161enje AI provjere *<\/li>\r\n<li class=\"available\"><span class=\"highlighted\">Neograni\u010deno<\/span> Vremenski okvir (dana)<\/li>\r\n<li class=\"unavailable\"><span class=\"highlighted\">365<\/span> Vremenski okvir (dana)<\/li>\r\n<li class=\"unavailable\">Pretra\u017eivanje AI teksta<\/li><\/ul><\/div><\/div><\/div><\/div><\/div><\/div><\/div><\/div><\/div><\/div><\/div>\r\n<\/section>\r\n<section class=\"faq\">\r\n<div class=\"container-fluid\">\r\n<div class=\"container\">\r\n<div class=\"row\">\r\n<div class=\"col-12\">\r\n<div class=\"faq-content\">\r\n<div class=\"faq-text-block\">\r\n<p class=\"faq-text-top\">\u010cesto postavljana pitanja<\/p>\r\n<p class=\"faq-text-title\">Potrebne vam je vi\u0161e informacija o UniqeCheck.com?<\/p>\r\n<p class=\"faq-text-subtitle\">Pregledali smo i odgovorili na naj\u010de\u0161\u0107a pitanja koje korisnici imaju o na\u0161im alatima za otkrivanje plagijata i analizu umjetne inteligencije.<\/p>\r\n<div class=\"different-question-block\"><img alt=\"FAQ\" class=\"faq-icon\" src=\"\/wp-content\/themes\/main\/images\/faq-icon.svg\"\/>\r\n<p class=\"title\">Imate li jo\u0161 jedno pitanje?<\/p>\r\n<p class=\"subtitle\">Kontaktirajte na\u0161u slu\u017ebu podr\u0161ke ako ne prona\u0111ete odgovor koji tra\u017eite!<\/p><a class=\"contact-support-btn custom-btn cb-white\" href=\"\/contact-us\/\">Kontaktirajte slu\u017ebu podr\u0161ke<\/a><\/div><\/div>[faq_questions]\r\n<\/div><\/div><\/div>\r\n<\/div><\/div><\/section>"},"excerpt":{"rendered":"Odaberite Va\u0161e opcije cijena Nema skrivenih naknada za to\u010dnu detekciju plagijata i umjetne inteligencije &#8211; One-timeMonthly3-MonthsYearly Light $0.23 po 1000 rije\u010di U\u0161tedite do 30%$22.95 \/ Mjese\u010dno PokrenitePonovljive uplate 1 Predaja plagijata * 1 Predaja umjetne inteligencije * Neograni\u010deno Vremensko razdoblje (dana) 365 Vremensko razdoblje (dana) Pretra\u017eivanje teksta umjetne inteligencije Standatd $0.12 po 1000 rije\u010di U\u0161tedite do.","protected":false,"raw":"Odaberite Va\u0161e opcije cijena Nema skrivenih naknada za to\u010dnu detekciju plagijata i umjetne inteligencije - One-timeMonthly3-MonthsYearly Light $0.23 po 1000 rije\u010di U\u0161tedite do 30%$22.95 \/ Mjese\u010dno PokrenitePonovljive uplate 1 Predaja plagijata * 1 Predaja umjetne inteligencije * Neograni\u010deno Vremensko razdoblje (dana) 365 Vremensko razdoblje (dana) Pretra\u017eivanje teksta umjetne inteligencije Standatd $0.12 po 1000 rije\u010di U\u0161tedite do."},"author":1,"featured_media":0,"parent":0,"menu_order":0,"comment_status":"closed","ping_status":"closed","template":"tpl-landing.php","meta":{"_aioseo_title":null,"_aioseo_description":null,"_locale":"hr","_original_post":"https:\/\/uniqecheck.com\/?page_id=10","footnotes":""},"class_list":["post-258","page","type-page","status-publish","hentry","hr"],"aioseo_notices":[],"_links":{"self":[{"href":"https:\/\/uniqecheck.com\/wp-json\/wp\/v2\/pages\/258","targetHints":{"allow":["GET"]}}],"collection":[{"href":"https:\/\/uniqecheck.com\/wp-json\/wp\/v2\/pages"}],"about":[{"href":"https:\/\/uniqecheck.com\/wp-json\/wp\/v2\/types\/page"}],"author":[{"embeddable":true,"href":"https:\/\/uniqecheck.com\/wp-json\/wp\/v2\/users\/1"}],"replies":[{"embeddable":true,"href":"https:\/\/uniqecheck.com\/wp-json\/wp\/v2\/comments?post=258"}],"version-history":[{"count":4,"href":"https:\/\/uniqecheck.com\/wp-json\/wp\/v2\/pages\/258\/revisions"}],"predecessor-version":[{"id":773,"href":"https:\/\/uniqecheck.com\/wp-json\/wp\/v2\/pages\/258\/revisions\/773"}],"wp:attachment":[{"href":"https:\/\/uniqecheck.com\/wp-json\/wp\/v2\/media?parent=258"}],"curies":[{"name":"wp","href":"https:\/\/api.w.org\/{rel}","templated":true}]}}