{"id":256,"date":"2025-04-03T20:35:21","date_gmt":"2025-04-03T20:35:21","guid":{"rendered":"https:\/\/uniqecheck.com\/?page_id=256","raw":"https:\/\/uniqecheck.com\/?page_id=256"},"modified":"2025-07-22T12:49:25","modified_gmt":"2025-07-22T12:49:25","slug":"pricing","status":"publish","type":"page","link":"https:\/\/uniqecheck.com\/fr\/pricing\/","title":{"rendered":"Tarifs","raw":"Tarifs"},"content":{"rendered":"<section class=\"pricing-page-main-block\">\r\n<div class=\"container-fluid\">\r\n<div class=\"container\">\r\n<div class=\"row\">\r\n<div class=\"col-12\">\r\n<div class=\"pricing-main-block-content\">\r\n<div class=\"ps-widget-container\" data-ps-widget-name=\"Prices\" data-ps-widget-options=\"{}\">\r\n<p class=\"top-text\">S\u00e9lectionnez vos options tarifaires<\/p>\r\n<h1 class=\"page-title\">Pas de frais cach\u00e9s pour la d\u00e9tection pr\u00e9cise du plagiat et de l&rsquo;IA<\/h1>\r\n<div class=\"pricing-block\">\r\n<div class=\"pricing-plan-duration\">\r\n<button class=\"pricing-plan-duration-item one-time active\" type=\"button\">Un paiement unique<\/button><button class=\"pricing-plan-duration-item monthly\" type=\"button\">Mensuel<\/button><button class=\"pricing-plan-duration-item 3-months\" type=\"button\">3 mois<\/button><button class=\"pricing-plan-duration-item yearly\" type=\"button\">Annuel<\/button><\/div>\r\n<div class=\"pricing-plan-items-wrapper\">\r\n<div class=\"pricing-plan-items\">\r\n<div class=\"pricing-plan-item light\">\r\n<div class=\"item-header\"><span class=\"plan-title\">Lumi\u00e8re<\/span><div class=\"plan-price-per-word\">\r\n<p class=\"price\"><span class=\"value\">\u20ac0,23<\/span> par<\/p>\r\n<p class=\"words-count\">1000 mots<\/p><\/div><\/div>\r\n<div class=\"item-main\">\r\n<span class=\"save-up-to-label\">\u00c9conomisez jusqu&rsquo;\u00e0 <span class=\"value\">30%<\/span><\/span><p class=\"plan-price\"><span class=\"value\">\u20ac22,95<\/span> \/ <span class=\"duration\">Mois<\/span><\/p><a class=\"get-started-btn\" href=\"#\">Commencer<\/a><label class=\"custom-checkbox-label recurring-payments\" for=\"recurring_payments_light\"><span class=\"custom-checkbox\"><\/span><span class=\"custom-checkbox-title\">Paiements r\u00e9currents<\/span> <input checked=\"\" id=\"recurring_payments_light\" name=\"recurring-payments-light\" type=\"checkbox\"\/><\/label><span class=\"sep\"><\/span><\/div>\r\n<div class=\"item-footer\">\r\n<ul>\r\n<li class=\"available\"><span class=\"highlighted\">1<\/span> Soumission de plagiat *<\/li>\r\n<li class=\"available\"><span class=\"highlighted\">1<\/span> Soumission AI *<\/li>\r\n<li class=\"available\"><span class=\"highlighted\">Illimit\u00e9<\/span> Cadre temporel (jours)<\/li>\r\n<li class=\"unavailable\"><span class=\"highlighted\">365<\/span> Cadre temporel (jours)<\/li>\r\n<li class=\"unavailable\">Recherche de texte AI<\/li><\/ul><\/div><\/div>\r\n<div class=\"pricing-plan-item standatd selected\">\r\n<div class=\"item-header\"><span class=\"plan-title\">Standard<\/span>\r\n<div class=\"plan-price-per-word\">\r\n<p class=\"price\"><span class=\"value\">$0.12<\/span> par<\/p>\r\n<p class=\"words-count\">1000 mots<\/p><\/div><\/div>\r\n<div class=\"item-main\">\r\n<span class=\"save-up-to-label\">\u00c9conomisez jusqu&rsquo;\u00e0 <span class=\"value\">30%<\/span><\/span>\r\n<p class=\"plan-price\"><span class=\"value\">$34.95<\/span> \/ <span class=\"duration\">Mois<\/span><\/p><a class=\"get-started-btn\" href=\"#\">Commencer<\/a><label class=\"custom-checkbox-label recurring-payments\" for=\"recurring_payments_standatd\"><span class=\"custom-checkbox\"><\/span><span class=\"custom-checkbox-title\">Paiements r\u00e9currents<\/span><input checked=\"\" id=\"recurring_payments_standatd\" name=\"recurring-payments-standatd\" type=\"checkbox\"\/><\/label><span class=\"sep\"><\/span><\/div>\r\n<div class=\"item-footer\">\r\n<ul>\r\n<li class=\"available\"><span class=\"highlighted\">1<\/span> Soumission de plagiat *<\/li>\r\n<li class=\"available\"><span class=\"highlighted\">1<\/span> Soumission AI *<\/li>\r\n<li class=\"available\"><span class=\"highlighted\">Illimit\u00e9<\/span> D\u00e9lai (jours)<\/li>\r\n<li class=\"unavailable\"><span class=\"highlighted\">365<\/span> D\u00e9lai (jours)<\/li>\r\n<li class=\"unavailable\">Recherche de texte AI<\/li><\/ul><\/div><\/div>\r\n<div class=\"pricing-plan-item premium\">\r\n<div class=\"item-header\">\r\n<span class=\"plan-title\">Premium<\/span>\r\n<div class=\"plan-price-per-word\">\r\n<p class=\"price\"><span class=\"value\">$0.09<\/span> par<\/p>\r\n<p class=\"words-count\">1000 mots<\/p>\r\n<\/div>\r\n<\/div>\r\n<div class=\"item-main\"><span class=\"save-up-to-label\">\u00c9conomisez jusqu&rsquo;\u00e0 <span class=\"value\">30%<\/span><\/span><p class=\"plan-price\"><span class=\"value\">$54.95<\/span> \/ <span class=\"duration\">Mois<\/span><\/p><a class=\"get-started-btn\" href=\"#\">Commencer<\/a><label class=\"custom-checkbox-label recurring-payments\" for=\"recurring_payments_premium\"><span class=\"custom-checkbox\"><\/span> <span class=\"custom-checkbox-title\">Paiements r\u00e9currents<\/span><input checked=\"\" id=\"recurring_payments_premium\" name=\"recurring-payments-premium\" type=\"checkbox\"\/><\/label> <span class=\"sep\"><\/span><\/div>\r\n<div class=\"item-footer\">\r\n<ul>\r\n<li class=\"available\"><span class=\"highlighted\">1<\/span> Soumission anti-plagiat *<\/li>\r\n<li class=\"available\"><span class=\"highlighted\">1<\/span> Soumission IA *<\/li>\r\n<li class=\"available\"><span class=\"highlighted\">Illimit\u00e9<\/span> D\u00e9lai (jours)<\/li>\r\n<li class=\"unavailable\"><span class=\"highlighted\">365<\/span> D\u00e9lai (jours)<\/li>\r\n<li class=\"unavailable\">Recherche de texte IA<\/li><\/ul><\/div><\/div><\/div><\/div><\/div><\/div><\/div><\/div><\/div><\/div><\/div>\r\n<\/section>\r\n<section class=\"faq\">\r\n<div class=\"container-fluid\">\r\n<div class=\"container\">\r\n<div class=\"row\">\r\n<div class=\"col-12\">\r\n<div class=\"faq-content\">\r\n<div class=\"faq-text-block\">\r\n<p class=\"faq-text-top\">Questions fr\u00e9quemment pos\u00e9es<\/p>\r\n<p class=\"faq-text-title\">Besoin de plus d&rsquo;informations sur UniqeCheck.com ?<\/p>\r\n<p class=\"faq-text-subtitle\">Nous avons examin\u00e9 et r\u00e9pondu aux questions les plus courantes que nos utilisateurs se posent concernant nos outils de d\u00e9tection de plagiat et d&rsquo;analyse IA.<\/p>\r\n<div class=\"different-question-block\"><img decoding=\"async\" alt=\"FAQ\" class=\"faq-icon\" src=\"\/wp-content\/themes\/main\/images\/faq-icon.svg\"\/>\r\n<p class=\"title\">Avez-vous une question diff\u00e9rente ?<\/p>\r\n<p class=\"subtitle\">Contactez notre \u00e9quipe de support si vous ne trouvez pas la r\u00e9ponse que vous recherchez !<\/p><a class=\"contact-support-btn custom-btn cb-white\" href=\"\/contact-us\/\">Contacter l&rsquo;\u00e9quipe de support<\/a><\/div><\/div>    <div class=\"faq-questions-block\">\n                <div class=\"faq-accordion\" id=\"faq_accordion\">\n                            <div class=\"faq-accordion-item item-1\">\n                    <button class=\"faq-accordion-question collapsed\" type=\"button\" data-bs-toggle=\"collapse\" data-bs-target=\"#faq_accordion_1\" aria-expanded=\"false\" aria-controls=\"faq_accordion_1\">Puis-je v\u00e9rifier si mon texte a \u00e9t\u00e9 g\u00e9n\u00e9r\u00e9 par un IA ?<\/button>\n                    <div id=\"faq_accordion_1\" class=\"faq-accordion-answer accordion-collapse collapse\" data-bs-parent=\"#faq_accordion\">\n                        <p class=\"answer-text\">Oui, nous sommes l&#039;un des principaux services de d\u00e9tection de contenu g\u00e9n\u00e9r\u00e9 par l&#039;IA.<\/p>\n                    <\/div>\n                <\/div>\n                            <div class=\"faq-accordion-item item-2\">\n                    <button class=\"faq-accordion-question collapsed\" type=\"button\" data-bs-toggle=\"collapse\" data-bs-target=\"#faq_accordion_2\" aria-expanded=\"false\" aria-controls=\"faq_accordion_2\">Les r\u00e9sultats sont-ils exacts\u00a0?<\/button>\n                    <div id=\"faq_accordion_2\" class=\"faq-accordion-answer accordion-collapse collapse\" data-bs-parent=\"#faq_accordion\">\n                        <p class=\"answer-text\">Absolument. Notre outil fournit des rapports tr\u00e8s pr\u00e9cis et fiables, offrant une confiance dans l&#039;authenticit\u00e9 de votre contenu.<\/p>\n                    <\/div>\n                <\/div>\n                            <div class=\"faq-accordion-item item-3\">\n                    <button class=\"faq-accordion-question collapsed\" type=\"button\" data-bs-toggle=\"collapse\" data-bs-target=\"#faq_accordion_3\" aria-expanded=\"false\" aria-controls=\"faq_accordion_3\">Mon outil peut-il s&#039;int\u00e9grer \u00e0 d&#039;autres syst\u00e8mes ?<\/button>\n                    <div id=\"faq_accordion_3\" class=\"faq-accordion-answer accordion-collapse collapse\" data-bs-parent=\"#faq_accordion\">\n                        <p class=\"answer-text\">Oui, nous proposons une int\u00e9gration d&#039;API pour un usage transparent avec d&#039;autres plateformes.<\/p>\n                    <\/div>\n                <\/div>\n                            <div class=\"faq-accordion-item item-4\">\n                    <button class=\"faq-accordion-question collapsed\" type=\"button\" data-bs-toggle=\"collapse\" data-bs-target=\"#faq_accordion_4\" aria-expanded=\"false\" aria-controls=\"faq_accordion_4\">Mes donn\u00e9es et mes textes t\u00e9l\u00e9charg\u00e9s sont-ils s\u00e9curis\u00e9s ?<\/button>\n                    <div id=\"faq_accordion_4\" class=\"faq-accordion-answer accordion-collapse collapse\" data-bs-parent=\"#faq_accordion\">\n                        <p class=\"answer-text\">Oui, nous privil\u00e9gions votre confidentialit\u00e9. Notre plateforme ne recueille ni ne stocke vos donn\u00e9es ou textes.<\/p>\n                    <\/div>\n                <\/div>\n                            <div class=\"faq-accordion-item item-5\">\n                    <button class=\"faq-accordion-question collapsed\" type=\"button\" data-bs-toggle=\"collapse\" data-bs-target=\"#faq_accordion_5\" aria-expanded=\"false\" aria-controls=\"faq_accordion_5\">Puis-je v\u00e9rifier des documents dans diff\u00e9rents formats\u00a0?<\/button>\n                    <div id=\"faq_accordion_5\" class=\"faq-accordion-answer accordion-collapse collapse\" data-bs-parent=\"#faq_accordion\">\n                        <p class=\"answer-text\">Oui, nos outils prennent en charge divers formats, y compris PDF, Word, TXT et m\u00eame du texte coll\u00e9 directement sur la plateforme.<\/p>\n                    <\/div>\n                <\/div>\n                            <div class=\"faq-accordion-item item-6\">\n                    <button class=\"faq-accordion-question collapsed\" type=\"button\" data-bs-toggle=\"collapse\" data-bs-target=\"#faq_accordion_6\" aria-expanded=\"false\" aria-controls=\"faq_accordion_6\">Est-ce que je peux utiliser le v\u00e9rificateur sur les appareils mobiles ?<\/button>\n                    <div id=\"faq_accordion_6\" class=\"faq-accordion-answer accordion-collapse collapse\" data-bs-parent=\"#faq_accordion\">\n                        <p class=\"answer-text\">Oui, notre syst\u00e8me est optimis\u00e9 pour une utilisation sur mobile, offrant commodit\u00e9 et accessibilit\u00e9 en d\u00e9placement.<\/p>\n                    <\/div>\n                <\/div>\n                            <div class=\"faq-accordion-item item-7\">\n                    <button class=\"faq-accordion-question collapsed\" type=\"button\" data-bs-toggle=\"collapse\" data-bs-target=\"#faq_accordion_7\" aria-expanded=\"false\" aria-controls=\"faq_accordion_7\">Prenez-vous en charge plusieurs langues?<\/button>\n                    <div id=\"faq_accordion_7\" class=\"faq-accordion-answer accordion-collapse collapse\" data-bs-parent=\"#faq_accordion\">\n                        <p class=\"answer-text\">Oui, notre outil est con\u00e7u pour accueillir des utilisateurs du monde entier en supportant diverses langues.<\/p>\n                    <\/div>\n                <\/div>\n                            <div class=\"faq-accordion-item item-8\">\n                    <button class=\"faq-accordion-question collapsed\" type=\"button\" data-bs-toggle=\"collapse\" data-bs-target=\"#faq_accordion_8\" aria-expanded=\"false\" aria-controls=\"faq_accordion_8\">Combien de temps faut-il pour v\u00e9rifier un document ?<\/button>\n                    <div id=\"faq_accordion_8\" class=\"faq-accordion-answer accordion-collapse collapse\" data-bs-parent=\"#faq_accordion\">\n                        <p class=\"answer-text\">Le processus est incroyablement rapide, avec des r\u00e9sultats disponibles en quelques minutes seulement.<\/p>\n                    <\/div>\n                <\/div>\n                            <div class=\"faq-accordion-item item-9\">\n                    <button class=\"faq-accordion-question collapsed\" type=\"button\" data-bs-toggle=\"collapse\" data-bs-target=\"#faq_accordion_9\" aria-expanded=\"false\" aria-controls=\"faq_accordion_9\">Puis-je v\u00e9rifier plusieurs textes \u00e0 la fois ?<\/button>\n                    <div id=\"faq_accordion_9\" class=\"faq-accordion-answer accordion-collapse collapse\" data-bs-parent=\"#faq_accordion\">\n                        <p class=\"answer-text\">Oui, vous pouvez t\u00e9l\u00e9charger plusieurs documents simultan\u00e9ment, ce qui permet de gagner du temps et des efforts.<\/p>\n                    <\/div>\n                <\/div>\n                            <div class=\"faq-accordion-item item-10\">\n                    <button class=\"faq-accordion-question collapsed\" type=\"button\" data-bs-toggle=\"collapse\" data-bs-target=\"#faq_accordion_10\" aria-expanded=\"false\" aria-controls=\"faq_accordion_10\">Mettez-vous \u00e0 jour vos outils ?<\/button>\n                    <div id=\"faq_accordion_10\" class=\"faq-accordion-answer accordion-collapse collapse\" data-bs-parent=\"#faq_accordion\">\n                        <p class=\"answer-text\">Oui, nos algorithmes sont constamment am\u00e9lior\u00e9s avec des mises \u00e0 jour r\u00e9guli\u00e8res pour renforcer les performances et la pr\u00e9cision.<\/p>\n                    <\/div>\n                <\/div>\n                            <div class=\"faq-accordion-item item-11\">\n                    <button class=\"faq-accordion-question collapsed\" type=\"button\" data-bs-toggle=\"collapse\" data-bs-target=\"#faq_accordion_11\" aria-expanded=\"false\" aria-controls=\"faq_accordion_11\">Quelles sont les sources analys\u00e9es par votre syst\u00e8me ?<\/button>\n                    <div id=\"faq_accordion_11\" class=\"faq-accordion-answer accordion-collapse collapse\" data-bs-parent=\"#faq_accordion\">\n                        <p class=\"answer-text\">Nous examinons les publications acad\u00e9miques, les pages Web et des bases de donn\u00e9es exclusives pour garantir des r\u00e9sultats complets et pr\u00e9cis.<\/p>\n                    <\/div>\n                <\/div>\n                            <div class=\"faq-accordion-item item-12\">\n                    <button class=\"faq-accordion-question collapsed\" type=\"button\" data-bs-toggle=\"collapse\" data-bs-target=\"#faq_accordion_12\" aria-expanded=\"false\" aria-controls=\"faq_accordion_12\">Y a-t-il une limite de taille pour les documents ?<\/button>\n                    <div id=\"faq_accordion_12\" class=\"faq-accordion-answer accordion-collapse collapse\" data-bs-parent=\"#faq_accordion\">\n                        <p class=\"answer-text\">Non, notre outil peut g\u00e9rer \u00e0 la fois de petits textes et des documents plus volumineux sans restriction.<\/p>\n                    <\/div>\n                <\/div>\n                            <div class=\"faq-accordion-item item-13\">\n                    <button class=\"faq-accordion-question collapsed\" type=\"button\" data-bs-toggle=\"collapse\" data-bs-target=\"#faq_accordion_13\" aria-expanded=\"false\" aria-controls=\"faq_accordion_13\">Y a-t-il un essai gratuit disponible ?<\/button>\n                    <div id=\"faq_accordion_13\" class=\"faq-accordion-answer accordion-collapse collapse\" data-bs-parent=\"#faq_accordion\">\n                        <p class=\"answer-text\">Oui, nous proposons un essai gratuit pour les utilisateurs qui souhaitent explorer notre plateforme et ses fonctionnalit\u00e9s.<\/p>\n                    <\/div>\n                <\/div>\n                    <\/div>\n    <\/div>\n    <\/div><\/div><\/div><\/div>\r\n<\/div><\/section>","protected":false,"raw":"<section class=\"pricing-page-main-block\">\r\n<div class=\"container-fluid\">\r\n<div class=\"container\">\r\n<div class=\"row\">\r\n<div class=\"col-12\">\r\n<div class=\"pricing-main-block-content\">\r\n<div class=\"ps-widget-container\" data-ps-widget-name=\"Prices\" data-ps-widget-options=\"{}\">\r\n<p class=\"top-text\">S\u00e9lectionnez vos options tarifaires<\/p>\r\n<h1 class=\"page-title\">Pas de frais cach\u00e9s pour la d\u00e9tection pr\u00e9cise du plagiat et de l'IA<\/h1>\r\n<div class=\"pricing-block\">\r\n<div class=\"pricing-plan-duration\">\r\n<button class=\"pricing-plan-duration-item one-time active\" type=\"button\">Un paiement unique<\/button><button class=\"pricing-plan-duration-item monthly\" type=\"button\">Mensuel<\/button><button class=\"pricing-plan-duration-item 3-months\" type=\"button\">3 mois<\/button><button class=\"pricing-plan-duration-item yearly\" type=\"button\">Annuel<\/button><\/div>\r\n<div class=\"pricing-plan-items-wrapper\">\r\n<div class=\"pricing-plan-items\">\r\n<div class=\"pricing-plan-item light\">\r\n<div class=\"item-header\"><span class=\"plan-title\">Lumi\u00e8re<\/span><div class=\"plan-price-per-word\">\r\n<p class=\"price\"><span class=\"value\">\u20ac0,23<\/span> par<\/p>\r\n<p class=\"words-count\">1000 mots<\/p><\/div><\/div>\r\n<div class=\"item-main\">\r\n<span class=\"save-up-to-label\">\u00c9conomisez jusqu'\u00e0 <span class=\"value\">30%<\/span><\/span><p class=\"plan-price\"><span class=\"value\">\u20ac22,95<\/span> \/ <span class=\"duration\">Mois<\/span><\/p><a class=\"get-started-btn\" href=\"#\">Commencer<\/a><label class=\"custom-checkbox-label recurring-payments\" for=\"recurring_payments_light\"><span class=\"custom-checkbox\"><\/span><span class=\"custom-checkbox-title\">Paiements r\u00e9currents<\/span> <input checked=\"\" id=\"recurring_payments_light\" name=\"recurring-payments-light\" type=\"checkbox\"\/><\/label><span class=\"sep\"><\/span><\/div>\r\n<div class=\"item-footer\">\r\n<ul>\r\n<li class=\"available\"><span class=\"highlighted\">1<\/span> Soumission de plagiat *<\/li>\r\n<li class=\"available\"><span class=\"highlighted\">1<\/span> Soumission AI *<\/li>\r\n<li class=\"available\"><span class=\"highlighted\">Illimit\u00e9<\/span> Cadre temporel (jours)<\/li>\r\n<li class=\"unavailable\"><span class=\"highlighted\">365<\/span> Cadre temporel (jours)<\/li>\r\n<li class=\"unavailable\">Recherche de texte AI<\/li><\/ul><\/div><\/div>\r\n<div class=\"pricing-plan-item standatd selected\">\r\n<div class=\"item-header\"><span class=\"plan-title\">Standard<\/span>\r\n<div class=\"plan-price-per-word\">\r\n<p class=\"price\"><span class=\"value\">$0.12<\/span> par<\/p>\r\n<p class=\"words-count\">1000 mots<\/p><\/div><\/div>\r\n<div class=\"item-main\">\r\n<span class=\"save-up-to-label\">\u00c9conomisez jusqu'\u00e0 <span class=\"value\">30%<\/span><\/span>\r\n<p class=\"plan-price\"><span class=\"value\">$34.95<\/span> \/ <span class=\"duration\">Mois<\/span><\/p><a class=\"get-started-btn\" href=\"#\">Commencer<\/a><label class=\"custom-checkbox-label recurring-payments\" for=\"recurring_payments_standatd\"><span class=\"custom-checkbox\"><\/span><span class=\"custom-checkbox-title\">Paiements r\u00e9currents<\/span><input checked=\"\" id=\"recurring_payments_standatd\" name=\"recurring-payments-standatd\" type=\"checkbox\"\/><\/label><span class=\"sep\"><\/span><\/div>\r\n<div class=\"item-footer\">\r\n<ul>\r\n<li class=\"available\"><span class=\"highlighted\">1<\/span> Soumission de plagiat *<\/li>\r\n<li class=\"available\"><span class=\"highlighted\">1<\/span> Soumission AI *<\/li>\r\n<li class=\"available\"><span class=\"highlighted\">Illimit\u00e9<\/span> D\u00e9lai (jours)<\/li>\r\n<li class=\"unavailable\"><span class=\"highlighted\">365<\/span> D\u00e9lai (jours)<\/li>\r\n<li class=\"unavailable\">Recherche de texte AI<\/li><\/ul><\/div><\/div>\r\n<div class=\"pricing-plan-item premium\">\r\n<div class=\"item-header\">\r\n<span class=\"plan-title\">Premium<\/span>\r\n<div class=\"plan-price-per-word\">\r\n<p class=\"price\"><span class=\"value\">$0.09<\/span> par<\/p>\r\n<p class=\"words-count\">1000 mots<\/p>\r\n<\/div>\r\n<\/div>\r\n<div class=\"item-main\"><span class=\"save-up-to-label\">\u00c9conomisez jusqu'\u00e0 <span class=\"value\">30%<\/span><\/span><p class=\"plan-price\"><span class=\"value\">$54.95<\/span> \/ <span class=\"duration\">Mois<\/span><\/p><a class=\"get-started-btn\" href=\"#\">Commencer<\/a><label class=\"custom-checkbox-label recurring-payments\" for=\"recurring_payments_premium\"><span class=\"custom-checkbox\"><\/span> <span class=\"custom-checkbox-title\">Paiements r\u00e9currents<\/span><input checked=\"\" id=\"recurring_payments_premium\" name=\"recurring-payments-premium\" type=\"checkbox\"\/><\/label> <span class=\"sep\"><\/span><\/div>\r\n<div class=\"item-footer\">\r\n<ul>\r\n<li class=\"available\"><span class=\"highlighted\">1<\/span> Soumission anti-plagiat *<\/li>\r\n<li class=\"available\"><span class=\"highlighted\">1<\/span> Soumission IA *<\/li>\r\n<li class=\"available\"><span class=\"highlighted\">Illimit\u00e9<\/span> D\u00e9lai (jours)<\/li>\r\n<li class=\"unavailable\"><span class=\"highlighted\">365<\/span> D\u00e9lai (jours)<\/li>\r\n<li class=\"unavailable\">Recherche de texte IA<\/li><\/ul><\/div><\/div><\/div><\/div><\/div><\/div><\/div><\/div><\/div><\/div><\/div>\r\n<\/section>\r\n<section class=\"faq\">\r\n<div class=\"container-fluid\">\r\n<div class=\"container\">\r\n<div class=\"row\">\r\n<div class=\"col-12\">\r\n<div class=\"faq-content\">\r\n<div class=\"faq-text-block\">\r\n<p class=\"faq-text-top\">Questions fr\u00e9quemment pos\u00e9es<\/p>\r\n<p class=\"faq-text-title\">Besoin de plus d'informations sur UniqeCheck.com ?<\/p>\r\n<p class=\"faq-text-subtitle\">Nous avons examin\u00e9 et r\u00e9pondu aux questions les plus courantes que nos utilisateurs se posent concernant nos outils de d\u00e9tection de plagiat et d'analyse IA.<\/p>\r\n<div class=\"different-question-block\"><img alt=\"FAQ\" class=\"faq-icon\" src=\"\/wp-content\/themes\/main\/images\/faq-icon.svg\"\/>\r\n<p class=\"title\">Avez-vous une question diff\u00e9rente ?<\/p>\r\n<p class=\"subtitle\">Contactez notre \u00e9quipe de support si vous ne trouvez pas la r\u00e9ponse que vous recherchez !<\/p><a class=\"contact-support-btn custom-btn cb-white\" href=\"\/contact-us\/\">Contacter l'\u00e9quipe de support<\/a><\/div><\/div>[faq_questions]<\/div><\/div><\/div><\/div>\r\n<\/div><\/section>"},"excerpt":{"rendered":"S\u00e9lectionnez vos options de tarification Aucuns frais cach\u00e9s pour une d\u00e9tection pr\u00e9cise du plagiat et de l&rsquo;IA &#8211; Paiement unique Mensuel 3 Mois Annuel Light $0.23 par 1000 mots \u00c9conomisez jusqu&rsquo;\u00e0 30% $22,95 \/ moisCommencez Recouvrements r\u00e9currents 1 Soumission au plagiat * 1 Soumission \u00e0 l&rsquo;IA * Temps illimit\u00e9 (jours) 365 Dur\u00e9e (jours) Recherche de texte AI Standard $0.12 par 1000 mots \u00c9conomisez jusqu&rsquo;\u00e0.","protected":false,"raw":"S\u00e9lectionnez vos options de tarification Aucuns frais cach\u00e9s pour une d\u00e9tection pr\u00e9cise du plagiat et de l'IA - Paiement unique Mensuel 3 Mois Annuel Light $0.23 par 1000 mots \u00c9conomisez jusqu'\u00e0 30% $22,95 \/ moisCommencez Recouvrements r\u00e9currents 1 Soumission au plagiat * 1 Soumission \u00e0 l'IA * Temps illimit\u00e9 (jours) 365 Dur\u00e9e (jours) Recherche de texte AI Standard $0.12 par 1000 mots \u00c9conomisez jusqu'\u00e0."},"author":1,"featured_media":0,"parent":0,"menu_order":0,"comment_status":"closed","ping_status":"closed","template":"tpl-landing.php","meta":{"_aioseo_title":null,"_aioseo_description":null,"_locale":"fr_FR","_original_post":"https:\/\/uniqecheck.com\/?page_id=10","footnotes":""},"class_list":["post-256","page","type-page","status-publish","hentry","fr-FR"],"aioseo_notices":[],"_links":{"self":[{"href":"https:\/\/uniqecheck.com\/wp-json\/wp\/v2\/pages\/256","targetHints":{"allow":["GET"]}}],"collection":[{"href":"https:\/\/uniqecheck.com\/wp-json\/wp\/v2\/pages"}],"about":[{"href":"https:\/\/uniqecheck.com\/wp-json\/wp\/v2\/types\/page"}],"author":[{"embeddable":true,"href":"https:\/\/uniqecheck.com\/wp-json\/wp\/v2\/users\/1"}],"replies":[{"embeddable":true,"href":"https:\/\/uniqecheck.com\/wp-json\/wp\/v2\/comments?post=256"}],"version-history":[{"count":4,"href":"https:\/\/uniqecheck.com\/wp-json\/wp\/v2\/pages\/256\/revisions"}],"predecessor-version":[{"id":772,"href":"https:\/\/uniqecheck.com\/wp-json\/wp\/v2\/pages\/256\/revisions\/772"}],"wp:attachment":[{"href":"https:\/\/uniqecheck.com\/wp-json\/wp\/v2\/media?parent=256"}],"curies":[{"name":"wp","href":"https:\/\/api.w.org\/{rel}","templated":true}]}}