{"id":398,"date":"2025-04-03T20:22:50","date_gmt":"2025-04-03T20:22:50","guid":{"rendered":"https:\/\/uniqecheck.com\/?page_id=398","raw":"https:\/\/uniqecheck.com\/?page_id=398"},"modified":"2025-04-04T10:53:28","modified_gmt":"2025-04-04T10:53:28","slug":"login","status":"publish","type":"page","link":"https:\/\/uniqecheck.com\/fi\/login\/","title":{"rendered":"Kirjaudu sis\u00e4\u00e4n","raw":"Kirjaudu sis\u00e4\u00e4n"},"content":{"rendered":"","protected":false,"raw":""},"excerpt":{"rendered":"","protected":false,"raw":""},"author":1,"featured_media":0,"parent":0,"menu_order":0,"comment_status":"closed","ping_status":"closed","template":"","meta":{"_aioseo_title":null,"_aioseo_description":null,"_locale":"fi","_original_post":"https:\/\/uniqecheck.com\/?page_id=38","footnotes":""},"class_list":["post-398","page","type-page","status-publish","hentry","fi"],"aioseo_notices":[],"_links":{"self":[{"href":"https:\/\/uniqecheck.com\/wp-json\/wp\/v2\/pages\/398","targetHints":{"allow":["GET"]}}],"collection":[{"href":"https:\/\/uniqecheck.com\/wp-json\/wp\/v2\/pages"}],"about":[{"href":"https:\/\/uniqecheck.com\/wp-json\/wp\/v2\/types\/page"}],"author":[{"embeddable":true,"href":"https:\/\/uniqecheck.com\/wp-json\/wp\/v2\/users\/1"}],"replies":[{"embeddable":true,"href":"https:\/\/uniqecheck.com\/wp-json\/wp\/v2\/comments?post=398"}],"version-history":[{"count":1,"href":"https:\/\/uniqecheck.com\/wp-json\/wp\/v2\/pages\/398\/revisions"}],"predecessor-version":[{"id":399,"href":"https:\/\/uniqecheck.com\/wp-json\/wp\/v2\/pages\/398\/revisions\/399"}],"wp:attachment":[{"href":"https:\/\/uniqecheck.com\/wp-json\/wp\/v2\/media?parent=398"}],"curies":[{"name":"wp","href":"https:\/\/api.w.org\/{rel}","templated":true}]}}