{"id":326,"date":"2025-04-03T20:26:04","date_gmt":"2025-04-03T20:26:04","guid":{"rendered":"https:\/\/uniqecheck.com\/?page_id=326","raw":"https:\/\/uniqecheck.com\/?page_id=326"},"modified":"2025-07-17T20:57:25","modified_gmt":"2025-07-17T20:57:25","slug":"home","status":"publish","type":"page","link":"https:\/\/uniqecheck.com\/","title":{"rendered":"Koti","raw":"Koti"},"content":{"rendered":"","protected":false,"raw":""},"excerpt":{"rendered":"","protected":false,"raw":""},"author":1,"featured_media":0,"parent":0,"menu_order":0,"comment_status":"closed","ping_status":"closed","template":"","meta":{"_aioseo_title":"Ainutlaatuisen sis\u00e4ll\u00f6n tarkistin kaikkiin tarpeisiisi","_aioseo_description":"L\u00f6yd\u00e4 luotettavin ainutlaatuisen tekstin tarkistin ja varmista, ett\u00e4 sis\u00e4lt\u00f6si on alkuper\u00e4ist\u00e4 eik\u00e4 sis\u00e4ll\u00e4 plagiointia. T\u00e4ydellinen opiskelijoille, kirjoittajille ja ammattilaisille.","_locale":"fi","_original_post":"https:\/\/uniqecheck.com\/?page_id=24","footnotes":""},"class_list":["post-326","page","type-page","status-publish","hentry","fi"],"aioseo_notices":[],"_links":{"self":[{"href":"https:\/\/uniqecheck.com\/wp-json\/wp\/v2\/pages\/326","targetHints":{"allow":["GET"]}}],"collection":[{"href":"https:\/\/uniqecheck.com\/wp-json\/wp\/v2\/pages"}],"about":[{"href":"https:\/\/uniqecheck.com\/wp-json\/wp\/v2\/types\/page"}],"author":[{"embeddable":true,"href":"https:\/\/uniqecheck.com\/wp-json\/wp\/v2\/users\/1"}],"replies":[{"embeddable":true,"href":"https:\/\/uniqecheck.com\/wp-json\/wp\/v2\/comments?post=326"}],"version-history":[{"count":1,"href":"https:\/\/uniqecheck.com\/wp-json\/wp\/v2\/pages\/326\/revisions"}],"predecessor-version":[{"id":327,"href":"https:\/\/uniqecheck.com\/wp-json\/wp\/v2\/pages\/326\/revisions\/327"}],"wp:attachment":[{"href":"https:\/\/uniqecheck.com\/wp-json\/wp\/v2\/media?parent=326"}],"curies":[{"name":"wp","href":"https:\/\/api.w.org\/{rel}","templated":true}]}}