{"id":254,"date":"2025-04-03T20:35:25","date_gmt":"2025-04-03T20:35:25","guid":{"rendered":"https:\/\/uniqecheck.com\/?page_id=254","raw":"https:\/\/uniqecheck.com\/?page_id=254"},"modified":"2025-07-22T12:49:24","modified_gmt":"2025-07-22T12:49:24","slug":"pricing","status":"publish","type":"page","link":"https:\/\/uniqecheck.com\/fi\/pricing\/","title":{"rendered":"Hintatiedot","raw":"Hintatiedot"},"content":{"rendered":"<section class=\"pricing-page-main-block\">\r\n<div class=\"container-fluid\">\r\n<div class=\"container\">\r\n<div class=\"row\">\r\n<div class=\"col-12\">\r\n<div class=\"pricing-main-block-content\">\r\n<div class=\"ps-widget-container\" data-ps-widget-name=\"Prices\" data-ps-widget-options=\"{}\">\r\n<p class=\"top-text\">Valitse hintavaihtoehdot<\/p>\r\n<h1 class=\"page-title\">Ei piilotettuja maksuja tarkkaa plagiaattikoodaus- ja AI-tunnistus<\/h1>\r\n<div class=\"pricing-block\">\r\n<div class=\"pricing-plan-duration\">\r\n<button class=\"pricing-plan-duration-item one-time active\" type=\"button\">Yksitt\u00e4inen<\/button>\r\n<button class=\"pricing-plan-duration-item monthly\" type=\"button\">Kerran kuukaudessa<\/button>\r\n<button class=\"pricing-plan-duration-item 3-months\" type=\"button\">3 kuukautta<\/button>\r\n<button class=\"pricing-plan-duration-item yearly\" type=\"button\">Vuosittain<\/button>\r\n<\/div>\r\n<div class=\"pricing-plan-items-wrapper\">\r\n<div class=\"pricing-plan-items\">\r\n<div class=\"pricing-plan-item light\">\r\n<div class=\"item-header\"><span class=\"plan-title\">Kevyt<\/span><div class=\"plan-price-per-word\">\r\n<p class=\"price\"><span class=\"value\">$0.23<\/span> per<\/p>\r\n<p class=\"words-count\">1000 sanaa<\/p><\/div><\/div>\r\n<div class=\"item-main\">\r\n<span class=\"save-up-to-label\">S\u00e4\u00e4st\u00e4 jopa <span class=\"value\">30%<\/span><\/span><p class=\"plan-price\"><span class=\"value\">$22.95<\/span> \/ <span class=\"duration\">Kuukausi<\/span><\/p><a class=\"get-started-btn\" href=\"#\">Aloita nyt<\/a><label class=\"custom-checkbox-label recurring-payments\" for=\"recurring_payments_light\"><span class=\"custom-checkbox\"><\/span><span class=\"custom-checkbox-title\">T\u00e4ydennysmaksut<\/span> <input checked=\"\" id=\"recurring_payments_light\" name=\"recurring-payments-light\" type=\"checkbox\"\/><\/label><span class=\"sep\"><\/span><\/div>\r\n<div class=\"item-footer\">\r\n<ul>\r\n<li class=\"available\"><span class=\"highlighted\">1<\/span> Plagiarismin l\u00e4hett\u00e4misluvut *<\/li>\r\n<li class=\"available\"><span class=\"highlighted\">1<\/span> AI-l\u00e4hett\u00e4misluvut *<\/li>\r\n<li class=\"available\"><span class=\"highlighted\">Lukumaton<\/span> Aikav\u00e4li (p\u00e4iv\u00e4t)<\/li>\r\n<li class=\"unavailable\"><span class=\"highlighted\">365<\/span> Aikav\u00e4li (p\u00e4iv\u00e4t)<\/li>\r\n<li class=\"unavailable\">Etsi AI-kirjoitusta<\/li><\/ul><\/div><\/div>\r\n<div class=\"pricing-plan-item standatd selected\">\r\n<div class=\"item-header\"><span class=\"plan-title\">Standatd<\/span>\r\n<div class=\"plan-price-per-word\">\r\n<p class=\"price\"><span class=\"value\">$0.12<\/span> per<\/p>\r\n<p class=\"words-count\">1000 sanaa<\/p><\/div><\/div>\r\n<div class=\"item-main\">\r\n<span class=\"save-up-to-label\">S\u00e4\u00e4st\u00e4 jopa <span class=\"value\">30%<\/span><\/span>\r\n<p class=\"plan-price\"><span class=\"value\">$34.95<\/span> \/ <span class=\"duration\">Kuukausi<\/span><\/p><a class=\"get-started-btn\" href=\"#\">Aloita<\/a><label class=\"custom-checkbox-label recurring-payments\" for=\"recurring_payments_standatd\"><span class=\"custom-checkbox\"><\/span><span class=\"custom-checkbox-title\">Tilaukselliset maksut<\/span><input checked=\"\" id=\"recurring_payments_standatd\" name=\"recurring-payments-standatd\" type=\"checkbox\"\/><\/label><span class=\"sep\"><\/span><\/div>\r\n<div class=\"item-footer\">\r\n<ul>\r\n<li class=\"available\"><span class=\"highlighted\">1<\/span> Plagiarism submission *<\/li>\r\n<li class=\"available\"><span class=\"highlighted\">1<\/span> AI submission *<\/li>\r\n<li class=\"available\"><span class=\"highlighted\">Loputon<\/span> Aikaraja (p\u00e4ivi\u00e4)<\/li>\r\n<li class=\"unavailable\"><span class=\"highlighted\">365<\/span> Aikaraja (p\u00e4ivi\u00e4)<\/li>\r\n<li class=\"unavailable\">Etsi AI-kirjoitusta<\/li><\/ul><\/div><\/div>\r\n<div class=\"pricing-plan-item premium\">\r\n<div class=\"item-header\">\r\n<span class=\"plan-title\">Premium<\/span>\r\n<div class=\"plan-price-per-word\">\r\n<p class=\"price\"><span class=\"value\">$0.09<\/span> per<\/p>\r\n<p class=\"words-count\">1000 words<\/p>\r\n<\/div>\r\n<\/div>\r\n<div class=\"item-main\"><span class=\"save-up-to-label\">Save up to <span class=\"value\">30%<\/span><\/span><p class=\"plan-price\"><span class=\"value\">$54.95<\/span> \/ <span class=\"duration\">Month<\/span><\/p><a class=\"get-started-btn\" href=\"#\">Get Started<\/a><label class=\"custom-checkbox-label recurring-payments\" for=\"recurring_payments_premium\"><span class=\"custom-checkbox\"><\/span> <span class=\"custom-checkbox-title\">Recurring payments<\/span><input checked=\"\" id=\"recurring_payments_premium\" name=\"recurring-payments-premium\" type=\"checkbox\"\/><\/label> <span class=\"sep\"><\/span><\/div>\r\n<div class=\"item-footer\">\r\n<ul>\r\n<li class=\"available\"><span class=\"highlighted\">1<\/span> Plagiarism submission *<\/li>\r\n<li class=\"available\"><span class=\"highlighted\">1<\/span> AI submission *<\/li>\r\n<li class=\"available\"><span class=\"highlighted\">Unlimited<\/span> Time frame (days)<\/li>\r\n<li class=\"unavailable\"><span class=\"highlighted\">365<\/span> Time frame (days)<\/li>\r\n<li class=\"unavailable\">Search for AI text<\/li><\/ul><\/div><\/div><\/div><\/div><\/div><\/div><\/div><\/div><\/div><\/div><\/div>\r\n<\/section>\r\n<section class=\"faq\">\r\n<div class=\"container-fluid\">\r\n<div class=\"container\">\r\n<div class=\"row\">\r\n<div class=\"col-12\">\r\n<div class=\"faq-content\">\r\n<div class=\"faq-text-block\">\r\n<p class=\"faq-text-top\">Usein kysytyt kysymykset<\/p>\r\n<p class=\"faq-text-title\">Tarvitsetko lis\u00e4tietoja UniqeCheck.com:st\u00e4?<\/p>\r\n<p class=\"faq-text-subtitle\">Olemme tarkistaneet ja vastanneet useimpiin yleisimpiin kysymyksiin, joita k\u00e4ytt\u00e4jill\u00e4mme on plagiaarisuuden havaitsemis- ja AI-analyysity\u00f6kalujemme suhteen.<\/p>\r\n<div class=\"different-question-block\"><img decoding=\"async\" alt=\"Usein kysytyt kysymykset\" class=\"faq-icon\" src=\"\/wp-content\/themes\/main\/images\/faq-icon.svg\"\/>\r\n<p class=\"title\">Oletteko sill\u00e4, ett\u00e4 sinulla on toinen kysymys?<\/p>\r\n<p class=\"subtitle\">Ota yhteytt\u00e4 tukiteamoomme, jos et l\u00f6yd\u00e4 haluamaasi vastausta!<\/p><a class=\"contact-support-btn custom-btn cb-white\" href=\"\/contact-us\/\">Ota yhteytt\u00e4 tukiteemaan<\/a><\/div>\r\n<\/div>    <div class=\"faq-questions-block\">\n                <div class=\"faq-accordion\" id=\"faq_accordion\">\n                            <div class=\"faq-accordion-item item-1\">\n                    <button class=\"faq-accordion-question collapsed\" type=\"button\" data-bs-toggle=\"collapse\" data-bs-target=\"#faq_accordion_1\" aria-expanded=\"false\" aria-controls=\"faq_accordion_1\">Voinko tarkistaa, onko tekostani luotu AI:n avulla?<\/button>\n                    <div id=\"faq_accordion_1\" class=\"faq-accordion-answer accordion-collapse collapse\" data-bs-parent=\"#faq_accordion\">\n                        <p class=\"answer-text\">Kyll\u00e4, olemme yksi johtavista palveluista AI-generoituun sis\u00e4lt\u00f6\u00f6n tunnistamiseen.<\/p>\n                    <\/div>\n                <\/div>\n                            <div class=\"faq-accordion-item item-2\">\n                    <button class=\"faq-accordion-question collapsed\" type=\"button\" data-bs-toggle=\"collapse\" data-bs-target=\"#faq_accordion_2\" aria-expanded=\"false\" aria-controls=\"faq_accordion_2\">Onko tulokset tarkkoja?<\/button>\n                    <div id=\"faq_accordion_2\" class=\"faq-accordion-answer accordion-collapse collapse\" data-bs-parent=\"#faq_accordion\">\n                        <p class=\"answer-text\">Totta kai. Ty\u00f6kalumme tuottaa eritt\u00e4in tarkkoja ja luotettavia raportteja, mik\u00e4 lis\u00e4\u00e4 sis\u00e4ll\u00f6n alkuper\u00e4n uskottavuuteen liittyv\u00e4\u00e4 luottamusta.<\/p>\n                    <\/div>\n                <\/div>\n                            <div class=\"faq-accordion-item item-3\">\n                    <button class=\"faq-accordion-question collapsed\" type=\"button\" data-bs-toggle=\"collapse\" data-bs-target=\"#faq_accordion_3\" aria-expanded=\"false\" aria-controls=\"faq_accordion_3\">Kelpuuttako ty\u00f6kaluni integroitua muihin j\u00e4rjestelmiin?<\/button>\n                    <div id=\"faq_accordion_3\" class=\"faq-accordion-answer accordion-collapse collapse\" data-bs-parent=\"#faq_accordion\">\n                        <p class=\"answer-text\">Kyll\u00e4, tarjoamme API-integraatiota sujuvaa k\u00e4ytt\u00f6\u00e4 varten muiden alustojen kanssa.<\/p>\n                    <\/div>\n                <\/div>\n                            <div class=\"faq-accordion-item item-4\">\n                    <button class=\"faq-accordion-question collapsed\" type=\"button\" data-bs-toggle=\"collapse\" data-bs-target=\"#faq_accordion_4\" aria-expanded=\"false\" aria-controls=\"faq_accordion_4\">Onko minun tietojani ja l\u00e4hetykseni turvassa?<\/button>\n                    <div id=\"faq_accordion_4\" class=\"faq-accordion-answer accordion-collapse collapse\" data-bs-parent=\"#faq_accordion\">\n                        <p class=\"answer-text\">Kyll\u00e4, arvostamme yksityisyytt\u00e4nne. Alustamme ei ker\u00e4\u00e4 tai tallenna henkil\u00f6tietojanne tai tekstej\u00e4nne.<\/p>\n                    <\/div>\n                <\/div>\n                            <div class=\"faq-accordion-item item-5\">\n                    <button class=\"faq-accordion-question collapsed\" type=\"button\" data-bs-toggle=\"collapse\" data-bs-target=\"#faq_accordion_5\" aria-expanded=\"false\" aria-controls=\"faq_accordion_5\">Voinko tarkistaa asiakirjoja eri muodoissa?<\/button>\n                    <div id=\"faq_accordion_5\" class=\"faq-accordion-answer accordion-collapse collapse\" data-bs-parent=\"#faq_accordion\">\n                        <p class=\"answer-text\">Kyll\u00e4, ty\u00f6kalumme tukee useita formaatteja, mukaan lukien PDF, Word, TXT ja teksti\u00e4 suoraan alustalle leikkaamalla.<\/p>\n                    <\/div>\n                <\/div>\n                            <div class=\"faq-accordion-item item-6\">\n                    <button class=\"faq-accordion-question collapsed\" type=\"button\" data-bs-toggle=\"collapse\" data-bs-target=\"#faq_accordion_6\" aria-expanded=\"false\" aria-controls=\"faq_accordion_6\">Voinko k\u00e4ytt\u00e4\u00e4 tarkistinta mobiililaitteilla?<\/button>\n                    <div id=\"faq_accordion_6\" class=\"faq-accordion-answer accordion-collapse collapse\" data-bs-parent=\"#faq_accordion\">\n                        <p class=\"answer-text\">Kyll\u00e4, j\u00e4rjestelm\u00e4mme on optimoitu mobiilik\u00e4ytt\u00f6\u00f6n, tarjoten mukavuutta ja saatavuutta liikkumisen aikana.<\/p>\n                    <\/div>\n                <\/div>\n                            <div class=\"faq-accordion-item item-7\">\n                    <button class=\"faq-accordion-question collapsed\" type=\"button\" data-bs-toggle=\"collapse\" data-bs-target=\"#faq_accordion_7\" aria-expanded=\"false\" aria-controls=\"faq_accordion_7\">Tukeeko t\u00e4m\u00e4 useita kieli\u00e4?<\/button>\n                    <div id=\"faq_accordion_7\" class=\"faq-accordion-answer accordion-collapse collapse\" data-bs-parent=\"#faq_accordion\">\n                        <p class=\"answer-text\">Kyll\u00e4, ty\u00f6kalumme on suunniteltu huomioimaan k\u00e4ytt\u00e4ji\u00e4 koko maailmasta tukeakseen eri kieli\u00e4.<\/p>\n                    <\/div>\n                <\/div>\n                            <div class=\"faq-accordion-item item-8\">\n                    <button class=\"faq-accordion-question collapsed\" type=\"button\" data-bs-toggle=\"collapse\" data-bs-target=\"#faq_accordion_8\" aria-expanded=\"false\" aria-controls=\"faq_accordion_8\">Kuinka kauan dokumentin tarkistus kest\u00e4\u00e4?<\/button>\n                    <div id=\"faq_accordion_8\" class=\"faq-accordion-answer accordion-collapse collapse\" data-bs-parent=\"#faq_accordion\">\n                        <p class=\"answer-text\">Prosessi on eritt\u00e4in nopea, ja tulokset ovat yleens\u00e4 saatavilla muutamassa minuutissa.<\/p>\n                    <\/div>\n                <\/div>\n                            <div class=\"faq-accordion-item item-9\">\n                    <button class=\"faq-accordion-question collapsed\" type=\"button\" data-bs-toggle=\"collapse\" data-bs-target=\"#faq_accordion_9\" aria-expanded=\"false\" aria-controls=\"faq_accordion_9\">Voinko tarkastella useita tekstej\u00e4 kerrallaan?<\/button>\n                    <div id=\"faq_accordion_9\" class=\"faq-accordion-answer accordion-collapse collapse\" data-bs-parent=\"#faq_accordion\">\n                        <p class=\"answer-text\">Kyll\u00e4, voit ladata useita dokumentteja kerrallaan, mik\u00e4 s\u00e4\u00e4st\u00e4\u00e4 aikaa ja vaivann\u00e4k\u00f6\u00e4.<\/p>\n                    <\/div>\n                <\/div>\n                            <div class=\"faq-accordion-item item-10\">\n                    <button class=\"faq-accordion-question collapsed\" type=\"button\" data-bs-toggle=\"collapse\" data-bs-target=\"#faq_accordion_10\" aria-expanded=\"false\" aria-controls=\"faq_accordion_10\">P\u00e4ivit\u00e4ttek\u00f6 ty\u00f6kalujanne?<\/button>\n                    <div id=\"faq_accordion_10\" class=\"faq-accordion-answer accordion-collapse collapse\" data-bs-parent=\"#faq_accordion\">\n                        <p class=\"answer-text\">Kyll\u00e4, algoritmit parannetaan jatkuvasti s\u00e4\u00e4nn\u00f6llisill\u00e4 p\u00e4ivityksill\u00e4 suorituskyvyn ja tarkkuuden lis\u00e4\u00e4miseksi.<\/p>\n                    <\/div>\n                <\/div>\n                            <div class=\"faq-accordion-item item-11\">\n                    <button class=\"faq-accordion-question collapsed\" type=\"button\" data-bs-toggle=\"collapse\" data-bs-target=\"#faq_accordion_11\" aria-expanded=\"false\" aria-controls=\"faq_accordion_11\">Mit\u00e4 l\u00e4hteit\u00e4 j\u00e4rjestelm\u00e4si tarkastelee?<\/button>\n                    <div id=\"faq_accordion_11\" class=\"faq-accordion-answer accordion-collapse collapse\" data-bs-parent=\"#faq_accordion\">\n                        <p class=\"answer-text\">Tarkistamme akateemisia julkaisuja, verkkosivustoja ja erityisi\u00e4 tietokantoja varmistaaksemme perusteelliset ja tarkat tulokset.<\/p>\n                    <\/div>\n                <\/div>\n                            <div class=\"faq-accordion-item item-12\">\n                    <button class=\"faq-accordion-question collapsed\" type=\"button\" data-bs-toggle=\"collapse\" data-bs-target=\"#faq_accordion_12\" aria-expanded=\"false\" aria-controls=\"faq_accordion_12\">Onko dokumenttien kokoluokka rajoitettu?<\/button>\n                    <div id=\"faq_accordion_12\" class=\"faq-accordion-answer accordion-collapse collapse\" data-bs-parent=\"#faq_accordion\">\n                        <p class=\"answer-text\">Ei, ty\u00f6kalumme pystyy k\u00e4sittelem\u00e4\u00e4n sek\u00e4 pieni\u00e4 tekstej\u00e4 ett\u00e4 suuria dokumentteja rajoituksitta.<\/p>\n                    <\/div>\n                <\/div>\n                            <div class=\"faq-accordion-item item-13\">\n                    <button class=\"faq-accordion-question collapsed\" type=\"button\" data-bs-toggle=\"collapse\" data-bs-target=\"#faq_accordion_13\" aria-expanded=\"false\" aria-controls=\"faq_accordion_13\">Kuinka kauan maksuttoman kokeilujakson kest\u00e4\u00e4?<\/button>\n                    <div id=\"faq_accordion_13\" class=\"faq-accordion-answer accordion-collapse collapse\" data-bs-parent=\"#faq_accordion\">\n                        <p class=\"answer-text\">Kyll\u00e4, tarjoamme maksutoman kokeilun k\u00e4ytt\u00e4jille, jotka haluavat tutustua alustamme ja sen ominaisuuksiin.<\/p>\n                    <\/div>\n                <\/div>\n                    <\/div>\n    <\/div>\n    <\/div><\/div>\r\n<\/div>\r\n<\/div>\r\n<\/div><\/section>","protected":false,"raw":"<section class=\"pricing-page-main-block\">\r\n<div class=\"container-fluid\">\r\n<div class=\"container\">\r\n<div class=\"row\">\r\n<div class=\"col-12\">\r\n<div class=\"pricing-main-block-content\">\r\n<div class=\"ps-widget-container\" data-ps-widget-name=\"Prices\" data-ps-widget-options=\"{}\">\r\n<p class=\"top-text\">Valitse hintavaihtoehdot<\/p>\r\n<h1 class=\"page-title\">Ei piilotettuja maksuja tarkkaa plagiaattikoodaus- ja AI-tunnistus<\/h1>\r\n<div class=\"pricing-block\">\r\n<div class=\"pricing-plan-duration\">\r\n<button class=\"pricing-plan-duration-item one-time active\" type=\"button\">Yksitt\u00e4inen<\/button>\r\n<button class=\"pricing-plan-duration-item monthly\" type=\"button\">Kerran kuukaudessa<\/button>\r\n<button class=\"pricing-plan-duration-item 3-months\" type=\"button\">3 kuukautta<\/button>\r\n<button class=\"pricing-plan-duration-item yearly\" type=\"button\">Vuosittain<\/button>\r\n<\/div>\r\n<div class=\"pricing-plan-items-wrapper\">\r\n<div class=\"pricing-plan-items\">\r\n<div class=\"pricing-plan-item light\">\r\n<div class=\"item-header\"><span class=\"plan-title\">Kevyt<\/span><div class=\"plan-price-per-word\">\r\n<p class=\"price\"><span class=\"value\">$0.23<\/span> per<\/p>\r\n<p class=\"words-count\">1000 sanaa<\/p><\/div><\/div>\r\n<div class=\"item-main\">\r\n<span class=\"save-up-to-label\">S\u00e4\u00e4st\u00e4 jopa <span class=\"value\">30%<\/span><\/span><p class=\"plan-price\"><span class=\"value\">$22.95<\/span> \/ <span class=\"duration\">Kuukausi<\/span><\/p><a class=\"get-started-btn\" href=\"#\">Aloita nyt<\/a><label class=\"custom-checkbox-label recurring-payments\" for=\"recurring_payments_light\"><span class=\"custom-checkbox\"><\/span><span class=\"custom-checkbox-title\">T\u00e4ydennysmaksut<\/span> <input checked=\"\" id=\"recurring_payments_light\" name=\"recurring-payments-light\" type=\"checkbox\"\/><\/label><span class=\"sep\"><\/span><\/div>\r\n<div class=\"item-footer\">\r\n<ul>\r\n<li class=\"available\"><span class=\"highlighted\">1<\/span> Plagiarismin l\u00e4hett\u00e4misluvut *<\/li>\r\n<li class=\"available\"><span class=\"highlighted\">1<\/span> AI-l\u00e4hett\u00e4misluvut *<\/li>\r\n<li class=\"available\"><span class=\"highlighted\">Lukumaton<\/span> Aikav\u00e4li (p\u00e4iv\u00e4t)<\/li>\r\n<li class=\"unavailable\"><span class=\"highlighted\">365<\/span> Aikav\u00e4li (p\u00e4iv\u00e4t)<\/li>\r\n<li class=\"unavailable\">Etsi AI-kirjoitusta<\/li><\/ul><\/div><\/div>\r\n<div class=\"pricing-plan-item standatd selected\">\r\n<div class=\"item-header\"><span class=\"plan-title\">Standatd<\/span>\r\n<div class=\"plan-price-per-word\">\r\n<p class=\"price\"><span class=\"value\">$0.12<\/span> per<\/p>\r\n<p class=\"words-count\">1000 sanaa<\/p><\/div><\/div>\r\n<div class=\"item-main\">\r\n<span class=\"save-up-to-label\">S\u00e4\u00e4st\u00e4 jopa <span class=\"value\">30%<\/span><\/span>\r\n<p class=\"plan-price\"><span class=\"value\">$34.95<\/span> \/ <span class=\"duration\">Kuukausi<\/span><\/p><a class=\"get-started-btn\" href=\"#\">Aloita<\/a><label class=\"custom-checkbox-label recurring-payments\" for=\"recurring_payments_standatd\"><span class=\"custom-checkbox\"><\/span><span class=\"custom-checkbox-title\">Tilaukselliset maksut<\/span><input checked=\"\" id=\"recurring_payments_standatd\" name=\"recurring-payments-standatd\" type=\"checkbox\"\/><\/label><span class=\"sep\"><\/span><\/div>\r\n<div class=\"item-footer\">\r\n<ul>\r\n<li class=\"available\"><span class=\"highlighted\">1<\/span> Plagiarism submission *<\/li>\r\n<li class=\"available\"><span class=\"highlighted\">1<\/span> AI submission *<\/li>\r\n<li class=\"available\"><span class=\"highlighted\">Loputon<\/span> Aikaraja (p\u00e4ivi\u00e4)<\/li>\r\n<li class=\"unavailable\"><span class=\"highlighted\">365<\/span> Aikaraja (p\u00e4ivi\u00e4)<\/li>\r\n<li class=\"unavailable\">Etsi AI-kirjoitusta<\/li><\/ul><\/div><\/div>\r\n<div class=\"pricing-plan-item premium\">\r\n<div class=\"item-header\">\r\n<span class=\"plan-title\">Premium<\/span>\r\n<div class=\"plan-price-per-word\">\r\n<p class=\"price\"><span class=\"value\">$0.09<\/span> per<\/p>\r\n<p class=\"words-count\">1000 words<\/p>\r\n<\/div>\r\n<\/div>\r\n<div class=\"item-main\"><span class=\"save-up-to-label\">Save up to <span class=\"value\">30%<\/span><\/span><p class=\"plan-price\"><span class=\"value\">$54.95<\/span> \/ <span class=\"duration\">Month<\/span><\/p><a class=\"get-started-btn\" href=\"#\">Get Started<\/a><label class=\"custom-checkbox-label recurring-payments\" for=\"recurring_payments_premium\"><span class=\"custom-checkbox\"><\/span> <span class=\"custom-checkbox-title\">Recurring payments<\/span><input checked=\"\" id=\"recurring_payments_premium\" name=\"recurring-payments-premium\" type=\"checkbox\"\/><\/label> <span class=\"sep\"><\/span><\/div>\r\n<div class=\"item-footer\">\r\n<ul>\r\n<li class=\"available\"><span class=\"highlighted\">1<\/span> Plagiarism submission *<\/li>\r\n<li class=\"available\"><span class=\"highlighted\">1<\/span> AI submission *<\/li>\r\n<li class=\"available\"><span class=\"highlighted\">Unlimited<\/span> Time frame (days)<\/li>\r\n<li class=\"unavailable\"><span class=\"highlighted\">365<\/span> Time frame (days)<\/li>\r\n<li class=\"unavailable\">Search for AI text<\/li><\/ul><\/div><\/div><\/div><\/div><\/div><\/div><\/div><\/div><\/div><\/div><\/div>\r\n<\/section>\r\n<section class=\"faq\">\r\n<div class=\"container-fluid\">\r\n<div class=\"container\">\r\n<div class=\"row\">\r\n<div class=\"col-12\">\r\n<div class=\"faq-content\">\r\n<div class=\"faq-text-block\">\r\n<p class=\"faq-text-top\">Usein kysytyt kysymykset<\/p>\r\n<p class=\"faq-text-title\">Tarvitsetko lis\u00e4tietoja UniqeCheck.com:st\u00e4?<\/p>\r\n<p class=\"faq-text-subtitle\">Olemme tarkistaneet ja vastanneet useimpiin yleisimpiin kysymyksiin, joita k\u00e4ytt\u00e4jill\u00e4mme on plagiaarisuuden havaitsemis- ja AI-analyysity\u00f6kalujemme suhteen.<\/p>\r\n<div class=\"different-question-block\"><img alt=\"Usein kysytyt kysymykset\" class=\"faq-icon\" src=\"\/wp-content\/themes\/main\/images\/faq-icon.svg\"\/>\r\n<p class=\"title\">Oletteko sill\u00e4, ett\u00e4 sinulla on toinen kysymys?<\/p>\r\n<p class=\"subtitle\">Ota yhteytt\u00e4 tukiteamoomme, jos et l\u00f6yd\u00e4 haluamaasi vastausta!<\/p><a class=\"contact-support-btn custom-btn cb-white\" href=\"\/contact-us\/\">Ota yhteytt\u00e4 tukiteemaan<\/a><\/div>\r\n<\/div>[faq_questions]<\/div><\/div>\r\n<\/div>\r\n<\/div>\r\n<\/div><\/section>"},"excerpt":{"rendered":"Valitse hintavaihtoehdot\nEi piilotettuja maksuja tarkkaa plagiaattikoodaus- ja AI -tunnistus\nYksitt\u00e4inenKerran kuukaudessa3 kuukauttaVuosittain\nHelppo $0.23 per 1000 sanaa S\u00e4\u00e4st\u00e4 jopa 30%\n$22.95 \/ kuukausiAloita\nS\u00e4\u00e4nn\u00f6lliset maksut\n1 Plagiaattikoodauksen l\u00e4hett\u00e4mist\u00e4 * 1 AI -l\u00e4hett\u00e4mist\u00e4 * Rajoittamaton Aika (p\u00e4iv\u00e4t) 365 Ajan kesto (p\u00e4iv\u00e4t) Etsi AI -teksti\nTavanomainen $0.12 per 1000 sanaa S\u00e4\u00e4st\u00e4 jopa.","protected":false,"raw":"Valitse hintavaihtoehdot\nEi piilotettuja maksuja tarkkaa plagiaattikoodaus- ja AI -tunnistus\nYksitt\u00e4inenKerran kuukaudessa3 kuukauttaVuosittain\nHelppo $0.23 per 1000 sanaa S\u00e4\u00e4st\u00e4 jopa 30%\n$22.95 \/ kuukausiAloita\nS\u00e4\u00e4nn\u00f6lliset maksut\n1 Plagiaattikoodauksen l\u00e4hett\u00e4mist\u00e4 * 1 AI -l\u00e4hett\u00e4mist\u00e4 * Rajoittamaton Aika (p\u00e4iv\u00e4t) 365 Ajan kesto (p\u00e4iv\u00e4t) Etsi AI -teksti\nTavanomainen $0.12 per 1000 sanaa S\u00e4\u00e4st\u00e4 jopa."},"author":1,"featured_media":0,"parent":0,"menu_order":0,"comment_status":"closed","ping_status":"closed","template":"tpl-landing.php","meta":{"_aioseo_title":null,"_aioseo_description":null,"_locale":"fi","_original_post":"https:\/\/uniqecheck.com\/?page_id=10","footnotes":""},"class_list":["post-254","page","type-page","status-publish","hentry","fi"],"aioseo_notices":[],"_links":{"self":[{"href":"https:\/\/uniqecheck.com\/wp-json\/wp\/v2\/pages\/254","targetHints":{"allow":["GET"]}}],"collection":[{"href":"https:\/\/uniqecheck.com\/wp-json\/wp\/v2\/pages"}],"about":[{"href":"https:\/\/uniqecheck.com\/wp-json\/wp\/v2\/types\/page"}],"author":[{"embeddable":true,"href":"https:\/\/uniqecheck.com\/wp-json\/wp\/v2\/users\/1"}],"replies":[{"embeddable":true,"href":"https:\/\/uniqecheck.com\/wp-json\/wp\/v2\/comments?post=254"}],"version-history":[{"count":4,"href":"https:\/\/uniqecheck.com\/wp-json\/wp\/v2\/pages\/254\/revisions"}],"predecessor-version":[{"id":771,"href":"https:\/\/uniqecheck.com\/wp-json\/wp\/v2\/pages\/254\/revisions\/771"}],"wp:attachment":[{"href":"https:\/\/uniqecheck.com\/wp-json\/wp\/v2\/media?parent=254"}],"curies":[{"name":"wp","href":"https:\/\/api.w.org\/{rel}","templated":true}]}}