{"id":324,"date":"2025-04-03T20:26:05","date_gmt":"2025-04-03T20:26:05","guid":{"rendered":"https:\/\/uniqecheck.com\/?page_id=324","raw":"https:\/\/uniqecheck.com\/?page_id=324"},"modified":"2025-07-17T20:52:28","modified_gmt":"2025-07-17T20:52:28","slug":"home","status":"publish","type":"page","link":"https:\/\/uniqecheck.com\/","title":{"rendered":"Inicio","raw":"Inicio"},"content":{"rendered":"","protected":false,"raw":""},"excerpt":{"rendered":"","protected":false,"raw":""},"author":1,"featured_media":0,"parent":0,"menu_order":0,"comment_status":"closed","ping_status":"closed","template":"","meta":{"_aioseo_title":"Comprobador de contenido \u00fanico para todas tus necesidades","_aioseo_description":"Descubre el verificador de texto \u00fanico m\u00e1s fiable para asegurarte de que tu contenido es original y libre de plagio. Perfecto para estudiantes, escritores y profesionales.","_locale":"es_ES","_original_post":"https:\/\/uniqecheck.com\/?page_id=24","footnotes":""},"class_list":["post-324","page","type-page","status-publish","hentry","es-ES"],"aioseo_notices":[],"_links":{"self":[{"href":"https:\/\/uniqecheck.com\/wp-json\/wp\/v2\/pages\/324","targetHints":{"allow":["GET"]}}],"collection":[{"href":"https:\/\/uniqecheck.com\/wp-json\/wp\/v2\/pages"}],"about":[{"href":"https:\/\/uniqecheck.com\/wp-json\/wp\/v2\/types\/page"}],"author":[{"embeddable":true,"href":"https:\/\/uniqecheck.com\/wp-json\/wp\/v2\/users\/1"}],"replies":[{"embeddable":true,"href":"https:\/\/uniqecheck.com\/wp-json\/wp\/v2\/comments?post=324"}],"version-history":[{"count":2,"href":"https:\/\/uniqecheck.com\/wp-json\/wp\/v2\/pages\/324\/revisions"}],"predecessor-version":[{"id":893,"href":"https:\/\/uniqecheck.com\/wp-json\/wp\/v2\/pages\/324\/revisions\/893"}],"wp:attachment":[{"href":"https:\/\/uniqecheck.com\/wp-json\/wp\/v2\/media?parent=324"}],"curies":[{"name":"wp","href":"https:\/\/api.w.org\/{rel}","templated":true}]}}