{"id":252,"date":"2025-04-03T20:35:27","date_gmt":"2025-04-03T20:35:27","guid":{"rendered":"https:\/\/uniqecheck.com\/?page_id=252","raw":"https:\/\/uniqecheck.com\/?page_id=252"},"modified":"2025-07-22T12:49:23","modified_gmt":"2025-07-22T12:49:23","slug":"pricing","status":"publish","type":"page","link":"https:\/\/uniqecheck.com\/es\/pricing\/","title":{"rendered":"Precios","raw":"Precios"},"content":{"rendered":"<section class=\"pricing-page-main-block\">\r\n<div class=\"container-fluid\">\r\n<div class=\"container\">\r\n<div class=\"row\">\r\n<div class=\"col-12\">\r\n<div class=\"pricing-main-block-content\">\r\n<div class=\"ps-widget-container\" data-ps-widget-name=\"Prices\" data-ps-widget-options=\"{}\">\r\n<p class=\"top-text\">Selecciona tus opciones de precios<\/p>\r\n<h1 class=\"page-title\">Sin gastos ocultos para la detecci\u00f3n precisa de plagio y texto de IA<\/h1>\r\n<div class=\"pricing-block\">\r\n<div class=\"pricing-plan-duration\"><button class=\"pricing-plan-duration-item one-time active\" type=\"button\">Una vez<\/button><button class=\"pricing-plan-duration-item monthly\" type=\"button\">Mensual<\/button><button class=\"pricing-plan-duration-item 3-months\" type=\"button\">3-Meses<\/button><button class=\"pricing-plan-duration-item yearly\" type=\"button\">Anual<\/button><\/div>\r\n<div class=\"pricing-plan-items-wrapper\">\r\n<div class=\"pricing-plan-items\">\r\n<div class=\"pricing-plan-item light\">\r\n<div class=\"item-header\"><span class=\"plan-title\">Luz<\/span><div class=\"plan-price-per-word\">\r\n<p class=\"price\"><span class=\"value\">$0.23<\/span> por<\/p>\r\n<p class=\"words-count\">1000 palabras<\/p><\/div><\/div>\r\n<div class=\"item-main\">\r\n<span class=\"save-up-to-label\">Ahorrar hasta <span class=\"value\">30%<\/span><\/span><p class=\"plan-price\"><span class=\"value\">$22.95<\/span> \/ <span class=\"duration\">Mes<\/span><\/p><a class=\"get-started-btn\" href=\"#\">Empezar<\/a><label class=\"custom-checkbox-label recurring-payments\" for=\"recurring_payments_light\"><span class=\"custom-checkbox\"><\/span><span class=\"custom-checkbox-title\">Pagos recurrentes<\/span> <input checked=\"\" id=\"recurring_payments_light\" name=\"recurring-payments-light\" type=\"checkbox\"\/><\/label><span class=\"sep\"><\/span><\/div>\r\n<div class=\"item-footer\">\r\n<ul>\r\n<li class=\"available\"><span class=\"highlighted\">1<\/span> Env\u00edo de plagio *<\/li>\r\n<li class=\"available\"><span class=\"highlighted\">1<\/span> Env\u00edo de IA *<\/li>\r\n<li class=\"available\"><span class=\"highlighted\">Ilimitado<\/span> Plazo (d\u00edas)<\/li>\r\n<li class=\"unavailable\"><span class=\"highlighted\">365<\/span> Plazo (d\u00edas)<\/li>\r\n<li class=\"unavailable\">Buscar texto de IA<\/li><\/ul><\/div><\/div>\r\n<div class=\"pricing-plan-item standatd selected\">\r\n<div class=\"item-header\"><span class=\"plan-title\">Est\u00e1ndar<\/span>\r\n<div class=\"plan-price-per-word\">\r\n<p class=\"price\"><span class=\"value\">$0,12<\/span> por<\/p>\r\n<p class=\"words-count\">1000 palabras<\/p><\/div><\/div>\r\n<div class=\"item-main\">\r\n<span class=\"save-up-to-label\">Ahorra hasta <span class=\"value\">30%<\/span><\/span>\r\n<p class=\"plan-price\"><span class=\"value\">$34,95<\/span> \/ <span class=\"duration\">Mes<\/span><\/p><a class=\"get-started-btn\" href=\"#\">Empezar<\/a><label class=\"custom-checkbox-label recurring-payments\" for=\"recurring_payments_standatd\"><span class=\"custom-checkbox\"><\/span><span class=\"custom-checkbox-title\">Pagos recurrentes<\/span><input checked=\"\" id=\"recurring_payments_standatd\" name=\"recurring-payments-standatd\" type=\"checkbox\"\/><\/label><span class=\"sep\"><\/span><\/div>\r\n<div class=\"item-footer\">\r\n<ul>\r\n<li class=\"available\"><span class=\"highlighted\">1<\/span> Env\u00edo de plagio *<\/li>\r\n<li class=\"available\"><span class=\"highlighted\">1<\/span> Env\u00edo de IA *<\/li>\r\n<li class=\"available\"><span class=\"highlighted\">Ilimitado<\/span> Tiempo (d\u00edas)<\/li>\r\n<li class=\"unavailable\"><span class=\"highlighted\">365<\/span> Tiempo (d\u00edas)<\/li>\r\n<li class=\"unavailable\">Buscar texto de IA<\/li><\/ul><\/div><\/div>\r\n<div class=\"pricing-plan-item premium\">\r\n<div class=\"item-header\">\r\n<span class=\"plan-title\">Premium<\/span>\r\n<div class=\"plan-price-per-word\">\r\n<p class=\"price\"><span class=\"value\">$0.09<\/span> por<\/p>\r\n<p class=\"words-count\">1000 palabras<\/p>\r\n<\/div>\r\n<\/div>\r\n<div class=\"item-main\"><span class=\"save-up-to-label\">Ahorra hasta <span class=\"value\">30%<\/span><\/span><p class=\"plan-price\"><span class=\"value\">$54.95<\/span> \/ <span class=\"duration\">Mes<\/span><\/p><a class=\"get-started-btn\" href=\"#\">Comenzar<\/a><label class=\"custom-checkbox-label recurring-payments\" for=\"recurring_payments_premium\"><span class=\"custom-checkbox\"><\/span> <span class=\"custom-checkbox-title\">Pagos recurrentes<\/span><input checked=\"\" id=\"recurring_payments_premium\" name=\"recurring-payments-premium\" type=\"checkbox\"\/><\/label> <span class=\"sep\"><\/span><\/div>\r\n<div class=\"item-footer\">\r\n<ul>\r\n<li class=\"available\"><span class=\"highlighted\">1<\/span> Env\u00edo de plagio *<\/li>\r\n<li class=\"available\"><span class=\"highlighted\">1<\/span> Env\u00edo AI *<\/li>\r\n<li class=\"available\"><span class=\"highlighted\">Ilimitado<\/span> Tiempo (d\u00edas)<\/li>\r\n<li class=\"unavailable\"><span class=\"highlighted\">365<\/span> Tiempo (d\u00edas)<\/li>\r\n<li class=\"unavailable\">Buscar texto de AI<\/li><\/ul><\/div><\/div><\/div><\/div><\/div><\/div><\/div><\/div><\/div><\/div><\/div>\r\n<\/section>\r\n<section class=\"faq\">\r\n<div class=\"container-fluid\">\r\n<div class=\"container\">\r\n<div class=\"row\">\r\n<div class=\"col-12\">\r\n<div class=\"faq-content\">\r\n<div class=\"faq-text-block\">\r\n<p class=\"faq-text-top\">Preguntas frecuentes<\/p>\r\n<p class=\"faq-text-title\">\u00bfNecesita m\u00e1s informaci\u00f3n sobre UniqeCheck.com?<\/p>\r\n<p class=\"faq-text-subtitle\">Hemos revisado y respondido a las preguntas m\u00e1s comunes que los usuarios tienen sobre nuestras herramientas de detecci\u00f3n de plagio y an\u00e1lisis AI.<\/p>\r\n<div class=\"different-question-block\"><img decoding=\"async\" alt=\"Preguntas frecuentes\" class=\"faq-icon\" src=\"\/wp-content\/themes\/main\/images\/faq-icon.svg\"\/>\r\n<p class=\"title\">\u00bfTiene una pregunta diferente?<\/p>\r\n<p class=\"subtitle\">\u00a1P\u00f3ngase en contacto con nuestro equipo de soporte si no encuentra la respuesta que busca!<\/p><a class=\"contact-support-btn custom-btn cb-white\" href=\"\/contact-us\/\">Contactar al equipo de soporte<\/a><\/div><\/div>    <div class=\"faq-questions-block\">\n                <div class=\"faq-accordion\" id=\"faq_accordion\">\n                            <div class=\"faq-accordion-item item-1\">\n                    <button class=\"faq-accordion-question collapsed\" type=\"button\" data-bs-toggle=\"collapse\" data-bs-target=\"#faq_accordion_1\" aria-expanded=\"false\" aria-controls=\"faq_accordion_1\">\u00bfPuedo comprobar si mi texto fue generado por IA?<\/button>\n                    <div id=\"faq_accordion_1\" class=\"faq-accordion-answer accordion-collapse collapse\" data-bs-parent=\"#faq_accordion\">\n                        <p class=\"answer-text\">S\u00ed, somos uno de los servicios l\u00edderes para detectar contenido generado por IA.<\/p>\n                    <\/div>\n                <\/div>\n                            <div class=\"faq-accordion-item item-2\">\n                    <button class=\"faq-accordion-question collapsed\" type=\"button\" data-bs-toggle=\"collapse\" data-bs-target=\"#faq_accordion_2\" aria-expanded=\"false\" aria-controls=\"faq_accordion_2\">\u00bfLos resultados son precisos?<\/button>\n                    <div id=\"faq_accordion_2\" class=\"faq-accordion-answer accordion-collapse collapse\" data-bs-parent=\"#faq_accordion\">\n                        <p class=\"answer-text\">Por supuesto. Nuestra herramienta genera informes sumamente precisos y fiables, brindando confianza en la autenticidad de tu contenido.<\/p>\n                    <\/div>\n                <\/div>\n                            <div class=\"faq-accordion-item item-3\">\n                    <button class=\"faq-accordion-question collapsed\" type=\"button\" data-bs-toggle=\"collapse\" data-bs-target=\"#faq_accordion_3\" aria-expanded=\"false\" aria-controls=\"faq_accordion_3\">\u00bfPuede integrarse tu herramienta con otros sistemas?<\/button>\n                    <div id=\"faq_accordion_3\" class=\"faq-accordion-answer accordion-collapse collapse\" data-bs-parent=\"#faq_accordion\">\n                        <p class=\"answer-text\">S\u00ed, ofrecemos integraci\u00f3n con la API para un uso sin fisuras con otras plataformas.<\/p>\n                    <\/div>\n                <\/div>\n                            <div class=\"faq-accordion-item item-4\">\n                    <button class=\"faq-accordion-question collapsed\" type=\"button\" data-bs-toggle=\"collapse\" data-bs-target=\"#faq_accordion_4\" aria-expanded=\"false\" aria-controls=\"faq_accordion_4\">\u00bfSon seguros mis datos y los textos subidos?<\/button>\n                    <div id=\"faq_accordion_4\" class=\"faq-accordion-answer accordion-collapse collapse\" data-bs-parent=\"#faq_accordion\">\n                        <p class=\"answer-text\">S\u00ed, priorizamos tu privacidad. Nuestra plataforma no recopila ni almacena tus datos o textos.<\/p>\n                    <\/div>\n                <\/div>\n                            <div class=\"faq-accordion-item item-5\">\n                    <button class=\"faq-accordion-question collapsed\" type=\"button\" data-bs-toggle=\"collapse\" data-bs-target=\"#faq_accordion_5\" aria-expanded=\"false\" aria-controls=\"faq_accordion_5\">\u00bfPuedo verificar documentos en diferentes formatos?<\/button>\n                    <div id=\"faq_accordion_5\" class=\"faq-accordion-answer accordion-collapse collapse\" data-bs-parent=\"#faq_accordion\">\n                        <p class=\"answer-text\">S\u00ed, nuestras herramientas son compatibles con varios formatos, incluidos PDF, Word, TXT y hasta texto pegado directamente en la plataforma.<\/p>\n                    <\/div>\n                <\/div>\n                            <div class=\"faq-accordion-item item-6\">\n                    <button class=\"faq-accordion-question collapsed\" type=\"button\" data-bs-toggle=\"collapse\" data-bs-target=\"#faq_accordion_6\" aria-expanded=\"false\" aria-controls=\"faq_accordion_6\">\u00bfPuedo usar el verificador en dispositivos m\u00f3viles?<\/button>\n                    <div id=\"faq_accordion_6\" class=\"faq-accordion-answer accordion-collapse collapse\" data-bs-parent=\"#faq_accordion\">\n                        <p class=\"answer-text\">S\u00ed, nuestro sistema est\u00e1 optimizado para m\u00f3viles, ofreciendo comodidad y accesibilidad sobre la marcha.<\/p>\n                    <\/div>\n                <\/div>\n                            <div class=\"faq-accordion-item item-7\">\n                    <button class=\"faq-accordion-question collapsed\" type=\"button\" data-bs-toggle=\"collapse\" data-bs-target=\"#faq_accordion_7\" aria-expanded=\"false\" aria-controls=\"faq_accordion_7\">\u00bfOfreces soporte para m\u00faltiples idiomas?<\/button>\n                    <div id=\"faq_accordion_7\" class=\"faq-accordion-answer accordion-collapse collapse\" data-bs-parent=\"#faq_accordion\">\n                        <p class=\"answer-text\">S\u00ed, nuestra herramienta est\u00e1 dise\u00f1ada para acomodar usuarios de todo el mundo al soportar varios idiomas.<\/p>\n                    <\/div>\n                <\/div>\n                            <div class=\"faq-accordion-item item-8\">\n                    <button class=\"faq-accordion-question collapsed\" type=\"button\" data-bs-toggle=\"collapse\" data-bs-target=\"#faq_accordion_8\" aria-expanded=\"false\" aria-controls=\"faq_accordion_8\">\u00bfCu\u00e1nto tiempo tarda en comprobar un documento?<\/button>\n                    <div id=\"faq_accordion_8\" class=\"faq-accordion-answer accordion-collapse collapse\" data-bs-parent=\"#faq_accordion\">\n                        <p class=\"answer-text\">El proceso es incre\u00edblemente r\u00e1pido, con los resultados generalmente disponibles en cuesti\u00f3n de minutos.<\/p>\n                    <\/div>\n                <\/div>\n                            <div class=\"faq-accordion-item item-9\">\n                    <button class=\"faq-accordion-question collapsed\" type=\"button\" data-bs-toggle=\"collapse\" data-bs-target=\"#faq_accordion_9\" aria-expanded=\"false\" aria-controls=\"faq_accordion_9\">\u00bfPuedes verificar varios textos a la vez?<\/button>\n                    <div id=\"faq_accordion_9\" class=\"faq-accordion-answer accordion-collapse collapse\" data-bs-parent=\"#faq_accordion\">\n                        <p class=\"answer-text\">S\u00ed, puedes subir varios documentos simult\u00e1neamente, ahorrando tiempo y esfuerzo.<\/p>\n                    <\/div>\n                <\/div>\n                            <div class=\"faq-accordion-item item-10\">\n                    <button class=\"faq-accordion-question collapsed\" type=\"button\" data-bs-toggle=\"collapse\" data-bs-target=\"#faq_accordion_10\" aria-expanded=\"false\" aria-controls=\"faq_accordion_10\">\u00bfActualizas tus herramientas?<\/button>\n                    <div id=\"faq_accordion_10\" class=\"faq-accordion-answer accordion-collapse collapse\" data-bs-parent=\"#faq_accordion\">\n                        <p class=\"answer-text\">S\u00ed, nuestros algoritmos se mejoran continuamente con actualizaciones regulares para mejorar el rendimiento y la precisi\u00f3n.<\/p>\n                    <\/div>\n                <\/div>\n                            <div class=\"faq-accordion-item item-11\">\n                    <button class=\"faq-accordion-question collapsed\" type=\"button\" data-bs-toggle=\"collapse\" data-bs-target=\"#faq_accordion_11\" aria-expanded=\"false\" aria-controls=\"faq_accordion_11\">\u00bfQu\u00e9 fuentes analiza su sistema?<\/button>\n                    <div id=\"faq_accordion_11\" class=\"faq-accordion-answer accordion-collapse collapse\" data-bs-parent=\"#faq_accordion\">\n                        <p class=\"answer-text\">Analiza publicaciones acad\u00e9micas, p\u00e1ginas web y bases de datos exclusivas para garantizar resultados exhaustivos y precisos.<\/p>\n                    <\/div>\n                <\/div>\n                            <div class=\"faq-accordion-item item-12\">\n                    <button class=\"faq-accordion-question collapsed\" type=\"button\" data-bs-toggle=\"collapse\" data-bs-target=\"#faq_accordion_12\" aria-expanded=\"false\" aria-controls=\"faq_accordion_12\">\u00bfHay un l\u00edmite de tama\u00f1o para los documentos?<\/button>\n                    <div id=\"faq_accordion_12\" class=\"faq-accordion-answer accordion-collapse collapse\" data-bs-parent=\"#faq_accordion\">\n                        <p class=\"answer-text\">No, nuestra herramienta puede manejar tanto textos breves como documentos m\u00e1s extensos sin restricciones.<\/p>\n                    <\/div>\n                <\/div>\n                            <div class=\"faq-accordion-item item-13\">\n                    <button class=\"faq-accordion-question collapsed\" type=\"button\" data-bs-toggle=\"collapse\" data-bs-target=\"#faq_accordion_13\" aria-expanded=\"false\" aria-controls=\"faq_accordion_13\">\u00bfHay una prueba gratuita disponible?<\/button>\n                    <div id=\"faq_accordion_13\" class=\"faq-accordion-answer accordion-collapse collapse\" data-bs-parent=\"#faq_accordion\">\n                        <p class=\"answer-text\">S\u00ed, ofrecemos una prueba gratuita para los usuarios que quieran explorar nuestra plataforma y sus caracter\u00edsticas.<\/p>\n                    <\/div>\n                <\/div>\n                    <\/div>\n    <\/div>\n    <\/div><\/div><\/div><\/div><\/div>\r\n<\/section>","protected":false,"raw":"<section class=\"pricing-page-main-block\">\r\n<div class=\"container-fluid\">\r\n<div class=\"container\">\r\n<div class=\"row\">\r\n<div class=\"col-12\">\r\n<div class=\"pricing-main-block-content\">\r\n<div class=\"ps-widget-container\" data-ps-widget-name=\"Prices\" data-ps-widget-options=\"{}\">\r\n<p class=\"top-text\">Selecciona tus opciones de precios<\/p>\r\n<h1 class=\"page-title\">Sin gastos ocultos para la detecci\u00f3n precisa de plagio y texto de IA<\/h1>\r\n<div class=\"pricing-block\">\r\n<div class=\"pricing-plan-duration\"><button class=\"pricing-plan-duration-item one-time active\" type=\"button\">Una vez<\/button><button class=\"pricing-plan-duration-item monthly\" type=\"button\">Mensual<\/button><button class=\"pricing-plan-duration-item 3-months\" type=\"button\">3-Meses<\/button><button class=\"pricing-plan-duration-item yearly\" type=\"button\">Anual<\/button><\/div>\r\n<div class=\"pricing-plan-items-wrapper\">\r\n<div class=\"pricing-plan-items\">\r\n<div class=\"pricing-plan-item light\">\r\n<div class=\"item-header\"><span class=\"plan-title\">Luz<\/span><div class=\"plan-price-per-word\">\r\n<p class=\"price\"><span class=\"value\">$0.23<\/span> por<\/p>\r\n<p class=\"words-count\">1000 palabras<\/p><\/div><\/div>\r\n<div class=\"item-main\">\r\n<span class=\"save-up-to-label\">Ahorrar hasta <span class=\"value\">30%<\/span><\/span><p class=\"plan-price\"><span class=\"value\">$22.95<\/span> \/ <span class=\"duration\">Mes<\/span><\/p><a class=\"get-started-btn\" href=\"#\">Empezar<\/a><label class=\"custom-checkbox-label recurring-payments\" for=\"recurring_payments_light\"><span class=\"custom-checkbox\"><\/span><span class=\"custom-checkbox-title\">Pagos recurrentes<\/span> <input checked=\"\" id=\"recurring_payments_light\" name=\"recurring-payments-light\" type=\"checkbox\"\/><\/label><span class=\"sep\"><\/span><\/div>\r\n<div class=\"item-footer\">\r\n<ul>\r\n<li class=\"available\"><span class=\"highlighted\">1<\/span> Env\u00edo de plagio *<\/li>\r\n<li class=\"available\"><span class=\"highlighted\">1<\/span> Env\u00edo de IA *<\/li>\r\n<li class=\"available\"><span class=\"highlighted\">Ilimitado<\/span> Plazo (d\u00edas)<\/li>\r\n<li class=\"unavailable\"><span class=\"highlighted\">365<\/span> Plazo (d\u00edas)<\/li>\r\n<li class=\"unavailable\">Buscar texto de IA<\/li><\/ul><\/div><\/div>\r\n<div class=\"pricing-plan-item standatd selected\">\r\n<div class=\"item-header\"><span class=\"plan-title\">Est\u00e1ndar<\/span>\r\n<div class=\"plan-price-per-word\">\r\n<p class=\"price\"><span class=\"value\">$0,12<\/span> por<\/p>\r\n<p class=\"words-count\">1000 palabras<\/p><\/div><\/div>\r\n<div class=\"item-main\">\r\n<span class=\"save-up-to-label\">Ahorra hasta <span class=\"value\">30%<\/span><\/span>\r\n<p class=\"plan-price\"><span class=\"value\">$34,95<\/span> \/ <span class=\"duration\">Mes<\/span><\/p><a class=\"get-started-btn\" href=\"#\">Empezar<\/a><label class=\"custom-checkbox-label recurring-payments\" for=\"recurring_payments_standatd\"><span class=\"custom-checkbox\"><\/span><span class=\"custom-checkbox-title\">Pagos recurrentes<\/span><input checked=\"\" id=\"recurring_payments_standatd\" name=\"recurring-payments-standatd\" type=\"checkbox\"\/><\/label><span class=\"sep\"><\/span><\/div>\r\n<div class=\"item-footer\">\r\n<ul>\r\n<li class=\"available\"><span class=\"highlighted\">1<\/span> Env\u00edo de plagio *<\/li>\r\n<li class=\"available\"><span class=\"highlighted\">1<\/span> Env\u00edo de IA *<\/li>\r\n<li class=\"available\"><span class=\"highlighted\">Ilimitado<\/span> Tiempo (d\u00edas)<\/li>\r\n<li class=\"unavailable\"><span class=\"highlighted\">365<\/span> Tiempo (d\u00edas)<\/li>\r\n<li class=\"unavailable\">Buscar texto de IA<\/li><\/ul><\/div><\/div>\r\n<div class=\"pricing-plan-item premium\">\r\n<div class=\"item-header\">\r\n<span class=\"plan-title\">Premium<\/span>\r\n<div class=\"plan-price-per-word\">\r\n<p class=\"price\"><span class=\"value\">$0.09<\/span> por<\/p>\r\n<p class=\"words-count\">1000 palabras<\/p>\r\n<\/div>\r\n<\/div>\r\n<div class=\"item-main\"><span class=\"save-up-to-label\">Ahorra hasta <span class=\"value\">30%<\/span><\/span><p class=\"plan-price\"><span class=\"value\">$54.95<\/span> \/ <span class=\"duration\">Mes<\/span><\/p><a class=\"get-started-btn\" href=\"#\">Comenzar<\/a><label class=\"custom-checkbox-label recurring-payments\" for=\"recurring_payments_premium\"><span class=\"custom-checkbox\"><\/span> <span class=\"custom-checkbox-title\">Pagos recurrentes<\/span><input checked=\"\" id=\"recurring_payments_premium\" name=\"recurring-payments-premium\" type=\"checkbox\"\/><\/label> <span class=\"sep\"><\/span><\/div>\r\n<div class=\"item-footer\">\r\n<ul>\r\n<li class=\"available\"><span class=\"highlighted\">1<\/span> Env\u00edo de plagio *<\/li>\r\n<li class=\"available\"><span class=\"highlighted\">1<\/span> Env\u00edo AI *<\/li>\r\n<li class=\"available\"><span class=\"highlighted\">Ilimitado<\/span> Tiempo (d\u00edas)<\/li>\r\n<li class=\"unavailable\"><span class=\"highlighted\">365<\/span> Tiempo (d\u00edas)<\/li>\r\n<li class=\"unavailable\">Buscar texto de AI<\/li><\/ul><\/div><\/div><\/div><\/div><\/div><\/div><\/div><\/div><\/div><\/div><\/div>\r\n<\/section>\r\n<section class=\"faq\">\r\n<div class=\"container-fluid\">\r\n<div class=\"container\">\r\n<div class=\"row\">\r\n<div class=\"col-12\">\r\n<div class=\"faq-content\">\r\n<div class=\"faq-text-block\">\r\n<p class=\"faq-text-top\">Preguntas frecuentes<\/p>\r\n<p class=\"faq-text-title\">\u00bfNecesita m\u00e1s informaci\u00f3n sobre UniqeCheck.com?<\/p>\r\n<p class=\"faq-text-subtitle\">Hemos revisado y respondido a las preguntas m\u00e1s comunes que los usuarios tienen sobre nuestras herramientas de detecci\u00f3n de plagio y an\u00e1lisis AI.<\/p>\r\n<div class=\"different-question-block\"><img alt=\"Preguntas frecuentes\" class=\"faq-icon\" src=\"\/wp-content\/themes\/main\/images\/faq-icon.svg\"\/>\r\n<p class=\"title\">\u00bfTiene una pregunta diferente?<\/p>\r\n<p class=\"subtitle\">\u00a1P\u00f3ngase en contacto con nuestro equipo de soporte si no encuentra la respuesta que busca!<\/p><a class=\"contact-support-btn custom-btn cb-white\" href=\"\/contact-us\/\">Contactar al equipo de soporte<\/a><\/div><\/div>[faq_questions]<\/div><\/div><\/div><\/div><\/div>\r\n<\/section>"},"excerpt":{"rendered":"Selecciona tus opciones de precios No hay tasas ocultas para la detecci\u00f3n precisa de plagio y texto de IA Una vez al mes Tres meses A\u00f1o Ligero $0.23 por 1000 palabras Ahorra hasta un 30% $22.95 \/ Mes Comienza Pago recurrente 1 Env\u00edo de plagio * 1 Env\u00edo de AI * Tiempo ilimitado (d\u00edas) 365 Plazo (d\u00edas) Busca texto de IA Est\u00e1ndar $0.12 por 1000 palabras Ahorra.","protected":false,"raw":"Selecciona tus opciones de precios No hay tasas ocultas para la detecci\u00f3n precisa de plagio y texto de IA Una vez al mes Tres meses A\u00f1o Ligero $0.23 por 1000 palabras Ahorra hasta un 30% $22.95 \/ Mes Comienza Pago recurrente 1 Env\u00edo de plagio * 1 Env\u00edo de AI * Tiempo ilimitado (d\u00edas) 365 Plazo (d\u00edas) Busca texto de IA Est\u00e1ndar $0.12 por 1000 palabras Ahorra."},"author":1,"featured_media":0,"parent":0,"menu_order":0,"comment_status":"closed","ping_status":"closed","template":"tpl-landing.php","meta":{"_aioseo_title":null,"_aioseo_description":null,"_locale":"es_ES","_original_post":"https:\/\/uniqecheck.com\/?page_id=10","footnotes":""},"class_list":["post-252","page","type-page","status-publish","hentry","es-ES"],"aioseo_notices":[],"_links":{"self":[{"href":"https:\/\/uniqecheck.com\/wp-json\/wp\/v2\/pages\/252","targetHints":{"allow":["GET"]}}],"collection":[{"href":"https:\/\/uniqecheck.com\/wp-json\/wp\/v2\/pages"}],"about":[{"href":"https:\/\/uniqecheck.com\/wp-json\/wp\/v2\/types\/page"}],"author":[{"embeddable":true,"href":"https:\/\/uniqecheck.com\/wp-json\/wp\/v2\/users\/1"}],"replies":[{"embeddable":true,"href":"https:\/\/uniqecheck.com\/wp-json\/wp\/v2\/comments?post=252"}],"version-history":[{"count":4,"href":"https:\/\/uniqecheck.com\/wp-json\/wp\/v2\/pages\/252\/revisions"}],"predecessor-version":[{"id":770,"href":"https:\/\/uniqecheck.com\/wp-json\/wp\/v2\/pages\/252\/revisions\/770"}],"wp:attachment":[{"href":"https:\/\/uniqecheck.com\/wp-json\/wp\/v2\/media?parent=252"}],"curies":[{"name":"wp","href":"https:\/\/api.w.org\/{rel}","templated":true}]}}