{"id":320,"date":"2025-04-03T20:26:06","date_gmt":"2025-04-03T20:26:06","guid":{"rendered":"https:\/\/uniqecheck.com\/?page_id=320","raw":"https:\/\/uniqecheck.com\/?page_id=320"},"modified":"2025-07-17T20:55:54","modified_gmt":"2025-07-17T20:55:54","slug":"home","status":"publish","type":"page","link":"https:\/\/uniqecheck.com\/","title":{"rendered":"Startseite","raw":"Startseite"},"content":{"rendered":"","protected":false,"raw":""},"excerpt":{"rendered":"","protected":false,"raw":""},"author":1,"featured_media":0,"parent":0,"menu_order":0,"comment_status":"closed","ping_status":"closed","template":"","meta":{"_aioseo_title":"Einzigartiger Content-Checker f\u00fcr all Ihre Bed\u00fcrfnisse","_aioseo_description":"Entdecken Sie das zuverl\u00e4ssigste Tool zur \u00dcberpr\u00fcfung einzigartiger Texte, um sicherzustellen, dass Ihre Inhalte original und plagiatfrei sind. Perfekt f\u00fcr Studierende, Autorinnen und Autoren sowie Fachleute.","_locale":"de_DE","_original_post":"https:\/\/uniqecheck.com\/?page_id=24","footnotes":""},"class_list":["post-320","page","type-page","status-publish","hentry","de-DE"],"aioseo_notices":[],"_links":{"self":[{"href":"https:\/\/uniqecheck.com\/wp-json\/wp\/v2\/pages\/320","targetHints":{"allow":["GET"]}}],"collection":[{"href":"https:\/\/uniqecheck.com\/wp-json\/wp\/v2\/pages"}],"about":[{"href":"https:\/\/uniqecheck.com\/wp-json\/wp\/v2\/types\/page"}],"author":[{"embeddable":true,"href":"https:\/\/uniqecheck.com\/wp-json\/wp\/v2\/users\/1"}],"replies":[{"embeddable":true,"href":"https:\/\/uniqecheck.com\/wp-json\/wp\/v2\/comments?post=320"}],"version-history":[{"count":1,"href":"https:\/\/uniqecheck.com\/wp-json\/wp\/v2\/pages\/320\/revisions"}],"predecessor-version":[{"id":321,"href":"https:\/\/uniqecheck.com\/wp-json\/wp\/v2\/pages\/320\/revisions\/321"}],"wp:attachment":[{"href":"https:\/\/uniqecheck.com\/wp-json\/wp\/v2\/media?parent=320"}],"curies":[{"name":"wp","href":"https:\/\/api.w.org\/{rel}","templated":true}]}}