{"id":248,"date":"2025-04-03T20:35:30","date_gmt":"2025-04-03T20:35:30","guid":{"rendered":"https:\/\/uniqecheck.com\/?page_id=248","raw":"https:\/\/uniqecheck.com\/?page_id=248"},"modified":"2025-07-22T12:49:09","modified_gmt":"2025-07-22T12:49:09","slug":"pricing","status":"publish","type":"page","link":"https:\/\/uniqecheck.com\/de\/pricing\/","title":{"rendered":"Preise","raw":"Preise"},"content":{"rendered":"<section class=\"pricing-page-main-block\">\r\n<div class=\"container-fluid\">\r\n<div class=\"container\">\r\n<div class=\"row\">\r\n<div class=\"col-12\">\r\n<div class=\"pricing-main-block-content\">\r\n<div class=\"ps-widget-container\" data-ps-widget-name=\"Prices\" data-ps-widget-options=\"{}\">\r\n<p class=\"top-text\">W\u00e4hlen Sie Ihre Preisoptionen<\/p>\r\n<h1 class=\"page-title\">Keine versteckten Geb\u00fchren f\u00fcr genaue Plagiats- und KI-Erkennung<\/h1>\r\n<div class=\"pricing-block\">\r\n<div class=\"pricing-plan-duration\">\r\n<button class=\"pricing-plan-duration-item one-time active\" type=\"button\">Einmalig<\/button>\r\n<button class=\"pricing-plan-duration-item monthly\" type=\"button\">Monatlich<\/button>\r\n<button class=\"pricing-plan-duration-item 3-months\" type=\"button\">3-Monate<\/button>\r\n<button class=\"pricing-plan-duration-item yearly\" type=\"button\">J\u00e4hrlich<\/button>\r\n<\/div>\r\n<div class=\"pricing-plan-items-wrapper\">\r\n<div class=\"pricing-plan-items\">\r\n<div class=\"pricing-plan-item light\">\r\n<div class=\"item-header\"><span class=\"plan-title\">Light<\/span><div class=\"plan-price-per-word\">\r\n<p class=\"price\"><span class=\"value\">\u20ac0.23<\/span> pro<\/p>\r\n<p class=\"words-count\">1000 W\u00f6rter<\/p><\/div><\/div>\r\n<div class=\"item-main\">\r\n<span class=\"save-up-to-label\">Bis zu <span class=\"value\">30%<\/span> sparen<\/span><p class=\"plan-price\"><span class=\"value\">\u20ac22.95<\/span> \/ <span class=\"duration\">Monat<\/span><\/p><a class=\"get-started-btn\" href=\"#\">Loslegen<\/a><label class=\"custom-checkbox-label recurring-payments\" for=\"recurring_payments_light\"><span class=\"custom-checkbox\"><\/span><span class=\"custom-checkbox-title\">Wiederkehrende Zahlungen<\/span> <input checked=\"\" id=\"recurring_payments_light\" name=\"recurring-payments-light\" type=\"checkbox\"\/><\/label><span class=\"sep\"><\/span><\/div>\r\n<div class=\"item-footer\">\r\n<ul>\r\n<li class=\"available\"><span class=\"highlighted\">1<\/span> Plagiats\u00fcberpr\u00fcfung *<\/li>\r\n<li class=\"available\"><span class=\"highlighted\">1<\/span> KI-Einreichung *<\/li>\r\n<li class=\"available\"><span class=\"highlighted\">Unbegrenzt<\/span> Zeitrahmen (Tage)<\/li>\r\n<li class=\"unavailable\"><span class=\"highlighted\">365<\/span> Zeitrahmen (Tage)<\/li>\r\n<li class=\"unavailable\">Suche nach KI-Text<\/li><\/ul><\/div><\/div>\r\n<div class=\"pricing-plan-item standatd selected\">\r\n<div class=\"item-header\"><span class=\"plan-title\">Standard<\/span>\r\n<div class=\"plan-price-per-word\">\r\n<p class=\"price\"><span class=\"value\">\u20ac0.12<\/span> pro<\/p>\r\n<p class=\"words-count\">1000 W\u00f6rter<\/p><\/div><\/div>\r\n<div class=\"item-main\">\r\n<span class=\"save-up-to-label\">Bis zu <span class=\"value\">30%<\/span> sparen<\/span>\r\n<p class=\"plan-price\"><span class=\"value\">\u20ac34.95<\/span> \/ <span class=\"duration\">Monat<\/span><\/p><a class=\"get-started-btn\" href=\"#\">Loslegen<\/a><label class=\"custom-checkbox-label recurring-payments\" for=\"recurring_payments_standatd\"><span class=\"custom-checkbox\"><\/span><span class=\"custom-checkbox-title\">Wiederkehrende Zahlungen<\/span><input checked=\"\" id=\"recurring_payments_standatd\" name=\"recurring-payments-standatd\" type=\"checkbox\"\/><\/label><span class=\"sep\"><\/span><\/div>\r\n<div class=\"item-footer\">\r\n<ul>\r\n<li class=\"available\"><span class=\"highlighted\">1<\/span> Plagiatseinreichung *<\/li>\r\n<li class=\"available\"><span class=\"highlighted\">1<\/span> KI-Einreichung *<\/li>\r\n<li class=\"available\"><span class=\"highlighted\">Unbegrenzt<\/span> Zeitrahmen (Tage)<\/li>\r\n<li class=\"unavailable\"><span class=\"highlighted\">365<\/span> Zeitrahmen (Tage)<\/li>\r\n<li class=\"unavailable\">Suche nach KI-Texten<\/li><\/ul><\/div><\/div>\r\n<div class=\"pricing-plan-item premium\">\r\n<div class=\"item-header\">\r\n<span class=\"plan-title\">Premium<\/span>\r\n<div class=\"plan-price-per-word\">\r\n<p class=\"price\"><span class=\"value\">\u20ac0.09<\/span> pro<\/p>\r\n<p class=\"words-count\">1000 W\u00f6rter<\/p>\r\n<\/div>\r\n<\/div>\r\n<div class=\"item-main\"><span class=\"save-up-to-label\">Bis zu <span class=\"value\">30%<\/span> sparen<\/span><p class=\"plan-price\"><span class=\"value\">\u20ac54.95<\/span> \/ <span class=\"duration\">Monat<\/span><\/p><a class=\"get-started-btn\" href=\"#\">Loslegen<\/a><label class=\"custom-checkbox-label recurring-payments\" for=\"recurring_payments_premium\"><span class=\"custom-checkbox\"><\/span> <span class=\"custom-checkbox-title\">Wiederkehrende Zahlungen<\/span><input checked=\"\" id=\"recurring_payments_premium\" name=\"recurring-payments-premium\" type=\"checkbox\"\/><\/label> <span class=\"sep\"><\/span><\/div>\r\n<div class=\"item-footer\">\r\n<ul>\r\n<li class=\"available\"><span class=\"highlighted\">1<\/span> Plagiatspr\u00fcfung *<\/li>\r\n<li class=\"available\"><span class=\"highlighted\">1<\/span> KI-Einreichung *<\/li>\r\n<li class=\"available\"><span class=\"highlighted\">Unbegrenzt<\/span> Zeitrahmen (Tage)<\/li>\r\n<li class=\"unavailable\"><span class=\"highlighted\">365<\/span> Zeitrahmen (Tage)<\/li>\r\n<li class=\"unavailable\">Suche nach KI-Text<\/li><\/ul><\/div><\/div><\/div><\/div><\/div><\/div><\/div><\/div><\/div><\/div><\/div>\r\n<\/section>\r\n<section class=\"faq\">\r\n<div class=\"container-fluid\">\r\n<div class=\"container\">\r\n<div class=\"row\">\r\n<div class=\"col-12\">\r\n<div class=\"faq-content\">\r\n<div class=\"faq-text-block\">\r\n<p class=\"faq-text-top\">H\u00e4ufig gestellte Fragen<\/p>\r\n<p class=\"faq-text-title\">M\u00f6chten Sie mehr \u00fcber UniqeCheck.com erfahren?<\/p>\r\n<p class=\"faq-text-subtitle\">Wir haben die am h\u00e4ufigsten gestellten Fragen unserer Nutzer zu unseren Plagiats\u00fcberpr\u00fcfungs- und KI-Analysetools \u00fcberpr\u00fcft und beantwortet.<\/p>\r\n<div class=\"different-question-block\"><img decoding=\"async\" alt=\"FAQ\" class=\"faq-icon\" src=\"\/wp-content\/themes\/main\/images\/faq-icon.svg\"\/>\r\n<p class=\"title\">Haben Sie eine andere Frage?<\/p>\r\n<p class=\"subtitle\">Wenden Sie sich an unseren Support, wenn Sie die Antwort nicht finden!<\/p><a class=\"contact-support-btn custom-btn cb-white\" href=\"\/contact-us\/\">Support kontaktieren<\/a><\/div><\/div>    <div class=\"faq-questions-block\">\n                <div class=\"faq-accordion\" id=\"faq_accordion\">\n                            <div class=\"faq-accordion-item item-1\">\n                    <button class=\"faq-accordion-question collapsed\" type=\"button\" data-bs-toggle=\"collapse\" data-bs-target=\"#faq_accordion_1\" aria-expanded=\"false\" aria-controls=\"faq_accordion_1\">Kann ich \u00fcberpr\u00fcfen, ob mein Text von KI generiert wurde?<\/button>\n                    <div id=\"faq_accordion_1\" class=\"faq-accordion-answer accordion-collapse collapse\" data-bs-parent=\"#faq_accordion\">\n                        <p class=\"answer-text\">Ja, wir sind einer der f\u00fchrenden Dienste zur Erkennung von maschinengeneriertem Inhalt.<\/p>\n                    <\/div>\n                <\/div>\n                            <div class=\"faq-accordion-item item-2\">\n                    <button class=\"faq-accordion-question collapsed\" type=\"button\" data-bs-toggle=\"collapse\" data-bs-target=\"#faq_accordion_2\" aria-expanded=\"false\" aria-controls=\"faq_accordion_2\">Sind die Ergebnisse genau?<\/button>\n                    <div id=\"faq_accordion_2\" class=\"faq-accordion-answer accordion-collapse collapse\" data-bs-parent=\"#faq_accordion\">\n                        <p class=\"answer-text\">Absolut. Unser Tool liefert \u00e4u\u00dferst pr\u00e4zise und verl\u00e4ssliche Berichte, die Vertrauen in die Echtheit Ihres Inhalts schaffen.<\/p>\n                    <\/div>\n                <\/div>\n                            <div class=\"faq-accordion-item item-3\">\n                    <button class=\"faq-accordion-question collapsed\" type=\"button\" data-bs-toggle=\"collapse\" data-bs-target=\"#faq_accordion_3\" aria-expanded=\"false\" aria-controls=\"faq_accordion_3\">Kann Ihre Werkzeug in andere Systeme integriert werden?<\/button>\n                    <div id=\"faq_accordion_3\" class=\"faq-accordion-answer accordion-collapse collapse\" data-bs-parent=\"#faq_accordion\">\n                        <p class=\"answer-text\">Ja, wir bieten eine API-Integration f\u00fcr eine nahtlose Nutzung mit anderen Plattformen an.<\/p>\n                    <\/div>\n                <\/div>\n                            <div class=\"faq-accordion-item item-4\">\n                    <button class=\"faq-accordion-question collapsed\" type=\"button\" data-bs-toggle=\"collapse\" data-bs-target=\"#faq_accordion_4\" aria-expanded=\"false\" aria-controls=\"faq_accordion_4\">Sind meine Daten und hochgeladenen Texte sicher?<\/button>\n                    <div id=\"faq_accordion_4\" class=\"faq-accordion-answer accordion-collapse collapse\" data-bs-parent=\"#faq_accordion\">\n                        <p class=\"answer-text\">Ja, wir legen gro\u00dfen Wert auf Ihre Privatsph\u00e4re. Unsere Plattform sammelt oder speichert keine Ihrer Daten oder Texte.<\/p>\n                    <\/div>\n                <\/div>\n                            <div class=\"faq-accordion-item item-5\">\n                    <button class=\"faq-accordion-question collapsed\" type=\"button\" data-bs-toggle=\"collapse\" data-bs-target=\"#faq_accordion_5\" aria-expanded=\"false\" aria-controls=\"faq_accordion_5\">Kann ich Dokumente in verschiedenen Formaten \u00fcberpr\u00fcfen?<\/button>\n                    <div id=\"faq_accordion_5\" class=\"faq-accordion-answer accordion-collapse collapse\" data-bs-parent=\"#faq_accordion\">\n                        <p class=\"answer-text\">Ja, unsere Tools unterst\u00fctzen verschiedene Formate, einschlie\u00dflich PDF, Word, TXT und sogar direkt in die Plattform eingeblendeten Text.<\/p>\n                    <\/div>\n                <\/div>\n                            <div class=\"faq-accordion-item item-6\">\n                    <button class=\"faq-accordion-question collapsed\" type=\"button\" data-bs-toggle=\"collapse\" data-bs-target=\"#faq_accordion_6\" aria-expanded=\"false\" aria-controls=\"faq_accordion_6\">Kann ich den Pr\u00fcfer auf mobilen Ger\u00e4ten verwenden?<\/button>\n                    <div id=\"faq_accordion_6\" class=\"faq-accordion-answer accordion-collapse collapse\" data-bs-parent=\"#faq_accordion\">\n                        <p class=\"answer-text\">Ja, unser System ist f\u00fcr die Nutzung auf mobilen Ger\u00e4ten optimiert und bietet Komfort und Zug\u00e4nglichkeit unterwegs.<\/p>\n                    <\/div>\n                <\/div>\n                            <div class=\"faq-accordion-item item-7\">\n                    <button class=\"faq-accordion-question collapsed\" type=\"button\" data-bs-toggle=\"collapse\" data-bs-target=\"#faq_accordion_7\" aria-expanded=\"false\" aria-controls=\"faq_accordion_7\">Unterst\u00fctzen Sie mehrere Sprachen?<\/button>\n                    <div id=\"faq_accordion_7\" class=\"faq-accordion-answer accordion-collapse collapse\" data-bs-parent=\"#faq_accordion\">\n                        <p class=\"answer-text\">Ja, unser Tool ist darauf ausgelegt, Nutzer aus der ganzen Welt zu unterst\u00fctzen, indem es verschiedene Sprachen unterst\u00fctzt.<\/p>\n                    <\/div>\n                <\/div>\n                            <div class=\"faq-accordion-item item-8\">\n                    <button class=\"faq-accordion-question collapsed\" type=\"button\" data-bs-toggle=\"collapse\" data-bs-target=\"#faq_accordion_8\" aria-expanded=\"false\" aria-controls=\"faq_accordion_8\">Wie lange dauert es, ein Dokument zu \u00fcberpr\u00fcfen?<\/button>\n                    <div id=\"faq_accordion_8\" class=\"faq-accordion-answer accordion-collapse collapse\" data-bs-parent=\"#faq_accordion\">\n                        <p class=\"answer-text\">Der Prozess ist unglaublich schnell, und die Ergebnisse sind in der Regel innerhalb weniger Minuten verf\u00fcgbar.<\/p>\n                    <\/div>\n                <\/div>\n                            <div class=\"faq-accordion-item item-9\">\n                    <button class=\"faq-accordion-question collapsed\" type=\"button\" data-bs-toggle=\"collapse\" data-bs-target=\"#faq_accordion_9\" aria-expanded=\"false\" aria-controls=\"faq_accordion_9\">Kann ich mehrere Texte gleichzeitig \u00fcberpr\u00fcfen?<\/button>\n                    <div id=\"faq_accordion_9\" class=\"faq-accordion-answer accordion-collapse collapse\" data-bs-parent=\"#faq_accordion\">\n                        <p class=\"answer-text\">Ja, Sie k\u00f6nnen mehrere Dokumente gleichzeitig hochladen und so Zeit und Aufwand sparen.<\/p>\n                    <\/div>\n                <\/div>\n                            <div class=\"faq-accordion-item item-10\">\n                    <button class=\"faq-accordion-question collapsed\" type=\"button\" data-bs-toggle=\"collapse\" data-bs-target=\"#faq_accordion_10\" aria-expanded=\"false\" aria-controls=\"faq_accordion_10\">Aktualisieren Sie Ihre Werkzeuge?<\/button>\n                    <div id=\"faq_accordion_10\" class=\"faq-accordion-answer accordion-collapse collapse\" data-bs-parent=\"#faq_accordion\">\n                        <p class=\"answer-text\">Ja, unsere Algorithmen werden kontinuierlich verbessert und regelm\u00e4\u00dfig aktualisiert, um Leistung und Genauigkeit zu optimieren.<\/p>\n                    <\/div>\n                <\/div>\n                            <div class=\"faq-accordion-item item-11\">\n                    <button class=\"faq-accordion-question collapsed\" type=\"button\" data-bs-toggle=\"collapse\" data-bs-target=\"#faq_accordion_11\" aria-expanded=\"false\" aria-controls=\"faq_accordion_11\">Welche Quellen analysiert Ihr System?<\/button>\n                    <div id=\"faq_accordion_11\" class=\"faq-accordion-answer accordion-collapse collapse\" data-bs-parent=\"#faq_accordion\">\n                        <p class=\"answer-text\">Wir pr\u00fcfen akademische Ver\u00f6ffentlichungen, Webseiten und exklusive Datenbanken, um umfassende und genaue Ergebnisse zu gew\u00e4hrleisten.<\/p>\n                    <\/div>\n                <\/div>\n                            <div class=\"faq-accordion-item item-12\">\n                    <button class=\"faq-accordion-question collapsed\" type=\"button\" data-bs-toggle=\"collapse\" data-bs-target=\"#faq_accordion_12\" aria-expanded=\"false\" aria-controls=\"faq_accordion_12\">Gibt es eine Gr\u00f6\u00dfenbeschr\u00e4nkung f\u00fcr Dokumente?<\/button>\n                    <div id=\"faq_accordion_12\" class=\"faq-accordion-answer accordion-collapse collapse\" data-bs-parent=\"#faq_accordion\">\n                        <p class=\"answer-text\">Nein, unser Tool kann sowohl kleine Texte als auch gr\u00f6\u00dfere Dokumente ohne Einschr\u00e4nkungen verarbeiten.<\/p>\n                    <\/div>\n                <\/div>\n                            <div class=\"faq-accordion-item item-13\">\n                    <button class=\"faq-accordion-question collapsed\" type=\"button\" data-bs-toggle=\"collapse\" data-bs-target=\"#faq_accordion_13\" aria-expanded=\"false\" aria-controls=\"faq_accordion_13\">Gibt es eine kostenlose Testversion?<\/button>\n                    <div id=\"faq_accordion_13\" class=\"faq-accordion-answer accordion-collapse collapse\" data-bs-parent=\"#faq_accordion\">\n                        <p class=\"answer-text\">Ja, wir bieten eine kostenlose Testversion f\u00fcr Benutzer an, die unsere Plattform und deren Funktionen erkunden m\u00f6chten.<\/p>\n                    <\/div>\n                <\/div>\n                    <\/div>\n    <\/div>\n    <\/div><\/div><\/div><\/div><\/div>\r\n<\/section>","protected":false,"raw":"<section class=\"pricing-page-main-block\">\r\n<div class=\"container-fluid\">\r\n<div class=\"container\">\r\n<div class=\"row\">\r\n<div class=\"col-12\">\r\n<div class=\"pricing-main-block-content\">\r\n<div class=\"ps-widget-container\" data-ps-widget-name=\"Prices\" data-ps-widget-options=\"{}\">\r\n<p class=\"top-text\">W\u00e4hlen Sie Ihre Preisoptionen<\/p>\r\n<h1 class=\"page-title\">Keine versteckten Geb\u00fchren f\u00fcr genaue Plagiats- und KI-Erkennung<\/h1>\r\n<div class=\"pricing-block\">\r\n<div class=\"pricing-plan-duration\">\r\n<button class=\"pricing-plan-duration-item one-time active\" type=\"button\">Einmalig<\/button>\r\n<button class=\"pricing-plan-duration-item monthly\" type=\"button\">Monatlich<\/button>\r\n<button class=\"pricing-plan-duration-item 3-months\" type=\"button\">3-Monate<\/button>\r\n<button class=\"pricing-plan-duration-item yearly\" type=\"button\">J\u00e4hrlich<\/button>\r\n<\/div>\r\n<div class=\"pricing-plan-items-wrapper\">\r\n<div class=\"pricing-plan-items\">\r\n<div class=\"pricing-plan-item light\">\r\n<div class=\"item-header\"><span class=\"plan-title\">Light<\/span><div class=\"plan-price-per-word\">\r\n<p class=\"price\"><span class=\"value\">\u20ac0.23<\/span> pro<\/p>\r\n<p class=\"words-count\">1000 W\u00f6rter<\/p><\/div><\/div>\r\n<div class=\"item-main\">\r\n<span class=\"save-up-to-label\">Bis zu <span class=\"value\">30%<\/span> sparen<\/span><p class=\"plan-price\"><span class=\"value\">\u20ac22.95<\/span> \/ <span class=\"duration\">Monat<\/span><\/p><a class=\"get-started-btn\" href=\"#\">Loslegen<\/a><label class=\"custom-checkbox-label recurring-payments\" for=\"recurring_payments_light\"><span class=\"custom-checkbox\"><\/span><span class=\"custom-checkbox-title\">Wiederkehrende Zahlungen<\/span> <input checked=\"\" id=\"recurring_payments_light\" name=\"recurring-payments-light\" type=\"checkbox\"\/><\/label><span class=\"sep\"><\/span><\/div>\r\n<div class=\"item-footer\">\r\n<ul>\r\n<li class=\"available\"><span class=\"highlighted\">1<\/span> Plagiats\u00fcberpr\u00fcfung *<\/li>\r\n<li class=\"available\"><span class=\"highlighted\">1<\/span> KI-Einreichung *<\/li>\r\n<li class=\"available\"><span class=\"highlighted\">Unbegrenzt<\/span> Zeitrahmen (Tage)<\/li>\r\n<li class=\"unavailable\"><span class=\"highlighted\">365<\/span> Zeitrahmen (Tage)<\/li>\r\n<li class=\"unavailable\">Suche nach KI-Text<\/li><\/ul><\/div><\/div>\r\n<div class=\"pricing-plan-item standatd selected\">\r\n<div class=\"item-header\"><span class=\"plan-title\">Standard<\/span>\r\n<div class=\"plan-price-per-word\">\r\n<p class=\"price\"><span class=\"value\">\u20ac0.12<\/span> pro<\/p>\r\n<p class=\"words-count\">1000 W\u00f6rter<\/p><\/div><\/div>\r\n<div class=\"item-main\">\r\n<span class=\"save-up-to-label\">Bis zu <span class=\"value\">30%<\/span> sparen<\/span>\r\n<p class=\"plan-price\"><span class=\"value\">\u20ac34.95<\/span> \/ <span class=\"duration\">Monat<\/span><\/p><a class=\"get-started-btn\" href=\"#\">Loslegen<\/a><label class=\"custom-checkbox-label recurring-payments\" for=\"recurring_payments_standatd\"><span class=\"custom-checkbox\"><\/span><span class=\"custom-checkbox-title\">Wiederkehrende Zahlungen<\/span><input checked=\"\" id=\"recurring_payments_standatd\" name=\"recurring-payments-standatd\" type=\"checkbox\"\/><\/label><span class=\"sep\"><\/span><\/div>\r\n<div class=\"item-footer\">\r\n<ul>\r\n<li class=\"available\"><span class=\"highlighted\">1<\/span> Plagiatseinreichung *<\/li>\r\n<li class=\"available\"><span class=\"highlighted\">1<\/span> KI-Einreichung *<\/li>\r\n<li class=\"available\"><span class=\"highlighted\">Unbegrenzt<\/span> Zeitrahmen (Tage)<\/li>\r\n<li class=\"unavailable\"><span class=\"highlighted\">365<\/span> Zeitrahmen (Tage)<\/li>\r\n<li class=\"unavailable\">Suche nach KI-Texten<\/li><\/ul><\/div><\/div>\r\n<div class=\"pricing-plan-item premium\">\r\n<div class=\"item-header\">\r\n<span class=\"plan-title\">Premium<\/span>\r\n<div class=\"plan-price-per-word\">\r\n<p class=\"price\"><span class=\"value\">\u20ac0.09<\/span> pro<\/p>\r\n<p class=\"words-count\">1000 W\u00f6rter<\/p>\r\n<\/div>\r\n<\/div>\r\n<div class=\"item-main\"><span class=\"save-up-to-label\">Bis zu <span class=\"value\">30%<\/span> sparen<\/span><p class=\"plan-price\"><span class=\"value\">\u20ac54.95<\/span> \/ <span class=\"duration\">Monat<\/span><\/p><a class=\"get-started-btn\" href=\"#\">Loslegen<\/a><label class=\"custom-checkbox-label recurring-payments\" for=\"recurring_payments_premium\"><span class=\"custom-checkbox\"><\/span> <span class=\"custom-checkbox-title\">Wiederkehrende Zahlungen<\/span><input checked=\"\" id=\"recurring_payments_premium\" name=\"recurring-payments-premium\" type=\"checkbox\"\/><\/label> <span class=\"sep\"><\/span><\/div>\r\n<div class=\"item-footer\">\r\n<ul>\r\n<li class=\"available\"><span class=\"highlighted\">1<\/span> Plagiatspr\u00fcfung *<\/li>\r\n<li class=\"available\"><span class=\"highlighted\">1<\/span> KI-Einreichung *<\/li>\r\n<li class=\"available\"><span class=\"highlighted\">Unbegrenzt<\/span> Zeitrahmen (Tage)<\/li>\r\n<li class=\"unavailable\"><span class=\"highlighted\">365<\/span> Zeitrahmen (Tage)<\/li>\r\n<li class=\"unavailable\">Suche nach KI-Text<\/li><\/ul><\/div><\/div><\/div><\/div><\/div><\/div><\/div><\/div><\/div><\/div><\/div>\r\n<\/section>\r\n<section class=\"faq\">\r\n<div class=\"container-fluid\">\r\n<div class=\"container\">\r\n<div class=\"row\">\r\n<div class=\"col-12\">\r\n<div class=\"faq-content\">\r\n<div class=\"faq-text-block\">\r\n<p class=\"faq-text-top\">H\u00e4ufig gestellte Fragen<\/p>\r\n<p class=\"faq-text-title\">M\u00f6chten Sie mehr \u00fcber UniqeCheck.com erfahren?<\/p>\r\n<p class=\"faq-text-subtitle\">Wir haben die am h\u00e4ufigsten gestellten Fragen unserer Nutzer zu unseren Plagiats\u00fcberpr\u00fcfungs- und KI-Analysetools \u00fcberpr\u00fcft und beantwortet.<\/p>\r\n<div class=\"different-question-block\"><img alt=\"FAQ\" class=\"faq-icon\" src=\"\/wp-content\/themes\/main\/images\/faq-icon.svg\"\/>\r\n<p class=\"title\">Haben Sie eine andere Frage?<\/p>\r\n<p class=\"subtitle\">Wenden Sie sich an unseren Support, wenn Sie die Antwort nicht finden!<\/p><a class=\"contact-support-btn custom-btn cb-white\" href=\"\/contact-us\/\">Support kontaktieren<\/a><\/div><\/div>[faq_questions]<\/div><\/div><\/div><\/div><\/div>\r\n<\/section>"},"excerpt":{"rendered":"W\u00e4hlen Sie Ihre Preisoptionen Keine versteckten Geb\u00fchren f\u00fcr genaue Plagiats- und KI-Erkennung EinmaligMonatlich3-MonateJ\u00e4hrlich Leicht $0,23 pro 1000 W\u00f6rter Bis zu 30% sparen$22,95 \/ MonatLoslegenWiederkehrende Zahlungen 1 Plagiats\u00fcberpr\u00fcfung * 1 KI-\u00dcberpr\u00fcfung * Unbegrenzte Zeitrahmen (Tage) 365 Zeitrahmen (Tage) Suchen Sie nach KI-Text Standard $0,12 pro 1000 W\u00f6rter Bis zu.","protected":false,"raw":"W\u00e4hlen Sie Ihre Preisoptionen Keine versteckten Geb\u00fchren f\u00fcr genaue Plagiats- und KI-Erkennung EinmaligMonatlich3-MonateJ\u00e4hrlich Leicht $0,23 pro 1000 W\u00f6rter Bis zu 30% sparen$22,95 \/ MonatLoslegenWiederkehrende Zahlungen 1 Plagiats\u00fcberpr\u00fcfung * 1 KI-\u00dcberpr\u00fcfung * Unbegrenzte Zeitrahmen (Tage) 365 Zeitrahmen (Tage) Suchen Sie nach KI-Text Standard $0,12 pro 1000 W\u00f6rter Bis zu."},"author":1,"featured_media":0,"parent":0,"menu_order":0,"comment_status":"closed","ping_status":"closed","template":"tpl-landing.php","meta":{"_aioseo_title":null,"_aioseo_description":null,"_locale":"de_DE","_original_post":"https:\/\/uniqecheck.com\/?page_id=10","footnotes":""},"class_list":["post-248","page","type-page","status-publish","hentry","de-DE"],"aioseo_notices":[],"_links":{"self":[{"href":"https:\/\/uniqecheck.com\/wp-json\/wp\/v2\/pages\/248","targetHints":{"allow":["GET"]}}],"collection":[{"href":"https:\/\/uniqecheck.com\/wp-json\/wp\/v2\/pages"}],"about":[{"href":"https:\/\/uniqecheck.com\/wp-json\/wp\/v2\/types\/page"}],"author":[{"embeddable":true,"href":"https:\/\/uniqecheck.com\/wp-json\/wp\/v2\/users\/1"}],"replies":[{"embeddable":true,"href":"https:\/\/uniqecheck.com\/wp-json\/wp\/v2\/comments?post=248"}],"version-history":[{"count":4,"href":"https:\/\/uniqecheck.com\/wp-json\/wp\/v2\/pages\/248\/revisions"}],"predecessor-version":[{"id":756,"href":"https:\/\/uniqecheck.com\/wp-json\/wp\/v2\/pages\/248\/revisions\/756"}],"wp:attachment":[{"href":"https:\/\/uniqecheck.com\/wp-json\/wp\/v2\/media?parent=248"}],"curies":[{"name":"wp","href":"https:\/\/api.w.org\/{rel}","templated":true}]}}