{"id":246,"date":"2025-04-03T20:35:32","date_gmt":"2025-04-03T20:35:32","guid":{"rendered":"https:\/\/uniqecheck.com\/?page_id=246","raw":"https:\/\/uniqecheck.com\/?page_id=246"},"modified":"2025-07-22T12:48:31","modified_gmt":"2025-07-22T12:48:31","slug":"pricing","status":"publish","type":"page","link":"https:\/\/uniqecheck.com\/da\/pricing\/","title":{"rendered":"Priss\u00e6tning","raw":"Priss\u00e6tning"},"content":{"rendered":"<section class=\"pricing-page-main-block\">\r\n<div class=\"container-fluid\">\r\n<div class=\"container\">\r\n<div class=\"row\">\r\n<div class=\"col-12\">\r\n<div class=\"pricing-main-block-content\">\r\n<div class=\"ps-widget-container\" data-ps-widget-name=\"Prices\" data-ps-widget-options=\"{}\">\r\n<p class=\"top-text\">V\u00e6lg dine prissatte muligheder<\/p>\r\n<h1 class=\"page-title\">Ingen skjulte gebyrer for n\u00f8jagtig plagiering og AI-detektion<\/h1>\r\n<div class=\"pricing-block\">\r\n<div class=\"pricing-plan-duration\">\r\n<button class=\"pricing-plan-duration-item one-time active\" type=\"button\">Enkeltvis<\/button>\r\n<button class=\"pricing-plan-duration-item monthly\" type=\"button\">M\u00e5nedligt<\/button>\r\n<button class=\"pricing-plan-duration-item 3-months\" type=\"button\">3 M\u00e5neder<\/button>\r\n<button class=\"pricing-plan-duration-item yearly\" type=\"button\">\u00c5rligt<\/button>\r\n<\/div>\r\n<div class=\"pricing-plan-items-wrapper\">\r\n<div class=\"pricing-plan-items\">\r\n<div class=\"pricing-plan-item light\">\r\n<div class=\"item-header\"><span class=\"plan-title\">Light<\/span><div class=\"plan-price-per-word\">\r\n<p class=\"price\"><span class=\"value\">$0.23<\/span> per<\/p>\r\n<p class=\"words-count\">1000 words<\/p><\/div><\/div>\r\n<div class=\"item-main\">\r\n<span class=\"save-up-to-label\">Save up to <span class=\"value\">30%<\/span><\/span><p class=\"plan-price\"><span class=\"value\">$22.95<\/span> \/ <span class=\"duration\">Month<\/span><\/p><a class=\"get-started-btn\" href=\"#\">Get Started<\/a><label class=\"custom-checkbox-label recurring-payments\" for=\"recurring_payments_light\"><span class=\"custom-checkbox\"><\/span><span class=\"custom-checkbox-title\">Recurring payments<\/span> <input checked=\"\" id=\"recurring_payments_light\" name=\"recurring-payments-light\" type=\"checkbox\"\/><\/label><span class=\"sep\"><\/span><\/div>\r\n<div class=\"item-footer\">\r\n<ul>\r\n<li class=\"available\"><span class=\"highlighted\">1<\/span> Plagiarism submission *<\/li>\r\n<li class=\"available\"><span class=\"highlighted\">1<\/span> AI submission *<\/li>\r\n<li class=\"available\"><span class=\"highlighted\">Unlimited<\/span> Time frame (days)<\/li>\r\n<li class=\"unavailable\"><span class=\"highlighted\">365<\/span> Time frame (days)<\/li>\r\n<li class=\"unavailable\">Search for AI text<\/li><\/ul><\/div><\/div>\r\n<div class=\"pricing-plan-item standatd selected\">\r\n<div class=\"item-header\"><span class=\"plan-title\">Standatd<\/span>\r\n<div class=\"plan-price-per-word\">\r\n<p class=\"price\"><span class=\"value\">$0.12<\/span> pr.<\/p>\r\n<p class=\"words-count\">1000 ord<\/p><\/div><\/div>\r\n<div class=\"item-main\">\r\n<span class=\"save-up-to-label\">Spare op til <span class=\"value\">30%<\/span><\/span>\r\n<p class=\"plan-price\"><span class=\"value\">$34.95<\/span> \/ <span class=\"duration\">M\u00e5ned<\/span><\/p><a class=\"get-started-btn\" href=\"#\">Start nu<\/a><label class=\"custom-checkbox-label recurring-payments\" for=\"recurring_payments_standatd\"><span class=\"custom-checkbox\"><\/span><span class=\"custom-checkbox-title\">Gentagne betalinger<\/span><input checked=\"\" id=\"recurring_payments_standatd\" name=\"recurring-payments-standatd\" type=\"checkbox\"\/><\/label><span class=\"sep\"><\/span><\/div>\r\n<div class=\"item-footer\">\r\n<ul>\r\n<li class=\"available\"><span class=\"highlighted\">1<\/span> Plagiatss\u00f8gning *<\/li>\r\n<li class=\"available\"><span class=\"highlighted\">1<\/span> AI-skrivelse *<\/li>\r\n<li class=\"available\"><span class=\"highlighted\">Uendelig<\/span> Tidsramme (dage)<\/li>\r\n<li class=\"unavailable\"><span class=\"highlighted\">365<\/span> Tidsramme (dage)<\/li>\r\n<li class=\"unavailable\">S\u00f8g efter AI tekst<\/li><\/ul><\/div><\/div>\r\n<div class=\"pricing-plan-item premium\">\r\n<div class=\"item-header\">\r\n<span class=\"plan-title\">Premium<\/span>\r\n<div class=\"plan-price-per-word\">\r\n<p class=\"price\"><span class=\"value\">$0.09<\/span> pr.<\/p>\r\n<p class=\"words-count\">1000 ord<\/p>\r\n<\/div>\r\n<\/div>\r\n<div class=\"item-main\"><span class=\"save-up-to-label\">Spare op til <span class=\"value\">30%<\/span><\/span><p class=\"plan-price\"><span class=\"value\">$54.95<\/span> \/ <span class=\"duration\">M\u00e5ned<\/span><\/p><a class=\"get-started-btn\" href=\"#\">Start nu<\/a><label class=\"custom-checkbox-label recurring-payments\" for=\"recurring_payments_premium\"><span class=\"custom-checkbox\"><\/span> <span class=\"custom-checkbox-title\">Gentagne betalinger<\/span><input checked=\"\" id=\"recurring_payments_premium\" name=\"recurring-payments-premium\" type=\"checkbox\"\/><\/label> <span class=\"sep\"><\/span><\/div>\r\n<div class=\"item-footer\">\r\n<ul>\r\n<li class=\"available\"><span class=\"highlighted\">1<\/span> Originalitetskontrol *<\/li>\r\n<li class=\"available\"><span class=\"highlighted\">1<\/span> AI-indsendelse *<\/li>\r\n<li class=\"available\"><span class=\"highlighted\">Uendelig<\/span> Tidsramme (dage)<\/li>\r\n<li class=\"unavailable\"><span class=\"highlighted\">365<\/span> Tidsramme (dage)<\/li>\r\n<li class=\"unavailable\">S\u00f8g efter AI-tekst<\/li><\/ul><\/div><\/div><\/div><\/div><\/div><\/div><\/div><\/div><\/div><\/div><\/div>\r\n<\/section>\r\n<section class=\"faq\">\r\n<div class=\"container-fluid\">\r\n<div class=\"container\">\r\n<div class=\"row\">\r\n<div class=\"col-12\">\r\n<div class=\"faq-content\">\r\n<div class=\"faq-text-block\">\r\n<p class=\"faq-text-top\">Ofte stillede sp\u00f8rgsm\u00e5l<\/p>\r\n<p class=\"faq-text-title\">Har du brug for mere information om UniqeCheck.com?<\/p>\r\n<p class=\"faq-text-subtitle\">Vi har gennemg\u00e5et og besvaret de mest almindelige sp\u00f8rgsm\u00e5l, som brugerne har om vores plagieringsskannings- og AI-analysev\u00e6rkt\u00f8jer.<\/p>\r\n<div class=\"different-question-block\"><img decoding=\"async\" alt=\"FAQ\" class=\"faq-icon\" src=\"\/wp-content\/themes\/main\/images\/faq-icon.svg\"\/>\r\n<p class=\"title\">Har du et andet sp\u00f8rgsm\u00e5l?<\/p>\r\n<p class=\"subtitle\">Kontakt vores supportteam, hvis du ikke finder det svar, du leder efter!<\/p><a class=\"contact-support-btn custom-btn cb-white\" href=\"\/contact-us\/\">Kontakt supportteam<\/a><\/div><\/div>    <div class=\"faq-questions-block\">\n                <div class=\"faq-accordion\" id=\"faq_accordion\">\n                            <div class=\"faq-accordion-item item-1\">\n                    <button class=\"faq-accordion-question collapsed\" type=\"button\" data-bs-toggle=\"collapse\" data-bs-target=\"#faq_accordion_1\" aria-expanded=\"false\" aria-controls=\"faq_accordion_1\">Kan jeg kontrollere om min tekst er genereret af AI?<\/button>\n                    <div id=\"faq_accordion_1\" class=\"faq-accordion-answer accordion-collapse collapse\" data-bs-parent=\"#faq_accordion\">\n                        <p class=\"answer-text\">Ja, vi er en af de f\u00f8rende tjenester til at opdage AI-genereret indhold.<\/p>\n                    <\/div>\n                <\/div>\n                            <div class=\"faq-accordion-item item-2\">\n                    <button class=\"faq-accordion-question collapsed\" type=\"button\" data-bs-toggle=\"collapse\" data-bs-target=\"#faq_accordion_2\" aria-expanded=\"false\" aria-controls=\"faq_accordion_2\">Er resultaterne pr\u00e6cise?<\/button>\n                    <div id=\"faq_accordion_2\" class=\"faq-accordion-answer accordion-collapse collapse\" data-bs-parent=\"#faq_accordion\">\n                        <p class=\"answer-text\">Selvf\u00f8lgelig. Vores v\u00e6rkt\u00f8j leverer meget pr\u00e6cise og p\u00e5lidelige rapporter, der giver tillid til autenticiteten af dit indhold.<\/p>\n                    <\/div>\n                <\/div>\n                            <div class=\"faq-accordion-item item-3\">\n                    <button class=\"faq-accordion-question collapsed\" type=\"button\" data-bs-toggle=\"collapse\" data-bs-target=\"#faq_accordion_3\" aria-expanded=\"false\" aria-controls=\"faq_accordion_3\">Kan dit v\u00e6rkt\u00f8j integreres med andre systemer?<\/button>\n                    <div id=\"faq_accordion_3\" class=\"faq-accordion-answer accordion-collapse collapse\" data-bs-parent=\"#faq_accordion\">\n                        <p class=\"answer-text\">Ja, vi tilbyder API-integration for s\u00f8ml\u00f8s brug med andre platforme.<\/p>\n                    <\/div>\n                <\/div>\n                            <div class=\"faq-accordion-item item-4\">\n                    <button class=\"faq-accordion-question collapsed\" type=\"button\" data-bs-toggle=\"collapse\" data-bs-target=\"#faq_accordion_4\" aria-expanded=\"false\" aria-controls=\"faq_accordion_4\">Er mine data og uploadede tekster sikre?<\/button>\n                    <div id=\"faq_accordion_4\" class=\"faq-accordion-answer accordion-collapse collapse\" data-bs-parent=\"#faq_accordion\">\n                        <p class=\"answer-text\">Ja, vi prioriterer din privatliv. Vores platform indsamler eller gemmer ikke dine data eller tekster.<\/p>\n                    <\/div>\n                <\/div>\n                            <div class=\"faq-accordion-item item-5\">\n                    <button class=\"faq-accordion-question collapsed\" type=\"button\" data-bs-toggle=\"collapse\" data-bs-target=\"#faq_accordion_5\" aria-expanded=\"false\" aria-controls=\"faq_accordion_5\">Kan jeg tjekke dokumenter i forskellige formater?<\/button>\n                    <div id=\"faq_accordion_5\" class=\"faq-accordion-answer accordion-collapse collapse\" data-bs-parent=\"#faq_accordion\">\n                        <p class=\"answer-text\">Ja, vores v\u00e6rkt\u00f8jer underst\u00f8tter forskellige formater, herunder PDF, Word, TXT og endda tekst, der direkte er klippet ind p\u00e5 platformen.<\/p>\n                    <\/div>\n                <\/div>\n                            <div class=\"faq-accordion-item item-6\">\n                    <button class=\"faq-accordion-question collapsed\" type=\"button\" data-bs-toggle=\"collapse\" data-bs-target=\"#faq_accordion_6\" aria-expanded=\"false\" aria-controls=\"faq_accordion_6\">Kan jeg bruge kontrolprogrammet p\u00e5 mobilenheder?<\/button>\n                    <div id=\"faq_accordion_6\" class=\"faq-accordion-answer accordion-collapse collapse\" data-bs-parent=\"#faq_accordion\">\n                        <p class=\"answer-text\">Ja, vores system er optimeret til mobilbrug, hvilket tilbyder bekvemmelighed og adgang p\u00e5 farten.<\/p>\n                    <\/div>\n                <\/div>\n                            <div class=\"faq-accordion-item item-7\">\n                    <button class=\"faq-accordion-question collapsed\" type=\"button\" data-bs-toggle=\"collapse\" data-bs-target=\"#faq_accordion_7\" aria-expanded=\"false\" aria-controls=\"faq_accordion_7\">St\u00f8tter du flere sprog?<\/button>\n                    <div id=\"faq_accordion_7\" class=\"faq-accordion-answer accordion-collapse collapse\" data-bs-parent=\"#faq_accordion\">\n                        <p class=\"answer-text\">Ja, vores v\u00e6rkt\u00f8j er designet til at im\u00f8dekomme brugere fra hele verden ved at underst\u00f8tte forskellige sprog.<\/p>\n                    <\/div>\n                <\/div>\n                            <div class=\"faq-accordion-item item-8\">\n                    <button class=\"faq-accordion-question collapsed\" type=\"button\" data-bs-toggle=\"collapse\" data-bs-target=\"#faq_accordion_8\" aria-expanded=\"false\" aria-controls=\"faq_accordion_8\">Hvor lang tid tager det at kontrollere et dokument?<\/button>\n                    <div id=\"faq_accordion_8\" class=\"faq-accordion-answer accordion-collapse collapse\" data-bs-parent=\"#faq_accordion\">\n                        <p class=\"answer-text\">Processen er ekstremt hurtig, og resultaterne er typisk tilg\u00e6ngelige inden for f\u00e5 minutter.<\/p>\n                    <\/div>\n                <\/div>\n                            <div class=\"faq-accordion-item item-9\">\n                    <button class=\"faq-accordion-question collapsed\" type=\"button\" data-bs-toggle=\"collapse\" data-bs-target=\"#faq_accordion_9\" aria-expanded=\"false\" aria-controls=\"faq_accordion_9\">Kan jeg tjekke flere tekster ad gangen?<\/button>\n                    <div id=\"faq_accordion_9\" class=\"faq-accordion-answer accordion-collapse collapse\" data-bs-parent=\"#faq_accordion\">\n                        <p class=\"answer-text\">Ja, du kan upload flere dokumenter samtidigt, hvilket sparer tid og besv\u00e6r.<\/p>\n                    <\/div>\n                <\/div>\n                            <div class=\"faq-accordion-item item-10\">\n                    <button class=\"faq-accordion-question collapsed\" type=\"button\" data-bs-toggle=\"collapse\" data-bs-target=\"#faq_accordion_10\" aria-expanded=\"false\" aria-controls=\"faq_accordion_10\">Opdaterer du dine v\u00e6rkt\u00f8jer?<\/button>\n                    <div id=\"faq_accordion_10\" class=\"faq-accordion-answer accordion-collapse collapse\" data-bs-parent=\"#faq_accordion\">\n                        <p class=\"answer-text\">Ja, vores algoritmer forbedres kontinuerligt med regelm\u00e6ssige opdateringer for at forbedre ydeevne og n\u00f8jagtighed.<\/p>\n                    <\/div>\n                <\/div>\n                            <div class=\"faq-accordion-item item-11\">\n                    <button class=\"faq-accordion-question collapsed\" type=\"button\" data-bs-toggle=\"collapse\" data-bs-target=\"#faq_accordion_11\" aria-expanded=\"false\" aria-controls=\"faq_accordion_11\">Hvilke kilder analyserer dit system?<\/button>\n                    <div id=\"faq_accordion_11\" class=\"faq-accordion-answer accordion-collapse collapse\" data-bs-parent=\"#faq_accordion\">\n                        <p class=\"answer-text\">Vi gennemg\u00e5r akademiske publikationer, websider og eksklusive databaser for at sikre grundige og n\u00f8jagtige resultater.<\/p>\n                    <\/div>\n                <\/div>\n                            <div class=\"faq-accordion-item item-12\">\n                    <button class=\"faq-accordion-question collapsed\" type=\"button\" data-bs-toggle=\"collapse\" data-bs-target=\"#faq_accordion_12\" aria-expanded=\"false\" aria-controls=\"faq_accordion_12\">Findes der et st\u00f8rrelsesgr\u00e6nse for dokumenter?<\/button>\n                    <div id=\"faq_accordion_12\" class=\"faq-accordion-answer accordion-collapse collapse\" data-bs-parent=\"#faq_accordion\">\n                        <p class=\"answer-text\">Nej, vores v\u00e6rkt\u00f8j kan h\u00e5ndtere b\u00e5de sm\u00e5 tekster og st\u00f8rre dokumenter uden begr\u00e6nsninger.<\/p>\n                    <\/div>\n                <\/div>\n                            <div class=\"faq-accordion-item item-13\">\n                    <button class=\"faq-accordion-question collapsed\" type=\"button\" data-bs-toggle=\"collapse\" data-bs-target=\"#faq_accordion_13\" aria-expanded=\"false\" aria-controls=\"faq_accordion_13\">Er der en gratis pr\u00f8veversion tilg\u00e6ngelig?<\/button>\n                    <div id=\"faq_accordion_13\" class=\"faq-accordion-answer accordion-collapse collapse\" data-bs-parent=\"#faq_accordion\">\n                        <p class=\"answer-text\">Ja, vi tilbyder en gratis pr\u00f8veversion for brugere, der gerne vil udforske vores platform og dens funktioner.<\/p>\n                    <\/div>\n                <\/div>\n                    <\/div>\n    <\/div>\n    <\/div><\/div><\/div><\/div><\/div>\r\n<\/section>","protected":false,"raw":"<section class=\"pricing-page-main-block\">\r\n<div class=\"container-fluid\">\r\n<div class=\"container\">\r\n<div class=\"row\">\r\n<div class=\"col-12\">\r\n<div class=\"pricing-main-block-content\">\r\n<div class=\"ps-widget-container\" data-ps-widget-name=\"Prices\" data-ps-widget-options=\"{}\">\r\n<p class=\"top-text\">V\u00e6lg dine prissatte muligheder<\/p>\r\n<h1 class=\"page-title\">Ingen skjulte gebyrer for n\u00f8jagtig plagiering og AI-detektion<\/h1>\r\n<div class=\"pricing-block\">\r\n<div class=\"pricing-plan-duration\">\r\n<button class=\"pricing-plan-duration-item one-time active\" type=\"button\">Enkeltvis<\/button>\r\n<button class=\"pricing-plan-duration-item monthly\" type=\"button\">M\u00e5nedligt<\/button>\r\n<button class=\"pricing-plan-duration-item 3-months\" type=\"button\">3 M\u00e5neder<\/button>\r\n<button class=\"pricing-plan-duration-item yearly\" type=\"button\">\u00c5rligt<\/button>\r\n<\/div>\r\n<div class=\"pricing-plan-items-wrapper\">\r\n<div class=\"pricing-plan-items\">\r\n<div class=\"pricing-plan-item light\">\r\n<div class=\"item-header\"><span class=\"plan-title\">Light<\/span><div class=\"plan-price-per-word\">\r\n<p class=\"price\"><span class=\"value\">$0.23<\/span> per<\/p>\r\n<p class=\"words-count\">1000 words<\/p><\/div><\/div>\r\n<div class=\"item-main\">\r\n<span class=\"save-up-to-label\">Save up to <span class=\"value\">30%<\/span><\/span><p class=\"plan-price\"><span class=\"value\">$22.95<\/span> \/ <span class=\"duration\">Month<\/span><\/p><a class=\"get-started-btn\" href=\"#\">Get Started<\/a><label class=\"custom-checkbox-label recurring-payments\" for=\"recurring_payments_light\"><span class=\"custom-checkbox\"><\/span><span class=\"custom-checkbox-title\">Recurring payments<\/span> <input checked=\"\" id=\"recurring_payments_light\" name=\"recurring-payments-light\" type=\"checkbox\"\/><\/label><span class=\"sep\"><\/span><\/div>\r\n<div class=\"item-footer\">\r\n<ul>\r\n<li class=\"available\"><span class=\"highlighted\">1<\/span> Plagiarism submission *<\/li>\r\n<li class=\"available\"><span class=\"highlighted\">1<\/span> AI submission *<\/li>\r\n<li class=\"available\"><span class=\"highlighted\">Unlimited<\/span> Time frame (days)<\/li>\r\n<li class=\"unavailable\"><span class=\"highlighted\">365<\/span> Time frame (days)<\/li>\r\n<li class=\"unavailable\">Search for AI text<\/li><\/ul><\/div><\/div>\r\n<div class=\"pricing-plan-item standatd selected\">\r\n<div class=\"item-header\"><span class=\"plan-title\">Standatd<\/span>\r\n<div class=\"plan-price-per-word\">\r\n<p class=\"price\"><span class=\"value\">$0.12<\/span> pr.<\/p>\r\n<p class=\"words-count\">1000 ord<\/p><\/div><\/div>\r\n<div class=\"item-main\">\r\n<span class=\"save-up-to-label\">Spare op til <span class=\"value\">30%<\/span><\/span>\r\n<p class=\"plan-price\"><span class=\"value\">$34.95<\/span> \/ <span class=\"duration\">M\u00e5ned<\/span><\/p><a class=\"get-started-btn\" href=\"#\">Start nu<\/a><label class=\"custom-checkbox-label recurring-payments\" for=\"recurring_payments_standatd\"><span class=\"custom-checkbox\"><\/span><span class=\"custom-checkbox-title\">Gentagne betalinger<\/span><input checked=\"\" id=\"recurring_payments_standatd\" name=\"recurring-payments-standatd\" type=\"checkbox\"\/><\/label><span class=\"sep\"><\/span><\/div>\r\n<div class=\"item-footer\">\r\n<ul>\r\n<li class=\"available\"><span class=\"highlighted\">1<\/span> Plagiatss\u00f8gning *<\/li>\r\n<li class=\"available\"><span class=\"highlighted\">1<\/span> AI-skrivelse *<\/li>\r\n<li class=\"available\"><span class=\"highlighted\">Uendelig<\/span> Tidsramme (dage)<\/li>\r\n<li class=\"unavailable\"><span class=\"highlighted\">365<\/span> Tidsramme (dage)<\/li>\r\n<li class=\"unavailable\">S\u00f8g efter AI tekst<\/li><\/ul><\/div><\/div>\r\n<div class=\"pricing-plan-item premium\">\r\n<div class=\"item-header\">\r\n<span class=\"plan-title\">Premium<\/span>\r\n<div class=\"plan-price-per-word\">\r\n<p class=\"price\"><span class=\"value\">$0.09<\/span> pr.<\/p>\r\n<p class=\"words-count\">1000 ord<\/p>\r\n<\/div>\r\n<\/div>\r\n<div class=\"item-main\"><span class=\"save-up-to-label\">Spare op til <span class=\"value\">30%<\/span><\/span><p class=\"plan-price\"><span class=\"value\">$54.95<\/span> \/ <span class=\"duration\">M\u00e5ned<\/span><\/p><a class=\"get-started-btn\" href=\"#\">Start nu<\/a><label class=\"custom-checkbox-label recurring-payments\" for=\"recurring_payments_premium\"><span class=\"custom-checkbox\"><\/span> <span class=\"custom-checkbox-title\">Gentagne betalinger<\/span><input checked=\"\" id=\"recurring_payments_premium\" name=\"recurring-payments-premium\" type=\"checkbox\"\/><\/label> <span class=\"sep\"><\/span><\/div>\r\n<div class=\"item-footer\">\r\n<ul>\r\n<li class=\"available\"><span class=\"highlighted\">1<\/span> Originalitetskontrol *<\/li>\r\n<li class=\"available\"><span class=\"highlighted\">1<\/span> AI-indsendelse *<\/li>\r\n<li class=\"available\"><span class=\"highlighted\">Uendelig<\/span> Tidsramme (dage)<\/li>\r\n<li class=\"unavailable\"><span class=\"highlighted\">365<\/span> Tidsramme (dage)<\/li>\r\n<li class=\"unavailable\">S\u00f8g efter AI-tekst<\/li><\/ul><\/div><\/div><\/div><\/div><\/div><\/div><\/div><\/div><\/div><\/div><\/div>\r\n<\/section>\r\n<section class=\"faq\">\r\n<div class=\"container-fluid\">\r\n<div class=\"container\">\r\n<div class=\"row\">\r\n<div class=\"col-12\">\r\n<div class=\"faq-content\">\r\n<div class=\"faq-text-block\">\r\n<p class=\"faq-text-top\">Ofte stillede sp\u00f8rgsm\u00e5l<\/p>\r\n<p class=\"faq-text-title\">Har du brug for mere information om UniqeCheck.com?<\/p>\r\n<p class=\"faq-text-subtitle\">Vi har gennemg\u00e5et og besvaret de mest almindelige sp\u00f8rgsm\u00e5l, som brugerne har om vores plagieringsskannings- og AI-analysev\u00e6rkt\u00f8jer.<\/p>\r\n<div class=\"different-question-block\"><img alt=\"FAQ\" class=\"faq-icon\" src=\"\/wp-content\/themes\/main\/images\/faq-icon.svg\"\/>\r\n<p class=\"title\">Har du et andet sp\u00f8rgsm\u00e5l?<\/p>\r\n<p class=\"subtitle\">Kontakt vores supportteam, hvis du ikke finder det svar, du leder efter!<\/p><a class=\"contact-support-btn custom-btn cb-white\" href=\"\/contact-us\/\">Kontakt supportteam<\/a><\/div><\/div>[faq_questions]<\/div><\/div><\/div><\/div><\/div>\r\n<\/section>"},"excerpt":{"rendered":"V\u00e6lg dine prissatte muligheder\nIngen skjulte gebyrer for n\u00f8jagtig plagiering og AI-detektion\nEnkeltvis M\u00e5nedligt 3 M\u00e5neder \u00c5rligt\nLys $0,23 pr. 1000 ord Spare op til 30%\n$22,95 \/ m\u00e5nedStart nu\nGentagende betalinger\n1 Plagieringsindsendelse * 1 AIndsendelse *\nUendeligt Tidsrum (dage) 365 Tidsrum (dage) S\u00f8g efter AITekst\nStandard $0,12 pr. 1000 ord Spare op.","protected":false,"raw":"V\u00e6lg dine prissatte muligheder\nIngen skjulte gebyrer for n\u00f8jagtig plagiering og AI-detektion\nEnkeltvis M\u00e5nedligt 3 M\u00e5neder \u00c5rligt\nLys $0,23 pr. 1000 ord Spare op til 30%\n$22,95 \/ m\u00e5nedStart nu\nGentagende betalinger\n1 Plagieringsindsendelse * 1 AIndsendelse *\nUendeligt Tidsrum (dage) 365 Tidsrum (dage) S\u00f8g efter AITekst\nStandard $0,12 pr. 1000 ord Spare op."},"author":1,"featured_media":0,"parent":0,"menu_order":0,"comment_status":"closed","ping_status":"closed","template":"tpl-landing.php","meta":{"_aioseo_title":null,"_aioseo_description":null,"_locale":"da_DK","_original_post":"https:\/\/uniqecheck.com\/?page_id=10","footnotes":""},"class_list":["post-246","page","type-page","status-publish","hentry","da-DK"],"aioseo_notices":[],"_links":{"self":[{"href":"https:\/\/uniqecheck.com\/wp-json\/wp\/v2\/pages\/246","targetHints":{"allow":["GET"]}}],"collection":[{"href":"https:\/\/uniqecheck.com\/wp-json\/wp\/v2\/pages"}],"about":[{"href":"https:\/\/uniqecheck.com\/wp-json\/wp\/v2\/types\/page"}],"author":[{"embeddable":true,"href":"https:\/\/uniqecheck.com\/wp-json\/wp\/v2\/users\/1"}],"replies":[{"embeddable":true,"href":"https:\/\/uniqecheck.com\/wp-json\/wp\/v2\/comments?post=246"}],"version-history":[{"count":3,"href":"https:\/\/uniqecheck.com\/wp-json\/wp\/v2\/pages\/246\/revisions"}],"predecessor-version":[{"id":755,"href":"https:\/\/uniqecheck.com\/wp-json\/wp\/v2\/pages\/246\/revisions\/755"}],"wp:attachment":[{"href":"https:\/\/uniqecheck.com\/wp-json\/wp\/v2\/media?parent=246"}],"curies":[{"name":"wp","href":"https:\/\/api.w.org\/{rel}","templated":true}]}}