{"id":424,"date":"2025-04-03T20:21:25","date_gmt":"2025-04-03T20:21:25","guid":{"rendered":"https:\/\/uniqecheck.com\/?page_id=424","raw":"https:\/\/uniqecheck.com\/?page_id=424"},"modified":"2025-04-04T10:54:29","modified_gmt":"2025-04-04T10:54:29","slug":"sign-up","status":"publish","type":"page","link":"https:\/\/uniqecheck.com\/cs\/sign-up\/","title":{"rendered":"P\u0159ihl\u00e1sit se","raw":"P\u0159ihl\u00e1sit se"},"content":{"rendered":"","protected":false,"raw":""},"excerpt":{"rendered":"","protected":false,"raw":""},"author":1,"featured_media":0,"parent":0,"menu_order":0,"comment_status":"closed","ping_status":"closed","template":"","meta":{"_aioseo_title":null,"_aioseo_description":null,"_locale":"cs_CZ","_original_post":"https:\/\/uniqecheck.com\/?page_id=43","footnotes":""},"class_list":["post-424","page","type-page","status-publish","hentry","cs-CZ"],"aioseo_notices":[],"_links":{"self":[{"href":"https:\/\/uniqecheck.com\/wp-json\/wp\/v2\/pages\/424","targetHints":{"allow":["GET"]}}],"collection":[{"href":"https:\/\/uniqecheck.com\/wp-json\/wp\/v2\/pages"}],"about":[{"href":"https:\/\/uniqecheck.com\/wp-json\/wp\/v2\/types\/page"}],"author":[{"embeddable":true,"href":"https:\/\/uniqecheck.com\/wp-json\/wp\/v2\/users\/1"}],"replies":[{"embeddable":true,"href":"https:\/\/uniqecheck.com\/wp-json\/wp\/v2\/comments?post=424"}],"version-history":[{"count":1,"href":"https:\/\/uniqecheck.com\/wp-json\/wp\/v2\/pages\/424\/revisions"}],"predecessor-version":[{"id":425,"href":"https:\/\/uniqecheck.com\/wp-json\/wp\/v2\/pages\/424\/revisions\/425"}],"wp:attachment":[{"href":"https:\/\/uniqecheck.com\/wp-json\/wp\/v2\/media?parent=424"}],"curies":[{"name":"wp","href":"https:\/\/api.w.org\/{rel}","templated":true}]}}