{"id":388,"date":"2025-04-03T20:22:53","date_gmt":"2025-04-03T20:22:53","guid":{"rendered":"https:\/\/uniqecheck.com\/?page_id=388","raw":"https:\/\/uniqecheck.com\/?page_id=388"},"modified":"2025-04-04T10:53:09","modified_gmt":"2025-04-04T10:53:09","slug":"login","status":"publish","type":"page","link":"https:\/\/uniqecheck.com\/cs\/login\/","title":{"rendered":"P\u0159ihl\u00e1\u0161en\u00ed","raw":"P\u0159ihl\u00e1\u0161en\u00ed"},"content":{"rendered":"","protected":false,"raw":""},"excerpt":{"rendered":"","protected":false,"raw":""},"author":1,"featured_media":0,"parent":0,"menu_order":0,"comment_status":"closed","ping_status":"closed","template":"","meta":{"_aioseo_title":null,"_aioseo_description":null,"_locale":"cs_CZ","_original_post":"https:\/\/uniqecheck.com\/?page_id=38","footnotes":""},"class_list":["post-388","page","type-page","status-publish","hentry","cs-CZ"],"aioseo_notices":[],"_links":{"self":[{"href":"https:\/\/uniqecheck.com\/wp-json\/wp\/v2\/pages\/388","targetHints":{"allow":["GET"]}}],"collection":[{"href":"https:\/\/uniqecheck.com\/wp-json\/wp\/v2\/pages"}],"about":[{"href":"https:\/\/uniqecheck.com\/wp-json\/wp\/v2\/types\/page"}],"author":[{"embeddable":true,"href":"https:\/\/uniqecheck.com\/wp-json\/wp\/v2\/users\/1"}],"replies":[{"embeddable":true,"href":"https:\/\/uniqecheck.com\/wp-json\/wp\/v2\/comments?post=388"}],"version-history":[{"count":1,"href":"https:\/\/uniqecheck.com\/wp-json\/wp\/v2\/pages\/388\/revisions"}],"predecessor-version":[{"id":389,"href":"https:\/\/uniqecheck.com\/wp-json\/wp\/v2\/pages\/388\/revisions\/389"}],"wp:attachment":[{"href":"https:\/\/uniqecheck.com\/wp-json\/wp\/v2\/media?parent=388"}],"curies":[{"name":"wp","href":"https:\/\/api.w.org\/{rel}","templated":true}]}}