{"id":316,"date":"2025-04-03T20:26:09","date_gmt":"2025-04-03T20:26:09","guid":{"rendered":"https:\/\/uniqecheck.com\/?page_id=316","raw":"https:\/\/uniqecheck.com\/?page_id=316"},"modified":"2025-07-17T20:58:04","modified_gmt":"2025-07-17T20:58:04","slug":"home","status":"publish","type":"page","link":"https:\/\/uniqecheck.com\/","title":{"rendered":"Dom\u016f","raw":"Dom\u016f"},"content":{"rendered":"","protected":false,"raw":""},"excerpt":{"rendered":"","protected":false,"raw":""},"author":1,"featured_media":0,"parent":0,"menu_order":0,"comment_status":"closed","ping_status":"closed","template":"","meta":{"_aioseo_title":"Kontrola unik\u00e1tn\u00edho obsahu pro v\u0161echny va\u0161e pot\u0159eby","_aioseo_description":"Objevte nejspolehliv\u011bj\u0161\u00ed n\u00e1stroj pro kontrolu jedine\u010dnosti textu a ujist\u011bte se, \u017ee v\u00e1\u0161 obsah je origin\u00e1ln\u00ed a bez plagi\u00e1torstv\u00ed. Ide\u00e1ln\u00ed pro studenty, autory a profesion\u00e1ly.","_locale":"cs_CZ","_original_post":"https:\/\/uniqecheck.com\/?page_id=24","footnotes":""},"class_list":["post-316","page","type-page","status-publish","hentry","cs-CZ"],"aioseo_notices":[],"_links":{"self":[{"href":"https:\/\/uniqecheck.com\/wp-json\/wp\/v2\/pages\/316","targetHints":{"allow":["GET"]}}],"collection":[{"href":"https:\/\/uniqecheck.com\/wp-json\/wp\/v2\/pages"}],"about":[{"href":"https:\/\/uniqecheck.com\/wp-json\/wp\/v2\/types\/page"}],"author":[{"embeddable":true,"href":"https:\/\/uniqecheck.com\/wp-json\/wp\/v2\/users\/1"}],"replies":[{"embeddable":true,"href":"https:\/\/uniqecheck.com\/wp-json\/wp\/v2\/comments?post=316"}],"version-history":[{"count":1,"href":"https:\/\/uniqecheck.com\/wp-json\/wp\/v2\/pages\/316\/revisions"}],"predecessor-version":[{"id":317,"href":"https:\/\/uniqecheck.com\/wp-json\/wp\/v2\/pages\/316\/revisions\/317"}],"wp:attachment":[{"href":"https:\/\/uniqecheck.com\/wp-json\/wp\/v2\/media?parent=316"}],"curies":[{"name":"wp","href":"https:\/\/api.w.org\/{rel}","templated":true}]}}