{"id":244,"date":"2025-04-03T20:35:34","date_gmt":"2025-04-03T20:35:34","guid":{"rendered":"https:\/\/uniqecheck.com\/?page_id=244","raw":"https:\/\/uniqecheck.com\/?page_id=244"},"modified":"2025-07-22T12:48:29","modified_gmt":"2025-07-22T12:48:29","slug":"pricing","status":"publish","type":"page","link":"https:\/\/uniqecheck.com\/cs\/pricing\/","title":{"rendered":"Ceny","raw":"Ceny"},"content":{"rendered":"<section class=\"pricing-page-main-block\">\r\n<div class=\"container-fluid\">\r\n<div class=\"container\">\r\n<div class=\"row\">\r\n<div class=\"col-12\">\r\n<div class=\"pricing-main-block-content\">\r\n<div class=\"ps-widget-container\" data-ps-widget-name=\"Prices\" data-ps-widget-options=\"{}\">\r\n<p class=\"top-text\">Vyberte si mo\u017enosti cen<\/p>\r\n<h1 class=\"page-title\">Bez skryt\u00fdch poplatk\u016f pro p\u0159esnou detekci plagi\u00e1torstv\u00ed a AI \u2013<\/h1>\r\n<div class=\"pricing-block\">\r\n<div class=\"pricing-plan-duration\">\r\n<button class=\"pricing-plan-duration-item one-time active\" type=\"button\">Jednor\u00e1zov\u011b<\/button><button class=\"pricing-plan-duration-item monthly\" type=\"button\">M\u011bs\u00ed\u010dn\u011b<\/button><button class=\"pricing-plan-duration-item 3-months\" type=\"button\">3 m\u011bs\u00edce<\/button><button class=\"pricing-plan-duration-item yearly\" type=\"button\">Ro\u010dn\u011b<\/button><\/div>\r\n<div class=\"pricing-plan-items-wrapper\">\r\n<div class=\"pricing-plan-items\">\r\n<div class=\"pricing-plan-item light\">\r\n<div class=\"item-header\"><span class=\"plan-title\">Light<\/span><div class=\"plan-price-per-word\">\r\n<p class=\"price\"><span class=\"value\">$0.23<\/span> za<\/p>\r\n<p class=\"words-count\">1000 slov<\/p><\/div><\/div>\r\n<div class=\"item-main\">\r\n<span class=\"save-up-to-label\">U\u0161et\u0159ete a\u017e <span class=\"value\">30%<\/span><\/span><p class=\"plan-price\"><span class=\"value\">$22.95<\/span> \/ <span class=\"duration\">M\u011bs\u00edc<\/span><\/p><a class=\"get-started-btn\" href=\"#\">Za\u010d\u00edt<\/a><label class=\"custom-checkbox-label recurring-payments\" for=\"recurring_payments_light\"><span class=\"custom-checkbox\"><\/span><span class=\"custom-checkbox-title\">Opakovan\u00e9 platby<\/span> <input checked=\"\" id=\"recurring_payments_light\" name=\"recurring-payments-light\" type=\"checkbox\"\/><\/label><span class=\"sep\"><\/span><\/div>\r\n<div class=\"item-footer\">\r\n<ul>\r\n<li class=\"available\"><span class=\"highlighted\">1<\/span> N\u00e1vrh na detekci plagi\u00e1t\u016f *<\/li>\r\n<li class=\"available\"><span class=\"highlighted\">1<\/span> N\u00e1vrh AI *<\/li>\r\n<li class=\"available\"><span class=\"highlighted\">Neomezen\u00e9<\/span> \u010casov\u00fd r\u00e1mec (dny)<\/li>\r\n<li class=\"unavailable\"><span class=\"highlighted\">365<\/span> \u010casov\u00fd r\u00e1mec (dny)<\/li>\r\n<li class=\"unavailable\">Hledat text AI<\/li><\/ul><\/div><\/div>\r\n<div class=\"pricing-plan-item standatd selected\">\r\n<div class=\"item-header\"><span class=\"plan-title\">Standartn\u00ed<\/span>\r\n<div class=\"plan-price-per-word\">\r\n<p class=\"price\"><span class=\"value\">$0.12<\/span> za<\/p>\r\n<p class=\"words-count\">1000 slov<\/p><\/div><\/div>\r\n<div class=\"item-main\">\r\n<span class=\"save-up-to-label\">U\u0161et\u0159ete a\u017e <span class=\"value\">30%<\/span><\/span>\r\n<p class=\"plan-price\"><span class=\"value\">$34.95<\/span> \/ <span class=\"duration\">M\u011bs\u00edc<\/span><\/p><a class=\"get-started-btn\" href=\"#\">Za\u010d\u00edt<\/a><label class=\"custom-checkbox-label recurring-payments\" for=\"recurring_payments_standatd\"><span class=\"custom-checkbox\"><\/span><span class=\"custom-checkbox-title\">Opakovan\u00e9 platby<\/span><input checked=\"\" id=\"recurring_payments_standatd\" name=\"recurring-payments-standatd\" type=\"checkbox\"\/><\/label><span class=\"sep\"><\/span><\/div>\r\n<div class=\"item-footer\">\r\n<ul>\r\n<li class=\"available\"><span class=\"highlighted\">1<\/span> Zad\u00e1n\u00ed pro kontrolu plagi\u00e1t\u016f *<\/li>\r\n<li class=\"available\"><span class=\"highlighted\">1<\/span> AI zad\u00e1n\u00ed *<\/li>\r\n<li class=\"available\"><span class=\"highlighted\">Neomezen\u00e9<\/span> \u010casov\u00fd r\u00e1mec (dny)<\/li>\r\n<li class=\"unavailable\"><span class=\"highlighted\">365<\/span> \u010casov\u00fd r\u00e1mec (dny)<\/li>\r\n<li class=\"unavailable\">Hledat AI text<\/li><\/ul><\/div><\/div>\r\n<div class=\"pricing-plan-item premium\">\r\n<div class=\"item-header\">\r\n<span class=\"plan-title\">Premium<\/span>\r\n<div class=\"plan-price-per-word\">\r\n<p class=\"price\"><span class=\"value\">$0.09<\/span> za<\/p>\r\n<p class=\"words-count\">1000 slov<\/p>\r\n<\/div>\r\n<\/div>\r\n<div class=\"item-main\"><span class=\"save-up-to-label\">U\u0161et\u0159ete a\u017e <span class=\"value\">30%<\/span><\/span><p class=\"plan-price\"><span class=\"value\">$54.95<\/span> \/ <span class=\"duration\">M\u011bs\u00edc<\/span><\/p><a class=\"get-started-btn\" href=\"#\">Za\u010dn\u011bte nyn\u00ed<\/a><label class=\"custom-checkbox-label recurring-payments\" for=\"recurring_payments_premium\"><span class=\"custom-checkbox\"><\/span> <span class=\"custom-checkbox-title\">Opakovan\u00e9 platby<\/span><input checked=\"\" id=\"recurring_payments_premium\" name=\"recurring-payments-premium\" type=\"checkbox\"\/><\/label> <span class=\"sep\"><\/span><\/div>\r\n<div class=\"item-footer\">\r\n<ul>\r\n<li class=\"available\"><span class=\"highlighted\">1<\/span> N\u00e1vrh k porovn\u00e1n\u00ed s plagi\u00e1tori\u00ed *<\/li>\r\n<li class=\"available\"><span class=\"highlighted\">1<\/span> N\u00e1vrh AI *<\/li>\r\n<li class=\"available\"><span class=\"highlighted\">Neomezen\u00e9<\/span> \u010casov\u00fd limit (dny)<\/li>\r\n<li class=\"unavailable\"><span class=\"highlighted\">365<\/span> \u010casov\u00fd limit (dny)<\/li>\r\n<li class=\"unavailable\">Vyhled\u00e1v\u00e1n\u00ed AI textu<\/li><\/ul><\/div><\/div><\/div><\/div><\/div><\/div><\/div><\/div><\/div><\/div><\/div>\r\n<\/section>\r\n<section class=\"faq\">\r\n<div class=\"container-fluid\">\r\n<div class=\"container\">\r\n<div class=\"row\">\r\n<div class=\"col-12\">\r\n<div class=\"faq-content\">\r\n<div class=\"faq-text-block\">\r\n<p class=\"faq-text-top\">Nej\u010dast\u011bj\u0161\u00ed dotazy<\/p>\r\n<p class=\"faq-text-title\">Pot\u0159ebujete v\u00edce informac\u00ed o UniqeCheck.com?<\/p>\r\n<p class=\"faq-text-subtitle\">Prozkoumali jsme a odpov\u00edd\u00e1me na nej\u010dast\u011bj\u0161\u00ed ot\u00e1zky u\u017eivatel\u016f ohledn\u011b n\u00e1stroje pro detekci plagi\u00e1t\u016f a anal\u00fdzu AI.<\/p>\r\n<div class=\"different-question-block\"><img decoding=\"async\" alt=\"FAQ\" class=\"faq-icon\" src=\"\/wp-content\/themes\/main\/images\/faq-icon.svg\"\/>\r\n<p class=\"title\">M\u00e1te jinou ot\u00e1zku?<\/p>\r\n<p class=\"subtitle\">Kontaktujte na\u0161i t\u00fdm podpory, pokud nena\u0161li jste odpov\u011b\u010f, kterou hled\u00e1te!<\/p><a class=\"contact-support-btn custom-btn cb-white\" href=\"\/contact-us\/\">Zkontaktujte t\u00fdm podpory<\/a><\/div>\r\n<\/div>    <div class=\"faq-questions-block\">\n                <div class=\"faq-accordion\" id=\"faq_accordion\">\n                            <div class=\"faq-accordion-item item-1\">\n                    <button class=\"faq-accordion-question collapsed\" type=\"button\" data-bs-toggle=\"collapse\" data-bs-target=\"#faq_accordion_1\" aria-expanded=\"false\" aria-controls=\"faq_accordion_1\">M\u016f\u017eu zjistit, zda byl m\u016fj text vygenerov\u00e1n AI?<\/button>\n                    <div id=\"faq_accordion_1\" class=\"faq-accordion-answer accordion-collapse collapse\" data-bs-parent=\"#faq_accordion\">\n                        <p class=\"answer-text\">Ano, pat\u0159\u00edme mezi vedouc\u00ed slu\u017eby pro detekci AI generovan\u00e9ho obsahu.<\/p>\n                    <\/div>\n                <\/div>\n                            <div class=\"faq-accordion-item item-2\">\n                    <button class=\"faq-accordion-question collapsed\" type=\"button\" data-bs-toggle=\"collapse\" data-bs-target=\"#faq_accordion_2\" aria-expanded=\"false\" aria-controls=\"faq_accordion_2\">Jsou v\u00fdsledky p\u0159esn\u00e9?<\/button>\n                    <div id=\"faq_accordion_2\" class=\"faq-accordion-answer accordion-collapse collapse\" data-bs-parent=\"#faq_accordion\">\n                        <p class=\"answer-text\">Samoz\u0159ejm\u011b. N\u00e1\u0161 n\u00e1stroj poskytuje velmi p\u0159esn\u00e9 a spolehliv\u00e9 zpr\u00e1vy, kter\u00e9 dod\u00e1vaj\u00ed d\u016fv\u011bru v autenticitu va\u0161\u00edho obsahu.<\/p>\n                    <\/div>\n                <\/div>\n                            <div class=\"faq-accordion-item item-3\">\n                    <button class=\"faq-accordion-question collapsed\" type=\"button\" data-bs-toggle=\"collapse\" data-bs-target=\"#faq_accordion_3\" aria-expanded=\"false\" aria-controls=\"faq_accordion_3\">M\u016f\u017ee v\u00e1\u0161 n\u00e1stroj integrovat s jin\u00fdmi syst\u00e9my?<\/button>\n                    <div id=\"faq_accordion_3\" class=\"faq-accordion-answer accordion-collapse collapse\" data-bs-parent=\"#faq_accordion\">\n                        <p class=\"answer-text\">Ano, nab\u00edz\u00edme integraci API pro bezprobl\u00e9mov\u00e9 pou\u017eit\u00ed s jin\u00fdmi platformami.<\/p>\n                    <\/div>\n                <\/div>\n                            <div class=\"faq-accordion-item item-4\">\n                    <button class=\"faq-accordion-question collapsed\" type=\"button\" data-bs-toggle=\"collapse\" data-bs-target=\"#faq_accordion_4\" aria-expanded=\"false\" aria-controls=\"faq_accordion_4\">Je moje data a nahr\u00e1van\u00e9 texty bezpe\u010dn\u00e1?<\/button>\n                    <div id=\"faq_accordion_4\" class=\"faq-accordion-answer accordion-collapse collapse\" data-bs-parent=\"#faq_accordion\">\n                        <p class=\"answer-text\">Ano, d\u00e1v\u00e1me p\u0159ednost va\u0161\u00ed soukrom\u00ed. Na\u0161e platforma nezaznamen\u00e1v\u00e1 ani nepou\u017e\u00edv\u00e1 v\u00e1\u0161 dat \u010di texty.<\/p>\n                    <\/div>\n                <\/div>\n                            <div class=\"faq-accordion-item item-5\">\n                    <button class=\"faq-accordion-question collapsed\" type=\"button\" data-bs-toggle=\"collapse\" data-bs-target=\"#faq_accordion_5\" aria-expanded=\"false\" aria-controls=\"faq_accordion_5\">M\u016f\u017eu kontrolovat dokumenty ve r\u016fzn\u00fdch form\u00e1tech?<\/button>\n                    <div id=\"faq_accordion_5\" class=\"faq-accordion-answer accordion-collapse collapse\" data-bs-parent=\"#faq_accordion\">\n                        <p class=\"answer-text\">Ano, na\u0161e n\u00e1stroje podporuj\u00ed r\u016fzn\u00e9 form\u00e1ty, v\u010detn\u011b PDF, Word, TXT a dokonce i text p\u0159\u00edmo vyta\u017een\u00fd do platformy.<\/p>\n                    <\/div>\n                <\/div>\n                            <div class=\"faq-accordion-item item-6\">\n                    <button class=\"faq-accordion-question collapsed\" type=\"button\" data-bs-toggle=\"collapse\" data-bs-target=\"#faq_accordion_6\" aria-expanded=\"false\" aria-controls=\"faq_accordion_6\">Mohu pou\u017e\u00edt kontroler na mobiln\u00edch za\u0159\u00edzen\u00edch?<\/button>\n                    <div id=\"faq_accordion_6\" class=\"faq-accordion-answer accordion-collapse collapse\" data-bs-parent=\"#faq_accordion\">\n                        <p class=\"answer-text\">Ano, n\u00e1\u0161 syst\u00e9m je optimalizov\u00e1n pro pou\u017eit\u00ed na mobiln\u00edch za\u0159\u00edzen\u00edch, nab\u00edz\u00ed pohodl\u00ed a p\u0159\u00edstupnost po cest\u00e1ch.<\/p>\n                    <\/div>\n                <\/div>\n                            <div class=\"faq-accordion-item item-7\">\n                    <button class=\"faq-accordion-question collapsed\" type=\"button\" data-bs-toggle=\"collapse\" data-bs-target=\"#faq_accordion_7\" aria-expanded=\"false\" aria-controls=\"faq_accordion_7\">Podporujete v\u00edcejazy\u010dnost?<\/button>\n                    <div id=\"faq_accordion_7\" class=\"faq-accordion-answer accordion-collapse collapse\" data-bs-parent=\"#faq_accordion\">\n                        <p class=\"answer-text\">Ano, n\u00e1\u0161 n\u00e1stroj je navr\u017een tak, aby podporoval u\u017eivatele z cel\u00e9ho sv\u011bta t\u00edm, \u017ee nab\u00edz\u00ed podporu pro r\u016fzn\u00e9 jazyky.<\/p>\n                    <\/div>\n                <\/div>\n                            <div class=\"faq-accordion-item item-8\">\n                    <button class=\"faq-accordion-question collapsed\" type=\"button\" data-bs-toggle=\"collapse\" data-bs-target=\"#faq_accordion_8\" aria-expanded=\"false\" aria-controls=\"faq_accordion_8\">Kolik \u010dasu trv\u00e1 zkontrolovat dokument?<\/button>\n                    <div id=\"faq_accordion_8\" class=\"faq-accordion-answer accordion-collapse collapse\" data-bs-parent=\"#faq_accordion\">\n                        <p class=\"answer-text\">Proces je ohromuj\u00edc\u00edm zp\u016fsobem rychl\u00fd a v\u00fdsledky obvykle jsou k dispozici za minutu.<\/p>\n                    <\/div>\n                <\/div>\n                            <div class=\"faq-accordion-item item-9\">\n                    <button class=\"faq-accordion-question collapsed\" type=\"button\" data-bs-toggle=\"collapse\" data-bs-target=\"#faq_accordion_9\" aria-expanded=\"false\" aria-controls=\"faq_accordion_9\">M\u016f\u017eu kontrolovat v\u00edce text\u016f najednou?<\/button>\n                    <div id=\"faq_accordion_9\" class=\"faq-accordion-answer accordion-collapse collapse\" data-bs-parent=\"#faq_accordion\">\n                        <p class=\"answer-text\">Ano, m\u016f\u017eete nahr\u00e1t n\u011bkolik dokument\u016f najednou, \u010d\u00edm\u017e u\u0161et\u0159\u00edte \u010das a \u00fasil\u00ed.<\/p>\n                    <\/div>\n                <\/div>\n                            <div class=\"faq-accordion-item item-10\">\n                    <button class=\"faq-accordion-question collapsed\" type=\"button\" data-bs-toggle=\"collapse\" data-bs-target=\"#faq_accordion_10\" aria-expanded=\"false\" aria-controls=\"faq_accordion_10\">Aktualizujete sv\u00e9 n\u00e1stroje?<\/button>\n                    <div id=\"faq_accordion_10\" class=\"faq-accordion-answer accordion-collapse collapse\" data-bs-parent=\"#faq_accordion\">\n                        <p class=\"answer-text\">Ano, na\u0161e algoritmy jsou neust\u00e1le vylep\u0161ov\u00e1ny prost\u0159ednictv\u00edm pravideln\u00fdch aktualizac\u00ed pro zlep\u0161en\u00ed v\u00fdkonu a p\u0159esnosti.<\/p>\n                    <\/div>\n                <\/div>\n                            <div class=\"faq-accordion-item item-11\">\n                    <button class=\"faq-accordion-question collapsed\" type=\"button\" data-bs-toggle=\"collapse\" data-bs-target=\"#faq_accordion_11\" aria-expanded=\"false\" aria-controls=\"faq_accordion_11\">Na jak\u00e9 zdroje se va\u0161e syst\u00e9m zam\u011b\u0159uje?<\/button>\n                    <div id=\"faq_accordion_11\" class=\"faq-accordion-answer accordion-collapse collapse\" data-bs-parent=\"#faq_accordion\">\n                        <p class=\"answer-text\">Revizujeme akademick\u00e9 publikace, webov\u00e9 str\u00e1nky a exkluzivn\u00ed datab\u00e1ze, aby byly v\u00fdsledky p\u0159esn\u00e9 a d\u016fkladn\u00e9.<\/p>\n                    <\/div>\n                <\/div>\n                            <div class=\"faq-accordion-item item-12\">\n                    <button class=\"faq-accordion-question collapsed\" type=\"button\" data-bs-toggle=\"collapse\" data-bs-target=\"#faq_accordion_12\" aria-expanded=\"false\" aria-controls=\"faq_accordion_12\">Je maxim\u00e1ln\u00ed velikost dokumentu omezen\u00e1?<\/button>\n                    <div id=\"faq_accordion_12\" class=\"faq-accordion-answer accordion-collapse collapse\" data-bs-parent=\"#faq_accordion\">\n                        <p class=\"answer-text\">Ne, n\u00e1\u0161 n\u00e1stroj dok\u00e1\u017ee zvl\u00e1dnout jak mal\u00e9 texty, tak i v\u011bt\u0161\u00ed dokumenty bez omezen\u00ed.<\/p>\n                    <\/div>\n                <\/div>\n                            <div class=\"faq-accordion-item item-13\">\n                    <button class=\"faq-accordion-question collapsed\" type=\"button\" data-bs-toggle=\"collapse\" data-bs-target=\"#faq_accordion_13\" aria-expanded=\"false\" aria-controls=\"faq_accordion_13\">Jsou k dispozici zku\u0161ebn\u00ed verze zdarma?<\/button>\n                    <div id=\"faq_accordion_13\" class=\"faq-accordion-answer accordion-collapse collapse\" data-bs-parent=\"#faq_accordion\">\n                        <p class=\"answer-text\">Ano, nab\u00edz\u00edme bezplatnou zku\u0161ebn\u00ed verzi pro u\u017eivatele, kte\u0159\u00ed cht\u011bj\u00ed prozkoumat na\u0161e platformu a jej\u00ed funkce.<\/p>\n                    <\/div>\n                <\/div>\n                    <\/div>\n    <\/div>\n    <\/div>\r\n<\/div>\r\n<\/div>\r\n<\/div>\r\n<\/div>\r\n<\/section>","protected":false,"raw":"<section class=\"pricing-page-main-block\">\r\n<div class=\"container-fluid\">\r\n<div class=\"container\">\r\n<div class=\"row\">\r\n<div class=\"col-12\">\r\n<div class=\"pricing-main-block-content\">\r\n<div class=\"ps-widget-container\" data-ps-widget-name=\"Prices\" data-ps-widget-options=\"{}\">\r\n<p class=\"top-text\">Vyberte si mo\u017enosti cen<\/p>\r\n<h1 class=\"page-title\">Bez skryt\u00fdch poplatk\u016f pro p\u0159esnou detekci plagi\u00e1torstv\u00ed a AI \u2013<\/h1>\r\n<div class=\"pricing-block\">\r\n<div class=\"pricing-plan-duration\">\r\n<button class=\"pricing-plan-duration-item one-time active\" type=\"button\">Jednor\u00e1zov\u011b<\/button><button class=\"pricing-plan-duration-item monthly\" type=\"button\">M\u011bs\u00ed\u010dn\u011b<\/button><button class=\"pricing-plan-duration-item 3-months\" type=\"button\">3 m\u011bs\u00edce<\/button><button class=\"pricing-plan-duration-item yearly\" type=\"button\">Ro\u010dn\u011b<\/button><\/div>\r\n<div class=\"pricing-plan-items-wrapper\">\r\n<div class=\"pricing-plan-items\">\r\n<div class=\"pricing-plan-item light\">\r\n<div class=\"item-header\"><span class=\"plan-title\">Light<\/span><div class=\"plan-price-per-word\">\r\n<p class=\"price\"><span class=\"value\">$0.23<\/span> za<\/p>\r\n<p class=\"words-count\">1000 slov<\/p><\/div><\/div>\r\n<div class=\"item-main\">\r\n<span class=\"save-up-to-label\">U\u0161et\u0159ete a\u017e <span class=\"value\">30%<\/span><\/span><p class=\"plan-price\"><span class=\"value\">$22.95<\/span> \/ <span class=\"duration\">M\u011bs\u00edc<\/span><\/p><a class=\"get-started-btn\" href=\"#\">Za\u010d\u00edt<\/a><label class=\"custom-checkbox-label recurring-payments\" for=\"recurring_payments_light\"><span class=\"custom-checkbox\"><\/span><span class=\"custom-checkbox-title\">Opakovan\u00e9 platby<\/span> <input checked=\"\" id=\"recurring_payments_light\" name=\"recurring-payments-light\" type=\"checkbox\"\/><\/label><span class=\"sep\"><\/span><\/div>\r\n<div class=\"item-footer\">\r\n<ul>\r\n<li class=\"available\"><span class=\"highlighted\">1<\/span> N\u00e1vrh na detekci plagi\u00e1t\u016f *<\/li>\r\n<li class=\"available\"><span class=\"highlighted\">1<\/span> N\u00e1vrh AI *<\/li>\r\n<li class=\"available\"><span class=\"highlighted\">Neomezen\u00e9<\/span> \u010casov\u00fd r\u00e1mec (dny)<\/li>\r\n<li class=\"unavailable\"><span class=\"highlighted\">365<\/span> \u010casov\u00fd r\u00e1mec (dny)<\/li>\r\n<li class=\"unavailable\">Hledat text AI<\/li><\/ul><\/div><\/div>\r\n<div class=\"pricing-plan-item standatd selected\">\r\n<div class=\"item-header\"><span class=\"plan-title\">Standartn\u00ed<\/span>\r\n<div class=\"plan-price-per-word\">\r\n<p class=\"price\"><span class=\"value\">$0.12<\/span> za<\/p>\r\n<p class=\"words-count\">1000 slov<\/p><\/div><\/div>\r\n<div class=\"item-main\">\r\n<span class=\"save-up-to-label\">U\u0161et\u0159ete a\u017e <span class=\"value\">30%<\/span><\/span>\r\n<p class=\"plan-price\"><span class=\"value\">$34.95<\/span> \/ <span class=\"duration\">M\u011bs\u00edc<\/span><\/p><a class=\"get-started-btn\" href=\"#\">Za\u010d\u00edt<\/a><label class=\"custom-checkbox-label recurring-payments\" for=\"recurring_payments_standatd\"><span class=\"custom-checkbox\"><\/span><span class=\"custom-checkbox-title\">Opakovan\u00e9 platby<\/span><input checked=\"\" id=\"recurring_payments_standatd\" name=\"recurring-payments-standatd\" type=\"checkbox\"\/><\/label><span class=\"sep\"><\/span><\/div>\r\n<div class=\"item-footer\">\r\n<ul>\r\n<li class=\"available\"><span class=\"highlighted\">1<\/span> Zad\u00e1n\u00ed pro kontrolu plagi\u00e1t\u016f *<\/li>\r\n<li class=\"available\"><span class=\"highlighted\">1<\/span> AI zad\u00e1n\u00ed *<\/li>\r\n<li class=\"available\"><span class=\"highlighted\">Neomezen\u00e9<\/span> \u010casov\u00fd r\u00e1mec (dny)<\/li>\r\n<li class=\"unavailable\"><span class=\"highlighted\">365<\/span> \u010casov\u00fd r\u00e1mec (dny)<\/li>\r\n<li class=\"unavailable\">Hledat AI text<\/li><\/ul><\/div><\/div>\r\n<div class=\"pricing-plan-item premium\">\r\n<div class=\"item-header\">\r\n<span class=\"plan-title\">Premium<\/span>\r\n<div class=\"plan-price-per-word\">\r\n<p class=\"price\"><span class=\"value\">$0.09<\/span> za<\/p>\r\n<p class=\"words-count\">1000 slov<\/p>\r\n<\/div>\r\n<\/div>\r\n<div class=\"item-main\"><span class=\"save-up-to-label\">U\u0161et\u0159ete a\u017e <span class=\"value\">30%<\/span><\/span><p class=\"plan-price\"><span class=\"value\">$54.95<\/span> \/ <span class=\"duration\">M\u011bs\u00edc<\/span><\/p><a class=\"get-started-btn\" href=\"#\">Za\u010dn\u011bte nyn\u00ed<\/a><label class=\"custom-checkbox-label recurring-payments\" for=\"recurring_payments_premium\"><span class=\"custom-checkbox\"><\/span> <span class=\"custom-checkbox-title\">Opakovan\u00e9 platby<\/span><input checked=\"\" id=\"recurring_payments_premium\" name=\"recurring-payments-premium\" type=\"checkbox\"\/><\/label> <span class=\"sep\"><\/span><\/div>\r\n<div class=\"item-footer\">\r\n<ul>\r\n<li class=\"available\"><span class=\"highlighted\">1<\/span> N\u00e1vrh k porovn\u00e1n\u00ed s plagi\u00e1tori\u00ed *<\/li>\r\n<li class=\"available\"><span class=\"highlighted\">1<\/span> N\u00e1vrh AI *<\/li>\r\n<li class=\"available\"><span class=\"highlighted\">Neomezen\u00e9<\/span> \u010casov\u00fd limit (dny)<\/li>\r\n<li class=\"unavailable\"><span class=\"highlighted\">365<\/span> \u010casov\u00fd limit (dny)<\/li>\r\n<li class=\"unavailable\">Vyhled\u00e1v\u00e1n\u00ed AI textu<\/li><\/ul><\/div><\/div><\/div><\/div><\/div><\/div><\/div><\/div><\/div><\/div><\/div>\r\n<\/section>\r\n<section class=\"faq\">\r\n<div class=\"container-fluid\">\r\n<div class=\"container\">\r\n<div class=\"row\">\r\n<div class=\"col-12\">\r\n<div class=\"faq-content\">\r\n<div class=\"faq-text-block\">\r\n<p class=\"faq-text-top\">Nej\u010dast\u011bj\u0161\u00ed dotazy<\/p>\r\n<p class=\"faq-text-title\">Pot\u0159ebujete v\u00edce informac\u00ed o UniqeCheck.com?<\/p>\r\n<p class=\"faq-text-subtitle\">Prozkoumali jsme a odpov\u00edd\u00e1me na nej\u010dast\u011bj\u0161\u00ed ot\u00e1zky u\u017eivatel\u016f ohledn\u011b n\u00e1stroje pro detekci plagi\u00e1t\u016f a anal\u00fdzu AI.<\/p>\r\n<div class=\"different-question-block\"><img alt=\"FAQ\" class=\"faq-icon\" src=\"\/wp-content\/themes\/main\/images\/faq-icon.svg\"\/>\r\n<p class=\"title\">M\u00e1te jinou ot\u00e1zku?<\/p>\r\n<p class=\"subtitle\">Kontaktujte na\u0161i t\u00fdm podpory, pokud nena\u0161li jste odpov\u011b\u010f, kterou hled\u00e1te!<\/p><a class=\"contact-support-btn custom-btn cb-white\" href=\"\/contact-us\/\">Zkontaktujte t\u00fdm podpory<\/a><\/div>\r\n<\/div>[faq_questions]<\/div>\r\n<\/div>\r\n<\/div>\r\n<\/div>\r\n<\/div>\r\n<\/section>"},"excerpt":{"rendered":"Vyberte si mo\u017enosti cen Bez skryt\u00fdch poplatk\u016f pro p\u0159esnou detekci plagi\u00e1torstv\u00ed a AI \u2013 Jednor\u00e1zov\u011b M\u011bs\u00ed\u010dn\u011b 3 m\u011bs\u00edce Ro\u010dn\u011b Light $0.23 za tis\u00edc slov U\u0161et\u0159ete a\u017e 30% $22,95 \/ m\u011bs\u00edc Za\u010dn\u011bte Platby opakovan\u011b 1 Odevzd\u00e1n\u00ed pro detekci plagi\u00e1torstv\u00ed * 1 Odevzd\u00e1n\u00ed pro AI * Neomezen\u00fd \u010dasov\u00fd r\u00e1mec (dny) 365 \u010casov\u00fd r\u00e1mec (dny) Hledejte texty od AI Standard $0,12 za tis\u00edc slov U\u0161et\u0159ete a\u017e.","protected":false,"raw":"Vyberte si mo\u017enosti cen Bez skryt\u00fdch poplatk\u016f pro p\u0159esnou detekci plagi\u00e1torstv\u00ed a AI \u2013 Jednor\u00e1zov\u011b M\u011bs\u00ed\u010dn\u011b 3 m\u011bs\u00edce Ro\u010dn\u011b Light $0.23 za tis\u00edc slov U\u0161et\u0159ete a\u017e 30% $22,95 \/ m\u011bs\u00edc Za\u010dn\u011bte Platby opakovan\u011b 1 Odevzd\u00e1n\u00ed pro detekci plagi\u00e1torstv\u00ed * 1 Odevzd\u00e1n\u00ed pro AI * Neomezen\u00fd \u010dasov\u00fd r\u00e1mec (dny) 365 \u010casov\u00fd r\u00e1mec (dny) Hledejte texty od AI Standard $0,12 za tis\u00edc slov U\u0161et\u0159ete a\u017e."},"author":1,"featured_media":0,"parent":0,"menu_order":0,"comment_status":"closed","ping_status":"closed","template":"tpl-landing.php","meta":{"_aioseo_title":null,"_aioseo_description":null,"_locale":"cs_CZ","_original_post":"https:\/\/uniqecheck.com\/?page_id=10","footnotes":""},"class_list":["post-244","page","type-page","status-publish","hentry","cs-CZ"],"aioseo_notices":[],"_links":{"self":[{"href":"https:\/\/uniqecheck.com\/wp-json\/wp\/v2\/pages\/244","targetHints":{"allow":["GET"]}}],"collection":[{"href":"https:\/\/uniqecheck.com\/wp-json\/wp\/v2\/pages"}],"about":[{"href":"https:\/\/uniqecheck.com\/wp-json\/wp\/v2\/types\/page"}],"author":[{"embeddable":true,"href":"https:\/\/uniqecheck.com\/wp-json\/wp\/v2\/users\/1"}],"replies":[{"embeddable":true,"href":"https:\/\/uniqecheck.com\/wp-json\/wp\/v2\/comments?post=244"}],"version-history":[{"count":3,"href":"https:\/\/uniqecheck.com\/wp-json\/wp\/v2\/pages\/244\/revisions"}],"predecessor-version":[{"id":754,"href":"https:\/\/uniqecheck.com\/wp-json\/wp\/v2\/pages\/244\/revisions\/754"}],"wp:attachment":[{"href":"https:\/\/uniqecheck.com\/wp-json\/wp\/v2\/media?parent=244"}],"curies":[{"name":"wp","href":"https:\/\/api.w.org\/{rel}","templated":true}]}}